{"id":2361,"date":"2020-03-30T17:39:52","date_gmt":"2020-03-30T15:39:52","guid":{"rendered":"https:\/\/websie.cefe.cnrs.fr\/soilforeurope\/?page_id=2361"},"modified":"2020-07-21T12:41:11","modified_gmt":"2020-07-21T10:41:11","slug":"socioeconomic-impact-approach-4-ro","status":"publish","type":"page","link":"https:\/\/websie.cefe.cnrs.fr\/soilforeurope\/ro\/socioeconomic-impact-approach-4-ro\/","title":{"rendered":"Impactul socioeconomic &#8211; Abordarea 4"},"content":{"rendered":"\n<p>&nbsp;<\/p>\n<h5><strong>Valoarea economic\u0103 a biodiversit\u0103\u021bii din solul p\u0103durii<\/strong><\/h5>\n<p><img loading=\"lazy\" decoding=\"async\" class=\"wp-image-2131 alignleft\" src=\"http:\/\/websie.cefe.cnrs.fr\/soilforeurope\/wp-content\/uploads\/2019\/05\/Discussion_gimp_ronge-1024x795.png\" alt=\"\" width=\"381\" height=\"296\" srcset=\"https:\/\/websie.cefe.cnrs.fr\/soilforeurope\/wp-content\/uploads\/2019\/05\/Discussion_gimp_ronge-1024x795.png 1024w, https:\/\/websie.cefe.cnrs.fr\/soilforeurope\/wp-content\/uploads\/2019\/05\/Discussion_gimp_ronge-300x233.png 300w, https:\/\/websie.cefe.cnrs.fr\/soilforeurope\/wp-content\/uploads\/2019\/05\/Discussion_gimp_ronge-768x596.png 768w, https:\/\/websie.cefe.cnrs.fr\/soilforeurope\/wp-content\/uploads\/2019\/05\/Discussion_gimp_ronge-150x116.png 150w\" sizes=\"auto, (max-width: 381px) 100vw, 381px\" \/>Pentru a evalua percep\u021bia despre biodiversitatea din sol de c\u0103tre gestionarii p\u0103durilor, folosim un sondaj conceput special. Prin acest chestionar, colect\u0103m date socio-demografice, precum \u0219i cuno\u0219tin\u021be despre \u0219i \u00een\u021belegerea importan\u021bei biodiversit\u0103\u021bii solului \u0219i a serviciilor ecosistemice conexe. Sondajul include, de asemenea, si tehnici de alegere \u00een care sunt propuse diferite scenarii ipotetice de gestionare a p\u0103durilor. Aceasta ne permite s\u0103 evalu\u0103m modul \u00een care informa\u021biile despre biodiversitatea solului modific\u0103 preferin\u021bele \u0219i disponibilitatea de a pl\u0103ti (sau s\u0103 investeasc\u0103 timp) pentru conservarea biodiversit\u0103\u021bii solului \u0219i s\u0103 identific\u0103m strategiile de comunicare \u0219i instrumentele politice pentru a schimba comportamentul diferitelor grupuri de utilizatori.<\/p>\n<p>&nbsp;<\/p>\n<h5><strongTransfer de cuno\u0219tin\u021be c\u0103tre p\u0103r\u021bile interesate<\/strong><\/h5>\n<p>The wider public and decision makers in European forest management need sound scientific information to make difficult decisions for the future of European forests with ongoing climate change and biodiversity loss.<\/p>\n<p>We will organize a workshop with all project partners to extract the key messages from the socio-economic analysis and field studies and experiments to determine the content of communication products. These are then developed for different user categories (e.g. forest managers, spatial planners, forest end-users) and disseminated by appropriate means.<\/p>\n<p>&nbsp;<\/p>\n<h5><strong>Video informa\u021bional<\/strong><\/h5>\n<p>Videoclipul informativ de mai jos a fost creat pentru a informa cet\u0103\u021benii cu privire la biodiversitatea solului, rolul s\u0103u \u00een p\u0103duri \u0219i rela\u021bia sa cu gestionarea p\u0103durilor. Am avut r\u0103spunsurile cet\u0103\u021benilor la chestionar \u00eenainte \u0219i dup\u0103 ce au urm\u0103rit acest videoclip pentru a vedea cum informa\u021bia a avut impact asupra con\u0219tientiz\u0103rii \u0219i opiniilor lor asupra biodiversit\u0103\u021bii solului \u0219i gestionarea p\u0103durilor.<a href=\"https:\/\/websie.cefe.cnrs.fr\/soilforeurope\/ro\/communication-ro\/\"> V\u0103 invit\u0103m s\u0103 arunca\u021bi o privire!<\/a><\/p>\n","protected":false},"excerpt":{"rendered":"<p>&nbsp; Valoarea economic\u0103 a biodiversit\u0103\u021bii din solul p\u0103durii Pentru a evalua percep\u021bia despre biodiversitatea din sol de c\u0103tre gestionarii p\u0103durilor, folosim un sondaj conceput special. Prin acest chestionar, colect\u0103m date socio-demografice, precum \u0219i cuno\u0219tin\u021be despre \u0219i \u00een\u021belegerea importan\u021bei biodiversit\u0103\u021bii solului \u0219i a serviciilor ecosistemice conexe. Sondajul include, de asemenea, si&#8230;<\/p>\n<p class=\"continue-reading-button\"> <a class=\"continue-reading-link\" href=\"https:\/\/websie.cefe.cnrs.fr\/soilforeurope\/ro\/socioeconomic-impact-approach-4-ro\/\">Continue reading<i class=\"crycon-right-dir\"><\/i><\/a><\/p>\n","protected":false},"author":1,"featured_media":0,"parent":0,"menu_order":0,"comment_status":"closed","ping_status":"closed","template":"","meta":{"inline_featured_image":false,"footnotes":""},"class_list":["post-2361","page","type-page","status-publish","hentry"],"_links":{"self":[{"href":"https:\/\/websie.cefe.cnrs.fr\/soilforeurope\/wp-json\/wp\/v2\/pages\/2361","targetHints":{"allow":["GET"]}}],"collection":[{"href":"https:\/\/websie.cefe.cnrs.fr\/soilforeurope\/wp-json\/wp\/v2\/pages"}],"about":[{"href":"https:\/\/websie.cefe.cnrs.fr\/soilforeurope\/wp-json\/wp\/v2\/types\/page"}],"author":[{"embeddable":true,"href":"https:\/\/websie.cefe.cnrs.fr\/soilforeurope\/wp-json\/wp\/v2\/users\/1"}],"replies":[{"embeddable":true,"href":"https:\/\/websie.cefe.cnrs.fr\/soilforeurope\/wp-json\/wp\/v2\/comments?post=2361"}],"version-history":[{"count":6,"href":"https:\/\/websie.cefe.cnrs.fr\/soilforeurope\/wp-json\/wp\/v2\/pages\/2361\/revisions"}],"predecessor-version":[{"id":3784,"href":"https:\/\/websie.cefe.cnrs.fr\/soilforeurope\/wp-json\/wp\/v2\/pages\/2361\/revisions\/3784"}],"wp:attachment":[{"href":"https:\/\/websie.cefe.cnrs.fr\/soilforeurope\/wp-json\/wp\/v2\/media?parent=2361"}],"curies":[{"name":"wp","href":"https:\/\/api.w.org\/{rel}","templated":true}]}}