{"id":2359,"date":"2020-03-30T17:39:28","date_gmt":"2020-03-30T15:39:28","guid":{"rendered":"https:\/\/websie.cefe.cnrs.fr\/soilforeurope\/?page_id=2359"},"modified":"2020-06-08T09:14:27","modified_gmt":"2020-06-08T07:14:27","slug":"socioeconomic-impact-approach-4-pl","status":"publish","type":"page","link":"https:\/\/websie.cefe.cnrs.fr\/soilforeurope\/pl\/socioeconomic-impact-approach-4-pl\/","title":{"rendered":"Skutki spo\u0142eczno-gospodarcze &#8211; Podej\u015bcie 4"},"content":{"rendered":"\n<p>&nbsp;<\/p>\n<h5><strong>Warto\u015b\u0107 ekonomiczna r\u00f3\u017cnorodno\u015bci biologicznej gleb le\u015bnych<\/strong><\/h5>\n<p style=\"text-align: justify;\"><img loading=\"lazy\" decoding=\"async\" class=\"wp-image-2131 alignleft\" src=\"https:\/\/websie.cefe.cnrs.fr\/soilforeurope\/wp-content\/uploads\/2019\/05\/Discussion_gimp_ronge-1024x795.png\" alt=\"\" width=\"381\" height=\"296\" srcset=\"https:\/\/websie.cefe.cnrs.fr\/soilforeurope\/wp-content\/uploads\/2019\/05\/Discussion_gimp_ronge-1024x795.png 1024w, https:\/\/websie.cefe.cnrs.fr\/soilforeurope\/wp-content\/uploads\/2019\/05\/Discussion_gimp_ronge-300x233.png 300w, https:\/\/websie.cefe.cnrs.fr\/soilforeurope\/wp-content\/uploads\/2019\/05\/Discussion_gimp_ronge-768x596.png 768w, https:\/\/websie.cefe.cnrs.fr\/soilforeurope\/wp-content\/uploads\/2019\/05\/Discussion_gimp_ronge-150x116.png 150w\" sizes=\"auto, (max-width: 381px) 100vw, 381px\" \/>Aby oceni\u0107 postrzeganie r\u00f3\u017cnorodno\u015bci biologicznej gleb przez zarz\u0105dc\u00f3w las\u00f3w, wykorzystujemy specjalnie zaprojektowane ankiety. Za ich pomoc\u0105 zbieramy dane spo\u0142eczno-demograficzne oraz informacj\u0119 o wiedzy i zrozumieniu znaczenia r\u00f3\u017cnorodno\u015bci biologicznej gleb i zwi\u0105zanych z ni\u0105 funkcji ekosystemowych. Ankieta zawiera r\u00f3wnie\u017c eksperyment z wyborem, w kt\u00f3rym proponowane s\u0105 r\u00f3\u017cne hipotetyczne scenariusze gospodarki le\u015bnej. Pozwala to oceni\u0107, w jaki spos\u00f3b informacje o r\u00f3\u017cnorodno\u015bci biologicznej gleb zmieniaj\u0105 preferencje i ch\u0119\u0107 p\u0142acenia (lub po\u015bwi\u0119cania czasu) za ochron\u0119 r\u00f3\u017cnorodno\u015bci biologicznej gleb, a tak\u017ce okre\u015bli\u0107 strategie komunikacji i instrumenty polityki maj\u0105ce na celu zmian\u0119 zachowa\u0144 r\u00f3\u017cnych grup u\u017cytkownik\u00f3w.<\/p>\n<p>&nbsp;<\/p>\n<h5><strong>Transfer wiedzy do interesariuszy<\/strong><\/h5>\n<p style=\"text-align: justify;\">Europejska szersza opinia publiczna i decydenci aktywni na polu gospodarki le\u015bnej potrzebuj\u0105 rzetelnych informacji naukowych, aby podejmowa\u0107 trudne decyzje dotycz\u0105ce przysz\u0142o\u015bci europejskich las\u00f3w w obliczu zmian klimatu i utraty r\u00f3\u017cnorodno\u015bci biologicznej.<\/p>\n<p style=\"text-align: justify;\">Planujemy zorganizowanie warsztat\u00f3w ze wszystkimi partnerami projektu, aby wydoby\u0107 kluczowe informacje z analiz spo\u0142eczno-ekonomicznych oraz bada\u0144 i eksperyment\u00f3w terenowych w celu okre\u015blenia tre\u015bci produkt\u00f3w komunikacyjnych. Nast\u0119pnie zostan\u0105 one dostosowane dla r\u00f3\u017cnych kategorii u\u017cytkownik\u00f3w (np. zarz\u0105dc\u00f3w las\u00f3w, planist\u00f3w przestrzennych, ko\u0144cowych u\u017cytkownik\u00f3w las\u00f3w) i rozpowszechnione za pomoc\u0105 odpowiednich \u015brodk\u00f3w.<\/p>\n<p>&nbsp;<\/p>\n<h5><strong>Wideo informacyjne<\/strong><\/h5>\n<p style=\"text-align: justify;\">Poni\u017cszy film informacyjno-edukacyjny zosta\u0142 stworzony w celu informowania obywateli o r\u00f3\u017cnorodno\u015bci biologicznej gleb, ich roli w lasach i zwi\u0105zku z gospodark\u0105 le\u015bn\u0105. Prosimy o wype\u0142nienie ankiety przed i po obejrzeniu tego filmu, aby sprawdzi\u0107, w jaki spos\u00f3b informacje te wp\u0142yn\u0119\u0142y na ich \u015bwiadomo\u015b\u0107 i pogl\u0105dy na temat r\u00f3\u017cnorodno\u015bci biologicznej gleb i zarz\u0105dzania lasami. <a href=\"https:\/\/websie.cefe.cnrs.fr\/soilforeurope\/pl\/communication-pl\/\"> Sprawd\u017a!<\/a><\/p>\n","protected":false},"excerpt":{"rendered":"<p>&nbsp; Warto\u015b\u0107 ekonomiczna r\u00f3\u017cnorodno\u015bci biologicznej gleb le\u015bnych Aby oceni\u0107 postrzeganie r\u00f3\u017cnorodno\u015bci biologicznej gleb przez zarz\u0105dc\u00f3w las\u00f3w, wykorzystujemy specjalnie zaprojektowane ankiety. Za ich pomoc\u0105 zbieramy dane spo\u0142eczno-demograficzne oraz informacj\u0119 o wiedzy i zrozumieniu znaczenia r\u00f3\u017cnorodno\u015bci biologicznej gleb i zwi\u0105zanych z ni\u0105 funkcji ekosystemowych. Ankieta zawiera r\u00f3wnie\u017c eksperyment z wyborem, w kt\u00f3rym&#8230;<\/p>\n<p class=\"continue-reading-button\"> <a class=\"continue-reading-link\" href=\"https:\/\/websie.cefe.cnrs.fr\/soilforeurope\/pl\/socioeconomic-impact-approach-4-pl\/\">Continue reading<i class=\"crycon-right-dir\"><\/i><\/a><\/p>\n","protected":false},"author":1,"featured_media":0,"parent":0,"menu_order":0,"comment_status":"closed","ping_status":"closed","template":"","meta":{"inline_featured_image":false,"footnotes":""},"class_list":["post-2359","page","type-page","status-publish","hentry"],"_links":{"self":[{"href":"https:\/\/websie.cefe.cnrs.fr\/soilforeurope\/wp-json\/wp\/v2\/pages\/2359","targetHints":{"allow":["GET"]}}],"collection":[{"href":"https:\/\/websie.cefe.cnrs.fr\/soilforeurope\/wp-json\/wp\/v2\/pages"}],"about":[{"href":"https:\/\/websie.cefe.cnrs.fr\/soilforeurope\/wp-json\/wp\/v2\/types\/page"}],"author":[{"embeddable":true,"href":"https:\/\/websie.cefe.cnrs.fr\/soilforeurope\/wp-json\/wp\/v2\/users\/1"}],"replies":[{"embeddable":true,"href":"https:\/\/websie.cefe.cnrs.fr\/soilforeurope\/wp-json\/wp\/v2\/comments?post=2359"}],"version-history":[{"count":6,"href":"https:\/\/websie.cefe.cnrs.fr\/soilforeurope\/wp-json\/wp\/v2\/pages\/2359\/revisions"}],"predecessor-version":[{"id":3681,"href":"https:\/\/websie.cefe.cnrs.fr\/soilforeurope\/wp-json\/wp\/v2\/pages\/2359\/revisions\/3681"}],"wp:attachment":[{"href":"https:\/\/websie.cefe.cnrs.fr\/soilforeurope\/wp-json\/wp\/v2\/media?parent=2359"}],"curies":[{"name":"wp","href":"https:\/\/api.w.org\/{rel}","templated":true}]}}