{"id":2351,"date":"2020-03-30T17:37:38","date_gmt":"2020-03-30T15:37:38","guid":{"rendered":"https:\/\/websie.cefe.cnrs.fr\/soilforeurope\/?page_id=2351"},"modified":"2020-06-08T09:07:20","modified_gmt":"2020-06-08T07:07:20","slug":"socioeconomic-impact-appraoch-4-es","status":"publish","type":"page","link":"https:\/\/websie.cefe.cnrs.fr\/soilforeurope\/es\/socioeconomic-impact-appraoch-4-es\/","title":{"rendered":"Impacto socioecon\u00f3mico &#8211; Enfoque 4"},"content":{"rendered":"\n<p>&nbsp;<\/p>\n<h5><strong>El valor econ\u00f3mico de la biodiversidad del suelo forestal<\/strong><\/h5>\n<p><img loading=\"lazy\" decoding=\"async\" class=\"wp-image-2131 alignleft\" src=\"https:\/\/websie.cefe.cnrs.fr\/soilforeurope\/wp-content\/uploads\/2019\/05\/Discussion_gimp_ronge-1024x795.png\" alt=\"\" width=\"381\" height=\"296\" srcset=\"https:\/\/websie.cefe.cnrs.fr\/soilforeurope\/wp-content\/uploads\/2019\/05\/Discussion_gimp_ronge-1024x795.png 1024w, https:\/\/websie.cefe.cnrs.fr\/soilforeurope\/wp-content\/uploads\/2019\/05\/Discussion_gimp_ronge-300x233.png 300w, https:\/\/websie.cefe.cnrs.fr\/soilforeurope\/wp-content\/uploads\/2019\/05\/Discussion_gimp_ronge-768x596.png 768w, https:\/\/websie.cefe.cnrs.fr\/soilforeurope\/wp-content\/uploads\/2019\/05\/Discussion_gimp_ronge-150x116.png 150w\" sizes=\"auto, (max-width: 381px) 100vw, 381px\" \/>Para evaluar la percepci\u00f3n de la biodiversidad del suelo por parte de los administradores forestales, utilizamos una encuesta espec\u00edficamente dise\u00f1ada. Mediante un cuestionario, colectamos datos sociodemogr\u00e1ficos, as\u00ed como el conocimiento y la comprensi\u00f3n de la importancia de la biodiversidad del suelo y los servicios relacionados con los ecosistemas. La encuesta tambi\u00e9n incluye un experimento de elecci\u00f3n donde se proponen diferentes escenarios hipot\u00e9ticos de manejo forestal. Esto nos permite evaluar c\u00f3mo la informaci\u00f3n sobre la biodiversidad del suelo altera las preferencias y la disposici\u00f3n a pagar (o contribuir con tiempo) para conservar la biodiversidad del suelo. Esto adem\u00e1s contribuye a identificar estrategias de comunicaci\u00f3n e instrumentos pol\u00edticos que contribuyan a cambiar el comportamiento de los diferentes grupos de usuarios forestales.<\/p>\n<p>&nbsp;<\/p>\n<h5><strong>Transferencia de conocimiento a las partes interesados<\/strong><\/h5>\n<p>El p\u00fablico en general y los responsables de la toma de decisiones en la gesti\u00f3n forestal europea necesitan informaci\u00f3n cient\u00edfica s\u00f3lida para tomar decisiones delicadas que influyan en el futuro de los bosques europeos bajo los escenarios de cambio clim\u00e1tico y la p\u00e9rdida de biodiversidad.<\/p>\n<p>Organizaremos un taller con todos los socios del proyecto para extraer los mensajes clave del an\u00e1lisis socioecon\u00f3mico, los estudios en campo y los diferentes experimentos para determinar el contenido de los productos de comunicaci\u00f3n. Dependiendo de los diferentes tipos de usuarios (por ejemplo, administradores forestales, planificadores espaciales, usuarios forestales) vamos a difundir esta informaci\u00f3n por los medios m\u00e1s apropiados.<\/p>\n<p>&nbsp;<\/p>\n<h5><strong>Video informativo<\/strong><\/h5>\n<p>El siguiente video informativo fue creado para informar a los ciudadanos sobre la biodiversidad del suelo, su papel en los bosques y su relaci\u00f3n con el manejo forestal. Los ciudadanos respondieron un cuestionario antes y despu\u00e9s de ver este video con el fin de establecer c\u00f3mo esta informaci\u00f3n impact\u00f3 su conocimiento y opiniones sobre la biodiversidad del suelo y el manejo forestal. <a href=\"https:\/\/websie.cefe.cnrs.fr\/soilforeurope\/es\/communication-es\/\">\u00a1\u00c9chale un vistazo!<\/a><\/p>\n","protected":false},"excerpt":{"rendered":"<p>&nbsp; El valor econ\u00f3mico de la biodiversidad del suelo forestal Para evaluar la percepci\u00f3n de la biodiversidad del suelo por parte de los administradores forestales, utilizamos una encuesta espec\u00edficamente dise\u00f1ada. Mediante un cuestionario, colectamos datos sociodemogr\u00e1ficos, as\u00ed como el conocimiento y la comprensi\u00f3n de la importancia de la biodiversidad del&#8230;<\/p>\n<p class=\"continue-reading-button\"> <a class=\"continue-reading-link\" href=\"https:\/\/websie.cefe.cnrs.fr\/soilforeurope\/es\/socioeconomic-impact-appraoch-4-es\/\">Continue reading<i class=\"crycon-right-dir\"><\/i><\/a><\/p>\n","protected":false},"author":1,"featured_media":0,"parent":0,"menu_order":0,"comment_status":"closed","ping_status":"closed","template":"","meta":{"inline_featured_image":false,"footnotes":""},"class_list":["post-2351","page","type-page","status-publish","hentry"],"_links":{"self":[{"href":"https:\/\/websie.cefe.cnrs.fr\/soilforeurope\/wp-json\/wp\/v2\/pages\/2351","targetHints":{"allow":["GET"]}}],"collection":[{"href":"https:\/\/websie.cefe.cnrs.fr\/soilforeurope\/wp-json\/wp\/v2\/pages"}],"about":[{"href":"https:\/\/websie.cefe.cnrs.fr\/soilforeurope\/wp-json\/wp\/v2\/types\/page"}],"author":[{"embeddable":true,"href":"https:\/\/websie.cefe.cnrs.fr\/soilforeurope\/wp-json\/wp\/v2\/users\/1"}],"replies":[{"embeddable":true,"href":"https:\/\/websie.cefe.cnrs.fr\/soilforeurope\/wp-json\/wp\/v2\/comments?post=2351"}],"version-history":[{"count":5,"href":"https:\/\/websie.cefe.cnrs.fr\/soilforeurope\/wp-json\/wp\/v2\/pages\/2351\/revisions"}],"predecessor-version":[{"id":3677,"href":"https:\/\/websie.cefe.cnrs.fr\/soilforeurope\/wp-json\/wp\/v2\/pages\/2351\/revisions\/3677"}],"wp:attachment":[{"href":"https:\/\/websie.cefe.cnrs.fr\/soilforeurope\/wp-json\/wp\/v2\/media?parent=2351"}],"curies":[{"name":"wp","href":"https:\/\/api.w.org\/{rel}","templated":true}]}}