{"id":2347,"date":"2020-03-30T17:00:17","date_gmt":"2020-03-30T15:00:17","guid":{"rendered":"https:\/\/websie.cefe.cnrs.fr\/soilforeurope\/?page_id=2347"},"modified":"2020-04-28T21:42:41","modified_gmt":"2020-04-28T19:42:41","slug":"socioeconomic-impact-objective-4-sv","status":"publish","type":"page","link":"https:\/\/websie.cefe.cnrs.fr\/soilforeurope\/sv\/socioeconomic-impact-objective-4-sv\/","title":{"rendered":"Socioekonomisk inverkan \u2013 M\u00e5l 4"},"content":{"rendered":"\n<p>&nbsp;<\/p>\n<h4>Utv\u00e4rdera den socioekonomiska inverkan av f\u00f6r\u00e4ndringar hos jordens biologiska m\u00e5ngfald f\u00f6r allm\u00e4nheten, skogsf\u00f6rvaltare och intressenter.<\/h4>\n<p>&nbsp;<\/p>\n<p><img loading=\"lazy\" decoding=\"async\" class=\" wp-image-2118 alignleft\" src=\"https:\/\/websie.cefe.cnrs.fr\/soilforeurope\/wp-content\/uploads\/2019\/05\/Person_in_forest-1024x768.jpg\" alt=\"\" width=\"415\" height=\"312\" srcset=\"https:\/\/websie.cefe.cnrs.fr\/soilforeurope\/wp-content\/uploads\/2019\/05\/Person_in_forest-1024x768.jpg 1024w, https:\/\/websie.cefe.cnrs.fr\/soilforeurope\/wp-content\/uploads\/2019\/05\/Person_in_forest-300x225.jpg 300w, https:\/\/websie.cefe.cnrs.fr\/soilforeurope\/wp-content\/uploads\/2019\/05\/Person_in_forest-768x576.jpg 768w, https:\/\/websie.cefe.cnrs.fr\/soilforeurope\/wp-content\/uploads\/2019\/05\/Person_in_forest-150x113.jpg 150w\" sizes=\"auto, (max-width: 415px) 100vw, 415px\" \/>Till skillnad fr\u00e5n d\u00e4ggdjur, bin eller tr\u00e4d, \u00e4r jordlevande organismer mer eller mindre ok\u00e4nda f\u00f6r den st\u00f6rre allm\u00e4nheten och de \u00e4r s\u00e4llan beaktade som en socioekonomisk faktor. De historiska, utbildningsm\u00e4ssiga och ekonomiska v\u00e4rdena kopplade till jordens biologiska m\u00e5ngfald \u00e4r starkt underv\u00e4rderade av skogsf\u00f6rvaltare och av den st\u00f6rre allm\u00e4nheten. Att det \u00e4r s\u00e5 beror troligen p\u00e5 den generella okunskapen eller till och med f\u00f6rekomsten av negativa k\u00e4nslor gentemot den biologiska m\u00e5ngfalden som finns i jorden.<\/p>\n<p>Vi utv\u00e4rderar vad skogsbrukare, inklusive f\u00f6rvaltare och intressenter, egentligen vet om, och hur de v\u00e4redes\u00e4tter jordens biologiska m\u00e5ngfald samt dess relation till ekosystemtj\u00e4nster, med specifikt designade unders\u00f6kningar och valexperiment.<\/p>\n","protected":false},"excerpt":{"rendered":"<p>&nbsp; Utv\u00e4rdera den socioekonomiska inverkan av f\u00f6r\u00e4ndringar hos jordens biologiska m\u00e5ngfald f\u00f6r allm\u00e4nheten, skogsf\u00f6rvaltare och intressenter. &nbsp; Till skillnad fr\u00e5n d\u00e4ggdjur, bin eller tr\u00e4d, \u00e4r jordlevande organismer mer eller mindre ok\u00e4nda f\u00f6r den st\u00f6rre allm\u00e4nheten och de \u00e4r s\u00e4llan beaktade som en socioekonomisk faktor. De historiska, utbildningsm\u00e4ssiga och ekonomiska v\u00e4rdena&#8230;<\/p>\n<p class=\"continue-reading-button\"> <a class=\"continue-reading-link\" href=\"https:\/\/websie.cefe.cnrs.fr\/soilforeurope\/sv\/socioeconomic-impact-objective-4-sv\/\">Continue reading<i class=\"crycon-right-dir\"><\/i><\/a><\/p>\n","protected":false},"author":1,"featured_media":0,"parent":0,"menu_order":0,"comment_status":"closed","ping_status":"closed","template":"","meta":{"inline_featured_image":false,"footnotes":""},"class_list":["post-2347","page","type-page","status-publish","hentry"],"_links":{"self":[{"href":"https:\/\/websie.cefe.cnrs.fr\/soilforeurope\/wp-json\/wp\/v2\/pages\/2347","targetHints":{"allow":["GET"]}}],"collection":[{"href":"https:\/\/websie.cefe.cnrs.fr\/soilforeurope\/wp-json\/wp\/v2\/pages"}],"about":[{"href":"https:\/\/websie.cefe.cnrs.fr\/soilforeurope\/wp-json\/wp\/v2\/types\/page"}],"author":[{"embeddable":true,"href":"https:\/\/websie.cefe.cnrs.fr\/soilforeurope\/wp-json\/wp\/v2\/users\/1"}],"replies":[{"embeddable":true,"href":"https:\/\/websie.cefe.cnrs.fr\/soilforeurope\/wp-json\/wp\/v2\/comments?post=2347"}],"version-history":[{"count":3,"href":"https:\/\/websie.cefe.cnrs.fr\/soilforeurope\/wp-json\/wp\/v2\/pages\/2347\/revisions"}],"predecessor-version":[{"id":3228,"href":"https:\/\/websie.cefe.cnrs.fr\/soilforeurope\/wp-json\/wp\/v2\/pages\/2347\/revisions\/3228"}],"wp:attachment":[{"href":"https:\/\/websie.cefe.cnrs.fr\/soilforeurope\/wp-json\/wp\/v2\/media?parent=2347"}],"curies":[{"name":"wp","href":"https:\/\/api.w.org\/{rel}","templated":true}]}}