{"id":2345,"date":"2020-03-30T16:59:47","date_gmt":"2020-03-30T14:59:47","guid":{"rendered":"https:\/\/websie.cefe.cnrs.fr\/soilforeurope\/?page_id=2345"},"modified":"2020-05-05T23:01:56","modified_gmt":"2020-05-05T21:01:56","slug":"socioeconomic-impact-objective-4-fi","status":"publish","type":"page","link":"https:\/\/websie.cefe.cnrs.fr\/soilforeurope\/fi\/socioeconomic-impact-objective-4-fi\/","title":{"rendered":"Yhteiskunnallis-taloudellinen vaikutus \u2014 Tavoite 4"},"content":{"rendered":"\n<p>&nbsp;<\/p>\n<h4>Arvioida maaper\u00e4n monimuotoisuuden muutosten yhteiskunnallistaloudellinen vaikutus kansalaisiin, mets\u00e4ammattilaisiin ja sidosryhmiin.<\/h4>\n<p>&nbsp;<\/p>\n<p><img loading=\"lazy\" decoding=\"async\" class=\" wp-image-2118 alignleft\" src=\"https:\/\/websie.cefe.cnrs.fr\/soilforeurope\/wp-content\/uploads\/2019\/05\/Person_in_forest-1024x768.jpg\" alt=\"\" width=\"415\" height=\"312\" srcset=\"https:\/\/websie.cefe.cnrs.fr\/soilforeurope\/wp-content\/uploads\/2019\/05\/Person_in_forest-1024x768.jpg 1024w, https:\/\/websie.cefe.cnrs.fr\/soilforeurope\/wp-content\/uploads\/2019\/05\/Person_in_forest-300x225.jpg 300w, https:\/\/websie.cefe.cnrs.fr\/soilforeurope\/wp-content\/uploads\/2019\/05\/Person_in_forest-768x576.jpg 768w, https:\/\/websie.cefe.cnrs.fr\/soilforeurope\/wp-content\/uploads\/2019\/05\/Person_in_forest-150x113.jpg 150w\" sizes=\"auto, (max-width: 415px) 100vw, 415px\" \/>Toisin kuin nis\u00e4kk\u00e4\u00e4t, ampiaiset tai puut, maaper\u00e4eli\u00f6t ovat yleisesti melko tuntemattomat eik\u00e4 niit\u00e4 oteta huomioon yhteiskunnallistaloudellisena tekij\u00e4n\u00e4. Kansalaiset ja mets\u00e4ammattilaiset aliarvioivat maaper\u00e4n monimuotoisuuden historiallisia, opetuksellisia ja taloudellisia arvoja. T\u00e4m\u00e4 voi johtua tiet\u00e4m\u00e4tt\u00f6myydest\u00e4 tai ennakkoasenteesta tiettyj\u00e4 maaper\u00e4eli\u00f6it\u00e4 kohtaan.<\/p>\n<p>Tutkimme erikoisesti t\u00e4h\u00e4n tarkoitukseen suunnitteluilla kyselyill\u00e4 ja valintakokeilla mit\u00e4 metsien k\u00e4ytt\u00e4j\u00e4t, mukaan lukien mets\u00e4ammattilaiset ja sidosryhm\u00e4t, arvostavat maaper\u00e4n monimuotoisuutta, ja mit\u00e4 he siit\u00e4 oikeasti tiet\u00e4v\u00e4t, erityisesti suhteessa ekosysteemipalveluihin.<\/p>\n","protected":false},"excerpt":{"rendered":"<p>&nbsp; Arvioida maaper\u00e4n monimuotoisuuden muutosten yhteiskunnallistaloudellinen vaikutus kansalaisiin, mets\u00e4ammattilaisiin ja sidosryhmiin. &nbsp; Toisin kuin nis\u00e4kk\u00e4\u00e4t, ampiaiset tai puut, maaper\u00e4eli\u00f6t ovat yleisesti melko tuntemattomat eik\u00e4 niit\u00e4 oteta huomioon yhteiskunnallistaloudellisena tekij\u00e4n\u00e4. Kansalaiset ja mets\u00e4ammattilaiset aliarvioivat maaper\u00e4n monimuotoisuuden historiallisia, opetuksellisia ja taloudellisia arvoja. T\u00e4m\u00e4 voi johtua tiet\u00e4m\u00e4tt\u00f6myydest\u00e4 tai ennakkoasenteesta tiettyj\u00e4 maaper\u00e4eli\u00f6it\u00e4 kohtaan. Tutkimme&#8230;<\/p>\n<p class=\"continue-reading-button\"> <a class=\"continue-reading-link\" href=\"https:\/\/websie.cefe.cnrs.fr\/soilforeurope\/fi\/socioeconomic-impact-objective-4-fi\/\">Continue reading<i class=\"crycon-right-dir\"><\/i><\/a><\/p>\n","protected":false},"author":1,"featured_media":0,"parent":0,"menu_order":0,"comment_status":"closed","ping_status":"closed","template":"","meta":{"inline_featured_image":false,"footnotes":""},"class_list":["post-2345","page","type-page","status-publish","hentry"],"_links":{"self":[{"href":"https:\/\/websie.cefe.cnrs.fr\/soilforeurope\/wp-json\/wp\/v2\/pages\/2345","targetHints":{"allow":["GET"]}}],"collection":[{"href":"https:\/\/websie.cefe.cnrs.fr\/soilforeurope\/wp-json\/wp\/v2\/pages"}],"about":[{"href":"https:\/\/websie.cefe.cnrs.fr\/soilforeurope\/wp-json\/wp\/v2\/types\/page"}],"author":[{"embeddable":true,"href":"https:\/\/websie.cefe.cnrs.fr\/soilforeurope\/wp-json\/wp\/v2\/users\/1"}],"replies":[{"embeddable":true,"href":"https:\/\/websie.cefe.cnrs.fr\/soilforeurope\/wp-json\/wp\/v2\/comments?post=2345"}],"version-history":[{"count":5,"href":"https:\/\/websie.cefe.cnrs.fr\/soilforeurope\/wp-json\/wp\/v2\/pages\/2345\/revisions"}],"predecessor-version":[{"id":3498,"href":"https:\/\/websie.cefe.cnrs.fr\/soilforeurope\/wp-json\/wp\/v2\/pages\/2345\/revisions\/3498"}],"wp:attachment":[{"href":"https:\/\/websie.cefe.cnrs.fr\/soilforeurope\/wp-json\/wp\/v2\/media?parent=2345"}],"curies":[{"name":"wp","href":"https:\/\/api.w.org\/{rel}","templated":true}]}}