{"id":2341,"date":"2020-03-30T16:58:56","date_gmt":"2020-03-30T14:58:56","guid":{"rendered":"https:\/\/websie.cefe.cnrs.fr\/soilforeurope\/?page_id=2341"},"modified":"2020-04-28T21:41:41","modified_gmt":"2020-04-28T19:41:41","slug":"socioeconomic-impact-objective-4-pl","status":"publish","type":"page","link":"https:\/\/websie.cefe.cnrs.fr\/soilforeurope\/pl\/socioeconomic-impact-objective-4-pl\/","title":{"rendered":"Skutki spo\u0142eczno-gospodarcze &#8211; Cel 4"},"content":{"rendered":"\n<p>&nbsp;<\/p>\n<h4>Ocena spo\u0142eczno-ekonomicznych skutk\u00f3w zmian w r\u00f3\u017cnorodno\u015bci biologicznej gleb dla spo\u0142ecze\u0144stwa, zarz\u0105dzaj\u0105cych i zainteresowanych stron.<\/h4>\n<p>&nbsp;<\/p>\n<p style=\"text-align: justify;\"><img loading=\"lazy\" decoding=\"async\" class=\" wp-image-2118 alignleft\" src=\"https:\/\/websie.cefe.cnrs.fr\/soilforeurope\/wp-content\/uploads\/2019\/05\/Person_in_forest-1024x768.jpg\" alt=\"\" width=\"415\" height=\"312\" srcset=\"https:\/\/websie.cefe.cnrs.fr\/soilforeurope\/wp-content\/uploads\/2019\/05\/Person_in_forest-1024x768.jpg 1024w, https:\/\/websie.cefe.cnrs.fr\/soilforeurope\/wp-content\/uploads\/2019\/05\/Person_in_forest-300x225.jpg 300w, https:\/\/websie.cefe.cnrs.fr\/soilforeurope\/wp-content\/uploads\/2019\/05\/Person_in_forest-768x576.jpg 768w, https:\/\/websie.cefe.cnrs.fr\/soilforeurope\/wp-content\/uploads\/2019\/05\/Person_in_forest-150x113.jpg 150w\" sizes=\"auto, (max-width: 415px) 100vw, 415px\" \/>W przeciwie\u0144stwie do ssak\u00f3w, pszcz\u00f3\u0142 czy drzew, organizmy glebowe s\u0105 przeci\u0119tnej osobie prawie nieznane i rzadko s\u0105 uwa\u017cane za czynnik spo\u0142eczno-ekonomiczny. Historyczne, edukacyjne i ekonomiczne warto\u015bci r\u00f3\u017cnorodno\u015bci biologicznej gleb s\u0105 mocno niedoceniane przez zarz\u0105dc\u00f3w las\u00f3w i szersz\u0105 publiczno\u015b\u0107, prawdopodobnie z powodu og\u00f3lnej niewiedzy na temat r\u00f3\u017cnorodno\u015bci biologicznej gleby, a nawet pewnych negatywnych odczu\u0107 dotycz\u0105cych niekt\u00f3rych grup organizm\u00f3w glebowych.<\/p>\n<p style=\"text-align: justify;\">Za pomoc\u0105 specjalnie opracowanych ankiet i eksperyment\u00f3w z wyborem oceniamy, co u\u017cytkownicy las\u00f3w, w tym zarz\u0105dcy i interesariusze, naprawd\u0119 wiedz\u0105 o glebach i jak ceni\u0105 sobie r\u00f3\u017cnorodno\u015b\u0107 biologiczn\u0105 gleb i jej zwi\u0105zek z us\u0142ugami ekosystemowymi.<\/p>\n","protected":false},"excerpt":{"rendered":"<p>&nbsp; Ocena spo\u0142eczno-ekonomicznych skutk\u00f3w zmian w r\u00f3\u017cnorodno\u015bci biologicznej gleb dla spo\u0142ecze\u0144stwa, zarz\u0105dzaj\u0105cych i zainteresowanych stron. &nbsp; W przeciwie\u0144stwie do ssak\u00f3w, pszcz\u00f3\u0142 czy drzew, organizmy glebowe s\u0105 przeci\u0119tnej osobie prawie nieznane i rzadko s\u0105 uwa\u017cane za czynnik spo\u0142eczno-ekonomiczny. Historyczne, edukacyjne i ekonomiczne warto\u015bci r\u00f3\u017cnorodno\u015bci biologicznej gleb s\u0105 mocno niedoceniane przez zarz\u0105dc\u00f3w&#8230;<\/p>\n<p class=\"continue-reading-button\"> <a class=\"continue-reading-link\" href=\"https:\/\/websie.cefe.cnrs.fr\/soilforeurope\/pl\/socioeconomic-impact-objective-4-pl\/\">Continue reading<i class=\"crycon-right-dir\"><\/i><\/a><\/p>\n","protected":false},"author":1,"featured_media":0,"parent":0,"menu_order":0,"comment_status":"closed","ping_status":"closed","template":"","meta":{"inline_featured_image":false,"footnotes":""},"class_list":["post-2341","page","type-page","status-publish","hentry"],"_links":{"self":[{"href":"https:\/\/websie.cefe.cnrs.fr\/soilforeurope\/wp-json\/wp\/v2\/pages\/2341","targetHints":{"allow":["GET"]}}],"collection":[{"href":"https:\/\/websie.cefe.cnrs.fr\/soilforeurope\/wp-json\/wp\/v2\/pages"}],"about":[{"href":"https:\/\/websie.cefe.cnrs.fr\/soilforeurope\/wp-json\/wp\/v2\/types\/page"}],"author":[{"embeddable":true,"href":"https:\/\/websie.cefe.cnrs.fr\/soilforeurope\/wp-json\/wp\/v2\/users\/1"}],"replies":[{"embeddable":true,"href":"https:\/\/websie.cefe.cnrs.fr\/soilforeurope\/wp-json\/wp\/v2\/comments?post=2341"}],"version-history":[{"count":8,"href":"https:\/\/websie.cefe.cnrs.fr\/soilforeurope\/wp-json\/wp\/v2\/pages\/2341\/revisions"}],"predecessor-version":[{"id":3411,"href":"https:\/\/websie.cefe.cnrs.fr\/soilforeurope\/wp-json\/wp\/v2\/pages\/2341\/revisions\/3411"}],"wp:attachment":[{"href":"https:\/\/websie.cefe.cnrs.fr\/soilforeurope\/wp-json\/wp\/v2\/media?parent=2341"}],"curies":[{"name":"wp","href":"https:\/\/api.w.org\/{rel}","templated":true}]}}