{"id":2335,"date":"2020-03-30T16:57:08","date_gmt":"2020-03-30T14:57:08","guid":{"rendered":"https:\/\/websie.cefe.cnrs.fr\/soilforeurope\/?page_id=2335"},"modified":"2020-04-28T21:40:49","modified_gmt":"2020-04-28T19:40:49","slug":"socioeconomic-impact-objective-4-fr","status":"publish","type":"page","link":"https:\/\/websie.cefe.cnrs.fr\/soilforeurope\/fr\/socioeconomic-impact-objective-4-fr\/","title":{"rendered":"Impact socio-\u00e9conomique \u2013 Objectif 4"},"content":{"rendered":"\n<p>&nbsp;<\/p>\n<h4>\u00c9valuer l\u2019impact socio-\u00e9conomique des changements de biodiversit\u00e9 du sol pour le public, les gestionnaires et les d\u00e9cideurs.<\/h4>\n<p>&nbsp;<\/p>\n<p style=\"text-align: justify;\"><img loading=\"lazy\" decoding=\"async\" class=\" wp-image-2118 alignleft\" src=\"https:\/\/websie.cefe.cnrs.fr\/soilforeurope\/wp-content\/uploads\/2019\/05\/Person_in_forest-1024x768.jpg\" alt=\"\" width=\"415\" height=\"312\" srcset=\"https:\/\/websie.cefe.cnrs.fr\/soilforeurope\/wp-content\/uploads\/2019\/05\/Person_in_forest-1024x768.jpg 1024w, https:\/\/websie.cefe.cnrs.fr\/soilforeurope\/wp-content\/uploads\/2019\/05\/Person_in_forest-300x225.jpg 300w, https:\/\/websie.cefe.cnrs.fr\/soilforeurope\/wp-content\/uploads\/2019\/05\/Person_in_forest-768x576.jpg 768w, https:\/\/websie.cefe.cnrs.fr\/soilforeurope\/wp-content\/uploads\/2019\/05\/Person_in_forest-150x113.jpg 150w\" sizes=\"auto, (max-width: 415px) 100vw, 415px\" \/>Contrairement aux mammif\u00e8res, aux abeilles ou aux arbres, les organismes du sol sont largement m\u00e9connus du grand public, et rarement pris en compte dans les \u00e9tudes socio-\u00e9conomiques. Les valeurs historique, \u00e9ducative, et \u00e9conomique de la biodiversit\u00e9 du sol sont largement sous-estim\u00e9es par les gestionnaires forestiers et le grand public, probablement du fait de sa m\u00e9connaissance et peut-\u00eatre de sentiments n\u00e9gatifs qu\u2019inspirent certains groupes d\u2019organismes.<\/p>\n<p style=\"text-align: justify;\">Nous \u00e9valuons les connaissances r\u00e9elles portant sur la biodiversit\u00e9 du sol et la valeur qui lui est accord\u00e9e chez les gestionnaires et les d\u00e9cideurs, \u00e0 l\u2019aide d\u2019enqu\u00eates d\u00e9di\u00e9es et d\u2019exp\u00e9riences de choix.<\/p>\n","protected":false},"excerpt":{"rendered":"<p>&nbsp; \u00c9valuer l\u2019impact socio-\u00e9conomique des changements de biodiversit\u00e9 du sol pour le public, les gestionnaires et les d\u00e9cideurs. &nbsp; Contrairement aux mammif\u00e8res, aux abeilles ou aux arbres, les organismes du sol sont largement m\u00e9connus du grand public, et rarement pris en compte dans les \u00e9tudes socio-\u00e9conomiques. Les valeurs historique, \u00e9ducative,&#8230;<\/p>\n<p class=\"continue-reading-button\"> <a class=\"continue-reading-link\" href=\"https:\/\/websie.cefe.cnrs.fr\/soilforeurope\/fr\/socioeconomic-impact-objective-4-fr\/\">Continue reading<i class=\"crycon-right-dir\"><\/i><\/a><\/p>\n","protected":false},"author":1,"featured_media":0,"parent":0,"menu_order":0,"comment_status":"closed","ping_status":"closed","template":"","meta":{"inline_featured_image":false,"footnotes":""},"class_list":["post-2335","page","type-page","status-publish","hentry"],"_links":{"self":[{"href":"https:\/\/websie.cefe.cnrs.fr\/soilforeurope\/wp-json\/wp\/v2\/pages\/2335","targetHints":{"allow":["GET"]}}],"collection":[{"href":"https:\/\/websie.cefe.cnrs.fr\/soilforeurope\/wp-json\/wp\/v2\/pages"}],"about":[{"href":"https:\/\/websie.cefe.cnrs.fr\/soilforeurope\/wp-json\/wp\/v2\/types\/page"}],"author":[{"embeddable":true,"href":"https:\/\/websie.cefe.cnrs.fr\/soilforeurope\/wp-json\/wp\/v2\/users\/1"}],"replies":[{"embeddable":true,"href":"https:\/\/websie.cefe.cnrs.fr\/soilforeurope\/wp-json\/wp\/v2\/comments?post=2335"}],"version-history":[{"count":8,"href":"https:\/\/websie.cefe.cnrs.fr\/soilforeurope\/wp-json\/wp\/v2\/pages\/2335\/revisions"}],"predecessor-version":[{"id":3041,"href":"https:\/\/websie.cefe.cnrs.fr\/soilforeurope\/wp-json\/wp\/v2\/pages\/2335\/revisions\/3041"}],"wp:attachment":[{"href":"https:\/\/websie.cefe.cnrs.fr\/soilforeurope\/wp-json\/wp\/v2\/media?parent=2335"}],"curies":[{"name":"wp","href":"https:\/\/api.w.org\/{rel}","templated":true}]}}