{"id":2331,"date":"2020-03-30T16:56:03","date_gmt":"2020-03-30T14:56:03","guid":{"rendered":"https:\/\/websie.cefe.cnrs.fr\/soilforeurope\/?page_id=2331"},"modified":"2020-04-28T21:40:20","modified_gmt":"2020-04-28T19:40:20","slug":"socioeconomic-impact-objective-4-de","status":"publish","type":"page","link":"https:\/\/websie.cefe.cnrs.fr\/soilforeurope\/de\/socioeconomic-impact-objective-4-de\/","title":{"rendered":"Sozio\u00f6konomische Auswirkungen &#8211; Ziel 4"},"content":{"rendered":"\n<p>&nbsp;<\/p>\n<h4>Bewertung der sozio\u00f6konomischen Auswirkungen von Ver\u00e4nderungen der Bodenbiodiversit\u00e4t f\u00fcr die \u00d6ffentlichkeit, die Bewirtschafter*innen und die Interessensvertreter*innen.<\/h4>\n<p style=\"text-align: justify;\">&nbsp;<\/p>\n<p style=\"text-align: justify;\"><img loading=\"lazy\" decoding=\"async\" class=\" wp-image-2118 alignleft\" src=\"https:\/\/websie.cefe.cnrs.fr\/soilforeurope\/wp-content\/uploads\/2019\/05\/Person_in_forest-1024x768.jpg\" alt=\"\" width=\"415\" height=\"312\" srcset=\"https:\/\/websie.cefe.cnrs.fr\/soilforeurope\/wp-content\/uploads\/2019\/05\/Person_in_forest-1024x768.jpg 1024w, https:\/\/websie.cefe.cnrs.fr\/soilforeurope\/wp-content\/uploads\/2019\/05\/Person_in_forest-300x225.jpg 300w, https:\/\/websie.cefe.cnrs.fr\/soilforeurope\/wp-content\/uploads\/2019\/05\/Person_in_forest-768x576.jpg 768w, https:\/\/websie.cefe.cnrs.fr\/soilforeurope\/wp-content\/uploads\/2019\/05\/Person_in_forest-150x113.jpg 150w\" sizes=\"auto, (max-width: 415px) 100vw, 415px\" \/>Im Gegensatz zu S\u00e4ugetieren, Bienen oder B\u00e4umen sind Bodenorganismen in der breiten \u00d6ffentlichkeit fast unbekannt und werden selten als sozio\u00f6konomischer Faktor betrachtet. Die historischen, bildungsrelevanten und wirtschaftlichen Werte der biologischen Vielfalt des Bodens werden von Forstwirten*innen und der breiten \u00d6ffentlichkeit stark untersch\u00e4tzt, wahrscheinlich aufgrund einer allgemeinen Unkenntnis \u00fcber die biologische Vielfalt des Bodens und sogar einiger negativer Gef\u00fchle gegen\u00fcber manchen Gruppen von Bodenorganismen.<\/p>\n<p style=\"text-align: justify;\">Wir untersuchen mit speziell konzipierten Erhebungen und Auswahlexperimenten, was Waldnutzer*innen, einschlie\u00dflich Bewirtschafter*innen und Interessensvertreter*innen, wirklich wissen und wie sie die biologische Vielfalt des Bodens und ihre Beziehung zu den \u00d6kosystemleistungen bewerten.<\/p>\n","protected":false},"excerpt":{"rendered":"<p>&nbsp; Bewertung der sozio\u00f6konomischen Auswirkungen von Ver\u00e4nderungen der Bodenbiodiversit\u00e4t f\u00fcr die \u00d6ffentlichkeit, die Bewirtschafter*innen und die Interessensvertreter*innen. &nbsp; Im Gegensatz zu S\u00e4ugetieren, Bienen oder B\u00e4umen sind Bodenorganismen in der breiten \u00d6ffentlichkeit fast unbekannt und werden selten als sozio\u00f6konomischer Faktor betrachtet. Die historischen, bildungsrelevanten und wirtschaftlichen Werte der biologischen Vielfalt des&#8230;<\/p>\n<p class=\"continue-reading-button\"> <a class=\"continue-reading-link\" href=\"https:\/\/websie.cefe.cnrs.fr\/soilforeurope\/de\/socioeconomic-impact-objective-4-de\/\">Continue reading<i class=\"crycon-right-dir\"><\/i><\/a><\/p>\n","protected":false},"author":1,"featured_media":0,"parent":0,"menu_order":0,"comment_status":"closed","ping_status":"closed","template":"","meta":{"inline_featured_image":false,"footnotes":""},"class_list":["post-2331","page","type-page","status-publish","hentry"],"_links":{"self":[{"href":"https:\/\/websie.cefe.cnrs.fr\/soilforeurope\/wp-json\/wp\/v2\/pages\/2331","targetHints":{"allow":["GET"]}}],"collection":[{"href":"https:\/\/websie.cefe.cnrs.fr\/soilforeurope\/wp-json\/wp\/v2\/pages"}],"about":[{"href":"https:\/\/websie.cefe.cnrs.fr\/soilforeurope\/wp-json\/wp\/v2\/types\/page"}],"author":[{"embeddable":true,"href":"https:\/\/websie.cefe.cnrs.fr\/soilforeurope\/wp-json\/wp\/v2\/users\/1"}],"replies":[{"embeddable":true,"href":"https:\/\/websie.cefe.cnrs.fr\/soilforeurope\/wp-json\/wp\/v2\/comments?post=2331"}],"version-history":[{"count":7,"href":"https:\/\/websie.cefe.cnrs.fr\/soilforeurope\/wp-json\/wp\/v2\/pages\/2331\/revisions"}],"predecessor-version":[{"id":3407,"href":"https:\/\/websie.cefe.cnrs.fr\/soilforeurope\/wp-json\/wp\/v2\/pages\/2331\/revisions\/3407"}],"wp:attachment":[{"href":"https:\/\/websie.cefe.cnrs.fr\/soilforeurope\/wp-json\/wp\/v2\/media?parent=2331"}],"curies":[{"name":"wp","href":"https:\/\/api.w.org\/{rel}","templated":true}]}}