{"id":2329,"date":"2020-03-30T16:54:56","date_gmt":"2020-03-30T14:54:56","guid":{"rendered":"https:\/\/websie.cefe.cnrs.fr\/soilforeurope\/?page_id=2329"},"modified":"2020-04-28T21:45:05","modified_gmt":"2020-04-28T19:45:05","slug":"biodiversity-objective-1-sv","status":"publish","type":"page","link":"https:\/\/websie.cefe.cnrs.fr\/soilforeurope\/sv\/biodiversity-objective-1-sv\/","title":{"rendered":"Biologisk m\u00e5ngfald \u2013 M\u00e5l 1"},"content":{"rendered":"\n<p>&nbsp;<\/p>\n<h4>Utforska vilka v\u00e4xtegenskaper, b\u00e5de ovanf\u00f6r och under marken, som f\u00f6ruts\u00e4ger abundans, m\u00e5ngfald, och sammans\u00e4ttning hos samh\u00e4llen av jordlevande organismer.<\/h4>\n<p>&nbsp;<\/p>\n<p><img loading=\"lazy\" decoding=\"async\" class=\"wp-image-1001 alignleft\" src=\"https:\/\/websie.cefe.cnrs.fr\/soilforeurope\/wp-content\/uploads\/2019\/02\/Soils_fungi_3_gimp_cropped3_copyright3-1024x749.png\" alt=\"\" width=\"393\" height=\"287\" srcset=\"https:\/\/websie.cefe.cnrs.fr\/soilforeurope\/wp-content\/uploads\/2019\/02\/Soils_fungi_3_gimp_cropped3_copyright3-1024x749.png 1024w, https:\/\/websie.cefe.cnrs.fr\/soilforeurope\/wp-content\/uploads\/2019\/02\/Soils_fungi_3_gimp_cropped3_copyright3-300x219.png 300w, https:\/\/websie.cefe.cnrs.fr\/soilforeurope\/wp-content\/uploads\/2019\/02\/Soils_fungi_3_gimp_cropped3_copyright3-768x562.png 768w, https:\/\/websie.cefe.cnrs.fr\/soilforeurope\/wp-content\/uploads\/2019\/02\/Soils_fungi_3_gimp_cropped3_copyright3-150x110.png 150w, https:\/\/websie.cefe.cnrs.fr\/soilforeurope\/wp-content\/uploads\/2019\/02\/Soils_fungi_3_gimp_cropped3_copyright3.png 1956w\" sizes=\"auto, (max-width: 393px) 100vw, 393px\" \/><\/p>\n<p>Vi str\u00e4var efter att pr\u00f6va huruvida biologisk m\u00e5ngfald i jorden \u00e4r kopplad till m\u00e5ngfald bland tr\u00e4d och vilka funktionella egenskaper, ovanf\u00f6r och under marken, hos tr\u00e4d som kan f\u00f6ruts\u00e4ga detta.<\/p>\n<p>Vi fokuserar p\u00e5 sex nyckelgrupper av jordlevande organismer, d.v.s. heterotrofiska jordlevande mikroorganismer, mykorrhizasvampar, nematoder, sm\u00e5 leddjur, daggmaskar och stora leddjur, vilka alla har en viktigt inverkan p\u00e5 markprocesser. Genom att anv\u00e4nda flervariabelsanalys har vi utforskat vilka plantegenskaper som skulle kunna f\u00f6ruts\u00e4ga abundans, m\u00e5ngfald och samh\u00e4llssammans\u00e4ttning av dessa sex grupper av jordlevande organismer som vi har riktat in oss p\u00e5.<\/p>\n<h5>&nbsp;<\/h5>\n<p>&nbsp;<\/p>\n","protected":false},"excerpt":{"rendered":"<p>&nbsp; Utforska vilka v\u00e4xtegenskaper, b\u00e5de ovanf\u00f6r och under marken, som f\u00f6ruts\u00e4ger abundans, m\u00e5ngfald, och sammans\u00e4ttning hos samh\u00e4llen av jordlevande organismer. &nbsp; Vi str\u00e4var efter att pr\u00f6va huruvida biologisk m\u00e5ngfald i jorden \u00e4r kopplad till m\u00e5ngfald bland tr\u00e4d och vilka funktionella egenskaper, ovanf\u00f6r och under marken, hos tr\u00e4d som kan f\u00f6ruts\u00e4ga&#8230;<\/p>\n<p class=\"continue-reading-button\"> <a class=\"continue-reading-link\" href=\"https:\/\/websie.cefe.cnrs.fr\/soilforeurope\/sv\/biodiversity-objective-1-sv\/\">Continue reading<i class=\"crycon-right-dir\"><\/i><\/a><\/p>\n","protected":false},"author":1,"featured_media":0,"parent":0,"menu_order":1,"comment_status":"closed","ping_status":"closed","template":"","meta":{"inline_featured_image":false,"footnotes":""},"class_list":["post-2329","page","type-page","status-publish","hentry"],"_links":{"self":[{"href":"https:\/\/websie.cefe.cnrs.fr\/soilforeurope\/wp-json\/wp\/v2\/pages\/2329","targetHints":{"allow":["GET"]}}],"collection":[{"href":"https:\/\/websie.cefe.cnrs.fr\/soilforeurope\/wp-json\/wp\/v2\/pages"}],"about":[{"href":"https:\/\/websie.cefe.cnrs.fr\/soilforeurope\/wp-json\/wp\/v2\/types\/page"}],"author":[{"embeddable":true,"href":"https:\/\/websie.cefe.cnrs.fr\/soilforeurope\/wp-json\/wp\/v2\/users\/1"}],"replies":[{"embeddable":true,"href":"https:\/\/websie.cefe.cnrs.fr\/soilforeurope\/wp-json\/wp\/v2\/comments?post=2329"}],"version-history":[{"count":3,"href":"https:\/\/websie.cefe.cnrs.fr\/soilforeurope\/wp-json\/wp\/v2\/pages\/2329\/revisions"}],"predecessor-version":[{"id":3219,"href":"https:\/\/websie.cefe.cnrs.fr\/soilforeurope\/wp-json\/wp\/v2\/pages\/2329\/revisions\/3219"}],"wp:attachment":[{"href":"https:\/\/websie.cefe.cnrs.fr\/soilforeurope\/wp-json\/wp\/v2\/media?parent=2329"}],"curies":[{"name":"wp","href":"https:\/\/api.w.org\/{rel}","templated":true}]}}