{"id":2327,"date":"2020-03-30T16:54:34","date_gmt":"2020-03-30T14:54:34","guid":{"rendered":"https:\/\/websie.cefe.cnrs.fr\/soilforeurope\/?page_id=2327"},"modified":"2020-05-05T22:02:32","modified_gmt":"2020-05-05T20:02:32","slug":"biodiversity-objective-1-fi","status":"publish","type":"page","link":"https:\/\/websie.cefe.cnrs.fr\/soilforeurope\/fi\/biodiversity-objective-1-fi\/","title":{"rendered":"Monimuotoisuus \u2014 Tavoite 1"},"content":{"rendered":"\n<p>&nbsp;<\/p>\n<h4>Tutkia mitk\u00e4 maanp\u00e4\u00e4lliset ja maanalaiset kasvien ominaisuudet ennustavat maaper\u00e4eli\u00f6iden runsautta, monimuotoisuutta ja yhteiskuntarakennetta.<\/h4>\n<p>&nbsp;<\/p>\n<p><img loading=\"lazy\" decoding=\"async\" class=\"wp-image-1001 alignleft\" src=\"https:\/\/websie.cefe.cnrs.fr\/soilforeurope\/wp-content\/uploads\/2019\/02\/Soils_fungi_3_gimp_cropped3_copyright3-1024x749.png\" alt=\"\" width=\"393\" height=\"287\" srcset=\"https:\/\/websie.cefe.cnrs.fr\/soilforeurope\/wp-content\/uploads\/2019\/02\/Soils_fungi_3_gimp_cropped3_copyright3-1024x749.png 1024w, https:\/\/websie.cefe.cnrs.fr\/soilforeurope\/wp-content\/uploads\/2019\/02\/Soils_fungi_3_gimp_cropped3_copyright3-300x219.png 300w, https:\/\/websie.cefe.cnrs.fr\/soilforeurope\/wp-content\/uploads\/2019\/02\/Soils_fungi_3_gimp_cropped3_copyright3-768x562.png 768w, https:\/\/websie.cefe.cnrs.fr\/soilforeurope\/wp-content\/uploads\/2019\/02\/Soils_fungi_3_gimp_cropped3_copyright3-150x110.png 150w, https:\/\/websie.cefe.cnrs.fr\/soilforeurope\/wp-content\/uploads\/2019\/02\/Soils_fungi_3_gimp_cropped3_copyright3.png 1956w\" sizes=\"auto, (max-width: 393px) 100vw, 393px\" \/><\/p>\n<p>Tarkastelemme liittyyk\u00f6 maaper\u00e4n monimuotoisuus puulajien runsauteen ja mitk\u00e4 puiden maanp\u00e4\u00e4lliset ja maanalaiset toiminnalliset ominaisuudet voisivat ennustaa t\u00e4t\u00e4.<\/p>\n<p>Keskitymme kuuteen maaper\u00e4eli\u00f6iden avainryhmiin, joilla kaikilla on merkitt\u00e4v\u00e4 vaikutus maaper\u00e4n prosesseihin: heterotrofisiin maaper\u00e4n mikro-organismeihin, mykorritsasieniin, sukkulamatoihin, mikroniveljalkaisiin, lieroihin ja makro-niveljalkaisiin. K\u00e4ytt\u00e4m\u00e4ll\u00e4 monimuuttuja-analyysej\u00e4 tutkimme mitk\u00e4 kasvien ominaisuudet ennustaisivat n\u00e4iden kuuden maaper\u00e4eli\u00f6ryhm\u00e4n runsautta, monimuotoisuutta ja yhteiskuntarakennetta.<\/p>\n<h5>&nbsp;<\/h5>\n<p>&nbsp;<\/p>\n","protected":false},"excerpt":{"rendered":"<p>&nbsp; Tutkia mitk\u00e4 maanp\u00e4\u00e4lliset ja maanalaiset kasvien ominaisuudet ennustavat maaper\u00e4eli\u00f6iden runsautta, monimuotoisuutta ja yhteiskuntarakennetta. &nbsp; Tarkastelemme liittyyk\u00f6 maaper\u00e4n monimuotoisuus puulajien runsauteen ja mitk\u00e4 puiden maanp\u00e4\u00e4lliset ja maanalaiset toiminnalliset ominaisuudet voisivat ennustaa t\u00e4t\u00e4. Keskitymme kuuteen maaper\u00e4eli\u00f6iden avainryhmiin, joilla kaikilla on merkitt\u00e4v\u00e4 vaikutus maaper\u00e4n prosesseihin: heterotrofisiin maaper\u00e4n mikro-organismeihin, mykorritsasieniin, sukkulamatoihin, mikroniveljalkaisiin, lieroihin&#8230;<\/p>\n<p class=\"continue-reading-button\"> <a class=\"continue-reading-link\" href=\"https:\/\/websie.cefe.cnrs.fr\/soilforeurope\/fi\/biodiversity-objective-1-fi\/\">Continue reading<i class=\"crycon-right-dir\"><\/i><\/a><\/p>\n","protected":false},"author":1,"featured_media":0,"parent":0,"menu_order":1,"comment_status":"closed","ping_status":"closed","template":"","meta":{"inline_featured_image":false,"footnotes":""},"class_list":["post-2327","page","type-page","status-publish","hentry"],"_links":{"self":[{"href":"https:\/\/websie.cefe.cnrs.fr\/soilforeurope\/wp-json\/wp\/v2\/pages\/2327","targetHints":{"allow":["GET"]}}],"collection":[{"href":"https:\/\/websie.cefe.cnrs.fr\/soilforeurope\/wp-json\/wp\/v2\/pages"}],"about":[{"href":"https:\/\/websie.cefe.cnrs.fr\/soilforeurope\/wp-json\/wp\/v2\/types\/page"}],"author":[{"embeddable":true,"href":"https:\/\/websie.cefe.cnrs.fr\/soilforeurope\/wp-json\/wp\/v2\/users\/1"}],"replies":[{"embeddable":true,"href":"https:\/\/websie.cefe.cnrs.fr\/soilforeurope\/wp-json\/wp\/v2\/comments?post=2327"}],"version-history":[{"count":6,"href":"https:\/\/websie.cefe.cnrs.fr\/soilforeurope\/wp-json\/wp\/v2\/pages\/2327\/revisions"}],"predecessor-version":[{"id":3491,"href":"https:\/\/websie.cefe.cnrs.fr\/soilforeurope\/wp-json\/wp\/v2\/pages\/2327\/revisions\/3491"}],"wp:attachment":[{"href":"https:\/\/websie.cefe.cnrs.fr\/soilforeurope\/wp-json\/wp\/v2\/media?parent=2327"}],"curies":[{"name":"wp","href":"https:\/\/api.w.org\/{rel}","templated":true}]}}