{"id":2323,"date":"2020-03-30T16:53:44","date_gmt":"2020-03-30T14:53:44","guid":{"rendered":"https:\/\/websie.cefe.cnrs.fr\/soilforeurope\/?page_id=2323"},"modified":"2020-04-28T21:44:29","modified_gmt":"2020-04-28T19:44:29","slug":"biodiversity-objective-1-pl","status":"publish","type":"page","link":"https:\/\/websie.cefe.cnrs.fr\/soilforeurope\/pl\/biodiversity-objective-1-pl\/","title":{"rendered":"R\u00f3\u017cnorodno\u015b\u0107 biologiczna &#8211; Cel 1"},"content":{"rendered":"\n<p>&nbsp;<\/p>\n<h4>Zbadanie, jakie cechy ro\u015blin, zar\u00f3wno naziemne jak i podziemne, przewiduj\u0105 liczebno\u015b\u0107, r\u00f3\u017cnorodno\u015b\u0107 i sk\u0142ad zespo\u0142\u00f3w organizm\u00f3w glebowych.<\/h4>\n<p>&nbsp;<\/p>\n<p><img loading=\"lazy\" decoding=\"async\" class=\"wp-image-1001 alignleft\" src=\"https:\/\/websie.cefe.cnrs.fr\/soilforeurope\/wp-content\/uploads\/2019\/02\/Soils_fungi_3_gimp_cropped3_copyright3-1024x749.png\" alt=\"\" width=\"393\" height=\"287\" srcset=\"https:\/\/websie.cefe.cnrs.fr\/soilforeurope\/wp-content\/uploads\/2019\/02\/Soils_fungi_3_gimp_cropped3_copyright3-1024x749.png 1024w, https:\/\/websie.cefe.cnrs.fr\/soilforeurope\/wp-content\/uploads\/2019\/02\/Soils_fungi_3_gimp_cropped3_copyright3-300x219.png 300w, https:\/\/websie.cefe.cnrs.fr\/soilforeurope\/wp-content\/uploads\/2019\/02\/Soils_fungi_3_gimp_cropped3_copyright3-768x562.png 768w, https:\/\/websie.cefe.cnrs.fr\/soilforeurope\/wp-content\/uploads\/2019\/02\/Soils_fungi_3_gimp_cropped3_copyright3-150x110.png 150w, https:\/\/websie.cefe.cnrs.fr\/soilforeurope\/wp-content\/uploads\/2019\/02\/Soils_fungi_3_gimp_cropped3_copyright3.png 1956w\" sizes=\"auto, (max-width: 393px) 100vw, 393px\" \/><\/p>\n<p style=\"text-align: justify;\">Staramy si\u0119 sprawdzi\u0107, czy r\u00f3\u017cnorodno\u015b\u0107 biologiczna gleby jest powi\u0105zana z r\u00f3\u017cnorodno\u015bci\u0105 drzew i jakie nadziemne i podziemne cechy funkcjonalne drzew mog\u0105 t\u0142umaczy\u0107 ten zwi\u0105zek.<\/p>\n<p style=\"text-align: justify;\">Skupiamy si\u0119 na sze\u015bciu kluczowych grupach organizm\u00f3w glebowych, tj. heterotroficznych mikroorganizmach glebowych, grzybach mikoryzowych, nicieniach, mikrostawonogach, d\u017cd\u017cownicach i makrostawonogach, kt\u00f3re maj\u0105 istotny wp\u0142yw na procesy glebowe. Za pomoc\u0105 analiz wielowymiarowych badamy, jakie cechy ro\u015blin mog\u0105 przewidywa\u0107 liczebno\u015b\u0107, r\u00f3\u017cnorodno\u015b\u0107 i sk\u0142ad gatunkowy zespo\u0142\u00f3w sze\u015bciu docelowych grup organizm\u00f3w glebowych.<\/p>\n<h5>&nbsp;<\/h5>\n<p>&nbsp;<\/p>\n","protected":false},"excerpt":{"rendered":"<p>&nbsp; Zbadanie, jakie cechy ro\u015blin, zar\u00f3wno naziemne jak i podziemne, przewiduj\u0105 liczebno\u015b\u0107, r\u00f3\u017cnorodno\u015b\u0107 i sk\u0142ad zespo\u0142\u00f3w organizm\u00f3w glebowych. &nbsp; Staramy si\u0119 sprawdzi\u0107, czy r\u00f3\u017cnorodno\u015b\u0107 biologiczna gleby jest powi\u0105zana z r\u00f3\u017cnorodno\u015bci\u0105 drzew i jakie nadziemne i podziemne cechy funkcjonalne drzew mog\u0105 t\u0142umaczy\u0107 ten zwi\u0105zek. Skupiamy si\u0119 na sze\u015bciu kluczowych grupach organizm\u00f3w&#8230;<\/p>\n<p class=\"continue-reading-button\"> <a class=\"continue-reading-link\" href=\"https:\/\/websie.cefe.cnrs.fr\/soilforeurope\/pl\/biodiversity-objective-1-pl\/\">Continue reading<i class=\"crycon-right-dir\"><\/i><\/a><\/p>\n","protected":false},"author":1,"featured_media":0,"parent":0,"menu_order":1,"comment_status":"closed","ping_status":"closed","template":"","meta":{"inline_featured_image":false,"footnotes":""},"class_list":["post-2323","page","type-page","status-publish","hentry"],"_links":{"self":[{"href":"https:\/\/websie.cefe.cnrs.fr\/soilforeurope\/wp-json\/wp\/v2\/pages\/2323","targetHints":{"allow":["GET"]}}],"collection":[{"href":"https:\/\/websie.cefe.cnrs.fr\/soilforeurope\/wp-json\/wp\/v2\/pages"}],"about":[{"href":"https:\/\/websie.cefe.cnrs.fr\/soilforeurope\/wp-json\/wp\/v2\/types\/page"}],"author":[{"embeddable":true,"href":"https:\/\/websie.cefe.cnrs.fr\/soilforeurope\/wp-json\/wp\/v2\/users\/1"}],"replies":[{"embeddable":true,"href":"https:\/\/websie.cefe.cnrs.fr\/soilforeurope\/wp-json\/wp\/v2\/comments?post=2323"}],"version-history":[{"count":7,"href":"https:\/\/websie.cefe.cnrs.fr\/soilforeurope\/wp-json\/wp\/v2\/pages\/2323\/revisions"}],"predecessor-version":[{"id":3418,"href":"https:\/\/websie.cefe.cnrs.fr\/soilforeurope\/wp-json\/wp\/v2\/pages\/2323\/revisions\/3418"}],"wp:attachment":[{"href":"https:\/\/websie.cefe.cnrs.fr\/soilforeurope\/wp-json\/wp\/v2\/media?parent=2323"}],"curies":[{"name":"wp","href":"https:\/\/api.w.org\/{rel}","templated":true}]}}