{"id":2319,"date":"2020-03-30T16:52:55","date_gmt":"2020-03-30T14:52:55","guid":{"rendered":"https:\/\/websie.cefe.cnrs.fr\/soilforeurope\/?page_id=2319"},"modified":"2020-05-29T11:39:58","modified_gmt":"2020-05-29T09:39:58","slug":"biodiversity-objective-1-it","status":"publish","type":"page","link":"https:\/\/websie.cefe.cnrs.fr\/soilforeurope\/it\/biodiversity-objective-1-it\/","title":{"rendered":"Biodiversit\u00e0 \u2013 Obiettivo 1"},"content":{"rendered":"\n<p>&nbsp;<\/p>\n<h4>Esplorare quali tratti funzionali delle piante, sia epigei sia ipogei, predicono l\u2019abbondanza, la diversit\u00e0 e la composizione della comunit\u00e0 degli organismi del suolo.<\/h4>\n<p>&nbsp;<\/p>\n<p><img loading=\"lazy\" decoding=\"async\" class=\"wp-image-1001 alignleft\" src=\"https:\/\/websie.cefe.cnrs.fr\/soilforeurope\/wp-content\/uploads\/2019\/02\/Soils_fungi_3_gimp_cropped3_copyright3-1024x749.png\" alt=\"\" width=\"393\" height=\"287\" srcset=\"https:\/\/websie.cefe.cnrs.fr\/soilforeurope\/wp-content\/uploads\/2019\/02\/Soils_fungi_3_gimp_cropped3_copyright3-1024x749.png 1024w, https:\/\/websie.cefe.cnrs.fr\/soilforeurope\/wp-content\/uploads\/2019\/02\/Soils_fungi_3_gimp_cropped3_copyright3-300x219.png 300w, https:\/\/websie.cefe.cnrs.fr\/soilforeurope\/wp-content\/uploads\/2019\/02\/Soils_fungi_3_gimp_cropped3_copyright3-768x562.png 768w, https:\/\/websie.cefe.cnrs.fr\/soilforeurope\/wp-content\/uploads\/2019\/02\/Soils_fungi_3_gimp_cropped3_copyright3-150x110.png 150w, https:\/\/websie.cefe.cnrs.fr\/soilforeurope\/wp-content\/uploads\/2019\/02\/Soils_fungi_3_gimp_cropped3_copyright3.png 1956w\" sizes=\"auto, (max-width: 393px) 100vw, 393px\" \/><\/p>\n<p style=\"text-align: justify;\">Cerchiamo di testare se la biodiversit\u00e0 del suolo \u00e8 legata alla diversit\u00e0 degli alberi e come i tratti funzionali epigei e ipogei degli alberi possono predire questo legame.<\/p>\n<p style=\"text-align: justify;\">Puntiamo l\u2019attenzione su sei gruppi di organismi del suolo, tra cui microrganismi eterotrofi, micorrize fungine, nematodi, microartropodi, lombrichi e macroartropodi, tutti con un importante ruolo nei processi del suolo. Usando analisi multivariate, esploriamo quali tratti funzionali degli alberi possono predire l\u2019abbondanza, la diversit\u00e0 e la composizione della comunit\u00e0 dei sei gruppi target degli organismi del suolo.<\/p>\n<h5 style=\"text-align: justify;\">&nbsp;<\/h5>\n<p>&nbsp;<\/p>\n","protected":false},"excerpt":{"rendered":"<p>&nbsp; Esplorare quali tratti funzionali delle piante, sia epigei sia ipogei, predicono l\u2019abbondanza, la diversit\u00e0 e la composizione della comunit\u00e0 degli organismi del suolo. &nbsp; Cerchiamo di testare se la biodiversit\u00e0 del suolo \u00e8 legata alla diversit\u00e0 degli alberi e come i tratti funzionali epigei e ipogei degli alberi possono&#8230;<\/p>\n<p class=\"continue-reading-button\"> <a class=\"continue-reading-link\" href=\"https:\/\/websie.cefe.cnrs.fr\/soilforeurope\/it\/biodiversity-objective-1-it\/\">Continue reading<i class=\"crycon-right-dir\"><\/i><\/a><\/p>\n","protected":false},"author":1,"featured_media":0,"parent":0,"menu_order":1,"comment_status":"closed","ping_status":"closed","template":"","meta":{"inline_featured_image":false,"footnotes":""},"class_list":["post-2319","page","type-page","status-publish","hentry"],"_links":{"self":[{"href":"https:\/\/websie.cefe.cnrs.fr\/soilforeurope\/wp-json\/wp\/v2\/pages\/2319","targetHints":{"allow":["GET"]}}],"collection":[{"href":"https:\/\/websie.cefe.cnrs.fr\/soilforeurope\/wp-json\/wp\/v2\/pages"}],"about":[{"href":"https:\/\/websie.cefe.cnrs.fr\/soilforeurope\/wp-json\/wp\/v2\/types\/page"}],"author":[{"embeddable":true,"href":"https:\/\/websie.cefe.cnrs.fr\/soilforeurope\/wp-json\/wp\/v2\/users\/1"}],"replies":[{"embeddable":true,"href":"https:\/\/websie.cefe.cnrs.fr\/soilforeurope\/wp-json\/wp\/v2\/comments?post=2319"}],"version-history":[{"count":5,"href":"https:\/\/websie.cefe.cnrs.fr\/soilforeurope\/wp-json\/wp\/v2\/pages\/2319\/revisions"}],"predecessor-version":[{"id":3618,"href":"https:\/\/websie.cefe.cnrs.fr\/soilforeurope\/wp-json\/wp\/v2\/pages\/2319\/revisions\/3618"}],"wp:attachment":[{"href":"https:\/\/websie.cefe.cnrs.fr\/soilforeurope\/wp-json\/wp\/v2\/media?parent=2319"}],"curies":[{"name":"wp","href":"https:\/\/api.w.org\/{rel}","templated":true}]}}