{"id":2317,"date":"2020-03-30T16:52:29","date_gmt":"2020-03-30T14:52:29","guid":{"rendered":"https:\/\/websie.cefe.cnrs.fr\/soilforeurope\/?page_id=2317"},"modified":"2020-04-28T21:43:49","modified_gmt":"2020-04-28T19:43:49","slug":"biodiversity-objective-1-fr","status":"publish","type":"page","link":"https:\/\/websie.cefe.cnrs.fr\/soilforeurope\/fr\/biodiversity-objective-1-fr\/","title":{"rendered":"Biodiversit\u00e9 \u2013 Objectif 1"},"content":{"rendered":"\n<p>&nbsp;<\/p>\n<h4>Explorer quels traits, tant a\u00e9riens que souterrains, des arbres permettent de pr\u00e9dire l\u2019abondance, la diversit\u00e9 et la composition des organismes du sol.<\/h4>\n<p>&nbsp;<\/p>\n<p><img loading=\"lazy\" decoding=\"async\" class=\"wp-image-1001 alignleft\" src=\"https:\/\/websie.cefe.cnrs.fr\/soilforeurope\/wp-content\/uploads\/2019\/02\/Soils_fungi_3_gimp_cropped3_copyright3-1024x749.png\" alt=\"\" width=\"393\" height=\"287\" srcset=\"https:\/\/websie.cefe.cnrs.fr\/soilforeurope\/wp-content\/uploads\/2019\/02\/Soils_fungi_3_gimp_cropped3_copyright3-1024x749.png 1024w, https:\/\/websie.cefe.cnrs.fr\/soilforeurope\/wp-content\/uploads\/2019\/02\/Soils_fungi_3_gimp_cropped3_copyright3-300x219.png 300w, https:\/\/websie.cefe.cnrs.fr\/soilforeurope\/wp-content\/uploads\/2019\/02\/Soils_fungi_3_gimp_cropped3_copyright3-768x562.png 768w, https:\/\/websie.cefe.cnrs.fr\/soilforeurope\/wp-content\/uploads\/2019\/02\/Soils_fungi_3_gimp_cropped3_copyright3-150x110.png 150w, https:\/\/websie.cefe.cnrs.fr\/soilforeurope\/wp-content\/uploads\/2019\/02\/Soils_fungi_3_gimp_cropped3_copyright3.png 1956w\" sizes=\"auto, (max-width: 393px) 100vw, 393px\" \/><\/p>\n<p style=\"text-align: justify;\">Nous cherchons \u00e0 tester si la biodiversit\u00e9 du sol est li\u00e9e \u00e0 la diversit\u00e9 des essences, et quels traits fonctionnels a\u00e9riens et\/ou souterrains permettent de pr\u00e9dire ce lien.<\/p>\n<p style=\"text-align: justify;\">Nous avons cibl\u00e9 six groupes clefs d\u2019organismes : microorganismes h\u00e9t\u00e9rotrophes, champignons mycorhiziens, n\u00e9matodes, microarthropodes, vers de terre et macro-arthropodes, qui ont tous un impact important sur les processus du sol. Sur la base d\u2019analyses multivari\u00e9es, nous avons \u00e9valu\u00e9 quels traits des arbres permettent de pr\u00e9dire leurs abondance, diversit\u00e9 et composition.<\/p>\n<h5>&nbsp;<\/h5>\n<p>&nbsp;<\/p>\n","protected":false},"excerpt":{"rendered":"<p>&nbsp; Explorer quels traits, tant a\u00e9riens que souterrains, des arbres permettent de pr\u00e9dire l\u2019abondance, la diversit\u00e9 et la composition des organismes du sol. &nbsp; Nous cherchons \u00e0 tester si la biodiversit\u00e9 du sol est li\u00e9e \u00e0 la diversit\u00e9 des essences, et quels traits fonctionnels a\u00e9riens et\/ou souterrains permettent de pr\u00e9dire&#8230;<\/p>\n<p class=\"continue-reading-button\"> <a class=\"continue-reading-link\" href=\"https:\/\/websie.cefe.cnrs.fr\/soilforeurope\/fr\/biodiversity-objective-1-fr\/\">Continue reading<i class=\"crycon-right-dir\"><\/i><\/a><\/p>\n","protected":false},"author":1,"featured_media":0,"parent":0,"menu_order":1,"comment_status":"closed","ping_status":"closed","template":"","meta":{"inline_featured_image":false,"footnotes":""},"class_list":["post-2317","page","type-page","status-publish","hentry"],"_links":{"self":[{"href":"https:\/\/websie.cefe.cnrs.fr\/soilforeurope\/wp-json\/wp\/v2\/pages\/2317","targetHints":{"allow":["GET"]}}],"collection":[{"href":"https:\/\/websie.cefe.cnrs.fr\/soilforeurope\/wp-json\/wp\/v2\/pages"}],"about":[{"href":"https:\/\/websie.cefe.cnrs.fr\/soilforeurope\/wp-json\/wp\/v2\/types\/page"}],"author":[{"embeddable":true,"href":"https:\/\/websie.cefe.cnrs.fr\/soilforeurope\/wp-json\/wp\/v2\/users\/1"}],"replies":[{"embeddable":true,"href":"https:\/\/websie.cefe.cnrs.fr\/soilforeurope\/wp-json\/wp\/v2\/comments?post=2317"}],"version-history":[{"count":6,"href":"https:\/\/websie.cefe.cnrs.fr\/soilforeurope\/wp-json\/wp\/v2\/pages\/2317\/revisions"}],"predecessor-version":[{"id":3415,"href":"https:\/\/websie.cefe.cnrs.fr\/soilforeurope\/wp-json\/wp\/v2\/pages\/2317\/revisions\/3415"}],"wp:attachment":[{"href":"https:\/\/websie.cefe.cnrs.fr\/soilforeurope\/wp-json\/wp\/v2\/media?parent=2317"}],"curies":[{"name":"wp","href":"https:\/\/api.w.org\/{rel}","templated":true}]}}