{"id":2315,"date":"2020-03-30T16:51:54","date_gmt":"2020-03-30T14:51:54","guid":{"rendered":"https:\/\/websie.cefe.cnrs.fr\/soilforeurope\/?page_id=2315"},"modified":"2020-04-28T21:43:37","modified_gmt":"2020-04-28T19:43:37","slug":"biodiversity-objective-1-es","status":"publish","type":"page","link":"https:\/\/websie.cefe.cnrs.fr\/soilforeurope\/es\/biodiversity-objective-1-es\/","title":{"rendered":"Biodiversidad &#8211;  Objetivo 1"},"content":{"rendered":"\n<p>&nbsp;<\/p>\n<h4>Explorar qu\u00e9 rasgos de plantas, tanto de los compartimentos a\u00e9reos como los del subsuelo, pueden predecir la abundancia, la diversidad y la composici\u00f3n comunitaria de los organismos del suelo.<\/h4>\n<p>&nbsp;<\/p>\n<p><img loading=\"lazy\" decoding=\"async\" class=\"wp-image-1001 alignleft\" src=\"https:\/\/websie.cefe.cnrs.fr\/soilforeurope\/wp-content\/uploads\/2019\/02\/Soils_fungi_3_gimp_cropped3_copyright3-1024x749.png\" alt=\"\" width=\"393\" height=\"287\" srcset=\"https:\/\/websie.cefe.cnrs.fr\/soilforeurope\/wp-content\/uploads\/2019\/02\/Soils_fungi_3_gimp_cropped3_copyright3-1024x749.png 1024w, https:\/\/websie.cefe.cnrs.fr\/soilforeurope\/wp-content\/uploads\/2019\/02\/Soils_fungi_3_gimp_cropped3_copyright3-300x219.png 300w, https:\/\/websie.cefe.cnrs.fr\/soilforeurope\/wp-content\/uploads\/2019\/02\/Soils_fungi_3_gimp_cropped3_copyright3-768x562.png 768w, https:\/\/websie.cefe.cnrs.fr\/soilforeurope\/wp-content\/uploads\/2019\/02\/Soils_fungi_3_gimp_cropped3_copyright3-150x110.png 150w, https:\/\/websie.cefe.cnrs.fr\/soilforeurope\/wp-content\/uploads\/2019\/02\/Soils_fungi_3_gimp_cropped3_copyright3.png 1956w\" sizes=\"auto, (max-width: 393px) 100vw, 393px\" \/><\/p>\n<p>Nosotros buscamos evaluar si la biodiversidad del suelo est\u00e1 vinculada a la diversidad de los \u00e1rboles y determinamos qu\u00e9 rasgos funcionales de los \u00e1rboles sobre el suelo y el subsuelo pueden predecir este v\u00ednculo.<\/p>\n<p>Nos enfocamos en seis grupos clave de organismos del suelo, es decir, microorganismos heterotr\u00f3ficos del suelo, hongos micorr\u00edcicos, nem\u00e1todos, microartr\u00f3podos, lombrices de suelo y macroartr\u00f3podos, todos los cuales tienen un impacto importante en los procesos del suelo. Mediante an\u00e1lisis multivariados, exploramos qu\u00e9 rasgos de las plantas podr\u00edan predecir la abundancia, la diversidad y la composici\u00f3n de la comunidad de los seis grupos objetivo de organismos del suelo.<\/p>\n<h5>&nbsp;<\/h5>\n<p>&nbsp;<\/p>\n","protected":false},"excerpt":{"rendered":"<p>&nbsp; Explorar qu\u00e9 rasgos de plantas, tanto de los compartimentos a\u00e9reos como los del subsuelo, pueden predecir la abundancia, la diversidad y la composici\u00f3n comunitaria de los organismos del suelo. &nbsp; Nosotros buscamos evaluar si la biodiversidad del suelo est\u00e1 vinculada a la diversidad de los \u00e1rboles y determinamos qu\u00e9&#8230;<\/p>\n<p class=\"continue-reading-button\"> <a class=\"continue-reading-link\" href=\"https:\/\/websie.cefe.cnrs.fr\/soilforeurope\/es\/biodiversity-objective-1-es\/\">Continue reading<i class=\"crycon-right-dir\"><\/i><\/a><\/p>\n","protected":false},"author":1,"featured_media":0,"parent":0,"menu_order":1,"comment_status":"closed","ping_status":"closed","template":"","meta":{"inline_featured_image":false,"footnotes":""},"class_list":["post-2315","page","type-page","status-publish","hentry"],"_links":{"self":[{"href":"https:\/\/websie.cefe.cnrs.fr\/soilforeurope\/wp-json\/wp\/v2\/pages\/2315","targetHints":{"allow":["GET"]}}],"collection":[{"href":"https:\/\/websie.cefe.cnrs.fr\/soilforeurope\/wp-json\/wp\/v2\/pages"}],"about":[{"href":"https:\/\/websie.cefe.cnrs.fr\/soilforeurope\/wp-json\/wp\/v2\/types\/page"}],"author":[{"embeddable":true,"href":"https:\/\/websie.cefe.cnrs.fr\/soilforeurope\/wp-json\/wp\/v2\/users\/1"}],"replies":[{"embeddable":true,"href":"https:\/\/websie.cefe.cnrs.fr\/soilforeurope\/wp-json\/wp\/v2\/comments?post=2315"}],"version-history":[{"count":5,"href":"https:\/\/websie.cefe.cnrs.fr\/soilforeurope\/wp-json\/wp\/v2\/pages\/2315\/revisions"}],"predecessor-version":[{"id":3285,"href":"https:\/\/websie.cefe.cnrs.fr\/soilforeurope\/wp-json\/wp\/v2\/pages\/2315\/revisions\/3285"}],"wp:attachment":[{"href":"https:\/\/websie.cefe.cnrs.fr\/soilforeurope\/wp-json\/wp\/v2\/media?parent=2315"}],"curies":[{"name":"wp","href":"https:\/\/api.w.org\/{rel}","templated":true}]}}