{"id":2313,"date":"2020-03-30T16:51:15","date_gmt":"2020-03-30T14:51:15","guid":{"rendered":"https:\/\/websie.cefe.cnrs.fr\/soilforeurope\/?page_id=2313"},"modified":"2020-04-28T21:43:05","modified_gmt":"2020-04-28T19:43:05","slug":"biodiversity-objective-1-de","status":"publish","type":"page","link":"https:\/\/websie.cefe.cnrs.fr\/soilforeurope\/de\/biodiversity-objective-1-de\/","title":{"rendered":"Biologische Vielfalt &#8211; Ziel 1"},"content":{"rendered":"\n<p>&nbsp;<\/p>\n<h4 style=\"text-align: justify;\">Erforschung der Frage welche Pflanzenmerkmale, sowohl oberirdisch als auch unterirdisch, die H\u00e4ufigkeit, Vielfalt und Zusammensetzung von Bodenorganismen vorhersagen.<\/h4>\n<p style=\"text-align: justify;\">&nbsp;<\/p>\n<p style=\"text-align: justify;\"><img loading=\"lazy\" decoding=\"async\" class=\"wp-image-1001 alignleft\" src=\"https:\/\/websie.cefe.cnrs.fr\/soilforeurope\/wp-content\/uploads\/2019\/02\/Soils_fungi_3_gimp_cropped3_copyright3-1024x749.png\" alt=\"\" width=\"393\" height=\"287\" srcset=\"https:\/\/websie.cefe.cnrs.fr\/soilforeurope\/wp-content\/uploads\/2019\/02\/Soils_fungi_3_gimp_cropped3_copyright3-1024x749.png 1024w, https:\/\/websie.cefe.cnrs.fr\/soilforeurope\/wp-content\/uploads\/2019\/02\/Soils_fungi_3_gimp_cropped3_copyright3-300x219.png 300w, https:\/\/websie.cefe.cnrs.fr\/soilforeurope\/wp-content\/uploads\/2019\/02\/Soils_fungi_3_gimp_cropped3_copyright3-768x562.png 768w, https:\/\/websie.cefe.cnrs.fr\/soilforeurope\/wp-content\/uploads\/2019\/02\/Soils_fungi_3_gimp_cropped3_copyright3-150x110.png 150w, https:\/\/websie.cefe.cnrs.fr\/soilforeurope\/wp-content\/uploads\/2019\/02\/Soils_fungi_3_gimp_cropped3_copyright3.png 1956w\" sizes=\"auto, (max-width: 393px) 100vw, 393px\" \/><\/p>\n<p style=\"text-align: justify;\">Wir untersuchen, ob die Biodiversit\u00e4t des Bodens mit der Baumartenvielfalt zusammenh\u00e4ngt und welche ober- und unterirdischen funktionellen Merkmale von B\u00e4umen diesen Zusammenhang vorhersagen k\u00f6nnen.<\/p>\n<p style=\"text-align: justify;\">Wir konzentrieren uns auf sechs Schl\u00fcsselgruppen von Bodenorganismen: heterotrophe Bodenmikroorganismen, Mykorrhizapilze, Nematoden, Mikroarthropoden, Regenw\u00fcrmer und Makroarthropoden, die alle einen wichtigen Einfluss auf Bodenprozesse haben. Mit Hilfe multivariater Analysen untersuchen wir, welche Pflanzenmerkmale die H\u00e4ufigkeit, Diversit\u00e4t und Zusammensetzung der Gemeinschaften der sechs Zielgruppen von Bodenorganismen vorhersagen k\u00f6nnen.<\/p>\n<h5>&nbsp;<\/h5>\n<p>&nbsp;<\/p>\n","protected":false},"excerpt":{"rendered":"<p>&nbsp; Erforschung der Frage welche Pflanzenmerkmale, sowohl oberirdisch als auch unterirdisch, die H\u00e4ufigkeit, Vielfalt und Zusammensetzung von Bodenorganismen vorhersagen. &nbsp; Wir untersuchen, ob die Biodiversit\u00e4t des Bodens mit der Baumartenvielfalt zusammenh\u00e4ngt und welche ober- und unterirdischen funktionellen Merkmale von B\u00e4umen diesen Zusammenhang vorhersagen k\u00f6nnen. Wir konzentrieren uns auf sechs Schl\u00fcsselgruppen&#8230;<\/p>\n<p class=\"continue-reading-button\"> <a class=\"continue-reading-link\" href=\"https:\/\/websie.cefe.cnrs.fr\/soilforeurope\/de\/biodiversity-objective-1-de\/\">Continue reading<i class=\"crycon-right-dir\"><\/i><\/a><\/p>\n","protected":false},"author":1,"featured_media":0,"parent":0,"menu_order":1,"comment_status":"closed","ping_status":"closed","template":"","meta":{"inline_featured_image":false,"footnotes":""},"class_list":["post-2313","page","type-page","status-publish","hentry"],"_links":{"self":[{"href":"https:\/\/websie.cefe.cnrs.fr\/soilforeurope\/wp-json\/wp\/v2\/pages\/2313","targetHints":{"allow":["GET"]}}],"collection":[{"href":"https:\/\/websie.cefe.cnrs.fr\/soilforeurope\/wp-json\/wp\/v2\/pages"}],"about":[{"href":"https:\/\/websie.cefe.cnrs.fr\/soilforeurope\/wp-json\/wp\/v2\/types\/page"}],"author":[{"embeddable":true,"href":"https:\/\/websie.cefe.cnrs.fr\/soilforeurope\/wp-json\/wp\/v2\/users\/1"}],"replies":[{"embeddable":true,"href":"https:\/\/websie.cefe.cnrs.fr\/soilforeurope\/wp-json\/wp\/v2\/comments?post=2313"}],"version-history":[{"count":6,"href":"https:\/\/websie.cefe.cnrs.fr\/soilforeurope\/wp-json\/wp\/v2\/pages\/2313\/revisions"}],"predecessor-version":[{"id":3413,"href":"https:\/\/websie.cefe.cnrs.fr\/soilforeurope\/wp-json\/wp\/v2\/pages\/2313\/revisions\/3413"}],"wp:attachment":[{"href":"https:\/\/websie.cefe.cnrs.fr\/soilforeurope\/wp-json\/wp\/v2\/media?parent=2313"}],"curies":[{"name":"wp","href":"https:\/\/api.w.org\/{rel}","templated":true}]}}