{"id":2294,"date":"2020-03-30T16:43:54","date_gmt":"2020-03-30T14:43:54","guid":{"rendered":"https:\/\/websie.cefe.cnrs.fr\/soilforeurope\/?page_id=2294"},"modified":"2020-04-29T11:40:56","modified_gmt":"2020-04-29T09:40:56","slug":"background-sv","status":"publish","type":"page","link":"https:\/\/websie.cefe.cnrs.fr\/soilforeurope\/sv\/background-sv\/","title":{"rendered":"Bakgrund"},"content":{"rendered":"\n<p>&nbsp;<\/p>\n<h4>Sammanhang:<\/h4>\n<h4><img loading=\"lazy\" decoding=\"async\" class=\"wp-image-764 alignright\" src=\"https:\/\/websie.cefe.cnrs.fr\/soilforeurope\/wp-content\/uploads\/2019\/02\/Millle_patte_sans_fond2_copyright.png\" alt=\"\" width=\"159\" height=\"265\"><\/h4>\n<ul>\n<li>Skogar utg\u00f6r den st\u00f6rsta ekosystemtypen in Europa (210 miljoner hektar) men har f\u00f6rekommit fortsatt begr\u00e4nsat i tidigare forskning g\u00e4llande jordens biologiska m\u00e5ngfalds inverkan p\u00e5 ekosystemfunktioner.<\/li>\n<li>Detta begr\u00e4nsar utv\u00e4rderingen av hur f\u00f6rluster av skogens biologiska m\u00e5ngfald p\u00e5verkar processer som sker i jorden och deras resistens samt motst\u00e5ndskraft till klimatf\u00f6r\u00e4ndringar.<\/li>\n<li>Eftersom jordens biologiska m\u00e5ngfald till stor del \u00e4r ignorerad, \u00e4r det troligt att v\u00e4rden kopplade till historiska, ekonomiska och utbildningsrelaterade attribut \u00e4r missbed\u00f6mda, av b\u00e5de skogsbruket och av den st\u00f6rre allm\u00e4nheten.<\/li>\n<li>Att f\u00f6rst\u00e5 kopplingen mellan tr\u00e4dm\u00e5ngfald och jordens biologiska m\u00e5ngfald skulle kunna underl\u00e4tta att f\u00f6rutsp\u00e5 jordens biologiska m\u00e5ngfald och ekosystemets funktion under klimatf\u00f6r\u00e4ndringar, och d\u00e4rmed underl\u00e4tta l\u00e4mpligt beslutsfattande.<\/li>\n<\/ul>\n<p><strong>&nbsp;<\/strong><\/p>\n<p><strong><img loading=\"lazy\" decoding=\"async\" class=\"wp-image-902 alignleft\" src=\"https:\/\/websie.cefe.cnrs.fr\/soilforeurope\/wp-content\/uploads\/2019\/02\/IMG_1830_gimp_crop_2_copyright-592x1024.png\" alt=\"\" width=\"375\" height=\"648\" srcset=\"https:\/\/websie.cefe.cnrs.fr\/soilforeurope\/wp-content\/uploads\/2019\/02\/IMG_1830_gimp_crop_2_copyright-592x1024.png 592w, https:\/\/websie.cefe.cnrs.fr\/soilforeurope\/wp-content\/uploads\/2019\/02\/IMG_1830_gimp_crop_2_copyright-173x300.png 173w, https:\/\/websie.cefe.cnrs.fr\/soilforeurope\/wp-content\/uploads\/2019\/02\/IMG_1830_gimp_crop_2_copyright-87x150.png 87w, https:\/\/websie.cefe.cnrs.fr\/soilforeurope\/wp-content\/uploads\/2019\/02\/IMG_1830_gimp_crop_2_copyright.png 654w\" sizes=\"auto, (max-width: 375px) 100vw, 375px\" \/>SoilForEUROPE<\/strong> \u00e4r ett europeiskt projekt (BiodivERsA) finansierat av Agence Nationale de la Recherche (ANR, France), the Belgian Science Policy Office (BELSPO, Belgium), Deutsche Forschungsgemeinschaft (DFG, Germany), Research Foundation of Flanders (FWO, Belgium), och det Svenska statliga forskarr\u00e5det (FORMAS, Sweden). Det syftar till att <strong>(1)<\/strong> koppla samman jordens biologiska m\u00e5ngfald med artrikedom bland tr\u00e4d tv\u00e4rs \u00f6ver europeiska skogar, <strong>(2)<\/strong> best\u00e4mma den biologiska m\u00e5ngfaldens roll i skogens resistens och motst\u00e5ndskraft vid torka, och <strong>(3)<\/strong> bed\u00f6mma det socio-ekonomiska v\u00e4rdet av jordens biologiska m\u00e5ngfald samt dess inverkan p\u00e5 beslutsfattande.<\/p>\n<p>Det h\u00e4r projektet anv\u00e4nder ett redan exixterande n\u00e4tverk best\u00e5ende av mer \u00e4n tv\u00e5hundra skogliga provytor, fr\u00e5n monospecifika skogar till flerartsskogar, i sex typiska och klimatm\u00e4ssigt olika Europeiska skogstyper som etablerades genom skoglig utforskning i <a href=\"http:\/\/www.fundiveurope.eu\/\" target=\"_blank\" rel=\"noopener noreferrer\">FunDivEUROPE<\/a>-projektet<\/p>\n<p>F\u00f6r att komplettera n\u00e4tverket av j\u00e4mf\u00f6rande provytor i mogna skogar, studerar vi \u00e4ven tv\u00e5 europeiska platser fr\u00e5n det globala n\u00e4tverket f\u00f6r tr\u00e4dm\u00e5ngfaldsexperiment (<a href=\"http:\/\/www.treedivnet.ugent.be\/\" target=\"_blank\" rel=\"noopener noreferrer\">TreeDivNet<\/a>), <a href=\"http:\/\/www.treedivnet.ugent.be\/ExpFORBIO.html\" target=\"_blank\" rel=\"noopener noreferrer\">FORBIO<\/a> och <a href=\"http:\/\/www.treedivnet.ugent.be\/ExpORPHEE.html\">ORPHEE<\/a>, som dessutom manipulerar klimatvariabler. Vi anv\u00e4nder \u00e4ven <a href=\"http:\/\/www.ecotron.cnrs.fr\/\" target=\"_blank\" rel=\"noopener noreferrer\">CNRS European Ecotron<\/a> i Montpellier, en v\u00e4rldsledande kontrollerad milj\u00f6anl\u00e4ggning f\u00f6r ekosystemforskning, f\u00f6r att studera de interaktiva effekterna av jordens biologiska m\u00e5ngfald och torka p\u00e5 ekosystemfunktioner.<\/p>\n<p>&nbsp;<\/p>\n<h4>M\u00e5l:<\/h4>\n<ol>\n<li><a href=\"https:\/\/websie.cefe.cnrs.fr\/soilforeurope\/sv\/biodiversity-objective-1-sv\/\"><strong>Biologisk m\u00e5ngfald<\/strong><\/a> &#8211; Utforska vilka v\u00e4xtegenskaper, b\u00e5de ovanf\u00f6r och under marken, som f\u00f6ruts\u00e4ger abundans, m\u00e5ngfald, och sammans\u00e4ttning hos samh\u00e4llen av jordlevande organismer.<\/li>\n<li><a href=\"https:\/\/websie.cefe.cnrs.fr\/soilforeurope\/sv\/function-objective-2-sv\/\"><strong>Funktion<\/strong><\/a> &#8211; Utveckla ett f\u00f6ruts\u00e4gande ramverk f\u00f6r hur jordens biologiska m\u00e5ngfald p\u00e5verkar funktionen hos skogliga ekosystem.<\/li>\n<li><a href=\"https:\/\/websie.cefe.cnrs.fr\/soilforeurope\/sv\/climate-change-objective-3-sv\/\"><strong>Klimatf\u00f6r\u00e4ndringar<\/strong><\/a> &#8211; Utforska jordens biologiska m\u00e5ngfalds inverkan p\u00e5 resistens och motst\u00e5ndskraft till klimatf\u00f6r\u00e4ndringar.<\/li>\n<li><a href=\"https:\/\/websie.cefe.cnrs.fr\/soilforeurope\/sv\/socioeconomic-impact-objective-4-sv\/\"><strong>Socioekonomisk inverkan<\/strong><\/a> &#8211; Utv\u00e4rdera den socioekonomiska effekten av f\u00f6r\u00e4ndringar hos jordens biologiska m\u00e5ngfald f\u00f6r allm\u00e4nheten, f\u00f6rvaltare och intressenter.<\/li>\n<\/ol>\n","protected":false},"excerpt":{"rendered":"<p>&nbsp; Sammanhang: Skogar utg\u00f6r den st\u00f6rsta ekosystemtypen in Europa (210 miljoner hektar) men har f\u00f6rekommit fortsatt begr\u00e4nsat i tidigare forskning g\u00e4llande jordens biologiska m\u00e5ngfalds inverkan p\u00e5 ekosystemfunktioner. Detta begr\u00e4nsar utv\u00e4rderingen av hur f\u00f6rluster av skogens biologiska m\u00e5ngfald p\u00e5verkar processer som sker i jorden och deras resistens samt motst\u00e5ndskraft till klimatf\u00f6r\u00e4ndringar&#8230;.<\/p>\n<p class=\"continue-reading-button\"> <a class=\"continue-reading-link\" href=\"https:\/\/websie.cefe.cnrs.fr\/soilforeurope\/sv\/background-sv\/\">Continue reading<i class=\"crycon-right-dir\"><\/i><\/a><\/p>\n","protected":false},"author":1,"featured_media":0,"parent":0,"menu_order":0,"comment_status":"closed","ping_status":"closed","template":"","meta":{"inline_featured_image":false,"footnotes":""},"class_list":["post-2294","page","type-page","status-publish","hentry"],"_links":{"self":[{"href":"https:\/\/websie.cefe.cnrs.fr\/soilforeurope\/wp-json\/wp\/v2\/pages\/2294","targetHints":{"allow":["GET"]}}],"collection":[{"href":"https:\/\/websie.cefe.cnrs.fr\/soilforeurope\/wp-json\/wp\/v2\/pages"}],"about":[{"href":"https:\/\/websie.cefe.cnrs.fr\/soilforeurope\/wp-json\/wp\/v2\/types\/page"}],"author":[{"embeddable":true,"href":"https:\/\/websie.cefe.cnrs.fr\/soilforeurope\/wp-json\/wp\/v2\/users\/1"}],"replies":[{"embeddable":true,"href":"https:\/\/websie.cefe.cnrs.fr\/soilforeurope\/wp-json\/wp\/v2\/comments?post=2294"}],"version-history":[{"count":9,"href":"https:\/\/websie.cefe.cnrs.fr\/soilforeurope\/wp-json\/wp\/v2\/pages\/2294\/revisions"}],"predecessor-version":[{"id":3441,"href":"https:\/\/websie.cefe.cnrs.fr\/soilforeurope\/wp-json\/wp\/v2\/pages\/2294\/revisions\/3441"}],"wp:attachment":[{"href":"https:\/\/websie.cefe.cnrs.fr\/soilforeurope\/wp-json\/wp\/v2\/media?parent=2294"}],"curies":[{"name":"wp","href":"https:\/\/api.w.org\/{rel}","templated":true}]}}