{"id":2290,"date":"2020-03-30T16:43:06","date_gmt":"2020-03-30T14:43:06","guid":{"rendered":"https:\/\/websie.cefe.cnrs.fr\/soilforeurope\/?page_id=2290"},"modified":"2020-07-21T12:05:43","modified_gmt":"2020-07-21T10:05:43","slug":"background-ro","status":"publish","type":"page","link":"https:\/\/websie.cefe.cnrs.fr\/soilforeurope\/ro\/background-ro\/","title":{"rendered":"Informa\u021bii de baz\u0103"},"content":{"rendered":"\n<h4 style=\"text-align: justify;\">Context:<\/h4>\n<h4><img loading=\"lazy\" decoding=\"async\" class=\"wp-image-764 alignright\" src=\"https:\/\/websie.cefe.cnrs.fr\/soilforeurope\/wp-content\/uploads\/2019\/02\/Millle_patte_sans_fond2_copyright.png\" alt=\"\" width=\"159\" height=\"265\"><\/h4>\n<ul style=\"text-align: justify; list-style-type: disc;\">\n<li>P\u0103durile sunt cel mai mare tip de ecosistem din Europa (210 milioane ha), dar au r\u0103mas destul de marginal studiate \u00een cercet\u0103rile privind modul \u00een care biodiversitatea solului afecteaz\u0103 func\u021bionarea ecosistemului.<\/li>\n<li>Acest lucru \u00eempiedic\u0103 evaluarea modului \u00een care pierderea biodiversit\u0103\u021bii forestiere afecteaz\u0103 procesele solului, rezisten\u021ba \u0219i rezilien\u021ba acestora la schimb\u0103rile climatice.<\/li>\n<li>Deoarece biodiversitatea solului este \u00een mare m\u0103sur\u0103 ignorat\u0103, valorile istorice, educa\u021bionale \u0219i economice ale biodiversit\u0103\u021bii solului sunt probabil pu\u021bin cunoscute \u0219i interpretate gre\u0219it de gestionarii p\u0103durilor \u0219i de publicul larg.<\/li>\n<li>\u00cen\u021belegerea leg\u0103turilor dintre diversitatea arborilor \u0219i biodiversitatea solului ar trebui s\u0103 faciliteze predic\u021biile privind biodiversitatea solului \u0219i func\u021bionarea ecosistemului \u00een condi\u021biile schimb\u0103rilor climatice \u0219i luarea unor deciziilor adecvate.<\/li>\n<\/ul>\n<p style=\"text-align: justify;\"><strong>&nbsp;<\/strong><\/p>\n<p style=\"text-align: justify;\"><strong><img loading=\"lazy\" decoding=\"async\" class=\"wp-image-902 alignleft\" src=\"https:\/\/websie.cefe.cnrs.fr\/soilforeurope\/wp-content\/uploads\/2019\/02\/IMG_1830_gimp_crop_2_copyright-592x1024.png\" alt=\"\" width=\"375\" height=\"648\" srcset=\"https:\/\/websie.cefe.cnrs.fr\/soilforeurope\/wp-content\/uploads\/2019\/02\/IMG_1830_gimp_crop_2_copyright-592x1024.png 592w, https:\/\/websie.cefe.cnrs.fr\/soilforeurope\/wp-content\/uploads\/2019\/02\/IMG_1830_gimp_crop_2_copyright-173x300.png 173w, https:\/\/websie.cefe.cnrs.fr\/soilforeurope\/wp-content\/uploads\/2019\/02\/IMG_1830_gimp_crop_2_copyright-87x150.png 87w, https:\/\/websie.cefe.cnrs.fr\/soilforeurope\/wp-content\/uploads\/2019\/02\/IMG_1830_gimp_crop_2_copyright.png 654w\" sizes=\"auto, (max-width: 375px) 100vw, 375px\" \/>SoilForEUROPE<\/strong> este un proiect european (BiodivERsA) finan\u021bat de Agence Nationale de la Recherche (ANR, Fran\u021ba), Belgian Science Policy Office (BELSPO, Belgia), Deutsche Forschungsgemeinschaft (DFG, Germania), Research Foundation \u2013 Flanders (FWO, Belgia), \u0219i The Swedish Research Council (FORMAS, Suedia). Acesta urm\u0103re\u0219te <strong>(1)<\/strong> conectarea biodiversit\u0103\u021bii solului cu bog\u0103\u021bia speciilor de arbori din p\u0103durile europene <strong>(2)<\/strong> s\u0103 determine rolul biodiversit\u0103\u021bii \u00een rezisten\u021ba \u0219i rezilien\u021ba ecosistemului la secet\u0103 \u0219i <strong>(3)<\/strong> s\u0103 evalueze valoarea socio-economic\u0103 a biodiversit\u0103\u021bii solului \u0219i impactul acesteia asupra lu\u0103rii deciziilor.<\/p>\n<p style=\"text-align: justify;\">Proiectul utilizeaz\u0103 o re\u021bea deja existent\u0103 de peste dou\u0103 sute de parcele forestiere care variaz\u0103 de la p\u0103duri monospecifice la p\u0103duri de amestec de specii din \u0219ase tipuri de p\u0103duri europene \u0219i condi\u021bii climatice diferite, care au fost constituite ca platforme exploratorii \u00een proiectul <a href=\"http:\/\/www.fundiveurope.eu\/\" target=\"_blank\" rel=\"noopener noreferrer\">FunDivEUROPE<\/a>.<\/p>\n<p style=\"text-align: justify;\">Pentru a completa re\u021beaua de parcele comparative din p\u0103durile mature, am studiat \u0219i dou\u0103 situri europene din re\u021beaua global\u0103 de experimente privind diversitatea arborilor (<a href=\"http:\/\/www.treedivnet.ugent.be\/\" target=\"_blank\" rel=\"noopener noreferrer\">TreeDivNet<\/a>), <a href=\"http:\/\/www.treedivnet.ugent.be\/ExpFORBIO.html\" target=\"_blank\" rel=\"noopener noreferrer\">FORBIO<\/a> \u0219i <a href=\"http:\/\/www.treedivnet.ugent.be\/ExpORPHEE.html\">ORPHEE<\/a>, care \u00een plus manipuleaz\u0103 \u0219i variabilele climatice. De asemenea, folosim un echipament de studiere a ecosistemelor de interes global &#8211; <a href=\"http:\/\/www.ecotron.cnrs.fr\/\" target=\"_blank\" rel=\"noopener noreferrer\">CNRS European Ecotron<\/a> din Montpellier, pentru a studia efectele interactive ale biodiversit\u0103\u021bii solului \u0219i secetei asupra func\u021bion\u0103rii ecosistemului.<\/p>\n<h4 style=\"text-align: justify;\">Obiective:<\/h4>\n<ol>\n<li><a href=\"https:\/\/websie.cefe.cnrs.fr\/soilforeurope\/biodiversity-objective-1-ro\/\"><strong>Biodiversitate<\/strong><\/a> &#8211; Explorarea acelor tr\u0103s\u0103turi ale plantelor capabile s\u0103 descrie abunden\u021ba, diversitatea \u0219i compozi\u021bia comunit\u0103\u021bii de organisme din sol.<\/li>\n<li><a href=\"https:\/\/websie.cefe.cnrs.fr\/soilforeurope\/function-objective-2-ro\/\"><strong>Func\u021bie<\/strong><\/a> -Dezvoltarea unui cadru predictiv pentru modul \u00een care biodiversitatea solului afecteaz\u0103 func\u021bionarea ecosistemelor forestiere.<\/li>\n<li><a href=\"https:\/\/websie.cefe.cnrs.fr\/soilforeurope\/climate-change-objective-3-ro\/\"><strong>Schimb\u0103rile climatice<\/strong><\/a> &#8211; Investigarea impactului biodiversit\u0103\u021bii solului asupra rezisten\u021bei \u0219i rezilien\u021bei ecosistemului la schimb\u0103rile climatice.<\/li>\n<li><a href=\"https:\/\/websie.cefe.cnrs.fr\/soilforeurope\/socioeconomic-impact-objective-4-ro\/\"><strong>Impact socioeconomic<\/strong><\/a> &#8211; evaluarea impactului socioeconomic al schimb\u0103rilor \u00een biodiversitatea solului pentru public, manageri \u0219i p\u0103r\u021bi interesate.<\/li>\n<\/ol>\n","protected":false},"excerpt":{"rendered":"<p>Context: P\u0103durile sunt cel mai mare tip de ecosistem din Europa (210 milioane ha), dar au r\u0103mas destul de marginal studiate \u00een cercet\u0103rile privind modul \u00een care biodiversitatea solului afecteaz\u0103 func\u021bionarea ecosistemului. Acest lucru \u00eempiedic\u0103 evaluarea modului \u00een care pierderea biodiversit\u0103\u021bii forestiere afecteaz\u0103 procesele solului, rezisten\u021ba \u0219i rezilien\u021ba acestora la&#8230;<\/p>\n<p class=\"continue-reading-button\"> <a class=\"continue-reading-link\" href=\"https:\/\/websie.cefe.cnrs.fr\/soilforeurope\/ro\/background-ro\/\">Continue reading<i class=\"crycon-right-dir\"><\/i><\/a><\/p>\n","protected":false},"author":1,"featured_media":0,"parent":0,"menu_order":0,"comment_status":"closed","ping_status":"closed","template":"","meta":{"inline_featured_image":false,"footnotes":""},"class_list":["post-2290","page","type-page","status-publish","hentry"],"_links":{"self":[{"href":"https:\/\/websie.cefe.cnrs.fr\/soilforeurope\/wp-json\/wp\/v2\/pages\/2290","targetHints":{"allow":["GET"]}}],"collection":[{"href":"https:\/\/websie.cefe.cnrs.fr\/soilforeurope\/wp-json\/wp\/v2\/pages"}],"about":[{"href":"https:\/\/websie.cefe.cnrs.fr\/soilforeurope\/wp-json\/wp\/v2\/types\/page"}],"author":[{"embeddable":true,"href":"https:\/\/websie.cefe.cnrs.fr\/soilforeurope\/wp-json\/wp\/v2\/users\/1"}],"replies":[{"embeddable":true,"href":"https:\/\/websie.cefe.cnrs.fr\/soilforeurope\/wp-json\/wp\/v2\/comments?post=2290"}],"version-history":[{"count":7,"href":"https:\/\/websie.cefe.cnrs.fr\/soilforeurope\/wp-json\/wp\/v2\/pages\/2290\/revisions"}],"predecessor-version":[{"id":3772,"href":"https:\/\/websie.cefe.cnrs.fr\/soilforeurope\/wp-json\/wp\/v2\/pages\/2290\/revisions\/3772"}],"wp:attachment":[{"href":"https:\/\/websie.cefe.cnrs.fr\/soilforeurope\/wp-json\/wp\/v2\/media?parent=2290"}],"curies":[{"name":"wp","href":"https:\/\/api.w.org\/{rel}","templated":true}]}}