{"id":2282,"date":"2020-03-30T16:40:49","date_gmt":"2020-03-30T14:40:49","guid":{"rendered":"https:\/\/websie.cefe.cnrs.fr\/soilforeurope\/?page_id=2282"},"modified":"2020-04-29T11:38:55","modified_gmt":"2020-04-29T09:38:55","slug":"background-fr","status":"publish","type":"page","link":"https:\/\/websie.cefe.cnrs.fr\/soilforeurope\/fr\/background-fr\/","title":{"rendered":"Contexte"},"content":{"rendered":"\n<p>&nbsp;<\/p>\n<h4>Contexte :<\/h4>\n<h4><img loading=\"lazy\" decoding=\"async\" class=\"wp-image-764 alignright\" src=\"https:\/\/websie.cefe.cnrs.fr\/soilforeurope\/wp-content\/uploads\/2019\/02\/Millle_patte_sans_fond2_copyright.png\" alt=\"\" width=\"159\" height=\"265\"><\/h4>\n<ul>\n<li style=\"text-align: justify;\">Les for\u00eats sont l\u2019\u00e9cosyst\u00e8me le plus \u00e9tendu d\u2019Europe (210 millions d\u2019ha) mais le r\u00f4le de la biodiversit\u00e9 des sols forestiers dans le fonctionnement de l\u2019\u00e9cosyst\u00e8me a \u00e9t\u00e9 peu \u00e9tudi\u00e9.<\/li>\n<li style=\"text-align: justify;\">On sait donc peu de choses sur les cons\u00e9quences d\u2019une perte de biodiversit\u00e9 sur les processus \u00e9cosyst\u00e9miques et leur r\u00e9sistance \/ r\u00e9silience en r\u00e9ponse au changement climatique.<\/li>\n<li style=\"text-align: justify;\">Du fait de cette m\u00e9connaissance, les valeurs historique, \u00e9ducative et \u00e9conomique de la biodiversit\u00e9 du sol sont mal \u00e9valu\u00e9es, tant par les gestionnaires forestiers que par le grand public.<\/li>\n<li style=\"text-align: justify;\">Comprendre les liens entre diversit\u00e9 des essences et biodiversit\u00e9 du sol est indispensable pour i) pr\u00e9dire la biodiversit\u00e9 du sol et le fonctionnement de l\u2019\u00e9cosyst\u00e8me en r\u00e9ponse au changement climatique et ii) aider les gestionnaires \u00e0 des prises de d\u00e9cision appropri\u00e9es.<\/li>\n<\/ul>\n<p><strong>&nbsp;<\/strong><\/p>\n<p style=\"text-align: justify;\"><strong><img loading=\"lazy\" decoding=\"async\" class=\"wp-image-902 alignleft\" src=\"https:\/\/websie.cefe.cnrs.fr\/soilforeurope\/wp-content\/uploads\/2019\/02\/IMG_1830_gimp_crop_2_copyright-592x1024.png\" alt=\"\" width=\"375\" height=\"648\" srcset=\"https:\/\/websie.cefe.cnrs.fr\/soilforeurope\/wp-content\/uploads\/2019\/02\/IMG_1830_gimp_crop_2_copyright-592x1024.png 592w, https:\/\/websie.cefe.cnrs.fr\/soilforeurope\/wp-content\/uploads\/2019\/02\/IMG_1830_gimp_crop_2_copyright-173x300.png 173w, https:\/\/websie.cefe.cnrs.fr\/soilforeurope\/wp-content\/uploads\/2019\/02\/IMG_1830_gimp_crop_2_copyright-87x150.png 87w, https:\/\/websie.cefe.cnrs.fr\/soilforeurope\/wp-content\/uploads\/2019\/02\/IMG_1830_gimp_crop_2_copyright.png 654w\" sizes=\"auto, (max-width: 375px) 100vw, 375px\" \/>SoilForEUROPE<\/strong> est un projet europ\u00e9en (BiodivERsA) financ\u00e9 par l\u2019Agence Nationale de la Recherche (ANR, France), Belgian Science Policy Office (BELSPO, Belgique), Deutsche Forschungsgemeinschaft (DFG, Allemagne), Research Foundation of Flanders (FWO, Belgique), et Swedish Research Council (FORMAS, Su\u00e8de). Les objectifs du projet sont de <strong>(1)<\/strong> \u00e9valuer la biodiversit\u00e9 du sol en lien avec la richesse en essences \u00e0 travers les for\u00eats europ\u00e9ennes, <strong>(2)<\/strong> d\u00e9terminer le r\u00f4le de cette biodiversit\u00e9 dans la r\u00e9sistance et la r\u00e9silience de l\u2019\u00e9cosyst\u00e8me \u00e0 la s\u00e9cheresse, et <strong>(3)<\/strong> assess the socio-economic value of soil biodiversity and its impact on decision-making.<\/p>\n<p style=\"text-align: justify;\">Le projet met \u00e0 profit un r\u00e9seau de plus de deux cents placettes foresti\u00e8res, d\u00e9j\u00e0 \u00e9tabli dans le cadre du projet <a href=\"http:\/\/www.fundiveurope.eu\/\" target=\"_blank\" rel=\"noopener noreferrer\">FunDivEUROPE<\/a>, qui inclut des for\u00eats monosp\u00e9cifiques \u00e0 plurisp\u00e9cifiques dans six types de for\u00eats situ\u00e9s sous diff\u00e9rents climats.<\/p>\n<p style=\"text-align: justify;\">En compl\u00e9ment de ce r\u00e9seau de placettes \u00e9tablies dans des for\u00eats matures, nous avons \u00e9tudi\u00e9 deux sites europ\u00e9ens du r\u00e9seau global d\u2019exp\u00e9rimentations sur la diversit\u00e9 des arbres (<a href=\"http:\/\/www.treedivnet.ugent.be\/\" target=\"_blank\" rel=\"noopener noreferrer\">TreeDivNet<\/a>), <a href=\"http:\/\/www.treedivnet.ugent.be\/ExpFORBIO.html\" target=\"_blank\" rel=\"noopener noreferrer\">FORBIO<\/a> et <a href=\"http:\/\/www.treedivnet.ugent.be\/ExpORPHEE.html\">ORPHEE<\/a>, dans lesquels des variables climatiques sont \u00e9galement manipul\u00e9es exp\u00e9rimentalement. Enfin, nous avons travaill\u00e9 \u00e0 <a href=\"http:\/\/www.ecotron.cnrs.fr\/\" target=\"_blank\" rel=\"noopener noreferrer\">l\u2019Ecotron Europ\u00e9en<\/a> (CNRS Montpellier), une infrastructure de pointe qui permet le conditionnement climatique d\u2019\u00e9cosyst\u00e8mes, afin d\u2019\u00e9valuer les effets d\u2019interactions entre biodiversit\u00e9 du sol et s\u00e9cheresse sur le fonctionnement des sols forestiers.<\/p>\n<p>&nbsp;<\/p>\n<h4>Objectifs :<\/h4>\n<ol>\n<li><a href=\"https:\/\/websie.cefe.cnrs.fr\/soilforeurope\/fr\/biodiversity-objective-1-fr\/\"><strong>Biodiversit\u00e9 <\/strong><\/a> &#8211; \u00c9valuer quels traits (a\u00e9riens et souterrains) des essences foresti\u00e8res permettent de pr\u00e9dire l\u2019abondance, la diversit\u00e9 et la composition des communaut\u00e9s biologiques du sol.<\/li>\n<li><a href=\"https:\/\/websie.cefe.cnrs.fr\/soilforeurope\/fr\/function-objective-2-fr\/\"><strong>Function<\/strong><\/a> &#8211; D\u00e9velopper un cadre pr\u00e9dictif pour expliquer comment la biodiversit\u00e9 du sol influence le fonctionnement des \u00e9cosyst\u00e8mes forestiers.<\/li>\n<li><a href=\"https:\/\/websie.cefe.cnrs.fr\/soilforeurope\/fr\/climate-change-objective-3-fr\/\"><strong>Changement climatique <\/strong><\/a> &#8211; \u00c9valuer le r\u00f4le de la biodiversit\u00e9 du sol sur la r\u00e9sistance et la r\u00e9silience de l\u2019\u00e9cosyst\u00e8me en r\u00e9ponse au changement climatique.<\/li>\n<li><a href=\"https:\/\/websie.cefe.cnrs.fr\/soilforeurope\/fr\/socioeconomic-impact-objective-4-fr\/\"><strong>Impact socio-\u00e9conomique <\/strong><\/a> &#8211; \u00c9valuer l\u2019impact des changements de biodiversit\u00e9 du sol pour le public, les gestionnaires et les d\u00e9cideurs.<\/li>\n<\/ol>\n","protected":false},"excerpt":{"rendered":"<p>&nbsp; Contexte : Les for\u00eats sont l\u2019\u00e9cosyst\u00e8me le plus \u00e9tendu d\u2019Europe (210 millions d\u2019ha) mais le r\u00f4le de la biodiversit\u00e9 des sols forestiers dans le fonctionnement de l\u2019\u00e9cosyst\u00e8me a \u00e9t\u00e9 peu \u00e9tudi\u00e9. On sait donc peu de choses sur les cons\u00e9quences d\u2019une perte de biodiversit\u00e9 sur les processus \u00e9cosyst\u00e9miques et&#8230;<\/p>\n<p class=\"continue-reading-button\"> <a class=\"continue-reading-link\" href=\"https:\/\/websie.cefe.cnrs.fr\/soilforeurope\/fr\/background-fr\/\">Continue reading<i class=\"crycon-right-dir\"><\/i><\/a><\/p>\n","protected":false},"author":1,"featured_media":0,"parent":0,"menu_order":0,"comment_status":"closed","ping_status":"closed","template":"","meta":{"inline_featured_image":false,"footnotes":""},"class_list":["post-2282","page","type-page","status-publish","hentry"],"_links":{"self":[{"href":"https:\/\/websie.cefe.cnrs.fr\/soilforeurope\/wp-json\/wp\/v2\/pages\/2282","targetHints":{"allow":["GET"]}}],"collection":[{"href":"https:\/\/websie.cefe.cnrs.fr\/soilforeurope\/wp-json\/wp\/v2\/pages"}],"about":[{"href":"https:\/\/websie.cefe.cnrs.fr\/soilforeurope\/wp-json\/wp\/v2\/types\/page"}],"author":[{"embeddable":true,"href":"https:\/\/websie.cefe.cnrs.fr\/soilforeurope\/wp-json\/wp\/v2\/users\/1"}],"replies":[{"embeddable":true,"href":"https:\/\/websie.cefe.cnrs.fr\/soilforeurope\/wp-json\/wp\/v2\/comments?post=2282"}],"version-history":[{"count":9,"href":"https:\/\/websie.cefe.cnrs.fr\/soilforeurope\/wp-json\/wp\/v2\/pages\/2282\/revisions"}],"predecessor-version":[{"id":3439,"href":"https:\/\/websie.cefe.cnrs.fr\/soilforeurope\/wp-json\/wp\/v2\/pages\/2282\/revisions\/3439"}],"wp:attachment":[{"href":"https:\/\/websie.cefe.cnrs.fr\/soilforeurope\/wp-json\/wp\/v2\/media?parent=2282"}],"curies":[{"name":"wp","href":"https:\/\/api.w.org\/{rel}","templated":true}]}}