{"id":2275,"date":"2020-03-26T09:43:50","date_gmt":"2020-03-26T08:43:50","guid":{"rendered":"https:\/\/websie.cefe.cnrs.fr\/soilforeurope\/?page_id=2275"},"modified":"2020-04-29T11:36:56","modified_gmt":"2020-04-29T09:36:56","slug":"background-es","status":"publish","type":"page","link":"https:\/\/websie.cefe.cnrs.fr\/soilforeurope\/es\/background-es\/","title":{"rendered":"Contexto"},"content":{"rendered":"\n<p>&nbsp;<\/p>\n<h4>Contexto:<\/h4>\n<h4><img loading=\"lazy\" decoding=\"async\" class=\"wp-image-764 alignright\" src=\"https:\/\/websie.cefe.cnrs.fr\/soilforeurope\/wp-content\/uploads\/2019\/02\/Millle_patte_sans_fond2_copyright.png\" alt=\"\" width=\"159\" height=\"265\"><\/h4>\n<ul>\n<li>Los bosques son el tipo de ecosistema m\u00e1s extenso de Europa (210 millones de hect\u00e1reas), sin embargo para estos ha existido un marginamiento en las investigaciones anteriores para establecer c\u00f3mo la biodiversidad del suelo afecta las funciones ecosist\u00e9micas.<\/li>\n<li>Esto ha dificultado la evaluaci\u00f3n de c\u00f3mo la p\u00e9rdida de biodiversidad en los bosques afecta los procesos del suelo y su resistencia y resiliencia al cambio clim\u00e1tico.<\/li>\n<li>Debido a que la biodiversidad del suelo se ha ignorado en gran medida, el valor hist\u00f3rico, educacional y econ\u00f3mico de la biodiversidad del suelo se ha juzgado probablemente mal por los administradores forestales y el p\u00fablico en general.<\/li>\n<li>Comprender los v\u00ednculos entre la diversidad arb\u00f3rea y la biodiversidad del suelo puede facilitar la predicci\u00f3n de la biodiversidad del suelo y su funcionamiento ecosist\u00e9mico frente al cambio clim\u00e1tico, y a su vez ayudar a una mejor toma de decisiones.<\/li>\n<\/ul>\n<p><strong>&nbsp;<\/strong><\/p>\n<p><strong><img loading=\"lazy\" decoding=\"async\" class=\"wp-image-902 alignleft\" src=\"https:\/\/websie.cefe.cnrs.fr\/soilforeurope\/wp-content\/uploads\/2019\/02\/IMG_1830_gimp_crop_2_copyright-592x1024.png\" alt=\"\" width=\"375\" height=\"648\" srcset=\"https:\/\/websie.cefe.cnrs.fr\/soilforeurope\/wp-content\/uploads\/2019\/02\/IMG_1830_gimp_crop_2_copyright-592x1024.png 592w, https:\/\/websie.cefe.cnrs.fr\/soilforeurope\/wp-content\/uploads\/2019\/02\/IMG_1830_gimp_crop_2_copyright-173x300.png 173w, https:\/\/websie.cefe.cnrs.fr\/soilforeurope\/wp-content\/uploads\/2019\/02\/IMG_1830_gimp_crop_2_copyright-87x150.png 87w, https:\/\/websie.cefe.cnrs.fr\/soilforeurope\/wp-content\/uploads\/2019\/02\/IMG_1830_gimp_crop_2_copyright.png 654w\" sizes=\"auto, (max-width: 375px) 100vw, 375px\" \/>SoilForEUROPE<\/strong> es un proyecto europeo (BiodivERsA) financiado por la Agencia Nacional de Investigaciones (ANR, Francia), Oficina belga de pol\u00edtica cient\u00edfica (BELSPO, B\u00e9lgica), Comunidad de investigaci\u00f3n alemana (DFG, Alemania), Fundaci\u00f3n de Investigaci\u00f3n \u2013 Flandes(FWO, B\u00e9lgica) y el Consejo Sueco de Investigaci\u00f3n (FORMAS, Suecia). Su objetivo es <strong>(1)<\/strong> vincular la biodiversidad del suelo con la riqueza de especies arb\u00f3reas en los bosques europeos, <strong>(2)<\/strong> determinar el papel de la biodiversidad en la resistencia y resiliencia del ecosistema a la sequ\u00eda, y <strong>(3)<\/strong> evaluar el valor socioecon\u00f3mico de la biodiversidad del suelo y su impacto en la toma de decisiones.<\/p>\n<p>Este proyecto utiliza una red preexistente de m\u00e1s de doscientas parcelas forestales que van desde bosques monoespec\u00edficos a bosques de m\u00faltiples especies, en seis tipos de bosques europeos t\u00edpicos y clim\u00e1ticamente diferentes que se establecieron como parcelas forestales exploratorias en el proyecto <a href=\"http:\/\/www.fundiveurope.eu\/\" target=\"_blank\" rel=\"noopener noreferrer\">FunDivEUROPE<\/a>.<\/p>\n<p>Para complementar la red de parcelas comparativas en bosques maduros, tambi\u00e9n estudiamos dos sitios europeos de la red global de experimentos de diversidad de \u00e1rboles (<a href=\"http:\/\/www.treedivnet.ugent.be\/\" target=\"_blank\" rel=\"noopener noreferrer\">TreeDivNet<\/a>), <a href=\"http:\/\/www.treedivnet.ugent.be\/ExpFORBIO.html\" target=\"_blank\" rel=\"noopener noreferrer\">FORBIO<\/a> y <a href=\"http:\/\/www.treedivnet.ugent.be\/ExpORPHEE.html\">ORPHEE<\/a>, que manipulan adem\u00e1s variables clim\u00e1ticas. As\u00ed mismo utilizamos el <a href=\"http:\/\/www.ecotron.cnrs.fr\/\" target=\"_blank\" rel=\"noopener noreferrer\">Ecotron europeo del CNRS<\/a> en Montpellier, una instalaci\u00f3n de medio ambiente controlado l\u00edder a nivel mundial para investigaci\u00f3n ecosist\u00e9mica, con el fin de estudiar los efectos interactivos de la biodiversidad del suelo y la sequ\u00eda en el funcionamiento de los ecosistemas.<\/p>\n<p>&nbsp;<\/p>\n<h4>Objetivos:<\/h4>\n<ol>\n<li><a href=\"https:\/\/websie.cefe.cnrs.fr\/soilforeurope\/es\/biodiversity-objective-1-es\/\"><strong>Biodiversidad<\/strong><\/a> &#8211; Explorar qu\u00e9 rasgos de las plantas, tanto de los compartimentos a\u00e9reos como los del subsuelo, predicen la abundancia, la diversidad y la composici\u00f3n comunitaria de los organismos del suelo.<\/li>\n<li><a href=\"https:\/\/websie.cefe.cnrs.fr\/soilforeurope\/es\/function-objective-2-es\/\"><strong>Funci\u00f3n<\/strong><\/a> &#8211; Desarrollar un marco predictivo sobre c\u00f3mo la biodiversidad del suelo afecta el funcionamiento de los ecosistemas forestales.<\/li>\n<li><a href=\"https:\/\/websie.cefe.cnrs.fr\/soilforeurope\/es\/climate-change-objective-3-es\/\"><strong>Cambio clim\u00e1tico<\/strong><\/a> &#8211; Investigar el impacto de la biodiversidad del suelo en la resistencia y resiliencia del ecosistema al cambio clim\u00e1tico.<\/li>\n<li><a href=\"https:\/\/websie.cefe.cnrs.fr\/soilforeurope\/es\/socioeconomic-impact-objective-4-es\/\"><strong>Impacto socioecon\u00f3mico<\/strong><\/a> &#8211; Evaluar el impacto socioecon\u00f3mico de los cambios de la biodiversidad del suelo para el p\u00fablico, los administradores y las dem\u00e1s partes interesadas.<\/li>\n<\/ol>\n","protected":false},"excerpt":{"rendered":"<p>&nbsp; Contexto: Los bosques son el tipo de ecosistema m\u00e1s extenso de Europa (210 millones de hect\u00e1reas), sin embargo para estos ha existido un marginamiento en las investigaciones anteriores para establecer c\u00f3mo la biodiversidad del suelo afecta las funciones ecosist\u00e9micas. Esto ha dificultado la evaluaci\u00f3n de c\u00f3mo la p\u00e9rdida de&#8230;<\/p>\n<p class=\"continue-reading-button\"> <a class=\"continue-reading-link\" href=\"https:\/\/websie.cefe.cnrs.fr\/soilforeurope\/es\/background-es\/\">Continue reading<i class=\"crycon-right-dir\"><\/i><\/a><\/p>\n","protected":false},"author":1,"featured_media":0,"parent":0,"menu_order":0,"comment_status":"closed","ping_status":"closed","template":"","meta":{"inline_featured_image":false,"footnotes":""},"class_list":["post-2275","page","type-page","status-publish","hentry"],"_links":{"self":[{"href":"https:\/\/websie.cefe.cnrs.fr\/soilforeurope\/wp-json\/wp\/v2\/pages\/2275","targetHints":{"allow":["GET"]}}],"collection":[{"href":"https:\/\/websie.cefe.cnrs.fr\/soilforeurope\/wp-json\/wp\/v2\/pages"}],"about":[{"href":"https:\/\/websie.cefe.cnrs.fr\/soilforeurope\/wp-json\/wp\/v2\/types\/page"}],"author":[{"embeddable":true,"href":"https:\/\/websie.cefe.cnrs.fr\/soilforeurope\/wp-json\/wp\/v2\/users\/1"}],"replies":[{"embeddable":true,"href":"https:\/\/websie.cefe.cnrs.fr\/soilforeurope\/wp-json\/wp\/v2\/comments?post=2275"}],"version-history":[{"count":10,"href":"https:\/\/websie.cefe.cnrs.fr\/soilforeurope\/wp-json\/wp\/v2\/pages\/2275\/revisions"}],"predecessor-version":[{"id":3438,"href":"https:\/\/websie.cefe.cnrs.fr\/soilforeurope\/wp-json\/wp\/v2\/pages\/2275\/revisions\/3438"}],"wp:attachment":[{"href":"https:\/\/websie.cefe.cnrs.fr\/soilforeurope\/wp-json\/wp\/v2\/media?parent=2275"}],"curies":[{"name":"wp","href":"https:\/\/api.w.org\/{rel}","templated":true}]}}