{"id":937,"date":"2020-09-30T12:44:24","date_gmt":"2020-09-30T10:44:24","guid":{"rendered":"https:\/\/websie.cefe.cnrs.fr\/gdrparcs\/?page_id=937"},"modified":"2020-09-30T12:55:07","modified_gmt":"2020-09-30T10:55:07","slug":"les-sciences-citoyennes-et-la-rap","status":"publish","type":"page","link":"https:\/\/websie.cefe.cnrs.fr\/gdrparcs\/les-sciences-citoyennes-et-la-rap\/","title":{"rendered":"Les sciences citoyennes et la RAP"},"content":{"rendered":"\n<p class=\"has-text-color has-text-align-center has-pale-cyan-blue-color\"><strong><em>Travailler sur les r\u00e9ponses aux changements globaux n\u00e9cessite une approche de recherche action participative, c&rsquo;est \u00e0 dire une recherche<br>sur les processus, par l&rsquo;action et avec les acteurs locaux.<br><br>L&rsquo;action participative c&rsquo;est l&rsquo;exercice de la d\u00e9mocratie.<\/em><\/strong><\/p>\n\n\n\n<p>Les\u00a0<strong>sciences participatives<\/strong>\u00a0peuvent \u00eatre globalement d\u00e9finies par l&rsquo;existence d\u0092une participation de volontaires \u00e0 des d\u00e9marches de recherche. Les derni\u00e8res d\u00e9cennies ont vu l\u0092augmentation du nombre d\u0092initiatives de ce type dans le monde, en particulier en astronomie, m\u00e9t\u00e9orologie, ornithologie ou botanique. Cependant, alors que la n\u00e9cessit\u00e9 de conduire des observations et de collecter des donn\u00e9es dans le cadre de probl\u00e9matiques bien d\u00e9finies constitue la principale contribution des participants \u00e0 ces recherches, les pr\u00e9occupations environnementales plus r\u00e9centes concernant la biodiversit\u00e9 et le changement climatique n\u00e9cessitent d\u0092int\u00e9grer des dimensions sociale et politique qui impliquent de\u00a0<strong>mieux d\u00e9finir les approches et le r\u00f4le des parties prenantes.<\/strong><\/p>\n\n\n\n<p>La\u00a0<strong>Recherche Action Participative<\/strong>\u00a0(RAP) prend ses racines dans ce type d\u0092approches et s&rsquo;est int\u00e9ress\u00e9e tr\u00e8s t\u00f4t \u00e0 la meilleure mani\u00e8re de les conduire (<a href=\"https:\/\/www.tela-botanica.org\/wikini\/gdr-parcs\/wakka.php?wiki=ProfilJacques\">Chevalier<\/a>\u00a0et Buckles, 2013). Alors que les approches classiques sont bas\u00e9es sur la reproductibilit\u00e9 des d\u00e9marches, l&rsquo;objectivit\u00e9 des chercheurs et la d\u00e9finition de protocoles \u00e0 priori, la RAP s&rsquo;appuie sur l&rsquo;exp\u00e9rience et l&rsquo;histoire des communaut\u00e9s concern\u00e9es, l&rsquo;implication des co-chercheurs et l&rsquo;\u00e9volution des questions et des analyses qui doivent rester significatives pour ceux qui participent.<\/p>\n\n\n\n<p>Ses trois composantes \u00a0<strong>(1)<\/strong>\u00a0production de connaissances \u00e0 partir de donn\u00e9es empiriques,\u00a0<strong>(2)<\/strong>\u00a0engagement dans un objectif de prise de d\u00e9cision pour l&rsquo;action, et\u00a0<strong>(3)<\/strong>\u00a0coop\u00e9ration avec des acteurs issus de la soci\u00e9t\u00e9 civile ou d\u0092autres parties prenantes &#8211; sont diversement repr\u00e9sent\u00e9es dans les programmes de sciences participatives. Ainsi, des typologies en fonction de l\u0092importance de chaque composante ont pu \u00eatre propos\u00e9es (Storup et al. 2013 ; Gonzalez-Laporte, 2014). Ces diff\u00e9rences engendrent des d\u00e9bats \u00e9thiques (qu&rsquo;est-ce qui compte le plus de l&rsquo;action, la participation ou la recherche ?), \u00e9pist\u00e9mologiques (quelle est la pertinence et la l\u00e9gitimit\u00e9 de ce qui est produit pour la recherche, la soci\u00e9t\u00e9, et l&rsquo;individu qui participe ?), m\u00e9thodologiques (quelles sont les outils les mieux adapt\u00e9s \u00e0 ces approches ?) et sociaux (participation des citoyens aux prises de d\u00e9cision ou participation des scientifiques aux d\u00e9bats publics ?).<\/p>\n\n\n\n<p>Pour les chercheurs souhaitant utiliser ce type d\u0092approche, le risque est grand de s\u0092emp\u00eatrer dans ces d\u00e9bats et pour faire avancer leurs programmes, ils doivent \u00eatre capable de mobiliser le plus grand nombre de participants tout en respectant les positions de chacun (Boeuf et al. 2012). Pour cela, les r\u00e9flexions et les outils d\u00e9velopp\u00e9s dans le cadre de la RAP peuvent les aider \u00e0 construire et d\u00e9velopper les d\u00e9marches les mieux adapt\u00e9es comme nous avons pu le constater dans le cadre du GDR PARCS.<\/p>\n\n\n\n<p>Les m\u00e9thodes de RAP vont permettre de planifier des processus de recherche bas\u00e9s autant sur le dialogue que sur l\u0092analyse de donn\u00e9es et qui tentent de r\u00e9pondre \u00e0 des questions que les gens se posent r\u00e9ellement au bon moment et avec les bon outils.<br>Ces questions peuvent faire partie d\u0092un probl\u00e8me ou d\u0092une recherche approfondie sur une probl\u00e9matique donn\u00e9e, d\u0092une analyse de besoins, d\u0092un exercice de planification strat\u00e9gique, d\u0092une analyse de risque ou d\u0092une \u00e9tude de faisabilit\u00e9.<br>Il est \u00e9galement possible de r\u00e9pondre \u00e0 des questions de suivi et d\u0092\u00e9valuation telles que \u00ab\u00a0quels sont jusqu&rsquo;\u00e0 maintenant les r\u00e9sultats ou les impacts de notre programme? A quel point le programme ou projet utilise-t-il bien les ressources?\u00a0\u00bb<\/p>\n\n\n\n<p>La recherche action concerne les projets qui ont pour finalit\u00e9 d\u0092am\u00e9liorer les pratiques professionnelles \u00e0 travers des cycles de r\u00e9flexions et d\u0092actions mis qui peuvent tr\u00e8s bien se faire sans les acteurs locaux.<br>La recherche participative peut \u00eatre conduite par une coalition de chercheurs, acteurs locaux sans interventions et actions.<\/p>\n\n\n\n<p>Les techniques de la RAP :<\/p>\n\n\n\n<p>\u0095 Une cinquantaine de techniques<br>\u0095 Des variations simples ou plus sophistiqu\u00e9es<br>\u0095 Cette approche souple r\u00e9pond \u00e0 la n\u00e9cessit\u00e9 de calibrage de l\u0092outils selon le contexte<br>\u0095 Les 50 techniques d\u0092analyse sont regroup\u00e9es autour de 3 points d\u0092entr\u00e9e : les probl\u00e8mes- les acteurs -les options.<br>Des variations simples ou plus sophistiqu\u00e9es pour s\u0092adapter aux attentes du public accompagn\u00e9, d&rsquo;ajuster les analyses diagnostiques \u00e0 diff\u00e9rents contextes en fonction du temps disponible et du public vis\u00e9.<br>Elles sont organis\u00e9s en module qui refl\u00e8tent trois questions fondamentales applicables en tout temps:<br>&#8211; quels sont les probl\u00e8mes auxquels les gens font face?<br>&#8211; qui sont les acteurs ou les parties prenantes affect\u00e9es par la situation ou ayant la capacit\u00e9 d\u0092intervenir?<br>&#8211; quelles sont les options ou possibilit\u00e9 d\u0092actions?<br>Cette arborescence permet au chercheur de choisir des techniques les plus appropri\u00e9es \u00e0 la situation en tenant compte des questions et des pr\u00e9occupations qui lui ont \u00e9t\u00e9 transmises par la communaut\u00e9 partenaire.<br>Guide outil en ligne : Avec un panel des 20 outils les plus utilis\u00e9s, accompagn\u00e9s d\u0092une \u00e9tude de cas d\u00e9crivant une mise en situation dans des projets en situation r\u00e9elle.<br>Ces t\u00e9moignages permettent de visualiser l\u0092emboitement et l\u0092articulation de techniques qui vont permettre d\u0092accompagner le projet et la communaut\u00e9 dans son questionnement.<\/p>\n","protected":false},"excerpt":{"rendered":"<p>Travailler sur les r\u00e9ponses aux changements globaux n\u00e9cessite une approche de recherche action participative, c&rsquo;est \u00e0 dire une recherchesur les [&hellip;]<\/p>\n","protected":false},"author":2,"featured_media":214,"parent":0,"menu_order":0,"comment_status":"closed","ping_status":"closed","template":"","meta":{"site-sidebar-layout":"default","site-content-layout":"","ast-site-content-layout":"default","site-content-style":"default","site-sidebar-style":"default","ast-global-header-display":"","ast-banner-title-visibility":"","ast-main-header-display":"","ast-hfb-above-header-display":"","ast-hfb-below-header-display":"","ast-hfb-mobile-header-display":"","site-post-title":"","ast-breadcrumbs-content":"","ast-featured-img":"","footer-sml-layout":"","ast-disable-related-posts":"","theme-transparent-header-meta":"","adv-header-id-meta":"","stick-header-meta":"","header-above-stick-meta":"","header-main-stick-meta":"","header-below-stick-meta":"","astra-migrate-meta-layouts":"default","ast-page-background-enabled":"default","ast-page-background-meta":{"desktop":{"background-color":"var(--ast-global-color-4)","background-image":"","background-repeat":"repeat","background-position":"center center","background-size":"auto","background-attachment":"scroll","background-type":"","background-media":"","overlay-type":"","overlay-color":"","overlay-opacity":"","overlay-gradient":""},"tablet":{"background-color":"","background-image":"","background-repeat":"repeat","background-position":"center center","background-size":"auto","background-attachment":"scroll","background-type":"","background-media":"","overlay-type":"","overlay-color":"","overlay-opacity":"","overlay-gradient":""},"mobile":{"background-color":"","background-image":"","background-repeat":"repeat","background-position":"center center","background-size":"auto","background-attachment":"scroll","background-type":"","background-media":"","overlay-type":"","overlay-color":"","overlay-opacity":"","overlay-gradient":""}},"ast-content-background-meta":{"desktop":{"background-color":"var(--ast-global-color-5)","background-image":"","background-repeat":"repeat","background-position":"center center","background-size":"auto","background-attachment":"scroll","background-type":"","background-media":"","overlay-type":"","overlay-color":"","overlay-opacity":"","overlay-gradient":""},"tablet":{"background-color":"var(--ast-global-color-5)","background-image":"","background-repeat":"repeat","background-position":"center center","background-size":"auto","background-attachment":"scroll","background-type":"","background-media":"","overlay-type":"","overlay-color":"","overlay-opacity":"","overlay-gradient":""},"mobile":{"background-color":"var(--ast-global-color-5)","background-image":"","background-repeat":"repeat","background-position":"center center","background-size":"auto","background-attachment":"scroll","background-type":"","background-media":"","overlay-type":"","overlay-color":"","overlay-opacity":"","overlay-gradient":""}},"footnotes":""},"class_list":["post-937","page","type-page","status-publish","has-post-thumbnail","hentry"],"yoast_head":"<!-- This site is optimized with the Yoast SEO plugin v26.7 - https:\/\/yoast.com\/wordpress\/plugins\/seo\/ -->\n<title>Les sciences citoyennes et la RAP - Recherche Action Participative<\/title>\n<meta name=\"robots\" content=\"index, follow, max-snippet:-1, max-image-preview:large, max-video-preview:-1\" \/>\n<link rel=\"canonical\" href=\"https:\/\/websie.cefe.cnrs.fr\/gdrparcs\/les-sciences-citoyennes-et-la-rap\/\" \/>\n<meta property=\"og:locale\" content=\"fr_FR\" \/>\n<meta property=\"og:type\" content=\"article\" \/>\n<meta property=\"og:title\" content=\"Les sciences citoyennes et la RAP - Recherche Action Participative\" \/>\n<meta property=\"og:description\" content=\"Travailler sur les r\u00e9ponses aux changements globaux n\u00e9cessite une approche de recherche action participative, c&rsquo;est \u00e0 dire une recherchesur les [&hellip;]\" \/>\n<meta property=\"og:url\" content=\"https:\/\/websie.cefe.cnrs.fr\/gdrparcs\/les-sciences-citoyennes-et-la-rap\/\" \/>\n<meta property=\"og:site_name\" content=\"Recherche Action Participative\" \/>\n<meta property=\"article:modified_time\" content=\"2020-09-30T10:55:07+00:00\" \/>\n<meta property=\"og:image\" content=\"https:\/\/websie.cefe.cnrs.fr\/gdrparcs\/wp-content\/uploads\/2019\/02\/Participatory_Action_Research_in_a_Venn_Diagram.jpg\" \/>\n\t<meta property=\"og:image:width\" content=\"510\" \/>\n\t<meta property=\"og:image:height\" content=\"510\" \/>\n\t<meta property=\"og:image:type\" content=\"image\/jpeg\" \/>\n<meta name=\"twitter:card\" content=\"summary_large_image\" \/>\n<meta name=\"twitter:label1\" content=\"Dur\u00e9e de lecture estim\u00e9e\" \/>\n\t<meta name=\"twitter:data1\" content=\"5 minutes\" \/>\n<script type=\"application\/ld+json\" class=\"yoast-schema-graph\">{\"@context\":\"https:\/\/schema.org\",\"@graph\":[{\"@type\":\"WebPage\",\"@id\":\"https:\/\/websie.cefe.cnrs.fr\/gdrparcs\/les-sciences-citoyennes-et-la-rap\/\",\"url\":\"https:\/\/websie.cefe.cnrs.fr\/gdrparcs\/les-sciences-citoyennes-et-la-rap\/\",\"name\":\"Les sciences citoyennes et la RAP - Recherche Action Participative\",\"isPartOf\":{\"@id\":\"https:\/\/websie.cefe.cnrs.fr\/gdrparcs\/#website\"},\"primaryImageOfPage\":{\"@id\":\"https:\/\/websie.cefe.cnrs.fr\/gdrparcs\/les-sciences-citoyennes-et-la-rap\/#primaryimage\"},\"image\":{\"@id\":\"https:\/\/websie.cefe.cnrs.fr\/gdrparcs\/les-sciences-citoyennes-et-la-rap\/#primaryimage\"},\"thumbnailUrl\":\"https:\/\/websie.cefe.cnrs.fr\/gdrparcs\/wp-content\/uploads\/2019\/02\/Participatory_Action_Research_in_a_Venn_Diagram.jpg\",\"datePublished\":\"2020-09-30T10:44:24+00:00\",\"dateModified\":\"2020-09-30T10:55:07+00:00\",\"breadcrumb\":{\"@id\":\"https:\/\/websie.cefe.cnrs.fr\/gdrparcs\/les-sciences-citoyennes-et-la-rap\/#breadcrumb\"},\"inLanguage\":\"fr-FR\",\"potentialAction\":[{\"@type\":\"ReadAction\",\"target\":[\"https:\/\/websie.cefe.cnrs.fr\/gdrparcs\/les-sciences-citoyennes-et-la-rap\/\"]}]},{\"@type\":\"ImageObject\",\"inLanguage\":\"fr-FR\",\"@id\":\"https:\/\/websie.cefe.cnrs.fr\/gdrparcs\/les-sciences-citoyennes-et-la-rap\/#primaryimage\",\"url\":\"https:\/\/websie.cefe.cnrs.fr\/gdrparcs\/wp-content\/uploads\/2019\/02\/Participatory_Action_Research_in_a_Venn_Diagram.jpg\",\"contentUrl\":\"https:\/\/websie.cefe.cnrs.fr\/gdrparcs\/wp-content\/uploads\/2019\/02\/Participatory_Action_Research_in_a_Venn_Diagram.jpg\",\"width\":510,\"height\":510},{\"@type\":\"BreadcrumbList\",\"@id\":\"https:\/\/websie.cefe.cnrs.fr\/gdrparcs\/les-sciences-citoyennes-et-la-rap\/#breadcrumb\",\"itemListElement\":[{\"@type\":\"ListItem\",\"position\":1,\"name\":\"Accueil\",\"item\":\"https:\/\/websie.cefe.cnrs.fr\/gdrparcs\/\"},{\"@type\":\"ListItem\",\"position\":2,\"name\":\"Les sciences citoyennes et la RAP\"}]},{\"@type\":\"WebSite\",\"@id\":\"https:\/\/websie.cefe.cnrs.fr\/gdrparcs\/#website\",\"url\":\"https:\/\/websie.cefe.cnrs.fr\/gdrparcs\/\",\"name\":\"Recherche Action Participative\",\"description\":\"\",\"publisher\":{\"@id\":\"https:\/\/websie.cefe.cnrs.fr\/gdrparcs\/#organization\"},\"potentialAction\":[{\"@type\":\"SearchAction\",\"target\":{\"@type\":\"EntryPoint\",\"urlTemplate\":\"https:\/\/websie.cefe.cnrs.fr\/gdrparcs\/?s={search_term_string}\"},\"query-input\":{\"@type\":\"PropertyValueSpecification\",\"valueRequired\":true,\"valueName\":\"search_term_string\"}}],\"inLanguage\":\"fr-FR\"},{\"@type\":\"Organization\",\"@id\":\"https:\/\/websie.cefe.cnrs.fr\/gdrparcs\/#organization\",\"name\":\"Recherche Action Participative\",\"url\":\"https:\/\/websie.cefe.cnrs.fr\/gdrparcs\/\",\"logo\":{\"@type\":\"ImageObject\",\"inLanguage\":\"fr-FR\",\"@id\":\"https:\/\/websie.cefe.cnrs.fr\/gdrparcs\/#\/schema\/logo\/image\/\",\"url\":\"https:\/\/websie.cefe.cnrs.fr\/gdrparcs\/wp-content\/uploads\/2019\/02\/cropped-cropped-cropped-cropped-cropped-cropped-cropped-Logo-GDRPARCS-5.jpg\",\"contentUrl\":\"https:\/\/websie.cefe.cnrs.fr\/gdrparcs\/wp-content\/uploads\/2019\/02\/cropped-cropped-cropped-cropped-cropped-cropped-cropped-Logo-GDRPARCS-5.jpg\",\"width\":424,\"height\":353,\"caption\":\"Recherche Action Participative\"},\"image\":{\"@id\":\"https:\/\/websie.cefe.cnrs.fr\/gdrparcs\/#\/schema\/logo\/image\/\"}}]}<\/script>\n<!-- \/ Yoast SEO plugin. -->","yoast_head_json":{"title":"Les sciences citoyennes et la RAP - Recherche Action Participative","robots":{"index":"index","follow":"follow","max-snippet":"max-snippet:-1","max-image-preview":"max-image-preview:large","max-video-preview":"max-video-preview:-1"},"canonical":"https:\/\/websie.cefe.cnrs.fr\/gdrparcs\/les-sciences-citoyennes-et-la-rap\/","og_locale":"fr_FR","og_type":"article","og_title":"Les sciences citoyennes et la RAP - Recherche Action Participative","og_description":"Travailler sur les r\u00e9ponses aux changements globaux n\u00e9cessite une approche de recherche action participative, c&rsquo;est \u00e0 dire une recherchesur les [&hellip;]","og_url":"https:\/\/websie.cefe.cnrs.fr\/gdrparcs\/les-sciences-citoyennes-et-la-rap\/","og_site_name":"Recherche Action Participative","article_modified_time":"2020-09-30T10:55:07+00:00","og_image":[{"width":510,"height":510,"url":"https:\/\/websie.cefe.cnrs.fr\/gdrparcs\/wp-content\/uploads\/2019\/02\/Participatory_Action_Research_in_a_Venn_Diagram.jpg","type":"image\/jpeg"}],"twitter_card":"summary_large_image","twitter_misc":{"Dur\u00e9e de lecture estim\u00e9e":"5 minutes"},"schema":{"@context":"https:\/\/schema.org","@graph":[{"@type":"WebPage","@id":"https:\/\/websie.cefe.cnrs.fr\/gdrparcs\/les-sciences-citoyennes-et-la-rap\/","url":"https:\/\/websie.cefe.cnrs.fr\/gdrparcs\/les-sciences-citoyennes-et-la-rap\/","name":"Les sciences citoyennes et la RAP - Recherche Action Participative","isPartOf":{"@id":"https:\/\/websie.cefe.cnrs.fr\/gdrparcs\/#website"},"primaryImageOfPage":{"@id":"https:\/\/websie.cefe.cnrs.fr\/gdrparcs\/les-sciences-citoyennes-et-la-rap\/#primaryimage"},"image":{"@id":"https:\/\/websie.cefe.cnrs.fr\/gdrparcs\/les-sciences-citoyennes-et-la-rap\/#primaryimage"},"thumbnailUrl":"https:\/\/websie.cefe.cnrs.fr\/gdrparcs\/wp-content\/uploads\/2019\/02\/Participatory_Action_Research_in_a_Venn_Diagram.jpg","datePublished":"2020-09-30T10:44:24+00:00","dateModified":"2020-09-30T10:55:07+00:00","breadcrumb":{"@id":"https:\/\/websie.cefe.cnrs.fr\/gdrparcs\/les-sciences-citoyennes-et-la-rap\/#breadcrumb"},"inLanguage":"fr-FR","potentialAction":[{"@type":"ReadAction","target":["https:\/\/websie.cefe.cnrs.fr\/gdrparcs\/les-sciences-citoyennes-et-la-rap\/"]}]},{"@type":"ImageObject","inLanguage":"fr-FR","@id":"https:\/\/websie.cefe.cnrs.fr\/gdrparcs\/les-sciences-citoyennes-et-la-rap\/#primaryimage","url":"https:\/\/websie.cefe.cnrs.fr\/gdrparcs\/wp-content\/uploads\/2019\/02\/Participatory_Action_Research_in_a_Venn_Diagram.jpg","contentUrl":"https:\/\/websie.cefe.cnrs.fr\/gdrparcs\/wp-content\/uploads\/2019\/02\/Participatory_Action_Research_in_a_Venn_Diagram.jpg","width":510,"height":510},{"@type":"BreadcrumbList","@id":"https:\/\/websie.cefe.cnrs.fr\/gdrparcs\/les-sciences-citoyennes-et-la-rap\/#breadcrumb","itemListElement":[{"@type":"ListItem","position":1,"name":"Accueil","item":"https:\/\/websie.cefe.cnrs.fr\/gdrparcs\/"},{"@type":"ListItem","position":2,"name":"Les sciences citoyennes et la RAP"}]},{"@type":"WebSite","@id":"https:\/\/websie.cefe.cnrs.fr\/gdrparcs\/#website","url":"https:\/\/websie.cefe.cnrs.fr\/gdrparcs\/","name":"Recherche Action Participative","description":"","publisher":{"@id":"https:\/\/websie.cefe.cnrs.fr\/gdrparcs\/#organization"},"potentialAction":[{"@type":"SearchAction","target":{"@type":"EntryPoint","urlTemplate":"https:\/\/websie.cefe.cnrs.fr\/gdrparcs\/?s={search_term_string}"},"query-input":{"@type":"PropertyValueSpecification","valueRequired":true,"valueName":"search_term_string"}}],"inLanguage":"fr-FR"},{"@type":"Organization","@id":"https:\/\/websie.cefe.cnrs.fr\/gdrparcs\/#organization","name":"Recherche Action Participative","url":"https:\/\/websie.cefe.cnrs.fr\/gdrparcs\/","logo":{"@type":"ImageObject","inLanguage":"fr-FR","@id":"https:\/\/websie.cefe.cnrs.fr\/gdrparcs\/#\/schema\/logo\/image\/","url":"https:\/\/websie.cefe.cnrs.fr\/gdrparcs\/wp-content\/uploads\/2019\/02\/cropped-cropped-cropped-cropped-cropped-cropped-cropped-Logo-GDRPARCS-5.jpg","contentUrl":"https:\/\/websie.cefe.cnrs.fr\/gdrparcs\/wp-content\/uploads\/2019\/02\/cropped-cropped-cropped-cropped-cropped-cropped-cropped-Logo-GDRPARCS-5.jpg","width":424,"height":353,"caption":"Recherche Action Participative"},"image":{"@id":"https:\/\/websie.cefe.cnrs.fr\/gdrparcs\/#\/schema\/logo\/image\/"}}]}},"rttpg_featured_image_url":{"full":["https:\/\/websie.cefe.cnrs.fr\/gdrparcs\/wp-content\/uploads\/2019\/02\/Participatory_Action_Research_in_a_Venn_Diagram.jpg",510,510,false],"landscape":["https:\/\/websie.cefe.cnrs.fr\/gdrparcs\/wp-content\/uploads\/2019\/02\/Participatory_Action_Research_in_a_Venn_Diagram.jpg",510,510,false],"portraits":["https:\/\/websie.cefe.cnrs.fr\/gdrparcs\/wp-content\/uploads\/2019\/02\/Participatory_Action_Research_in_a_Venn_Diagram.jpg",510,510,false],"thumbnail":["https:\/\/websie.cefe.cnrs.fr\/gdrparcs\/wp-content\/uploads\/2019\/02\/Participatory_Action_Research_in_a_Venn_Diagram-150x150.jpg",150,150,true],"medium":["https:\/\/websie.cefe.cnrs.fr\/gdrparcs\/wp-content\/uploads\/2019\/02\/Participatory_Action_Research_in_a_Venn_Diagram-300x300.jpg",300,300,true],"large":["https:\/\/websie.cefe.cnrs.fr\/gdrparcs\/wp-content\/uploads\/2019\/02\/Participatory_Action_Research_in_a_Venn_Diagram.jpg",510,510,false],"1536x1536":["https:\/\/websie.cefe.cnrs.fr\/gdrparcs\/wp-content\/uploads\/2019\/02\/Participatory_Action_Research_in_a_Venn_Diagram.jpg",510,510,false],"2048x2048":["https:\/\/websie.cefe.cnrs.fr\/gdrparcs\/wp-content\/uploads\/2019\/02\/Participatory_Action_Research_in_a_Venn_Diagram.jpg",510,510,false]},"rttpg_author":{"display_name":"Emilie Dias","author_link":"https:\/\/websie.cefe.cnrs.fr\/gdrparcs\/author\/emilied\/"},"rttpg_comment":0,"rttpg_category":null,"rttpg_excerpt":"Travailler sur les r\u00e9ponses aux changements globaux n\u00e9cessite une approche de recherche action participative, c&rsquo;est \u00e0 dire une recherchesur les [&hellip;]","_links":{"self":[{"href":"https:\/\/websie.cefe.cnrs.fr\/gdrparcs\/wp-json\/wp\/v2\/pages\/937","targetHints":{"allow":["GET"]}}],"collection":[{"href":"https:\/\/websie.cefe.cnrs.fr\/gdrparcs\/wp-json\/wp\/v2\/pages"}],"about":[{"href":"https:\/\/websie.cefe.cnrs.fr\/gdrparcs\/wp-json\/wp\/v2\/types\/page"}],"author":[{"embeddable":true,"href":"https:\/\/websie.cefe.cnrs.fr\/gdrparcs\/wp-json\/wp\/v2\/users\/2"}],"replies":[{"embeddable":true,"href":"https:\/\/websie.cefe.cnrs.fr\/gdrparcs\/wp-json\/wp\/v2\/comments?post=937"}],"version-history":[{"count":3,"href":"https:\/\/websie.cefe.cnrs.fr\/gdrparcs\/wp-json\/wp\/v2\/pages\/937\/revisions"}],"predecessor-version":[{"id":967,"href":"https:\/\/websie.cefe.cnrs.fr\/gdrparcs\/wp-json\/wp\/v2\/pages\/937\/revisions\/967"}],"wp:featuredmedia":[{"embeddable":true,"href":"https:\/\/websie.cefe.cnrs.fr\/gdrparcs\/wp-json\/wp\/v2\/media\/214"}],"wp:attachment":[{"href":"https:\/\/websie.cefe.cnrs.fr\/gdrparcs\/wp-json\/wp\/v2\/media?parent=937"}],"curies":[{"name":"wp","href":"https:\/\/api.w.org\/{rel}","templated":true}]}}