{"id":933,"date":"2020-09-30T12:44:04","date_gmt":"2020-09-30T10:44:04","guid":{"rendered":"https:\/\/websie.cefe.cnrs.fr\/gdrparcs\/?page_id=933"},"modified":"2020-09-30T13:20:22","modified_gmt":"2020-09-30T11:20:22","slug":"quest-ce-que-le-gdr","status":"publish","type":"page","link":"https:\/\/websie.cefe.cnrs.fr\/gdrparcs\/quest-ce-que-le-gdr\/","title":{"rendered":"Qu&rsquo;est ce que le GDR ?"},"content":{"rendered":"\n<h1 class=\"wp-block-heading\"><\/h1>\n\n\n\n<p><em>La multiplication des initiatives de Sciences Citoyennes (SC) et de Recherche Action participative (RAP)<br>et collaborative ces derni\u00e8res ann\u00e9es sugg\u00e8re qu\u0092une nouvelle mani\u00e8re d\u0092aborder les relations entre les sciences et la soci\u00e9t\u00e9 est devenue n\u00e9cessaire.<br>Faisant le constat que de nombreuses initiatives existent, mais qu\u0092il est aujourd\u0092hui difficile d\u0092en tirer parti de mani\u00e8re synth\u00e9tique, le GDR PARCS propose de croiser les exp\u00e9riences pour apporter des r\u00e9ponses communes et de cr\u00e9er un lieu d\u0092\u00e9change, d\u0092incubation de projets de recherche, qui viendront r\u00e9pondre aux questions conjointes des chercheurs et des citoyens.<\/em><\/p>\n\n\n\n<p>Le&nbsp;<strong>GDR PARCS<\/strong>&nbsp;est un r\u00e9seaux r\u00e9unissant des acteurs de diverses origines (acad\u00e9miques, Ind\u00e9pendants, associatifs&#8230;) et disciplines<br>(sciences de la vie et de la terre, science sociale&#8230;) \u009cuvrant \u00e0 d\u00e9velopper des recherches participatives, et souhaitant mieux comprendre comment la RAP et les sciences citoyennes \u00e9voluent, quelle place elles ont dans la recherche fran\u00e7aise aujourd&rsquo;hui et comment elles peuvent influencer la recherche de demain.<\/p>\n\n\n\n<p>Ce GDR a pour objectif de proposer un cadre de r\u00e9flexion et des conseils sur les mani\u00e8res de construire et r\u00e9aliser des programmes de SC<br>et RAP. Il vise \u00e0 co-construire un dialogue entre diff\u00e9rentes initiatives existantes, \u00e0 regrouper les \u00e9nergies dispers\u00e9es en France sur ces questions, \u00e0 g\u00e9n\u00e9rer des synergies et des collaborations entre ces initiatives, et \u00e0 mutualiser les pratiques participatives dans la recherche scientifique fran\u00e7aise sur la biodiversit\u00e9. Il s\u0092agit \u00e0 la fois de r\u00e9fl\u00e9chir sur les relations Sciences soci\u00e9t\u00e9s, d\u0092accompagner les d\u00e9marches de recherche collaborative innovantes, de d\u00e9velopper des nouveaux outils qui int\u00e8grent les savoirs locaux, et d\u0092offrir une contrepartie aux citoyens qui participe au d\u00e9veloppement des programmes de recherche.<\/p>\n\n\n\n<p>Le GDR PARCS partage une m\u00eame&nbsp;<strong><a href=\"https:\/\/www.tela-botanica.org\/wikini\/gdr-parcs\/wakka.php?wiki=DefRAP\">vision de la Recherche Action Participative<\/a><\/strong>&nbsp;et s&rsquo;appuie dans sa d\u00e9marche sur les travaux de l&rsquo;\u00e9cole canadienne de la RAP et l&rsquo;approche socio-constructiviste d\u00e9velopp\u00e9e par&nbsp;<a href=\"https:\/\/www.tela-botanica.org\/wikini\/gdr-parcs\/wakka.php?wiki=ProfilJacques\">Jacques Chevalier<\/a>, anthropologue. Les techniques utilis\u00e9es sont int\u00e9gr\u00e9es, visuelles, didactiques, et permettent ainsi de mener collectivement toutes les \u00e9tapes des projets de recherche.<\/p>\n\n\n\n<h5 class=\"wp-block-heading\">Valeurs:<\/h5>\n\n\n\n<ul class=\"wp-block-list\"><li>Comprendre ensemble<\/li><li>Co-construire<\/li><li>Partager<\/li><\/ul>\n\n\n\n<h4 class=\"wp-block-heading\">Synth\u00e8se des objectifs :<\/h4>\n\n\n\n<ul class=\"wp-block-list\"><li>Am\u00e9liorer notre connaissance des pratiques participatives dans la recherche<\/li><li>Am\u00e9liorer nos pratiques de recherche, participation, sensibilisation<\/li><li>Identifier la demande sociale et comprendre comment mieux y r\u00e9pondre<\/li><li>Am\u00e9liorer les b\u00e9n\u00e9fices r\u00e9ciproques chercheurs\/citoyens\/association<\/li><li>Mieux int\u00e9grer les citoyens et la soci\u00e9t\u00e9 en amont et en aval des projets de recherche<\/li><li>Faire des citoyens des ambassadeurs, des relais pour l\u0092\u00e9ducation, la sensibilisation \u00e0 la d\u00e9marche scientifique.<\/li><li>D\u00e9velopper d\u0092autres approches de recherche int\u00e9grant les savoirs citoyens (techniques, th\u00e9ories, m\u00e9thodologies, \u00e9pist\u00e9mologie).<\/li><li>Monter en comp\u00e9tences<\/li><li>Mutualiser les pratiques participatives dans la recherche scientifique sur la biodiversit\u00e9.<\/li><li>D\u00e9velopper des projets de recherche interdisciplinaire int\u00e9gr\u00e9s et inter-organismes qui servent de laboratoires pour les questions \u00e9mergentes concernant la culture scientifique, les d\u00e9marches participatives, ou l\u0092\u00e9mergence de nouveaux mod\u00e8les de d\u00e9mocratie.<\/li><li>Mettre en place une communaut\u00e9 de pratiques au sein de laquelle s\u0092instaurent les \u00e9changes<\/li><\/ul>\n","protected":false},"excerpt":{"rendered":"<p>La multiplication des initiatives de Sciences Citoyennes (SC) et de Recherche Action participative (RAP)et collaborative ces derni\u00e8res ann\u00e9es sugg\u00e8re qu\u0092une [&hellip;]<\/p>\n","protected":false},"author":2,"featured_media":48,"parent":0,"menu_order":0,"comment_status":"closed","ping_status":"closed","template":"","meta":{"site-sidebar-layout":"default","site-content-layout":"","ast-site-content-layout":"default","site-content-style":"default","site-sidebar-style":"default","ast-global-header-display":"","ast-banner-title-visibility":"","ast-main-header-display":"","ast-hfb-above-header-display":"","ast-hfb-below-header-display":"","ast-hfb-mobile-header-display":"","site-post-title":"","ast-breadcrumbs-content":"","ast-featured-img":"","footer-sml-layout":"","ast-disable-related-posts":"","theme-transparent-header-meta":"","adv-header-id-meta":"","stick-header-meta":"","header-above-stick-meta":"","header-main-stick-meta":"","header-below-stick-meta":"","astra-migrate-meta-layouts":"default","ast-page-background-enabled":"default","ast-page-background-meta":{"desktop":{"background-color":"var(--ast-global-color-4)","background-image":"","background-repeat":"repeat","background-position":"center center","background-size":"auto","background-attachment":"scroll","background-type":"","background-media":"","overlay-type":"","overlay-color":"","overlay-opacity":"","overlay-gradient":""},"tablet":{"background-color":"","background-image":"","background-repeat":"repeat","background-position":"center center","background-size":"auto","background-attachment":"scroll","background-type":"","background-media":"","overlay-type":"","overlay-color":"","overlay-opacity":"","overlay-gradient":""},"mobile":{"background-color":"","background-image":"","background-repeat":"repeat","background-position":"center center","background-size":"auto","background-attachment":"scroll","background-type":"","background-media":"","overlay-type":"","overlay-color":"","overlay-opacity":"","overlay-gradient":""}},"ast-content-background-meta":{"desktop":{"background-color":"var(--ast-global-color-5)","background-image":"","background-repeat":"repeat","background-position":"center center","background-size":"auto","background-attachment":"scroll","background-type":"","background-media":"","overlay-type":"","overlay-color":"","overlay-opacity":"","overlay-gradient":""},"tablet":{"background-color":"var(--ast-global-color-5)","background-image":"","background-repeat":"repeat","background-position":"center center","background-size":"auto","background-attachment":"scroll","background-type":"","background-media":"","overlay-type":"","overlay-color":"","overlay-opacity":"","overlay-gradient":""},"mobile":{"background-color":"var(--ast-global-color-5)","background-image":"","background-repeat":"repeat","background-position":"center center","background-size":"auto","background-attachment":"scroll","background-type":"","background-media":"","overlay-type":"","overlay-color":"","overlay-opacity":"","overlay-gradient":""}},"footnotes":""},"class_list":["post-933","page","type-page","status-publish","has-post-thumbnail","hentry"],"yoast_head":"<!-- This site is optimized with the Yoast SEO plugin v26.7 - https:\/\/yoast.com\/wordpress\/plugins\/seo\/ -->\n<title>Qu&#039;est ce que le GDR ? - Recherche Action Participative<\/title>\n<meta name=\"robots\" content=\"index, follow, max-snippet:-1, max-image-preview:large, max-video-preview:-1\" \/>\n<link rel=\"canonical\" href=\"https:\/\/websie.cefe.cnrs.fr\/gdrparcs\/quest-ce-que-le-gdr\/\" \/>\n<meta property=\"og:locale\" content=\"fr_FR\" \/>\n<meta property=\"og:type\" content=\"article\" \/>\n<meta property=\"og:title\" content=\"Qu&#039;est ce que le GDR ? - Recherche Action Participative\" \/>\n<meta property=\"og:description\" content=\"La multiplication des initiatives de Sciences Citoyennes (SC) et de Recherche Action participative (RAP)et collaborative ces derni\u00e8res ann\u00e9es sugg\u00e8re qu\u0092une [&hellip;]\" \/>\n<meta property=\"og:url\" content=\"https:\/\/websie.cefe.cnrs.fr\/gdrparcs\/quest-ce-que-le-gdr\/\" \/>\n<meta property=\"og:site_name\" content=\"Recherche Action Participative\" \/>\n<meta property=\"article:modified_time\" content=\"2020-09-30T11:20:22+00:00\" \/>\n<meta property=\"og:image\" content=\"https:\/\/websie.cefe.cnrs.fr\/gdrparcs\/wp-content\/uploads\/2019\/02\/PagePrincipale_Sans_titre_20150519110419_20150519110537.jpg\" \/>\n\t<meta property=\"og:image:width\" content=\"1025\" \/>\n\t<meta property=\"og:image:height\" content=\"345\" \/>\n\t<meta property=\"og:image:type\" content=\"image\/jpeg\" \/>\n<meta name=\"twitter:card\" content=\"summary_large_image\" \/>\n<meta name=\"twitter:label1\" content=\"Dur\u00e9e de lecture estim\u00e9e\" \/>\n\t<meta name=\"twitter:data1\" content=\"3 minutes\" \/>\n<script type=\"application\/ld+json\" class=\"yoast-schema-graph\">{\"@context\":\"https:\/\/schema.org\",\"@graph\":[{\"@type\":\"WebPage\",\"@id\":\"https:\/\/websie.cefe.cnrs.fr\/gdrparcs\/quest-ce-que-le-gdr\/\",\"url\":\"https:\/\/websie.cefe.cnrs.fr\/gdrparcs\/quest-ce-que-le-gdr\/\",\"name\":\"Qu'est ce que le GDR ? - Recherche Action Participative\",\"isPartOf\":{\"@id\":\"https:\/\/websie.cefe.cnrs.fr\/gdrparcs\/#website\"},\"primaryImageOfPage\":{\"@id\":\"https:\/\/websie.cefe.cnrs.fr\/gdrparcs\/quest-ce-que-le-gdr\/#primaryimage\"},\"image\":{\"@id\":\"https:\/\/websie.cefe.cnrs.fr\/gdrparcs\/quest-ce-que-le-gdr\/#primaryimage\"},\"thumbnailUrl\":\"https:\/\/websie.cefe.cnrs.fr\/gdrparcs\/wp-content\/uploads\/2019\/02\/PagePrincipale_Sans_titre_20150519110419_20150519110537.jpg\",\"datePublished\":\"2020-09-30T10:44:04+00:00\",\"dateModified\":\"2020-09-30T11:20:22+00:00\",\"breadcrumb\":{\"@id\":\"https:\/\/websie.cefe.cnrs.fr\/gdrparcs\/quest-ce-que-le-gdr\/#breadcrumb\"},\"inLanguage\":\"fr-FR\",\"potentialAction\":[{\"@type\":\"ReadAction\",\"target\":[\"https:\/\/websie.cefe.cnrs.fr\/gdrparcs\/quest-ce-que-le-gdr\/\"]}]},{\"@type\":\"ImageObject\",\"inLanguage\":\"fr-FR\",\"@id\":\"https:\/\/websie.cefe.cnrs.fr\/gdrparcs\/quest-ce-que-le-gdr\/#primaryimage\",\"url\":\"https:\/\/websie.cefe.cnrs.fr\/gdrparcs\/wp-content\/uploads\/2019\/02\/PagePrincipale_Sans_titre_20150519110419_20150519110537.jpg\",\"contentUrl\":\"https:\/\/websie.cefe.cnrs.fr\/gdrparcs\/wp-content\/uploads\/2019\/02\/PagePrincipale_Sans_titre_20150519110419_20150519110537.jpg\",\"width\":1025,\"height\":345},{\"@type\":\"BreadcrumbList\",\"@id\":\"https:\/\/websie.cefe.cnrs.fr\/gdrparcs\/quest-ce-que-le-gdr\/#breadcrumb\",\"itemListElement\":[{\"@type\":\"ListItem\",\"position\":1,\"name\":\"Accueil\",\"item\":\"https:\/\/websie.cefe.cnrs.fr\/gdrparcs\/\"},{\"@type\":\"ListItem\",\"position\":2,\"name\":\"Qu&rsquo;est ce que le GDR ?\"}]},{\"@type\":\"WebSite\",\"@id\":\"https:\/\/websie.cefe.cnrs.fr\/gdrparcs\/#website\",\"url\":\"https:\/\/websie.cefe.cnrs.fr\/gdrparcs\/\",\"name\":\"Recherche Action Participative\",\"description\":\"\",\"publisher\":{\"@id\":\"https:\/\/websie.cefe.cnrs.fr\/gdrparcs\/#organization\"},\"potentialAction\":[{\"@type\":\"SearchAction\",\"target\":{\"@type\":\"EntryPoint\",\"urlTemplate\":\"https:\/\/websie.cefe.cnrs.fr\/gdrparcs\/?s={search_term_string}\"},\"query-input\":{\"@type\":\"PropertyValueSpecification\",\"valueRequired\":true,\"valueName\":\"search_term_string\"}}],\"inLanguage\":\"fr-FR\"},{\"@type\":\"Organization\",\"@id\":\"https:\/\/websie.cefe.cnrs.fr\/gdrparcs\/#organization\",\"name\":\"Recherche Action Participative\",\"url\":\"https:\/\/websie.cefe.cnrs.fr\/gdrparcs\/\",\"logo\":{\"@type\":\"ImageObject\",\"inLanguage\":\"fr-FR\",\"@id\":\"https:\/\/websie.cefe.cnrs.fr\/gdrparcs\/#\/schema\/logo\/image\/\",\"url\":\"https:\/\/websie.cefe.cnrs.fr\/gdrparcs\/wp-content\/uploads\/2019\/02\/cropped-cropped-cropped-cropped-cropped-cropped-cropped-Logo-GDRPARCS-5.jpg\",\"contentUrl\":\"https:\/\/websie.cefe.cnrs.fr\/gdrparcs\/wp-content\/uploads\/2019\/02\/cropped-cropped-cropped-cropped-cropped-cropped-cropped-Logo-GDRPARCS-5.jpg\",\"width\":424,\"height\":353,\"caption\":\"Recherche Action Participative\"},\"image\":{\"@id\":\"https:\/\/websie.cefe.cnrs.fr\/gdrparcs\/#\/schema\/logo\/image\/\"}}]}<\/script>\n<!-- \/ Yoast SEO plugin. -->","yoast_head_json":{"title":"Qu'est ce que le GDR ? - Recherche Action Participative","robots":{"index":"index","follow":"follow","max-snippet":"max-snippet:-1","max-image-preview":"max-image-preview:large","max-video-preview":"max-video-preview:-1"},"canonical":"https:\/\/websie.cefe.cnrs.fr\/gdrparcs\/quest-ce-que-le-gdr\/","og_locale":"fr_FR","og_type":"article","og_title":"Qu'est ce que le GDR ? - Recherche Action Participative","og_description":"La multiplication des initiatives de Sciences Citoyennes (SC) et de Recherche Action participative (RAP)et collaborative ces derni\u00e8res ann\u00e9es sugg\u00e8re qu\u0092une [&hellip;]","og_url":"https:\/\/websie.cefe.cnrs.fr\/gdrparcs\/quest-ce-que-le-gdr\/","og_site_name":"Recherche Action Participative","article_modified_time":"2020-09-30T11:20:22+00:00","og_image":[{"width":1025,"height":345,"url":"https:\/\/websie.cefe.cnrs.fr\/gdrparcs\/wp-content\/uploads\/2019\/02\/PagePrincipale_Sans_titre_20150519110419_20150519110537.jpg","type":"image\/jpeg"}],"twitter_card":"summary_large_image","twitter_misc":{"Dur\u00e9e de lecture estim\u00e9e":"3 minutes"},"schema":{"@context":"https:\/\/schema.org","@graph":[{"@type":"WebPage","@id":"https:\/\/websie.cefe.cnrs.fr\/gdrparcs\/quest-ce-que-le-gdr\/","url":"https:\/\/websie.cefe.cnrs.fr\/gdrparcs\/quest-ce-que-le-gdr\/","name":"Qu'est ce que le GDR ? - Recherche Action Participative","isPartOf":{"@id":"https:\/\/websie.cefe.cnrs.fr\/gdrparcs\/#website"},"primaryImageOfPage":{"@id":"https:\/\/websie.cefe.cnrs.fr\/gdrparcs\/quest-ce-que-le-gdr\/#primaryimage"},"image":{"@id":"https:\/\/websie.cefe.cnrs.fr\/gdrparcs\/quest-ce-que-le-gdr\/#primaryimage"},"thumbnailUrl":"https:\/\/websie.cefe.cnrs.fr\/gdrparcs\/wp-content\/uploads\/2019\/02\/PagePrincipale_Sans_titre_20150519110419_20150519110537.jpg","datePublished":"2020-09-30T10:44:04+00:00","dateModified":"2020-09-30T11:20:22+00:00","breadcrumb":{"@id":"https:\/\/websie.cefe.cnrs.fr\/gdrparcs\/quest-ce-que-le-gdr\/#breadcrumb"},"inLanguage":"fr-FR","potentialAction":[{"@type":"ReadAction","target":["https:\/\/websie.cefe.cnrs.fr\/gdrparcs\/quest-ce-que-le-gdr\/"]}]},{"@type":"ImageObject","inLanguage":"fr-FR","@id":"https:\/\/websie.cefe.cnrs.fr\/gdrparcs\/quest-ce-que-le-gdr\/#primaryimage","url":"https:\/\/websie.cefe.cnrs.fr\/gdrparcs\/wp-content\/uploads\/2019\/02\/PagePrincipale_Sans_titre_20150519110419_20150519110537.jpg","contentUrl":"https:\/\/websie.cefe.cnrs.fr\/gdrparcs\/wp-content\/uploads\/2019\/02\/PagePrincipale_Sans_titre_20150519110419_20150519110537.jpg","width":1025,"height":345},{"@type":"BreadcrumbList","@id":"https:\/\/websie.cefe.cnrs.fr\/gdrparcs\/quest-ce-que-le-gdr\/#breadcrumb","itemListElement":[{"@type":"ListItem","position":1,"name":"Accueil","item":"https:\/\/websie.cefe.cnrs.fr\/gdrparcs\/"},{"@type":"ListItem","position":2,"name":"Qu&rsquo;est ce que le GDR ?"}]},{"@type":"WebSite","@id":"https:\/\/websie.cefe.cnrs.fr\/gdrparcs\/#website","url":"https:\/\/websie.cefe.cnrs.fr\/gdrparcs\/","name":"Recherche Action Participative","description":"","publisher":{"@id":"https:\/\/websie.cefe.cnrs.fr\/gdrparcs\/#organization"},"potentialAction":[{"@type":"SearchAction","target":{"@type":"EntryPoint","urlTemplate":"https:\/\/websie.cefe.cnrs.fr\/gdrparcs\/?s={search_term_string}"},"query-input":{"@type":"PropertyValueSpecification","valueRequired":true,"valueName":"search_term_string"}}],"inLanguage":"fr-FR"},{"@type":"Organization","@id":"https:\/\/websie.cefe.cnrs.fr\/gdrparcs\/#organization","name":"Recherche Action Participative","url":"https:\/\/websie.cefe.cnrs.fr\/gdrparcs\/","logo":{"@type":"ImageObject","inLanguage":"fr-FR","@id":"https:\/\/websie.cefe.cnrs.fr\/gdrparcs\/#\/schema\/logo\/image\/","url":"https:\/\/websie.cefe.cnrs.fr\/gdrparcs\/wp-content\/uploads\/2019\/02\/cropped-cropped-cropped-cropped-cropped-cropped-cropped-Logo-GDRPARCS-5.jpg","contentUrl":"https:\/\/websie.cefe.cnrs.fr\/gdrparcs\/wp-content\/uploads\/2019\/02\/cropped-cropped-cropped-cropped-cropped-cropped-cropped-Logo-GDRPARCS-5.jpg","width":424,"height":353,"caption":"Recherche Action Participative"},"image":{"@id":"https:\/\/websie.cefe.cnrs.fr\/gdrparcs\/#\/schema\/logo\/image\/"}}]}},"rttpg_featured_image_url":{"full":["https:\/\/websie.cefe.cnrs.fr\/gdrparcs\/wp-content\/uploads\/2019\/02\/PagePrincipale_Sans_titre_20150519110419_20150519110537.jpg",1025,345,false],"landscape":["https:\/\/websie.cefe.cnrs.fr\/gdrparcs\/wp-content\/uploads\/2019\/02\/PagePrincipale_Sans_titre_20150519110419_20150519110537.jpg",1025,345,false],"portraits":["https:\/\/websie.cefe.cnrs.fr\/gdrparcs\/wp-content\/uploads\/2019\/02\/PagePrincipale_Sans_titre_20150519110419_20150519110537.jpg",1025,345,false],"thumbnail":["https:\/\/websie.cefe.cnrs.fr\/gdrparcs\/wp-content\/uploads\/2019\/02\/PagePrincipale_Sans_titre_20150519110419_20150519110537-150x150.jpg",150,150,true],"medium":["https:\/\/websie.cefe.cnrs.fr\/gdrparcs\/wp-content\/uploads\/2019\/02\/PagePrincipale_Sans_titre_20150519110419_20150519110537-300x101.jpg",300,101,true],"large":["https:\/\/websie.cefe.cnrs.fr\/gdrparcs\/wp-content\/uploads\/2019\/02\/PagePrincipale_Sans_titre_20150519110419_20150519110537-1024x345.jpg",1024,345,true],"1536x1536":["https:\/\/websie.cefe.cnrs.fr\/gdrparcs\/wp-content\/uploads\/2019\/02\/PagePrincipale_Sans_titre_20150519110419_20150519110537.jpg",1025,345,false],"2048x2048":["https:\/\/websie.cefe.cnrs.fr\/gdrparcs\/wp-content\/uploads\/2019\/02\/PagePrincipale_Sans_titre_20150519110419_20150519110537.jpg",1025,345,false]},"rttpg_author":{"display_name":"Emilie Dias","author_link":"https:\/\/websie.cefe.cnrs.fr\/gdrparcs\/author\/emilied\/"},"rttpg_comment":0,"rttpg_category":null,"rttpg_excerpt":"La multiplication des initiatives de Sciences Citoyennes (SC) et de Recherche Action participative (RAP)et collaborative ces derni\u00e8res ann\u00e9es sugg\u00e8re qu\u0092une [&hellip;]","_links":{"self":[{"href":"https:\/\/websie.cefe.cnrs.fr\/gdrparcs\/wp-json\/wp\/v2\/pages\/933","targetHints":{"allow":["GET"]}}],"collection":[{"href":"https:\/\/websie.cefe.cnrs.fr\/gdrparcs\/wp-json\/wp\/v2\/pages"}],"about":[{"href":"https:\/\/websie.cefe.cnrs.fr\/gdrparcs\/wp-json\/wp\/v2\/types\/page"}],"author":[{"embeddable":true,"href":"https:\/\/websie.cefe.cnrs.fr\/gdrparcs\/wp-json\/wp\/v2\/users\/2"}],"replies":[{"embeddable":true,"href":"https:\/\/websie.cefe.cnrs.fr\/gdrparcs\/wp-json\/wp\/v2\/comments?post=933"}],"version-history":[{"count":2,"href":"https:\/\/websie.cefe.cnrs.fr\/gdrparcs\/wp-json\/wp\/v2\/pages\/933\/revisions"}],"predecessor-version":[{"id":974,"href":"https:\/\/websie.cefe.cnrs.fr\/gdrparcs\/wp-json\/wp\/v2\/pages\/933\/revisions\/974"}],"wp:featuredmedia":[{"embeddable":true,"href":"https:\/\/websie.cefe.cnrs.fr\/gdrparcs\/wp-json\/wp\/v2\/media\/48"}],"wp:attachment":[{"href":"https:\/\/websie.cefe.cnrs.fr\/gdrparcs\/wp-json\/wp\/v2\/media?parent=933"}],"curies":[{"name":"wp","href":"https:\/\/api.w.org\/{rel}","templated":true}]}}