{"id":77,"date":"2019-02-28T18:17:49","date_gmt":"2019-02-28T17:17:49","guid":{"rendered":"http:\/\/websie.cefe.cnrs.fr\/gdrparcs\/?page_id=77"},"modified":"2026-01-23T14:03:48","modified_gmt":"2026-01-23T13:03:48","slug":"gdr-parcs","status":"publish","type":"page","link":"https:\/\/websie.cefe.cnrs.fr\/gdrparcs\/","title":{"rendered":"Accueil"},"content":{"rendered":"<h1>Le GDR PARCS<\/h1>\n<p>Participatory Action Research &amp; Citizen Sciences<\/p>\n<p>Le GDR (Groupement de Recherche) PARCS (Participatory Action Research and Citizen Sciences) a \u00e9t\u00e9 cr\u00e9\u00e9 \u00e0 l\u2019occasion du s\u00e9minaire des 24 et 25 avril 2014 r\u00e9unissant 25 personnes au Hameau de l\u2019Etoile.\u00a0<\/p>\n<p>La multiplication des initiatives de Sciences Citoyennes (SC) et de Recherche Action participative (RAP) et collaborative ces derni\u00e8res ann\u00e9es sugg\u00e8re qu\u2019une nouvelle mani\u00e8re d\u2019aborder les relations entre les sciences et la soci\u00e9t\u00e9 est devenue n\u00e9cessaire. Quelles sont les motivations qui existent tant du c\u00f4t\u00e9 de la soci\u00e9t\u00e9 civile que de la communaut\u00e9\u00a0scientifique ?\u00a0Ce GDR a pour objectif de proposer un cadre de r\u00e9flexion et des conseils sur les mani\u00e8res de construire et r\u00e9aliser des programmes de SC et RAP. Il co-construira un dialogue entre diff\u00e9rentes initiatives existantes, regroupera les \u00e9nergies dispers\u00e9es en France sur ces questions, g\u00e9n\u00e9rera des synergies et des collaborations entre ces initiatives, mutualisera les pratiques participatives dans la recherche scientifique fran\u00e7aise sur la biodiversit\u00e9.<\/p>\n<h2>Nos actions<\/h2>\n<p>Les formations et les \u00e9coles th\u00e9matiques de recherche action participative (RAP) organis\u00e9es<\/p>\n<p>\t\t\t\t\t<a href=\"https:\/\/websie.cefe.cnrs.fr\/gdrparcs\/formations\/\" target=\"_blank\"><br \/>\n\t\t\t\t\t\t\t\t\tEn savoir plus<br \/>\n\t\t\t\t\t<\/a><\/p>\n<h2>Notre approche<\/h2>\n<p>D\u00e9couvrez en d&rsquo;avantage sur notre approche et les valeurs de la RAP<\/p>\n<p>\t\t\t\t\t<a href=\"https:\/\/websie.cefe.cnrs.fr\/gdrparcs\/ressources\/\" target=\"_blank\"><br \/>\n\t\t\t\t\t\t\t\t\tEn savoir plus<br \/>\n\t\t\t\t\t<\/a><\/p>\n<h2>Nos outils <\/h2>\n<p>Pour en savoir plus sur es moyens habiles de la Recherche Action Participative\u00a0<\/p>\n<p>\t\t\t\t\t<a href=\"https:\/\/websie.cefe.cnrs.fr\/gdrparcs\/videos-de-j-chevalier\/\" target=\"_blank\"><br \/>\n\t\t\t\t\t\t\t\t\tEn savoir plus<br \/>\n\t\t\t\t\t<\/a><\/p>\n<h1>Nos objectifs<\/h1>\n<ul>\n<li>D\u00e9velopper d\u2019autres approches de recherche int\u00e9grant les savoirs citoyens,<\/li>\n<li>Am\u00e9liorer nos pratiques de recherche, de participation, de sensibilisation,<\/li>\n<li>Am\u00e9liorer les b\u00e9n\u00e9fices r\u00e9ciproques chercheurs\/citoyens,<\/li>\n<li>Savoir comment mieux r\u00e9pondre \u00e0 la demande sociale,<\/li>\n<li>Mieux int\u00e9grer les citoyens et la soci\u00e9t\u00e9 en amont et en aval des projets de recherche,<\/li>\n<li>Faire des citoyens des relais pour l\u2019\u00e9ducation \u00e0 la d\u00e9marche scientifique.<\/li>\n<\/ul>\n<p>\t\t\t\t\t\t\t\t\t\t\t\t\t\t\t<img fetchpriority=\"high\" decoding=\"async\" width=\"424\" height=\"544\" src=\"https:\/\/websie.cefe.cnrs.fr\/gdrparcs\/wp-content\/uploads\/2024\/04\/cropped-Logo_GDRPARCS.jpg\" alt=\"\" \/>\t\t\t\t\t\t\t\t\t\t\t\t\t\t\t<\/p>\n<h2>Les projets<\/h2>\n<p>Les projets et programmes de Recherche Action Participative<\/p>\n<p>\t\t\t\t\t<a href=\"https:\/\/websie.cefe.cnrs.fr\/gdrparcs\/les-projets\/\" target=\"_blank\"><br \/>\n\t\t\t\t\t\t\t\t\tEn savoir plus<br \/>\n\t\t\t\t\t<\/a><\/p>\n<h2>Les techniques<\/h2>\n<p>D\u00e9couvrez en d&rsquo;avantage sur les techniques d&rsquo;animation<\/p>\n<p>\t\t\t\t\t<a href=\"https:\/\/websie.cefe.cnrs.fr\/gdrparcs\/videos-de-j-chevalier\/\" target=\"_blank\"><br \/>\n\t\t\t\t\t\t\t\t\tEn savoir plus<br \/>\n\t\t\t\t\t<\/a><\/p>\n<h2>Les ressources<\/h2>\n<p>Les ressources de la Recherche Action Participative\u00a0<\/p>\n<p>\t\t\t\t\t<a href=\"https:\/\/websie.cefe.cnrs.fr\/gdrparcs\/ressources\/\" target=\"_blank\"><br \/>\n\t\t\t\t\t\t\t\t\tEn savoir plus<br \/>\n\t\t\t\t\t<\/a><br \/>\n\t\t\t\t\t\t\t\t\t\t\t\t\t\t\t<img decoding=\"async\" width=\"726\" height=\"1024\" src=\"https:\/\/websie.cefe.cnrs.fr\/gdrparcs\/wp-content\/uploads\/2019\/02\/carte-726x1024.png\" alt=\"\" \/>\t\t\t\t\t\t\t\t\t\t\t\t\t\t\t<\/p>\n<p>Carte postale r\u00e9alis\u00e9e \u00e0 l&rsquo;occasion de l&rsquo;\u00e9cole th\u00e9matique 2016<\/p>\n<h1>Le manifeste du GDR <\/h1>\n<p><em>\u00ab\u00a0Notre soci\u00e9t\u00e9 est confront\u00e9e aujourd\u2019hui \u00e0 des crises majeures (changement climatique, perte de la biodiversit\u00e9, crise \u00e9conomique, \u00e9pid\u00e9mies, \u2026) dont la r\u00e9solution n\u00e9cessitera l\u2019implication pleine et enti\u00e8re des citoyens. L\u2019engagement aux c\u00f4t\u00e9s de chercheurs pour r\u00e9fl\u00e9chir ensemble aux questions soci\u00e9tales et imaginer des solutions est la cl\u00e9 pour devenir acteur des d\u00e9cisions prises et ainsi passer \u00e0 l\u2019action. Dans ce contexte, une nouvelle \u00e9thique des relations entre Science et Soci\u00e9t\u00e9 se dessine, et les nombreux qualificatifs qui peuvent \u00eatre regroup\u00e9s sous l\u2019expression \u00ab\u00a0Sciences Participatives\u00a0\u00bb prennent tout leur sens : il ne s\u2019agit plus d\u2019extraire les observations ou connaissances du citoyen afin d\u2019alimenter la base de donn\u00e9es du chercheur, mais bien de co-construire avec le citoyen des projets de recherche adapt\u00e9s dont le d\u00e9roul\u00e9 sera caract\u00e9ris\u00e9 par une collaboration permanente aboutissant \u00e0 une meilleure compr\u00e9hension des ph\u00e9nom\u00e8nes et \u00e0 l\u2019\u00e9laboration conjointe de solutions, condition pour une acceptation soci\u00e9tale efficace.\u00a0<\/em><strong>GDR PARCS.\u00a0\u00bb<\/strong><\/p>\n<h1>Les derni\u00e8res actualit\u00e9s <\/h1>\n<p>Vous trouverez dans cette section, des actualit\u00e9s en lien avec la Recherche Action Participative (appel \u00e0 projets, appels \u00e0 articles, \u00e9v\u00e9nements, &#8230;). \ud83d\udea7Page en cours de construction \ud83d\udea7\u00a0<\/p>\n<p>\t\t\t\t\t<a data-id=\"2512\" href=\"https:\/\/websie.cefe.cnrs.fr\/gdrparcs\/nouvelle-revue-psychologie\/\" target=\"_self\">                        <img decoding=\"async\" src=\"https:\/\/websie.cefe.cnrs.fr\/gdrparcs\/wp-content\/uploads\/2024\/04\/telechargement-1-1.jpg\"\n                             width=\"300\"\n                             height=\"168\"\n                             alt=\"Nouvelle revue psychosociologie\"><br \/>\n\t\t<\/a><\/p>\n<h3><a data-id=\"2512\" href=\"https:\/\/websie.cefe.cnrs.fr\/gdrparcs\/nouvelle-revue-psychologie\/\" target=\"_self\">Nouvelle revue psychosociologie<\/a><\/h3>\n<p>\t\t\t\t\t\t\t\t                    <a href=\"https:\/\/websie.cefe.cnrs.fr\/gdrparcs\/2024\/04\/12\/\"><br \/>\n\t\t\t\t\t12 avril 2024\t\t\t\t<\/a><br \/>\n\t\t\t\t\t\t\tN\u00b039 \u2013 Recherche-action, Enjeux professionnels et lieux de vieParution : Printemps 2025 Sous la&#8230;<br \/>\n\t\t\t\t\t<a data-id=\"2512\" href=\"https:\/\/websie.cefe.cnrs.fr\/gdrparcs\/nouvelle-revue-psychologie\/\" target=\"_self\">En savoir plus<\/a><br \/>\n\t\t\t\t\t<a data-id=\"2476\" href=\"https:\/\/websie.cefe.cnrs.fr\/gdrparcs\/prochaine-formation-rap\/\" target=\"_self\">                        <img loading=\"lazy\" decoding=\"async\" src=\"https:\/\/websie.cefe.cnrs.fr\/gdrparcs\/wp-content\/uploads\/2024\/04\/image001-2.png\"\n                             width=\"633\"\n                             height=\"567\"\n                             alt=\"Prochaine formation RAP\"><br \/>\n\t\t<\/a><\/p>\n<h3><a data-id=\"2476\" href=\"https:\/\/websie.cefe.cnrs.fr\/gdrparcs\/prochaine-formation-rap\/\" target=\"_self\">Prochaine formation RAP<\/a><\/h3>\n<p>\t\t\t\t\t\t\t\t                    <a href=\"https:\/\/websie.cefe.cnrs.fr\/gdrparcs\/2024\/04\/12\/\"><br \/>\n\t\t\t\t\t12 avril 2024\t\t\t\t<\/a><br \/>\n\t\t\t\t\t\t\tMOYENS HABILLES DE LA RECHERCHE-ACTION PARTICIPATIVE CO-ANIM\u00c9E PAR ISABELLE HARDY ET CHRISTIAN&#8230;<br \/>\n\t\t\t\t\t<a data-id=\"2476\" href=\"https:\/\/websie.cefe.cnrs.fr\/gdrparcs\/prochaine-formation-rap\/\" target=\"_self\">En savoir plus<\/a><br \/>\n\t\t\t\t\t<a data-id=\"2335\" href=\"https:\/\/websie.cefe.cnrs.fr\/gdrparcs\/recherches-participatives-les-leviers-de-linclusivite\/\" target=\"_self\">                        <img loading=\"lazy\" decoding=\"async\" src=\"https:\/\/websie.cefe.cnrs.fr\/gdrparcs\/wp-content\/uploads\/2024\/04\/csm_Sans_titre_12fa48152f.jpg\"\n                             width=\"1170\"\n                             height=\"658\"\n                             alt=\"\u00a0Recherches participatives, les leviers de l&rsquo;inclusivit\u00e9 \u00ab\u00a0\"><br \/>\n\t\t<\/a><\/p>\n<h3><a data-id=\"2335\" href=\"https:\/\/websie.cefe.cnrs.fr\/gdrparcs\/recherches-participatives-les-leviers-de-linclusivite\/\" target=\"_self\">\u00a0Recherches participatives, les leviers de l&rsquo;inclusivit\u00e9 \u00ab\u00a0<\/a><\/h3>\n<p>\t\t\t\t\t\t\t\t                    <a href=\"https:\/\/websie.cefe.cnrs.fr\/gdrparcs\/2024\/04\/11\/\"><br \/>\n\t\t\t\t\t11 avril 2024\t\t\t\t<\/a><br \/>\n\t\t\t\t\t\t\tDans le cadre du Printemps de l&rsquo;Innovation, le groupe de recherche RRI et la Boutique de&#8230;<br \/>\n\t\t\t\t\t<a data-id=\"2335\" href=\"https:\/\/websie.cefe.cnrs.fr\/gdrparcs\/recherches-participatives-les-leviers-de-linclusivite\/\" target=\"_self\">En savoir plus<\/a><br \/>\n\t\t\t\t\t<a data-id=\"1295\" href=\"https:\/\/websie.cefe.cnrs.fr\/gdrparcs\/articles-conseilles\/\" target=\"_self\">                        <img loading=\"lazy\" decoding=\"async\" src=\"https:\/\/websie.cefe.cnrs.fr\/gdrparcs\/wp-content\/uploads\/2024\/03\/istockphoto-1389876555-612x612-1.jpg\"\n                             width=\"612\"\n                             height=\"408\"\n                             alt=\"Articles conseill\u00e9s\"><br \/>\n\t\t<\/a><\/p>\n<h3><a data-id=\"1295\" href=\"https:\/\/websie.cefe.cnrs.fr\/gdrparcs\/articles-conseilles\/\" target=\"_self\">Articles conseill\u00e9s<\/a><\/h3>\n<p>\t\t\t\t\t\t\t\t                    <a href=\"https:\/\/websie.cefe.cnrs.fr\/gdrparcs\/2024\/03\/22\/\"><br \/>\n\t\t\t\t\t22 mars 2024\t\t\t\t<\/a><br \/>\n\t\t\t\t\t\t\tGuide de la Recherche Action, la planification et l\u2019\u00e9valuation participatives : \ud83d\udd17Cliquez ici&#8230;<br \/>\n\t\t\t\t\t<a data-id=\"1295\" href=\"https:\/\/websie.cefe.cnrs.fr\/gdrparcs\/articles-conseilles\/\" target=\"_self\">En savoir plus<\/a><br \/>\n\t\t\t\t\t<a data-id=\"1278\" href=\"https:\/\/websie.cefe.cnrs.fr\/gdrparcs\/financements-appel-a-projets\/\" target=\"_self\">                        <img loading=\"lazy\" decoding=\"async\" src=\"https:\/\/websie.cefe.cnrs.fr\/gdrparcs\/wp-content\/uploads\/2024\/03\/startup-594090_1280.jpg\"\n                             width=\"1280\"\n                             height=\"853\"\n                             alt=\"Financement &#8211; Appels \u00e0 projets\"><br \/>\n\t\t<\/a><\/p>\n<h3><a data-id=\"1278\" href=\"https:\/\/websie.cefe.cnrs.fr\/gdrparcs\/financements-appel-a-projets\/\" target=\"_self\">Financement &#8211; Appels \u00e0 projets<\/a><\/h3>\n<p>\t\t\t\t\t\t\t\t                    <a href=\"https:\/\/websie.cefe.cnrs.fr\/gdrparcs\/2024\/03\/22\/\"><br \/>\n\t\t\t\t\t22 mars 2024\t\t\t\t<\/a><br \/>\n\t\t\t\t\t\t\t&#8230;<br \/>\n\t\t\t\t\t<a data-id=\"1278\" href=\"https:\/\/websie.cefe.cnrs.fr\/gdrparcs\/financements-appel-a-projets\/\" target=\"_self\">En savoir plus<\/a><br \/>\n\t\t\t\t\t<a data-id=\"1113\" href=\"https:\/\/websie.cefe.cnrs.fr\/gdrparcs\/alter-media\/\" target=\"_self\">                        <img loading=\"lazy\" decoding=\"async\" src=\"https:\/\/websie.cefe.cnrs.fr\/gdrparcs\/wp-content\/uploads\/2023\/07\/PREMIRERE_PAGE-2.png\"\n                             width=\"345\"\n                             height=\"428\"\n                             alt=\"Alters Media\"><br \/>\n\t\t<\/a><\/p>\n<h3><a data-id=\"1113\" href=\"https:\/\/websie.cefe.cnrs.fr\/gdrparcs\/alter-media\/\" target=\"_self\">Alters Media<\/a><\/h3>\n<p>\t\t\t\t\t\t\t\t                    <a href=\"https:\/\/websie.cefe.cnrs.fr\/gdrparcs\/2023\/07\/07\/\"><br \/>\n\t\t\t\t\t7 juillet 2023\t\t\t\t<\/a><br \/>\n\t\t\t\t\t\t\tVous \u00eates impliqu\u00e9.e et concern\u00e9.e par les probl\u00e9matiques de recherches participatives, sur la&#8230;<br \/>\n\t\t\t\t\t<a data-id=\"1113\" href=\"https:\/\/websie.cefe.cnrs.fr\/gdrparcs\/alter-media\/\" target=\"_self\">En savoir plus<\/a><br \/>\n\t\t\t\t\t<a data-id=\"812\" href=\"https:\/\/websie.cefe.cnrs.fr\/gdrparcs\/ecole-dete-a-bruxelles\/\" target=\"_self\">                        <img loading=\"lazy\" decoding=\"async\" src=\"https:\/\/websie.cefe.cnrs.fr\/gdrparcs\/wp-content\/uploads\/2020\/04\/Sans-tirptre.jpg\"\n                             width=\"503\"\n                             height=\"467\"\n                             alt=\"Ecole th\u00e9matique \u00e0 Bruxelles\"><br \/>\n\t\t<\/a><\/p>\n<h3><a data-id=\"812\" href=\"https:\/\/websie.cefe.cnrs.fr\/gdrparcs\/ecole-dete-a-bruxelles\/\" target=\"_self\">Ecole th\u00e9matique \u00e0 Bruxelles<\/a><\/h3>\n<p>\t\t\t\t\t\t\t\t                    <a href=\"https:\/\/websie.cefe.cnrs.fr\/gdrparcs\/2020\/04\/23\/\"><br \/>\n\t\t\t\t\t23 avril 2020\t\t\t\t<\/a><br \/>\n\t\t\t\t\t\t\tNous avons le plaisir de vous annoncer le\u00a0lancement des pr\u00e9inscriptions\u00a0pour\u00a0l\u2019\u00e9cole&#8230;<br \/>\n\t\t\t\t\t<a data-id=\"812\" href=\"https:\/\/websie.cefe.cnrs.fr\/gdrparcs\/ecole-dete-a-bruxelles\/\" target=\"_self\">En savoir plus<\/a><br \/>\n\t\t\t\t\t<a data-id=\"804\" href=\"https:\/\/websie.cefe.cnrs.fr\/gdrparcs\/compte-rendu-et-bilan-et-2019\/\" target=\"_self\">                        <img loading=\"lazy\" decoding=\"async\" src=\"https:\/\/websie.cefe.cnrs.fr\/gdrparcs\/wp-content\/uploads\/2020\/04\/GOPR0149-1-scaled.jpg\"\n                             width=\"2560\"\n                             height=\"1920\"\n                             alt=\"Compte Rendu et Bilan ET 2019\"><br \/>\n\t\t<\/a><\/p>\n<h3><a data-id=\"804\" href=\"https:\/\/websie.cefe.cnrs.fr\/gdrparcs\/compte-rendu-et-bilan-et-2019\/\" target=\"_self\">Compte Rendu et Bilan ET 2019<\/a><\/h3>\n<p>\t\t\t\t\t\t\t\t                    <a href=\"https:\/\/websie.cefe.cnrs.fr\/gdrparcs\/2020\/04\/23\/\"><br \/>\n\t\t\t\t\t23 avril 2020\t\t\t\t<\/a><br \/>\n\t\t\t\t\t\t\tNous avons le plaisir de vous faire parvenir le compte rendu de l&rsquo;\u00e9cole th\u00e9matique ( formation&#8230;<br \/>\n\t\t\t\t\t<a data-id=\"804\" href=\"https:\/\/websie.cefe.cnrs.fr\/gdrparcs\/compte-rendu-et-bilan-et-2019\/\" target=\"_self\">En savoir plus<\/a><\/p>\n","protected":false},"excerpt":{"rendered":"<p>Le GDR PARCS Participatory Action Research &amp; Citizen Sciences Le GDR (Groupement de Recherche) PARCS (Participatory Action Research and Citizen [&hellip;]<\/p>\n","protected":false},"author":1,"featured_media":0,"parent":0,"menu_order":0,"comment_status":"closed","ping_status":"closed","template":"","meta":{"site-sidebar-layout":"default","site-content-layout":"","ast-site-content-layout":"default","site-content-style":"default","site-sidebar-style":"default","ast-global-header-display":"","ast-banner-title-visibility":"","ast-main-header-display":"","ast-hfb-above-header-display":"","ast-hfb-below-header-display":"","ast-hfb-mobile-header-display":"","site-post-title":"disabled","ast-breadcrumbs-content":"","ast-featured-img":"","footer-sml-layout":"","ast-disable-related-posts":"","theme-transparent-header-meta":"","adv-header-id-meta":"","stick-header-meta":"","header-above-stick-meta":"","header-main-stick-meta":"","header-below-stick-meta":"","astra-migrate-meta-layouts":"default","ast-page-background-enabled":"default","ast-page-background-meta":{"desktop":{"background-color":"var(--ast-global-color-4)","background-image":"","background-repeat":"repeat","background-position":"center center","background-size":"auto","background-attachment":"scroll","background-type":"","background-media":"","overlay-type":"","overlay-color":"","overlay-opacity":"","overlay-gradient":""},"tablet":{"background-color":"","background-image":"","background-repeat":"repeat","background-position":"center center","background-size":"auto","background-attachment":"scroll","background-type":"","background-media":"","overlay-type":"","overlay-color":"","overlay-opacity":"","overlay-gradient":""},"mobile":{"background-color":"","background-image":"","background-repeat":"repeat","background-position":"center center","background-size":"auto","background-attachment":"scroll","background-type":"","background-media":"","overlay-type":"","overlay-color":"","overlay-opacity":"","overlay-gradient":""}},"ast-content-background-meta":{"desktop":{"background-color":"var(--ast-global-color-5)","background-image":"","background-repeat":"repeat","background-position":"center center","background-size":"auto","background-attachment":"scroll","background-type":"","background-media":"","overlay-type":"","overlay-color":"","overlay-opacity":"","overlay-gradient":""},"tablet":{"background-color":"var(--ast-global-color-5)","background-image":"","background-repeat":"repeat","background-position":"center center","background-size":"auto","background-attachment":"scroll","background-type":"","background-media":"","overlay-type":"","overlay-color":"","overlay-opacity":"","overlay-gradient":""},"mobile":{"background-color":"var(--ast-global-color-5)","background-image":"","background-repeat":"repeat","background-position":"center center","background-size":"auto","background-attachment":"scroll","background-type":"","background-media":"","overlay-type":"","overlay-color":"","overlay-opacity":"","overlay-gradient":""}},"footnotes":""},"class_list":["post-77","page","type-page","status-publish","hentry"],"yoast_head":"<!-- This site is optimized with the Yoast SEO plugin v26.7 - https:\/\/yoast.com\/wordpress\/plugins\/seo\/ -->\n<title>Accueil - Recherche Action Participative<\/title>\n<meta name=\"robots\" content=\"index, follow, max-snippet:-1, max-image-preview:large, max-video-preview:-1\" \/>\n<link rel=\"canonical\" href=\"https:\/\/websie.cefe.cnrs.fr\/gdrparcs\/\" \/>\n<meta property=\"og:locale\" content=\"fr_FR\" \/>\n<meta property=\"og:type\" content=\"article\" \/>\n<meta property=\"og:title\" content=\"Accueil - Recherche Action Participative\" \/>\n<meta property=\"og:description\" content=\"Le GDR PARCS Participatory Action Research &amp; Citizen Sciences Le GDR (Groupement de Recherche) PARCS (Participatory Action Research and Citizen [&hellip;]\" \/>\n<meta property=\"og:url\" content=\"https:\/\/websie.cefe.cnrs.fr\/gdrparcs\/\" \/>\n<meta property=\"og:site_name\" content=\"Recherche Action Participative\" \/>\n<meta property=\"article:modified_time\" content=\"2026-01-23T13:03:48+00:00\" \/>\n<meta property=\"og:image\" content=\"https:\/\/websie.cefe.cnrs.fr\/gdrparcs\/wp-content\/uploads\/2024\/04\/cropped-Logo_GDRPARCS.jpg\" \/>\n<meta name=\"twitter:card\" content=\"summary_large_image\" \/>\n<meta name=\"twitter:label1\" content=\"Dur\u00e9e de lecture estim\u00e9e\" \/>\n\t<meta name=\"twitter:data1\" content=\"6 minutes\" \/>\n<script type=\"application\/ld+json\" class=\"yoast-schema-graph\">{\"@context\":\"https:\/\/schema.org\",\"@graph\":[{\"@type\":\"WebPage\",\"@id\":\"https:\/\/websie.cefe.cnrs.fr\/gdrparcs\/\",\"url\":\"https:\/\/websie.cefe.cnrs.fr\/gdrparcs\/\",\"name\":\"Accueil - Recherche Action Participative\",\"isPartOf\":{\"@id\":\"https:\/\/websie.cefe.cnrs.fr\/gdrparcs\/#website\"},\"primaryImageOfPage\":{\"@id\":\"https:\/\/websie.cefe.cnrs.fr\/gdrparcs\/#primaryimage\"},\"image\":{\"@id\":\"https:\/\/websie.cefe.cnrs.fr\/gdrparcs\/#primaryimage\"},\"thumbnailUrl\":\"https:\/\/websie.cefe.cnrs.fr\/gdrparcs\/wp-content\/uploads\/2024\/04\/cropped-Logo_GDRPARCS.jpg\",\"datePublished\":\"2019-02-28T17:17:49+00:00\",\"dateModified\":\"2026-01-23T13:03:48+00:00\",\"breadcrumb\":{\"@id\":\"https:\/\/websie.cefe.cnrs.fr\/gdrparcs\/#breadcrumb\"},\"inLanguage\":\"fr-FR\",\"potentialAction\":[{\"@type\":\"ReadAction\",\"target\":[\"https:\/\/websie.cefe.cnrs.fr\/gdrparcs\/\"]}]},{\"@type\":\"ImageObject\",\"inLanguage\":\"fr-FR\",\"@id\":\"https:\/\/websie.cefe.cnrs.fr\/gdrparcs\/#primaryimage\",\"url\":\"https:\/\/websie.cefe.cnrs.fr\/gdrparcs\/wp-content\/uploads\/2024\/04\/cropped-Logo_GDRPARCS.jpg\",\"contentUrl\":\"https:\/\/websie.cefe.cnrs.fr\/gdrparcs\/wp-content\/uploads\/2024\/04\/cropped-Logo_GDRPARCS.jpg\",\"width\":424,\"height\":544},{\"@type\":\"BreadcrumbList\",\"@id\":\"https:\/\/websie.cefe.cnrs.fr\/gdrparcs\/#breadcrumb\",\"itemListElement\":[{\"@type\":\"ListItem\",\"position\":1,\"name\":\"Accueil\",\"item\":\"https:\/\/websie.cefe.cnrs.fr\/gdrparcs\/\"},{\"@type\":\"ListItem\",\"position\":2,\"name\":\"Accueil\"}]},{\"@type\":\"WebSite\",\"@id\":\"https:\/\/websie.cefe.cnrs.fr\/gdrparcs\/#website\",\"url\":\"https:\/\/websie.cefe.cnrs.fr\/gdrparcs\/\",\"name\":\"Recherche Action Participative\",\"description\":\"\",\"publisher\":{\"@id\":\"https:\/\/websie.cefe.cnrs.fr\/gdrparcs\/#organization\"},\"potentialAction\":[{\"@type\":\"SearchAction\",\"target\":{\"@type\":\"EntryPoint\",\"urlTemplate\":\"https:\/\/websie.cefe.cnrs.fr\/gdrparcs\/?s={search_term_string}\"},\"query-input\":{\"@type\":\"PropertyValueSpecification\",\"valueRequired\":true,\"valueName\":\"search_term_string\"}}],\"inLanguage\":\"fr-FR\"},{\"@type\":\"Organization\",\"@id\":\"https:\/\/websie.cefe.cnrs.fr\/gdrparcs\/#organization\",\"name\":\"Recherche Action Participative\",\"url\":\"https:\/\/websie.cefe.cnrs.fr\/gdrparcs\/\",\"logo\":{\"@type\":\"ImageObject\",\"inLanguage\":\"fr-FR\",\"@id\":\"https:\/\/websie.cefe.cnrs.fr\/gdrparcs\/#\/schema\/logo\/image\/\",\"url\":\"https:\/\/websie.cefe.cnrs.fr\/gdrparcs\/wp-content\/uploads\/2019\/02\/cropped-cropped-cropped-cropped-cropped-cropped-cropped-Logo-GDRPARCS-5.jpg\",\"contentUrl\":\"https:\/\/websie.cefe.cnrs.fr\/gdrparcs\/wp-content\/uploads\/2019\/02\/cropped-cropped-cropped-cropped-cropped-cropped-cropped-Logo-GDRPARCS-5.jpg\",\"width\":424,\"height\":353,\"caption\":\"Recherche Action Participative\"},\"image\":{\"@id\":\"https:\/\/websie.cefe.cnrs.fr\/gdrparcs\/#\/schema\/logo\/image\/\"}}]}<\/script>\n<!-- \/ Yoast SEO plugin. -->","yoast_head_json":{"title":"Accueil - Recherche Action Participative","robots":{"index":"index","follow":"follow","max-snippet":"max-snippet:-1","max-image-preview":"max-image-preview:large","max-video-preview":"max-video-preview:-1"},"canonical":"https:\/\/websie.cefe.cnrs.fr\/gdrparcs\/","og_locale":"fr_FR","og_type":"article","og_title":"Accueil - Recherche Action Participative","og_description":"Le GDR PARCS Participatory Action Research &amp; Citizen Sciences Le GDR (Groupement de Recherche) PARCS (Participatory Action Research and Citizen [&hellip;]","og_url":"https:\/\/websie.cefe.cnrs.fr\/gdrparcs\/","og_site_name":"Recherche Action Participative","article_modified_time":"2026-01-23T13:03:48+00:00","og_image":[{"url":"https:\/\/websie.cefe.cnrs.fr\/gdrparcs\/wp-content\/uploads\/2024\/04\/cropped-Logo_GDRPARCS.jpg","type":"","width":"","height":""}],"twitter_card":"summary_large_image","twitter_misc":{"Dur\u00e9e de lecture estim\u00e9e":"6 minutes"},"schema":{"@context":"https:\/\/schema.org","@graph":[{"@type":"WebPage","@id":"https:\/\/websie.cefe.cnrs.fr\/gdrparcs\/","url":"https:\/\/websie.cefe.cnrs.fr\/gdrparcs\/","name":"Accueil - Recherche Action Participative","isPartOf":{"@id":"https:\/\/websie.cefe.cnrs.fr\/gdrparcs\/#website"},"primaryImageOfPage":{"@id":"https:\/\/websie.cefe.cnrs.fr\/gdrparcs\/#primaryimage"},"image":{"@id":"https:\/\/websie.cefe.cnrs.fr\/gdrparcs\/#primaryimage"},"thumbnailUrl":"https:\/\/websie.cefe.cnrs.fr\/gdrparcs\/wp-content\/uploads\/2024\/04\/cropped-Logo_GDRPARCS.jpg","datePublished":"2019-02-28T17:17:49+00:00","dateModified":"2026-01-23T13:03:48+00:00","breadcrumb":{"@id":"https:\/\/websie.cefe.cnrs.fr\/gdrparcs\/#breadcrumb"},"inLanguage":"fr-FR","potentialAction":[{"@type":"ReadAction","target":["https:\/\/websie.cefe.cnrs.fr\/gdrparcs\/"]}]},{"@type":"ImageObject","inLanguage":"fr-FR","@id":"https:\/\/websie.cefe.cnrs.fr\/gdrparcs\/#primaryimage","url":"https:\/\/websie.cefe.cnrs.fr\/gdrparcs\/wp-content\/uploads\/2024\/04\/cropped-Logo_GDRPARCS.jpg","contentUrl":"https:\/\/websie.cefe.cnrs.fr\/gdrparcs\/wp-content\/uploads\/2024\/04\/cropped-Logo_GDRPARCS.jpg","width":424,"height":544},{"@type":"BreadcrumbList","@id":"https:\/\/websie.cefe.cnrs.fr\/gdrparcs\/#breadcrumb","itemListElement":[{"@type":"ListItem","position":1,"name":"Accueil","item":"https:\/\/websie.cefe.cnrs.fr\/gdrparcs\/"},{"@type":"ListItem","position":2,"name":"Accueil"}]},{"@type":"WebSite","@id":"https:\/\/websie.cefe.cnrs.fr\/gdrparcs\/#website","url":"https:\/\/websie.cefe.cnrs.fr\/gdrparcs\/","name":"Recherche Action Participative","description":"","publisher":{"@id":"https:\/\/websie.cefe.cnrs.fr\/gdrparcs\/#organization"},"potentialAction":[{"@type":"SearchAction","target":{"@type":"EntryPoint","urlTemplate":"https:\/\/websie.cefe.cnrs.fr\/gdrparcs\/?s={search_term_string}"},"query-input":{"@type":"PropertyValueSpecification","valueRequired":true,"valueName":"search_term_string"}}],"inLanguage":"fr-FR"},{"@type":"Organization","@id":"https:\/\/websie.cefe.cnrs.fr\/gdrparcs\/#organization","name":"Recherche Action Participative","url":"https:\/\/websie.cefe.cnrs.fr\/gdrparcs\/","logo":{"@type":"ImageObject","inLanguage":"fr-FR","@id":"https:\/\/websie.cefe.cnrs.fr\/gdrparcs\/#\/schema\/logo\/image\/","url":"https:\/\/websie.cefe.cnrs.fr\/gdrparcs\/wp-content\/uploads\/2019\/02\/cropped-cropped-cropped-cropped-cropped-cropped-cropped-Logo-GDRPARCS-5.jpg","contentUrl":"https:\/\/websie.cefe.cnrs.fr\/gdrparcs\/wp-content\/uploads\/2019\/02\/cropped-cropped-cropped-cropped-cropped-cropped-cropped-Logo-GDRPARCS-5.jpg","width":424,"height":353,"caption":"Recherche Action Participative"},"image":{"@id":"https:\/\/websie.cefe.cnrs.fr\/gdrparcs\/#\/schema\/logo\/image\/"}}]}},"rttpg_featured_image_url":null,"rttpg_author":{"display_name":"sblangy","author_link":"https:\/\/websie.cefe.cnrs.fr\/gdrparcs\/author\/sblangy\/"},"rttpg_comment":0,"rttpg_category":null,"rttpg_excerpt":"Le GDR PARCS Participatory Action Research &amp; Citizen Sciences Le GDR (Groupement de Recherche) PARCS (Participatory Action Research and Citizen [&hellip;]","_links":{"self":[{"href":"https:\/\/websie.cefe.cnrs.fr\/gdrparcs\/wp-json\/wp\/v2\/pages\/77","targetHints":{"allow":["GET"]}}],"collection":[{"href":"https:\/\/websie.cefe.cnrs.fr\/gdrparcs\/wp-json\/wp\/v2\/pages"}],"about":[{"href":"https:\/\/websie.cefe.cnrs.fr\/gdrparcs\/wp-json\/wp\/v2\/types\/page"}],"author":[{"embeddable":true,"href":"https:\/\/websie.cefe.cnrs.fr\/gdrparcs\/wp-json\/wp\/v2\/users\/1"}],"replies":[{"embeddable":true,"href":"https:\/\/websie.cefe.cnrs.fr\/gdrparcs\/wp-json\/wp\/v2\/comments?post=77"}],"version-history":[{"count":275,"href":"https:\/\/websie.cefe.cnrs.fr\/gdrparcs\/wp-json\/wp\/v2\/pages\/77\/revisions"}],"predecessor-version":[{"id":2581,"href":"https:\/\/websie.cefe.cnrs.fr\/gdrparcs\/wp-json\/wp\/v2\/pages\/77\/revisions\/2581"}],"wp:attachment":[{"href":"https:\/\/websie.cefe.cnrs.fr\/gdrparcs\/wp-json\/wp\/v2\/media?parent=77"}],"curies":[{"name":"wp","href":"https:\/\/api.w.org\/{rel}","templated":true}]}}