{"id":59,"date":"2019-02-28T18:13:02","date_gmt":"2019-02-28T17:13:02","guid":{"rendered":"http:\/\/websie.cefe.cnrs.fr\/gdrparcs\/?page_id=59"},"modified":"2024-03-22T14:14:37","modified_gmt":"2024-03-22T13:14:37","slug":"qui-sommes-nous","status":"publish","type":"page","link":"https:\/\/websie.cefe.cnrs.fr\/gdrparcs\/qui-sommes-nous\/","title":{"rendered":"Qui sommes nous ?"},"content":{"rendered":"\n<h3 class=\"has-luminous-vivid-amber-color has-text-color has-text-align-center wp-block-heading\">GDR PARCS<\/h3>\n\n\n\n<p><a href=\"https:\/\/www.tela-botanica.org\/wikini\/gdr-parcs\/wakka.php?wiki=PagePrincipale&amp;Authorization=\" target=\"_blank\" rel=\"noreferrer noopener\">Le GDR (Groupement de  Recherche) PARCS (Participatory Action Research and Citizen Sciences)<\/a> a  \u00e9t\u00e9 cr\u00e9\u00e9 \u00e0 l\u2019occasion du s\u00e9minaire des 24 et 25 avril 2014 r\u00e9unissant 25  personnes au Hameau de l\u2019Etoile.<\/p>\n\n\n\n<p style=\"background-color:#ffffff\" class=\"has-text-color has-background has-very-dark-gray-color\">La multiplication des \ninitiatives de Sciences Citoyennes (SC) et de Recherche Action \nparticipative (RAP) et collaborative ces derni\u00e8res ann\u00e9es sugg\u00e8re qu\u2019une\n nouvelle mani\u00e8re d\u2019aborder les relations entre les sciences et la \nsoci\u00e9t\u00e9 est devenue n\u00e9cessaire. Quelles sont les motivations qui \nexistent tant du c\u00f4t\u00e9 de la soci\u00e9t\u00e9 civile que de la communaut\u00e9 \nscientifique ?<\/p>\n\n\n\n<p style=\"color:#175a40\" class=\"has-text-color has-background has-luminous-vivid-amber-background-color\">Ce GDR a pour objectif  de proposer un cadre de r\u00e9flexion et des conseils sur les mani\u00e8res de  construire et r\u00e9aliser des programmes de SC et RAP. Il co-construira un  dialogue entre diff\u00e9rentes initiatives existantes, regroupera les  \u00e9nergies dispers\u00e9es en France sur ces questions, g\u00e9n\u00e9rera des synergies  et des collaborations entre ces initiatives, mutualisera les pratiques  participatives dans la recherche scientifique fran\u00e7aise sur la  biodiversit\u00e9.<\/p>\n\n\n\n<p style=\"background-color:#ffffff\" class=\"has-text-color has-background has-very-dark-gray-color\"> Plus sp\u00e9cifiquement les objectifs sont de :<\/p>\n\n\n\n<p>\u2022 d\u00e9velopper d\u2019autres approches de recherche int\u00e9grant les savoirs citoyens,<\/p>\n\n\n\n<p>\u2022 am\u00e9liorer nos pratiques de recherche, de participation, de sensibilisation,<\/p>\n\n\n\n<p>\u2022 am\u00e9liorer les b\u00e9n\u00e9fices r\u00e9ciproques chercheurs\/citoyens,<\/p>\n\n\n\n<p>\u2022 savoir comment mieux r\u00e9pondre \u00e0 la demande sociale,<\/p>\n\n\n\n<p>\u2022 mieux int\u00e9grer les citoyens et la soci\u00e9t\u00e9 en amont et en aval des projets de recherche,<\/p>\n\n\n\n<p>\u2022 faire des citoyens des relais pour l\u2019\u00e9ducation \u00e0 la d\u00e9marche scientifique.<\/p>\n\n\n\n<p>Ce GDR regroupe un large\n spectre de partenaires repr\u00e9sentant les diff\u00e9rentes parties prenantes \nde la RAP et des SC : associations, soci\u00e9t\u00e9 civile, unit\u00e9s de recherche ;\n sciences sociales, sciences de la vie et sciences de la terre. Les \nquestions de recherche abord\u00e9es dans six groupes de travail feront \nl\u2019objet de projets men\u00e9s parall\u00e8lement par des \u00e9tudiants en master, \ndoctorat et post- doc. Nous esp\u00e9rons d\u2019ici 4 ans servir de centre de \nr\u00e9f\u00e9rence et d\u2019incubateur de projets de recherche repr\u00e9sentatifs des \nth\u00e8mes que nous explorerons ensemble.<\/p>\n","protected":false},"excerpt":{"rendered":"<p>GDR PARCS Le GDR (Groupement de Recherche) PARCS (Participatory Action Research and Citizen Sciences) a \u00e9t\u00e9 cr\u00e9\u00e9 \u00e0 l\u2019occasion du [&hellip;]<\/p>\n","protected":false},"author":1,"featured_media":48,"parent":0,"menu_order":0,"comment_status":"closed","ping_status":"closed","template":"","meta":{"site-sidebar-layout":"default","site-content-layout":"","ast-site-content-layout":"default","site-content-style":"default","site-sidebar-style":"default","ast-global-header-display":"","ast-banner-title-visibility":"","ast-main-header-display":"","ast-hfb-above-header-display":"","ast-hfb-below-header-display":"","ast-hfb-mobile-header-display":"","site-post-title":"","ast-breadcrumbs-content":"","ast-featured-img":"","footer-sml-layout":"","ast-disable-related-posts":"","theme-transparent-header-meta":"","adv-header-id-meta":"","stick-header-meta":"","header-above-stick-meta":"","header-main-stick-meta":"","header-below-stick-meta":"","astra-migrate-meta-layouts":"default","ast-page-background-enabled":"default","ast-page-background-meta":{"desktop":{"background-color":"var(--ast-global-color-4)","background-image":"","background-repeat":"repeat","background-position":"center center","background-size":"auto","background-attachment":"scroll","background-type":"","background-media":"","overlay-type":"","overlay-color":"","overlay-opacity":"","overlay-gradient":""},"tablet":{"background-color":"","background-image":"","background-repeat":"repeat","background-position":"center center","background-size":"auto","background-attachment":"scroll","background-type":"","background-media":"","overlay-type":"","overlay-color":"","overlay-opacity":"","overlay-gradient":""},"mobile":{"background-color":"","background-image":"","background-repeat":"repeat","background-position":"center center","background-size":"auto","background-attachment":"scroll","background-type":"","background-media":"","overlay-type":"","overlay-color":"","overlay-opacity":"","overlay-gradient":""}},"ast-content-background-meta":{"desktop":{"background-color":"var(--ast-global-color-5)","background-image":"","background-repeat":"repeat","background-position":"center center","background-size":"auto","background-attachment":"scroll","background-type":"","background-media":"","overlay-type":"","overlay-color":"","overlay-opacity":"","overlay-gradient":""},"tablet":{"background-color":"var(--ast-global-color-5)","background-image":"","background-repeat":"repeat","background-position":"center center","background-size":"auto","background-attachment":"scroll","background-type":"","background-media":"","overlay-type":"","overlay-color":"","overlay-opacity":"","overlay-gradient":""},"mobile":{"background-color":"var(--ast-global-color-5)","background-image":"","background-repeat":"repeat","background-position":"center center","background-size":"auto","background-attachment":"scroll","background-type":"","background-media":"","overlay-type":"","overlay-color":"","overlay-opacity":"","overlay-gradient":""}},"footnotes":""},"class_list":["post-59","page","type-page","status-publish","has-post-thumbnail","hentry"],"yoast_head":"<!-- This site is optimized with the Yoast SEO plugin v26.7 - https:\/\/yoast.com\/wordpress\/plugins\/seo\/ -->\n<title>Qui sommes nous ? - Recherche Action Participative<\/title>\n<meta name=\"robots\" content=\"index, follow, max-snippet:-1, max-image-preview:large, max-video-preview:-1\" \/>\n<link rel=\"canonical\" href=\"https:\/\/websie.cefe.cnrs.fr\/gdrparcs\/qui-sommes-nous\/\" \/>\n<meta property=\"og:locale\" content=\"fr_FR\" \/>\n<meta property=\"og:type\" content=\"article\" \/>\n<meta property=\"og:title\" content=\"Qui sommes nous ? - Recherche Action Participative\" \/>\n<meta property=\"og:description\" content=\"GDR PARCS Le GDR (Groupement de Recherche) PARCS (Participatory Action Research and Citizen Sciences) a \u00e9t\u00e9 cr\u00e9\u00e9 \u00e0 l\u2019occasion du [&hellip;]\" \/>\n<meta property=\"og:url\" content=\"https:\/\/websie.cefe.cnrs.fr\/gdrparcs\/qui-sommes-nous\/\" \/>\n<meta property=\"og:site_name\" content=\"Recherche Action Participative\" \/>\n<meta property=\"article:modified_time\" content=\"2024-03-22T13:14:37+00:00\" \/>\n<meta property=\"og:image\" content=\"https:\/\/websie.cefe.cnrs.fr\/gdrparcs\/wp-content\/uploads\/2019\/02\/PagePrincipale_Sans_titre_20150519110419_20150519110537.jpg\" \/>\n\t<meta property=\"og:image:width\" content=\"1025\" \/>\n\t<meta property=\"og:image:height\" content=\"345\" \/>\n\t<meta property=\"og:image:type\" content=\"image\/jpeg\" \/>\n<meta name=\"twitter:card\" content=\"summary_large_image\" \/>\n<meta name=\"twitter:label1\" content=\"Dur\u00e9e de lecture estim\u00e9e\" \/>\n\t<meta name=\"twitter:data1\" content=\"2 minutes\" \/>\n<script type=\"application\/ld+json\" class=\"yoast-schema-graph\">{\"@context\":\"https:\/\/schema.org\",\"@graph\":[{\"@type\":\"WebPage\",\"@id\":\"https:\/\/websie.cefe.cnrs.fr\/gdrparcs\/qui-sommes-nous\/\",\"url\":\"https:\/\/websie.cefe.cnrs.fr\/gdrparcs\/qui-sommes-nous\/\",\"name\":\"Qui sommes nous ? - Recherche Action Participative\",\"isPartOf\":{\"@id\":\"https:\/\/websie.cefe.cnrs.fr\/gdrparcs\/#website\"},\"primaryImageOfPage\":{\"@id\":\"https:\/\/websie.cefe.cnrs.fr\/gdrparcs\/qui-sommes-nous\/#primaryimage\"},\"image\":{\"@id\":\"https:\/\/websie.cefe.cnrs.fr\/gdrparcs\/qui-sommes-nous\/#primaryimage\"},\"thumbnailUrl\":\"https:\/\/websie.cefe.cnrs.fr\/gdrparcs\/wp-content\/uploads\/2019\/02\/PagePrincipale_Sans_titre_20150519110419_20150519110537.jpg\",\"datePublished\":\"2019-02-28T17:13:02+00:00\",\"dateModified\":\"2024-03-22T13:14:37+00:00\",\"breadcrumb\":{\"@id\":\"https:\/\/websie.cefe.cnrs.fr\/gdrparcs\/qui-sommes-nous\/#breadcrumb\"},\"inLanguage\":\"fr-FR\",\"potentialAction\":[{\"@type\":\"ReadAction\",\"target\":[\"https:\/\/websie.cefe.cnrs.fr\/gdrparcs\/qui-sommes-nous\/\"]}]},{\"@type\":\"ImageObject\",\"inLanguage\":\"fr-FR\",\"@id\":\"https:\/\/websie.cefe.cnrs.fr\/gdrparcs\/qui-sommes-nous\/#primaryimage\",\"url\":\"https:\/\/websie.cefe.cnrs.fr\/gdrparcs\/wp-content\/uploads\/2019\/02\/PagePrincipale_Sans_titre_20150519110419_20150519110537.jpg\",\"contentUrl\":\"https:\/\/websie.cefe.cnrs.fr\/gdrparcs\/wp-content\/uploads\/2019\/02\/PagePrincipale_Sans_titre_20150519110419_20150519110537.jpg\",\"width\":1025,\"height\":345},{\"@type\":\"BreadcrumbList\",\"@id\":\"https:\/\/websie.cefe.cnrs.fr\/gdrparcs\/qui-sommes-nous\/#breadcrumb\",\"itemListElement\":[{\"@type\":\"ListItem\",\"position\":1,\"name\":\"Accueil\",\"item\":\"https:\/\/websie.cefe.cnrs.fr\/gdrparcs\/\"},{\"@type\":\"ListItem\",\"position\":2,\"name\":\"Qui sommes nous ?\"}]},{\"@type\":\"WebSite\",\"@id\":\"https:\/\/websie.cefe.cnrs.fr\/gdrparcs\/#website\",\"url\":\"https:\/\/websie.cefe.cnrs.fr\/gdrparcs\/\",\"name\":\"Recherche Action Participative\",\"description\":\"\",\"publisher\":{\"@id\":\"https:\/\/websie.cefe.cnrs.fr\/gdrparcs\/#organization\"},\"potentialAction\":[{\"@type\":\"SearchAction\",\"target\":{\"@type\":\"EntryPoint\",\"urlTemplate\":\"https:\/\/websie.cefe.cnrs.fr\/gdrparcs\/?s={search_term_string}\"},\"query-input\":{\"@type\":\"PropertyValueSpecification\",\"valueRequired\":true,\"valueName\":\"search_term_string\"}}],\"inLanguage\":\"fr-FR\"},{\"@type\":\"Organization\",\"@id\":\"https:\/\/websie.cefe.cnrs.fr\/gdrparcs\/#organization\",\"name\":\"Recherche Action Participative\",\"url\":\"https:\/\/websie.cefe.cnrs.fr\/gdrparcs\/\",\"logo\":{\"@type\":\"ImageObject\",\"inLanguage\":\"fr-FR\",\"@id\":\"https:\/\/websie.cefe.cnrs.fr\/gdrparcs\/#\/schema\/logo\/image\/\",\"url\":\"https:\/\/websie.cefe.cnrs.fr\/gdrparcs\/wp-content\/uploads\/2019\/02\/cropped-cropped-cropped-cropped-cropped-cropped-cropped-Logo-GDRPARCS-5.jpg\",\"contentUrl\":\"https:\/\/websie.cefe.cnrs.fr\/gdrparcs\/wp-content\/uploads\/2019\/02\/cropped-cropped-cropped-cropped-cropped-cropped-cropped-Logo-GDRPARCS-5.jpg\",\"width\":424,\"height\":353,\"caption\":\"Recherche Action Participative\"},\"image\":{\"@id\":\"https:\/\/websie.cefe.cnrs.fr\/gdrparcs\/#\/schema\/logo\/image\/\"}}]}<\/script>\n<!-- \/ Yoast SEO plugin. -->","yoast_head_json":{"title":"Qui sommes nous ? - Recherche Action Participative","robots":{"index":"index","follow":"follow","max-snippet":"max-snippet:-1","max-image-preview":"max-image-preview:large","max-video-preview":"max-video-preview:-1"},"canonical":"https:\/\/websie.cefe.cnrs.fr\/gdrparcs\/qui-sommes-nous\/","og_locale":"fr_FR","og_type":"article","og_title":"Qui sommes nous ? - Recherche Action Participative","og_description":"GDR PARCS Le GDR (Groupement de Recherche) PARCS (Participatory Action Research and Citizen Sciences) a \u00e9t\u00e9 cr\u00e9\u00e9 \u00e0 l\u2019occasion du [&hellip;]","og_url":"https:\/\/websie.cefe.cnrs.fr\/gdrparcs\/qui-sommes-nous\/","og_site_name":"Recherche Action Participative","article_modified_time":"2024-03-22T13:14:37+00:00","og_image":[{"width":1025,"height":345,"url":"https:\/\/websie.cefe.cnrs.fr\/gdrparcs\/wp-content\/uploads\/2019\/02\/PagePrincipale_Sans_titre_20150519110419_20150519110537.jpg","type":"image\/jpeg"}],"twitter_card":"summary_large_image","twitter_misc":{"Dur\u00e9e de lecture estim\u00e9e":"2 minutes"},"schema":{"@context":"https:\/\/schema.org","@graph":[{"@type":"WebPage","@id":"https:\/\/websie.cefe.cnrs.fr\/gdrparcs\/qui-sommes-nous\/","url":"https:\/\/websie.cefe.cnrs.fr\/gdrparcs\/qui-sommes-nous\/","name":"Qui sommes nous ? - Recherche Action Participative","isPartOf":{"@id":"https:\/\/websie.cefe.cnrs.fr\/gdrparcs\/#website"},"primaryImageOfPage":{"@id":"https:\/\/websie.cefe.cnrs.fr\/gdrparcs\/qui-sommes-nous\/#primaryimage"},"image":{"@id":"https:\/\/websie.cefe.cnrs.fr\/gdrparcs\/qui-sommes-nous\/#primaryimage"},"thumbnailUrl":"https:\/\/websie.cefe.cnrs.fr\/gdrparcs\/wp-content\/uploads\/2019\/02\/PagePrincipale_Sans_titre_20150519110419_20150519110537.jpg","datePublished":"2019-02-28T17:13:02+00:00","dateModified":"2024-03-22T13:14:37+00:00","breadcrumb":{"@id":"https:\/\/websie.cefe.cnrs.fr\/gdrparcs\/qui-sommes-nous\/#breadcrumb"},"inLanguage":"fr-FR","potentialAction":[{"@type":"ReadAction","target":["https:\/\/websie.cefe.cnrs.fr\/gdrparcs\/qui-sommes-nous\/"]}]},{"@type":"ImageObject","inLanguage":"fr-FR","@id":"https:\/\/websie.cefe.cnrs.fr\/gdrparcs\/qui-sommes-nous\/#primaryimage","url":"https:\/\/websie.cefe.cnrs.fr\/gdrparcs\/wp-content\/uploads\/2019\/02\/PagePrincipale_Sans_titre_20150519110419_20150519110537.jpg","contentUrl":"https:\/\/websie.cefe.cnrs.fr\/gdrparcs\/wp-content\/uploads\/2019\/02\/PagePrincipale_Sans_titre_20150519110419_20150519110537.jpg","width":1025,"height":345},{"@type":"BreadcrumbList","@id":"https:\/\/websie.cefe.cnrs.fr\/gdrparcs\/qui-sommes-nous\/#breadcrumb","itemListElement":[{"@type":"ListItem","position":1,"name":"Accueil","item":"https:\/\/websie.cefe.cnrs.fr\/gdrparcs\/"},{"@type":"ListItem","position":2,"name":"Qui sommes nous ?"}]},{"@type":"WebSite","@id":"https:\/\/websie.cefe.cnrs.fr\/gdrparcs\/#website","url":"https:\/\/websie.cefe.cnrs.fr\/gdrparcs\/","name":"Recherche Action Participative","description":"","publisher":{"@id":"https:\/\/websie.cefe.cnrs.fr\/gdrparcs\/#organization"},"potentialAction":[{"@type":"SearchAction","target":{"@type":"EntryPoint","urlTemplate":"https:\/\/websie.cefe.cnrs.fr\/gdrparcs\/?s={search_term_string}"},"query-input":{"@type":"PropertyValueSpecification","valueRequired":true,"valueName":"search_term_string"}}],"inLanguage":"fr-FR"},{"@type":"Organization","@id":"https:\/\/websie.cefe.cnrs.fr\/gdrparcs\/#organization","name":"Recherche Action Participative","url":"https:\/\/websie.cefe.cnrs.fr\/gdrparcs\/","logo":{"@type":"ImageObject","inLanguage":"fr-FR","@id":"https:\/\/websie.cefe.cnrs.fr\/gdrparcs\/#\/schema\/logo\/image\/","url":"https:\/\/websie.cefe.cnrs.fr\/gdrparcs\/wp-content\/uploads\/2019\/02\/cropped-cropped-cropped-cropped-cropped-cropped-cropped-Logo-GDRPARCS-5.jpg","contentUrl":"https:\/\/websie.cefe.cnrs.fr\/gdrparcs\/wp-content\/uploads\/2019\/02\/cropped-cropped-cropped-cropped-cropped-cropped-cropped-Logo-GDRPARCS-5.jpg","width":424,"height":353,"caption":"Recherche Action Participative"},"image":{"@id":"https:\/\/websie.cefe.cnrs.fr\/gdrparcs\/#\/schema\/logo\/image\/"}}]}},"rttpg_featured_image_url":{"full":["https:\/\/websie.cefe.cnrs.fr\/gdrparcs\/wp-content\/uploads\/2019\/02\/PagePrincipale_Sans_titre_20150519110419_20150519110537.jpg",1025,345,false],"landscape":["https:\/\/websie.cefe.cnrs.fr\/gdrparcs\/wp-content\/uploads\/2019\/02\/PagePrincipale_Sans_titre_20150519110419_20150519110537.jpg",1025,345,false],"portraits":["https:\/\/websie.cefe.cnrs.fr\/gdrparcs\/wp-content\/uploads\/2019\/02\/PagePrincipale_Sans_titre_20150519110419_20150519110537.jpg",1025,345,false],"thumbnail":["https:\/\/websie.cefe.cnrs.fr\/gdrparcs\/wp-content\/uploads\/2019\/02\/PagePrincipale_Sans_titre_20150519110419_20150519110537-150x150.jpg",150,150,true],"medium":["https:\/\/websie.cefe.cnrs.fr\/gdrparcs\/wp-content\/uploads\/2019\/02\/PagePrincipale_Sans_titre_20150519110419_20150519110537-300x101.jpg",300,101,true],"large":["https:\/\/websie.cefe.cnrs.fr\/gdrparcs\/wp-content\/uploads\/2019\/02\/PagePrincipale_Sans_titre_20150519110419_20150519110537-1024x345.jpg",1024,345,true],"1536x1536":["https:\/\/websie.cefe.cnrs.fr\/gdrparcs\/wp-content\/uploads\/2019\/02\/PagePrincipale_Sans_titre_20150519110419_20150519110537.jpg",1025,345,false],"2048x2048":["https:\/\/websie.cefe.cnrs.fr\/gdrparcs\/wp-content\/uploads\/2019\/02\/PagePrincipale_Sans_titre_20150519110419_20150519110537.jpg",1025,345,false]},"rttpg_author":{"display_name":"sblangy","author_link":"https:\/\/websie.cefe.cnrs.fr\/gdrparcs\/author\/sblangy\/"},"rttpg_comment":0,"rttpg_category":null,"rttpg_excerpt":"GDR PARCS Le GDR (Groupement de Recherche) PARCS (Participatory Action Research and Citizen Sciences) a \u00e9t\u00e9 cr\u00e9\u00e9 \u00e0 l\u2019occasion du [&hellip;]","_links":{"self":[{"href":"https:\/\/websie.cefe.cnrs.fr\/gdrparcs\/wp-json\/wp\/v2\/pages\/59","targetHints":{"allow":["GET"]}}],"collection":[{"href":"https:\/\/websie.cefe.cnrs.fr\/gdrparcs\/wp-json\/wp\/v2\/pages"}],"about":[{"href":"https:\/\/websie.cefe.cnrs.fr\/gdrparcs\/wp-json\/wp\/v2\/types\/page"}],"author":[{"embeddable":true,"href":"https:\/\/websie.cefe.cnrs.fr\/gdrparcs\/wp-json\/wp\/v2\/users\/1"}],"replies":[{"embeddable":true,"href":"https:\/\/websie.cefe.cnrs.fr\/gdrparcs\/wp-json\/wp\/v2\/comments?post=59"}],"version-history":[{"count":8,"href":"https:\/\/websie.cefe.cnrs.fr\/gdrparcs\/wp-json\/wp\/v2\/pages\/59\/revisions"}],"predecessor-version":[{"id":550,"href":"https:\/\/websie.cefe.cnrs.fr\/gdrparcs\/wp-json\/wp\/v2\/pages\/59\/revisions\/550"}],"wp:featuredmedia":[{"embeddable":true,"href":"https:\/\/websie.cefe.cnrs.fr\/gdrparcs\/wp-json\/wp\/v2\/media\/48"}],"wp:attachment":[{"href":"https:\/\/websie.cefe.cnrs.fr\/gdrparcs\/wp-json\/wp\/v2\/media?parent=59"}],"curies":[{"name":"wp","href":"https:\/\/api.w.org\/{rel}","templated":true}]}}