{"id":301,"date":"2019-11-20T12:01:08","date_gmt":"2019-11-20T11:01:08","guid":{"rendered":"http:\/\/websie.cefe.cnrs.fr\/gdrparcs\/?page_id=301"},"modified":"2020-01-16T13:58:48","modified_gmt":"2020-01-16T12:58:48","slug":"benevoles","status":"publish","type":"page","link":"https:\/\/websie.cefe.cnrs.fr\/gdrparcs\/benevoles\/","title":{"rendered":"Stagiaire"},"content":{"rendered":"\n<p style=\"color:#ffffff\" class=\"has-text-color has-background has-luminous-vivid-amber-background-color\">Plusieurs \u00e9tudiantes nous accompagnent dans la pr\u00e9paration et l&rsquo;organisation de l&rsquo;\u00e9cole th\u00e9matique. En particulier Emilie Dias, Master MAB \u00e0 Tououse et Audrey Ballery, Master GEEFTT \u00e0 AgroParisTech, Montpellier. Merci \u00e0 Emilie pour la conception du site, du formulaire d&rsquo;inscription et la maintenance du site. Merci \u00e0 Audrey pour le tableau collaboratif sur les ateliers et la recherche de b\u00e9n\u00e9voles.  <\/p>\n\n\n\n<p>.<\/p>\n\n\n\n<div class=\"wp-block-image\"><figure class=\"alignleft is-resized\"><img decoding=\"async\" src=\"https:\/\/ecolethematique.sciencesconf.org\/data\/pages\/FDMY2679.jpg\" alt=\"FDMY2679.jpg\" width=\"150\" height=\"192\"\/><\/figure><\/div>\n\n\n\n<p style=\"background-color:#047979\" class=\"has-text-color has-background has-luminous-vivid-amber-color\"><strong>Emilie Dias<\/strong>&nbsp;: \u00ab\u00a0Je suis actuellement \u00e9tudiante en master II Man &amp; Biosphere \u00e0 l&rsquo;universit\u00e9 Toulouse III Paul Sabatier. Ce parcours s&rsquo;inspire du programme \u00ab\u00a0l&rsquo;Homme et la Biosphere\u00a0\u00bb de l&rsquo;UNESCO, qui vise \u00e0 am\u00e9liorer la relation Homme-Nature pour une gestion durable des ressources naturelles. Cette formation encourage fortement les approches novatrices et participatives pour un d\u00e9veloppement&nbsp; respectueux des valeurs sociales, culturelles et \u00e9cologiques. Passion\u00e9e par les questions environnementales, sensible aux d\u00e9marches participatives\/citoyennes, et d\u00e9sireuse de m&rsquo;initier \u00e0 la m\u00e9thodologie de la Recherche-Action-Participative, j&rsquo;ai eu l&rsquo;opportunit\u00e9 de rejoindre&nbsp; Sylvie Blangy et Christian Reynaud dans le cadre de mon stage de fin d&rsquo;\u00e9tude. Ce stage s&rsquo;int\u00e9resse tout particuli\u00e8rement \u00e0 l&rsquo;appropriation citoyenne de la transition \u00e9nerg\u00e9tique sur Montpellier, et \u00e0 l&rsquo;accompagnement des initiatives citoyennes qui ont \u00e9merg\u00e9es dans le cadre de ce projet. J&rsquo;aide \u00e9galement \u00e0 la pr\u00e9paration et \u00e0 la co-construction de cette \u00e9cole th\u00e9matique 2019.\u00a0\u00bb <\/p>\n\n\n\n<p><\/p>\n\n\n\n<div class=\"wp-block-image\"><figure class=\"alignleft is-resized\"><img decoding=\"async\" src=\"https:\/\/ecolethematique.sciencesconf.org\/data\/pages\/Audrey.jpg\" alt=\"Audrey.jpg\" width=\"180\" height=\"152\"\/><\/figure><\/div>\n\n\n\n<p style=\"color:#25634a\" class=\"has-text-color has-background has-luminous-vivid-amber-background-color\"><strong>Au<\/strong><strong>drey Ballery<\/strong>&nbsp;: \u00ab\u00a0J&rsquo;\u00e9tudie actuellement en derni\u00e8re ann\u00e9e du cycle ing\u00e9nieur en gestion de l&rsquo;environnement. J&rsquo;ai pour fil conducteur de mes \u00e9tudes la pr\u00e9servation de l&rsquo;environnement et l&rsquo;am\u00e9lioration des conditions de vie des populations. Apr\u00e8s avoir \u00e9tudi\u00e9 l\u2019\u00e9cologie et la biologie des organismes \u00e0 l\u2019Universit\u00e9 de Montpellier, j\u2019ai suivi une formation \u00e0 l\u2019Institut des R\u00e9gions Chaudes sur les syst\u00e8mes alimentaires durables dans les pays du \u00ab&nbsp;Sud&nbsp;\u00bb. Enfin, je me sp\u00e9cialise dans la gestion durable de l\u2019environnement et des \u00e9cosyst\u00e8mes des for\u00eats tropicales avec pour objectif de m&rsquo;initier aux d\u00e9marches participatives. J\u2019ai eu l\u2019opportunit\u00e9 de travailler sur des sujets autant divers que passionnants&nbsp;: sur les perceptions des p\u00eacheurs sur les r\u00e9serves marines en M\u00e9diterran\u00e9e, la mise en place d\u2019une fili\u00e8re de commerce \u00e9quitable pour les&nbsp;Kichwas&nbsp;avec des produits issus de la reforestation en Equateur pour l\u2019ONG Ishpingo et derni\u00e8rement de travailler comme responsable d\u00e9veloppement durable pour un h\u00f4tel en Polyn\u00e9sie fran\u00e7aise.&nbsp;Lors de mon stage de fin d\u2019\u00e9tudes, j\u2019accompagne Sylvie Blangy et son \u00e9quipe, sur l\u2019Ecole Th\u00e9matique du GDR PARCS pour analyser les diff\u00e9rents projets environnementaux de Recherche Action Participative et Sciences Citoyennes notamment celui avec les p\u00eacheurs des Saintes-Maries-de-la-Mer.\u00a0\u00bb<br><\/p>\n","protected":false},"excerpt":{"rendered":"<p>Plusieurs \u00e9tudiantes nous accompagnent dans la pr\u00e9paration et l&rsquo;organisation de l&rsquo;\u00e9cole th\u00e9matique. En particulier Emilie Dias, Master MAB \u00e0 Tououse [&hellip;]<\/p>\n","protected":false},"author":1,"featured_media":0,"parent":0,"menu_order":0,"comment_status":"closed","ping_status":"closed","template":"","meta":{"site-sidebar-layout":"default","site-content-layout":"","ast-site-content-layout":"default","site-content-style":"default","site-sidebar-style":"default","ast-global-header-display":"","ast-banner-title-visibility":"","ast-main-header-display":"","ast-hfb-above-header-display":"","ast-hfb-below-header-display":"","ast-hfb-mobile-header-display":"","site-post-title":"","ast-breadcrumbs-content":"","ast-featured-img":"","footer-sml-layout":"","ast-disable-related-posts":"","theme-transparent-header-meta":"","adv-header-id-meta":"","stick-header-meta":"","header-above-stick-meta":"","header-main-stick-meta":"","header-below-stick-meta":"","astra-migrate-meta-layouts":"default","ast-page-background-enabled":"default","ast-page-background-meta":{"desktop":{"background-color":"var(--ast-global-color-4)","background-image":"","background-repeat":"repeat","background-position":"center center","background-size":"auto","background-attachment":"scroll","background-type":"","background-media":"","overlay-type":"","overlay-color":"","overlay-opacity":"","overlay-gradient":""},"tablet":{"background-color":"","background-image":"","background-repeat":"repeat","background-position":"center center","background-size":"auto","background-attachment":"scroll","background-type":"","background-media":"","overlay-type":"","overlay-color":"","overlay-opacity":"","overlay-gradient":""},"mobile":{"background-color":"","background-image":"","background-repeat":"repeat","background-position":"center center","background-size":"auto","background-attachment":"scroll","background-type":"","background-media":"","overlay-type":"","overlay-color":"","overlay-opacity":"","overlay-gradient":""}},"ast-content-background-meta":{"desktop":{"background-color":"var(--ast-global-color-5)","background-image":"","background-repeat":"repeat","background-position":"center center","background-size":"auto","background-attachment":"scroll","background-type":"","background-media":"","overlay-type":"","overlay-color":"","overlay-opacity":"","overlay-gradient":""},"tablet":{"background-color":"var(--ast-global-color-5)","background-image":"","background-repeat":"repeat","background-position":"center center","background-size":"auto","background-attachment":"scroll","background-type":"","background-media":"","overlay-type":"","overlay-color":"","overlay-opacity":"","overlay-gradient":""},"mobile":{"background-color":"var(--ast-global-color-5)","background-image":"","background-repeat":"repeat","background-position":"center center","background-size":"auto","background-attachment":"scroll","background-type":"","background-media":"","overlay-type":"","overlay-color":"","overlay-opacity":"","overlay-gradient":""}},"footnotes":""},"class_list":["post-301","page","type-page","status-publish","hentry"],"yoast_head":"<!-- This site is optimized with the Yoast SEO plugin v26.7 - https:\/\/yoast.com\/wordpress\/plugins\/seo\/ -->\n<title>Stagiaire - Recherche Action Participative<\/title>\n<meta name=\"robots\" content=\"index, follow, max-snippet:-1, max-image-preview:large, max-video-preview:-1\" \/>\n<link rel=\"canonical\" href=\"https:\/\/websie.cefe.cnrs.fr\/gdrparcs\/benevoles\/\" \/>\n<meta property=\"og:locale\" content=\"fr_FR\" \/>\n<meta property=\"og:type\" content=\"article\" \/>\n<meta property=\"og:title\" content=\"Stagiaire - Recherche Action Participative\" \/>\n<meta property=\"og:description\" content=\"Plusieurs \u00e9tudiantes nous accompagnent dans la pr\u00e9paration et l&rsquo;organisation de l&rsquo;\u00e9cole th\u00e9matique. En particulier Emilie Dias, Master MAB \u00e0 Tououse [&hellip;]\" \/>\n<meta property=\"og:url\" content=\"https:\/\/websie.cefe.cnrs.fr\/gdrparcs\/benevoles\/\" \/>\n<meta property=\"og:site_name\" content=\"Recherche Action Participative\" \/>\n<meta property=\"article:modified_time\" content=\"2020-01-16T12:58:48+00:00\" \/>\n<meta property=\"og:image\" content=\"https:\/\/ecolethematique.sciencesconf.org\/data\/pages\/FDMY2679.jpg\" \/>\n<meta name=\"twitter:card\" content=\"summary_large_image\" \/>\n<meta name=\"twitter:label1\" content=\"Dur\u00e9e de lecture estim\u00e9e\" \/>\n\t<meta name=\"twitter:data1\" content=\"2 minutes\" \/>\n<script type=\"application\/ld+json\" class=\"yoast-schema-graph\">{\"@context\":\"https:\/\/schema.org\",\"@graph\":[{\"@type\":\"WebPage\",\"@id\":\"https:\/\/websie.cefe.cnrs.fr\/gdrparcs\/benevoles\/\",\"url\":\"https:\/\/websie.cefe.cnrs.fr\/gdrparcs\/benevoles\/\",\"name\":\"Stagiaire - Recherche Action Participative\",\"isPartOf\":{\"@id\":\"https:\/\/websie.cefe.cnrs.fr\/gdrparcs\/#website\"},\"primaryImageOfPage\":{\"@id\":\"https:\/\/websie.cefe.cnrs.fr\/gdrparcs\/benevoles\/#primaryimage\"},\"image\":{\"@id\":\"https:\/\/websie.cefe.cnrs.fr\/gdrparcs\/benevoles\/#primaryimage\"},\"thumbnailUrl\":\"https:\/\/ecolethematique.sciencesconf.org\/data\/pages\/FDMY2679.jpg\",\"datePublished\":\"2019-11-20T11:01:08+00:00\",\"dateModified\":\"2020-01-16T12:58:48+00:00\",\"breadcrumb\":{\"@id\":\"https:\/\/websie.cefe.cnrs.fr\/gdrparcs\/benevoles\/#breadcrumb\"},\"inLanguage\":\"fr-FR\",\"potentialAction\":[{\"@type\":\"ReadAction\",\"target\":[\"https:\/\/websie.cefe.cnrs.fr\/gdrparcs\/benevoles\/\"]}]},{\"@type\":\"ImageObject\",\"inLanguage\":\"fr-FR\",\"@id\":\"https:\/\/websie.cefe.cnrs.fr\/gdrparcs\/benevoles\/#primaryimage\",\"url\":\"https:\/\/ecolethematique.sciencesconf.org\/data\/pages\/FDMY2679.jpg\",\"contentUrl\":\"https:\/\/ecolethematique.sciencesconf.org\/data\/pages\/FDMY2679.jpg\"},{\"@type\":\"BreadcrumbList\",\"@id\":\"https:\/\/websie.cefe.cnrs.fr\/gdrparcs\/benevoles\/#breadcrumb\",\"itemListElement\":[{\"@type\":\"ListItem\",\"position\":1,\"name\":\"Accueil\",\"item\":\"https:\/\/websie.cefe.cnrs.fr\/gdrparcs\/\"},{\"@type\":\"ListItem\",\"position\":2,\"name\":\"Stagiaire\"}]},{\"@type\":\"WebSite\",\"@id\":\"https:\/\/websie.cefe.cnrs.fr\/gdrparcs\/#website\",\"url\":\"https:\/\/websie.cefe.cnrs.fr\/gdrparcs\/\",\"name\":\"Recherche Action Participative\",\"description\":\"\",\"publisher\":{\"@id\":\"https:\/\/websie.cefe.cnrs.fr\/gdrparcs\/#organization\"},\"potentialAction\":[{\"@type\":\"SearchAction\",\"target\":{\"@type\":\"EntryPoint\",\"urlTemplate\":\"https:\/\/websie.cefe.cnrs.fr\/gdrparcs\/?s={search_term_string}\"},\"query-input\":{\"@type\":\"PropertyValueSpecification\",\"valueRequired\":true,\"valueName\":\"search_term_string\"}}],\"inLanguage\":\"fr-FR\"},{\"@type\":\"Organization\",\"@id\":\"https:\/\/websie.cefe.cnrs.fr\/gdrparcs\/#organization\",\"name\":\"Recherche Action Participative\",\"url\":\"https:\/\/websie.cefe.cnrs.fr\/gdrparcs\/\",\"logo\":{\"@type\":\"ImageObject\",\"inLanguage\":\"fr-FR\",\"@id\":\"https:\/\/websie.cefe.cnrs.fr\/gdrparcs\/#\/schema\/logo\/image\/\",\"url\":\"https:\/\/websie.cefe.cnrs.fr\/gdrparcs\/wp-content\/uploads\/2019\/02\/cropped-cropped-cropped-cropped-cropped-cropped-cropped-Logo-GDRPARCS-5.jpg\",\"contentUrl\":\"https:\/\/websie.cefe.cnrs.fr\/gdrparcs\/wp-content\/uploads\/2019\/02\/cropped-cropped-cropped-cropped-cropped-cropped-cropped-Logo-GDRPARCS-5.jpg\",\"width\":424,\"height\":353,\"caption\":\"Recherche Action Participative\"},\"image\":{\"@id\":\"https:\/\/websie.cefe.cnrs.fr\/gdrparcs\/#\/schema\/logo\/image\/\"}}]}<\/script>\n<!-- \/ Yoast SEO plugin. -->","yoast_head_json":{"title":"Stagiaire - Recherche Action Participative","robots":{"index":"index","follow":"follow","max-snippet":"max-snippet:-1","max-image-preview":"max-image-preview:large","max-video-preview":"max-video-preview:-1"},"canonical":"https:\/\/websie.cefe.cnrs.fr\/gdrparcs\/benevoles\/","og_locale":"fr_FR","og_type":"article","og_title":"Stagiaire - Recherche Action Participative","og_description":"Plusieurs \u00e9tudiantes nous accompagnent dans la pr\u00e9paration et l&rsquo;organisation de l&rsquo;\u00e9cole th\u00e9matique. En particulier Emilie Dias, Master MAB \u00e0 Tououse [&hellip;]","og_url":"https:\/\/websie.cefe.cnrs.fr\/gdrparcs\/benevoles\/","og_site_name":"Recherche Action Participative","article_modified_time":"2020-01-16T12:58:48+00:00","og_image":[{"url":"https:\/\/ecolethematique.sciencesconf.org\/data\/pages\/FDMY2679.jpg","type":"","width":"","height":""}],"twitter_card":"summary_large_image","twitter_misc":{"Dur\u00e9e de lecture estim\u00e9e":"2 minutes"},"schema":{"@context":"https:\/\/schema.org","@graph":[{"@type":"WebPage","@id":"https:\/\/websie.cefe.cnrs.fr\/gdrparcs\/benevoles\/","url":"https:\/\/websie.cefe.cnrs.fr\/gdrparcs\/benevoles\/","name":"Stagiaire - Recherche Action Participative","isPartOf":{"@id":"https:\/\/websie.cefe.cnrs.fr\/gdrparcs\/#website"},"primaryImageOfPage":{"@id":"https:\/\/websie.cefe.cnrs.fr\/gdrparcs\/benevoles\/#primaryimage"},"image":{"@id":"https:\/\/websie.cefe.cnrs.fr\/gdrparcs\/benevoles\/#primaryimage"},"thumbnailUrl":"https:\/\/ecolethematique.sciencesconf.org\/data\/pages\/FDMY2679.jpg","datePublished":"2019-11-20T11:01:08+00:00","dateModified":"2020-01-16T12:58:48+00:00","breadcrumb":{"@id":"https:\/\/websie.cefe.cnrs.fr\/gdrparcs\/benevoles\/#breadcrumb"},"inLanguage":"fr-FR","potentialAction":[{"@type":"ReadAction","target":["https:\/\/websie.cefe.cnrs.fr\/gdrparcs\/benevoles\/"]}]},{"@type":"ImageObject","inLanguage":"fr-FR","@id":"https:\/\/websie.cefe.cnrs.fr\/gdrparcs\/benevoles\/#primaryimage","url":"https:\/\/ecolethematique.sciencesconf.org\/data\/pages\/FDMY2679.jpg","contentUrl":"https:\/\/ecolethematique.sciencesconf.org\/data\/pages\/FDMY2679.jpg"},{"@type":"BreadcrumbList","@id":"https:\/\/websie.cefe.cnrs.fr\/gdrparcs\/benevoles\/#breadcrumb","itemListElement":[{"@type":"ListItem","position":1,"name":"Accueil","item":"https:\/\/websie.cefe.cnrs.fr\/gdrparcs\/"},{"@type":"ListItem","position":2,"name":"Stagiaire"}]},{"@type":"WebSite","@id":"https:\/\/websie.cefe.cnrs.fr\/gdrparcs\/#website","url":"https:\/\/websie.cefe.cnrs.fr\/gdrparcs\/","name":"Recherche Action Participative","description":"","publisher":{"@id":"https:\/\/websie.cefe.cnrs.fr\/gdrparcs\/#organization"},"potentialAction":[{"@type":"SearchAction","target":{"@type":"EntryPoint","urlTemplate":"https:\/\/websie.cefe.cnrs.fr\/gdrparcs\/?s={search_term_string}"},"query-input":{"@type":"PropertyValueSpecification","valueRequired":true,"valueName":"search_term_string"}}],"inLanguage":"fr-FR"},{"@type":"Organization","@id":"https:\/\/websie.cefe.cnrs.fr\/gdrparcs\/#organization","name":"Recherche Action Participative","url":"https:\/\/websie.cefe.cnrs.fr\/gdrparcs\/","logo":{"@type":"ImageObject","inLanguage":"fr-FR","@id":"https:\/\/websie.cefe.cnrs.fr\/gdrparcs\/#\/schema\/logo\/image\/","url":"https:\/\/websie.cefe.cnrs.fr\/gdrparcs\/wp-content\/uploads\/2019\/02\/cropped-cropped-cropped-cropped-cropped-cropped-cropped-Logo-GDRPARCS-5.jpg","contentUrl":"https:\/\/websie.cefe.cnrs.fr\/gdrparcs\/wp-content\/uploads\/2019\/02\/cropped-cropped-cropped-cropped-cropped-cropped-cropped-Logo-GDRPARCS-5.jpg","width":424,"height":353,"caption":"Recherche Action Participative"},"image":{"@id":"https:\/\/websie.cefe.cnrs.fr\/gdrparcs\/#\/schema\/logo\/image\/"}}]}},"rttpg_featured_image_url":null,"rttpg_author":{"display_name":"sblangy","author_link":"https:\/\/websie.cefe.cnrs.fr\/gdrparcs\/author\/sblangy\/"},"rttpg_comment":0,"rttpg_category":null,"rttpg_excerpt":"Plusieurs \u00e9tudiantes nous accompagnent dans la pr\u00e9paration et l&rsquo;organisation de l&rsquo;\u00e9cole th\u00e9matique. En particulier Emilie Dias, Master MAB \u00e0 Tououse [&hellip;]","_links":{"self":[{"href":"https:\/\/websie.cefe.cnrs.fr\/gdrparcs\/wp-json\/wp\/v2\/pages\/301","targetHints":{"allow":["GET"]}}],"collection":[{"href":"https:\/\/websie.cefe.cnrs.fr\/gdrparcs\/wp-json\/wp\/v2\/pages"}],"about":[{"href":"https:\/\/websie.cefe.cnrs.fr\/gdrparcs\/wp-json\/wp\/v2\/types\/page"}],"author":[{"embeddable":true,"href":"https:\/\/websie.cefe.cnrs.fr\/gdrparcs\/wp-json\/wp\/v2\/users\/1"}],"replies":[{"embeddable":true,"href":"https:\/\/websie.cefe.cnrs.fr\/gdrparcs\/wp-json\/wp\/v2\/comments?post=301"}],"version-history":[{"count":8,"href":"https:\/\/websie.cefe.cnrs.fr\/gdrparcs\/wp-json\/wp\/v2\/pages\/301\/revisions"}],"predecessor-version":[{"id":678,"href":"https:\/\/websie.cefe.cnrs.fr\/gdrparcs\/wp-json\/wp\/v2\/pages\/301\/revisions\/678"}],"wp:attachment":[{"href":"https:\/\/websie.cefe.cnrs.fr\/gdrparcs\/wp-json\/wp\/v2\/media?parent=301"}],"curies":[{"name":"wp","href":"https:\/\/api.w.org\/{rel}","templated":true}]}}