{"id":295,"date":"2019-11-20T11:58:59","date_gmt":"2019-11-20T10:58:59","guid":{"rendered":"http:\/\/websie.cefe.cnrs.fr\/gdrparcs\/?page_id=295"},"modified":"2019-11-21T15:34:41","modified_gmt":"2019-11-21T14:34:41","slug":"comite-scientifique","status":"publish","type":"page","link":"https:\/\/websie.cefe.cnrs.fr\/gdrparcs\/comite-scientifique\/","title":{"rendered":"Comit\u00e9 Scientifique"},"content":{"rendered":"\n<h3 class=\"has-luminous-vivid-amber-color has-text-color has-text-align-center wp-block-heading\"><\/h3>\n\n\n\n<p><strong>Sylvie Blangy, ing\u00e9nieure de recherche CNRS<br><\/strong><\/p>\n\n\n\n<p><strong>Bertrand Bocquet, Professeur, CNAM, Universit\u00e9 de Lille<\/strong><\/p>\n\n\n\n<p><strong>Michelle Bourassa, Professeure, Universit\u00e9 du Qu\u00e9bec<br><\/strong><\/p>\n\n\n\n<p><strong>Jacques Chevalier, Professeur \u00e9m\u00e9rite, Universit\u00e9 Carleton, Ottawa, Canada<br><\/strong><\/p>\n\n\n\n<p><strong>Gaelle Darmon,&nbsp;chercheure post-doctorale, EPHE-CEFE, CNRS<br><\/strong><\/p>\n\n\n\n<p><strong>&nbsp;Isabelle Chuine, DR2, FORECAST, CEFE, CNRS<\/strong><\/p>\n\n\n\n<p><strong>Davia Dosias-Perla,&nbsp;Ing\u00e9nieure de recherche CNRS UMR ARTDev<br><\/strong><\/p>\n\n\n\n<p><strong>Xavier Hulovens, Conseiller scientifique Co Create Innoviris, Bruxelles<br><\/strong><\/p>\n\n\n\n<p><strong>Jean-Marc Lange, Professeur, LIRDEF, FDE, UdM<\/strong><\/p>\n\n\n\n<p><strong>Christian Michelot, Psycho Sociologue, Enseignant chercheur, Ecole centrale de Paris<br><\/strong><\/p>\n\n\n\n<p><strong>Pascal Monestiez, Directeur de Recherche, BioSP INRA et CEBC CNRS<\/strong><\/p>\n\n\n\n<p><strong>V\u00e9ronique Planchot, DR, INRA, SEPIA<\/strong><\/p>\n\n\n\n<p><strong>Christian&nbsp;&nbsp;Reynaud, MdC, LIRDEF, Universit\u00e9 de Montpellier<\/strong><\/p>\n\n\n\n<p><strong>Christophe Roturier, D\u00e9l\u00e9gu\u00e9 Sciences en Soci\u00e9t\u00e9, INRA<\/strong><\/p>\n\n\n\n<p><strong>Lionel Scotto d\u2019Apollonia, Enseignant, Association Artivistes-ateliers<\/strong><\/p>\n\n\n\n<p><strong>Delphine Sicard,&nbsp;Directrice de recherche, INRA<\/strong><\/p>\n","protected":false},"excerpt":{"rendered":"<p>Sylvie Blangy, ing\u00e9nieure de recherche CNRS Bertrand Bocquet, Professeur, CNAM, Universit\u00e9 de Lille Michelle Bourassa, Professeure, Universit\u00e9 du Qu\u00e9bec Jacques [&hellip;]<\/p>\n","protected":false},"author":1,"featured_media":0,"parent":0,"menu_order":0,"comment_status":"closed","ping_status":"closed","template":"","meta":{"site-sidebar-layout":"default","site-content-layout":"","ast-site-content-layout":"default","site-content-style":"default","site-sidebar-style":"default","ast-global-header-display":"","ast-banner-title-visibility":"","ast-main-header-display":"","ast-hfb-above-header-display":"","ast-hfb-below-header-display":"","ast-hfb-mobile-header-display":"","site-post-title":"","ast-breadcrumbs-content":"","ast-featured-img":"","footer-sml-layout":"","ast-disable-related-posts":"","theme-transparent-header-meta":"","adv-header-id-meta":"","stick-header-meta":"","header-above-stick-meta":"","header-main-stick-meta":"","header-below-stick-meta":"","astra-migrate-meta-layouts":"default","ast-page-background-enabled":"default","ast-page-background-meta":{"desktop":{"background-color":"var(--ast-global-color-4)","background-image":"","background-repeat":"repeat","background-position":"center center","background-size":"auto","background-attachment":"scroll","background-type":"","background-media":"","overlay-type":"","overlay-color":"","overlay-opacity":"","overlay-gradient":""},"tablet":{"background-color":"","background-image":"","background-repeat":"repeat","background-position":"center center","background-size":"auto","background-attachment":"scroll","background-type":"","background-media":"","overlay-type":"","overlay-color":"","overlay-opacity":"","overlay-gradient":""},"mobile":{"background-color":"","background-image":"","background-repeat":"repeat","background-position":"center center","background-size":"auto","background-attachment":"scroll","background-type":"","background-media":"","overlay-type":"","overlay-color":"","overlay-opacity":"","overlay-gradient":""}},"ast-content-background-meta":{"desktop":{"background-color":"var(--ast-global-color-5)","background-image":"","background-repeat":"repeat","background-position":"center center","background-size":"auto","background-attachment":"scroll","background-type":"","background-media":"","overlay-type":"","overlay-color":"","overlay-opacity":"","overlay-gradient":""},"tablet":{"background-color":"var(--ast-global-color-5)","background-image":"","background-repeat":"repeat","background-position":"center center","background-size":"auto","background-attachment":"scroll","background-type":"","background-media":"","overlay-type":"","overlay-color":"","overlay-opacity":"","overlay-gradient":""},"mobile":{"background-color":"var(--ast-global-color-5)","background-image":"","background-repeat":"repeat","background-position":"center center","background-size":"auto","background-attachment":"scroll","background-type":"","background-media":"","overlay-type":"","overlay-color":"","overlay-opacity":"","overlay-gradient":""}},"footnotes":""},"class_list":["post-295","page","type-page","status-publish","hentry"],"yoast_head":"<!-- This site is optimized with the Yoast SEO plugin v26.7 - https:\/\/yoast.com\/wordpress\/plugins\/seo\/ -->\n<title>Comit\u00e9 Scientifique - Recherche Action Participative<\/title>\n<meta name=\"robots\" content=\"index, follow, max-snippet:-1, max-image-preview:large, max-video-preview:-1\" \/>\n<link rel=\"canonical\" href=\"https:\/\/websie.cefe.cnrs.fr\/gdrparcs\/comite-scientifique\/\" \/>\n<meta property=\"og:locale\" content=\"fr_FR\" \/>\n<meta property=\"og:type\" content=\"article\" \/>\n<meta property=\"og:title\" content=\"Comit\u00e9 Scientifique - Recherche Action Participative\" \/>\n<meta property=\"og:description\" content=\"Sylvie Blangy, ing\u00e9nieure de recherche CNRS Bertrand Bocquet, Professeur, CNAM, Universit\u00e9 de Lille Michelle Bourassa, Professeure, Universit\u00e9 du Qu\u00e9bec Jacques [&hellip;]\" \/>\n<meta property=\"og:url\" content=\"https:\/\/websie.cefe.cnrs.fr\/gdrparcs\/comite-scientifique\/\" \/>\n<meta property=\"og:site_name\" content=\"Recherche Action Participative\" \/>\n<meta property=\"article:modified_time\" content=\"2019-11-21T14:34:41+00:00\" \/>\n<meta name=\"twitter:card\" content=\"summary_large_image\" \/>\n<meta name=\"twitter:label1\" content=\"Dur\u00e9e de lecture estim\u00e9e\" \/>\n\t<meta name=\"twitter:data1\" content=\"1 minute\" \/>\n<script type=\"application\/ld+json\" class=\"yoast-schema-graph\">{\"@context\":\"https:\/\/schema.org\",\"@graph\":[{\"@type\":\"WebPage\",\"@id\":\"https:\/\/websie.cefe.cnrs.fr\/gdrparcs\/comite-scientifique\/\",\"url\":\"https:\/\/websie.cefe.cnrs.fr\/gdrparcs\/comite-scientifique\/\",\"name\":\"Comit\u00e9 Scientifique - Recherche Action Participative\",\"isPartOf\":{\"@id\":\"https:\/\/websie.cefe.cnrs.fr\/gdrparcs\/#website\"},\"datePublished\":\"2019-11-20T10:58:59+00:00\",\"dateModified\":\"2019-11-21T14:34:41+00:00\",\"breadcrumb\":{\"@id\":\"https:\/\/websie.cefe.cnrs.fr\/gdrparcs\/comite-scientifique\/#breadcrumb\"},\"inLanguage\":\"fr-FR\",\"potentialAction\":[{\"@type\":\"ReadAction\",\"target\":[\"https:\/\/websie.cefe.cnrs.fr\/gdrparcs\/comite-scientifique\/\"]}]},{\"@type\":\"BreadcrumbList\",\"@id\":\"https:\/\/websie.cefe.cnrs.fr\/gdrparcs\/comite-scientifique\/#breadcrumb\",\"itemListElement\":[{\"@type\":\"ListItem\",\"position\":1,\"name\":\"Accueil\",\"item\":\"https:\/\/websie.cefe.cnrs.fr\/gdrparcs\/\"},{\"@type\":\"ListItem\",\"position\":2,\"name\":\"Comit\u00e9 Scientifique\"}]},{\"@type\":\"WebSite\",\"@id\":\"https:\/\/websie.cefe.cnrs.fr\/gdrparcs\/#website\",\"url\":\"https:\/\/websie.cefe.cnrs.fr\/gdrparcs\/\",\"name\":\"Recherche Action Participative\",\"description\":\"\",\"publisher\":{\"@id\":\"https:\/\/websie.cefe.cnrs.fr\/gdrparcs\/#organization\"},\"potentialAction\":[{\"@type\":\"SearchAction\",\"target\":{\"@type\":\"EntryPoint\",\"urlTemplate\":\"https:\/\/websie.cefe.cnrs.fr\/gdrparcs\/?s={search_term_string}\"},\"query-input\":{\"@type\":\"PropertyValueSpecification\",\"valueRequired\":true,\"valueName\":\"search_term_string\"}}],\"inLanguage\":\"fr-FR\"},{\"@type\":\"Organization\",\"@id\":\"https:\/\/websie.cefe.cnrs.fr\/gdrparcs\/#organization\",\"name\":\"Recherche Action Participative\",\"url\":\"https:\/\/websie.cefe.cnrs.fr\/gdrparcs\/\",\"logo\":{\"@type\":\"ImageObject\",\"inLanguage\":\"fr-FR\",\"@id\":\"https:\/\/websie.cefe.cnrs.fr\/gdrparcs\/#\/schema\/logo\/image\/\",\"url\":\"https:\/\/websie.cefe.cnrs.fr\/gdrparcs\/wp-content\/uploads\/2019\/02\/cropped-cropped-cropped-cropped-cropped-cropped-cropped-Logo-GDRPARCS-5.jpg\",\"contentUrl\":\"https:\/\/websie.cefe.cnrs.fr\/gdrparcs\/wp-content\/uploads\/2019\/02\/cropped-cropped-cropped-cropped-cropped-cropped-cropped-Logo-GDRPARCS-5.jpg\",\"width\":424,\"height\":353,\"caption\":\"Recherche Action Participative\"},\"image\":{\"@id\":\"https:\/\/websie.cefe.cnrs.fr\/gdrparcs\/#\/schema\/logo\/image\/\"}}]}<\/script>\n<!-- \/ Yoast SEO plugin. -->","yoast_head_json":{"title":"Comit\u00e9 Scientifique - Recherche Action Participative","robots":{"index":"index","follow":"follow","max-snippet":"max-snippet:-1","max-image-preview":"max-image-preview:large","max-video-preview":"max-video-preview:-1"},"canonical":"https:\/\/websie.cefe.cnrs.fr\/gdrparcs\/comite-scientifique\/","og_locale":"fr_FR","og_type":"article","og_title":"Comit\u00e9 Scientifique - Recherche Action Participative","og_description":"Sylvie Blangy, ing\u00e9nieure de recherche CNRS Bertrand Bocquet, Professeur, CNAM, Universit\u00e9 de Lille Michelle Bourassa, Professeure, Universit\u00e9 du Qu\u00e9bec Jacques [&hellip;]","og_url":"https:\/\/websie.cefe.cnrs.fr\/gdrparcs\/comite-scientifique\/","og_site_name":"Recherche Action Participative","article_modified_time":"2019-11-21T14:34:41+00:00","twitter_card":"summary_large_image","twitter_misc":{"Dur\u00e9e de lecture estim\u00e9e":"1 minute"},"schema":{"@context":"https:\/\/schema.org","@graph":[{"@type":"WebPage","@id":"https:\/\/websie.cefe.cnrs.fr\/gdrparcs\/comite-scientifique\/","url":"https:\/\/websie.cefe.cnrs.fr\/gdrparcs\/comite-scientifique\/","name":"Comit\u00e9 Scientifique - Recherche Action Participative","isPartOf":{"@id":"https:\/\/websie.cefe.cnrs.fr\/gdrparcs\/#website"},"datePublished":"2019-11-20T10:58:59+00:00","dateModified":"2019-11-21T14:34:41+00:00","breadcrumb":{"@id":"https:\/\/websie.cefe.cnrs.fr\/gdrparcs\/comite-scientifique\/#breadcrumb"},"inLanguage":"fr-FR","potentialAction":[{"@type":"ReadAction","target":["https:\/\/websie.cefe.cnrs.fr\/gdrparcs\/comite-scientifique\/"]}]},{"@type":"BreadcrumbList","@id":"https:\/\/websie.cefe.cnrs.fr\/gdrparcs\/comite-scientifique\/#breadcrumb","itemListElement":[{"@type":"ListItem","position":1,"name":"Accueil","item":"https:\/\/websie.cefe.cnrs.fr\/gdrparcs\/"},{"@type":"ListItem","position":2,"name":"Comit\u00e9 Scientifique"}]},{"@type":"WebSite","@id":"https:\/\/websie.cefe.cnrs.fr\/gdrparcs\/#website","url":"https:\/\/websie.cefe.cnrs.fr\/gdrparcs\/","name":"Recherche Action Participative","description":"","publisher":{"@id":"https:\/\/websie.cefe.cnrs.fr\/gdrparcs\/#organization"},"potentialAction":[{"@type":"SearchAction","target":{"@type":"EntryPoint","urlTemplate":"https:\/\/websie.cefe.cnrs.fr\/gdrparcs\/?s={search_term_string}"},"query-input":{"@type":"PropertyValueSpecification","valueRequired":true,"valueName":"search_term_string"}}],"inLanguage":"fr-FR"},{"@type":"Organization","@id":"https:\/\/websie.cefe.cnrs.fr\/gdrparcs\/#organization","name":"Recherche Action Participative","url":"https:\/\/websie.cefe.cnrs.fr\/gdrparcs\/","logo":{"@type":"ImageObject","inLanguage":"fr-FR","@id":"https:\/\/websie.cefe.cnrs.fr\/gdrparcs\/#\/schema\/logo\/image\/","url":"https:\/\/websie.cefe.cnrs.fr\/gdrparcs\/wp-content\/uploads\/2019\/02\/cropped-cropped-cropped-cropped-cropped-cropped-cropped-Logo-GDRPARCS-5.jpg","contentUrl":"https:\/\/websie.cefe.cnrs.fr\/gdrparcs\/wp-content\/uploads\/2019\/02\/cropped-cropped-cropped-cropped-cropped-cropped-cropped-Logo-GDRPARCS-5.jpg","width":424,"height":353,"caption":"Recherche Action Participative"},"image":{"@id":"https:\/\/websie.cefe.cnrs.fr\/gdrparcs\/#\/schema\/logo\/image\/"}}]}},"rttpg_featured_image_url":null,"rttpg_author":{"display_name":"sblangy","author_link":"https:\/\/websie.cefe.cnrs.fr\/gdrparcs\/author\/sblangy\/"},"rttpg_comment":0,"rttpg_category":null,"rttpg_excerpt":"Sylvie Blangy, ing\u00e9nieure de recherche CNRS Bertrand Bocquet, Professeur, CNAM, Universit\u00e9 de Lille Michelle Bourassa, Professeure, Universit\u00e9 du Qu\u00e9bec Jacques [&hellip;]","_links":{"self":[{"href":"https:\/\/websie.cefe.cnrs.fr\/gdrparcs\/wp-json\/wp\/v2\/pages\/295","targetHints":{"allow":["GET"]}}],"collection":[{"href":"https:\/\/websie.cefe.cnrs.fr\/gdrparcs\/wp-json\/wp\/v2\/pages"}],"about":[{"href":"https:\/\/websie.cefe.cnrs.fr\/gdrparcs\/wp-json\/wp\/v2\/types\/page"}],"author":[{"embeddable":true,"href":"https:\/\/websie.cefe.cnrs.fr\/gdrparcs\/wp-json\/wp\/v2\/users\/1"}],"replies":[{"embeddable":true,"href":"https:\/\/websie.cefe.cnrs.fr\/gdrparcs\/wp-json\/wp\/v2\/comments?post=295"}],"version-history":[{"count":3,"href":"https:\/\/websie.cefe.cnrs.fr\/gdrparcs\/wp-json\/wp\/v2\/pages\/295\/revisions"}],"predecessor-version":[{"id":473,"href":"https:\/\/websie.cefe.cnrs.fr\/gdrparcs\/wp-json\/wp\/v2\/pages\/295\/revisions\/473"}],"wp:attachment":[{"href":"https:\/\/websie.cefe.cnrs.fr\/gdrparcs\/wp-json\/wp\/v2\/media?parent=295"}],"curies":[{"name":"wp","href":"https:\/\/api.w.org\/{rel}","templated":true}]}}