{"id":2020,"date":"2024-04-10T21:45:23","date_gmt":"2024-04-10T19:45:23","guid":{"rendered":"https:\/\/websie.cefe.cnrs.fr\/gdrparcs\/?page_id=2020"},"modified":"2025-03-06T18:56:59","modified_gmt":"2025-03-06T17:56:59","slug":"les-outils","status":"publish","type":"page","link":"https:\/\/websie.cefe.cnrs.fr\/gdrparcs\/les-outils\/","title":{"rendered":"Les outils"},"content":{"rendered":"\t\t<div data-elementor-type=\"wp-page\" data-elementor-id=\"2020\" class=\"elementor elementor-2020\">\n\t\t\t\t\t\t<section class=\"elementor-section elementor-top-section elementor-element elementor-element-1e976eae elementor-section-boxed elementor-section-height-default elementor-section-height-default\" data-id=\"1e976eae\" data-element_type=\"section\">\n\t\t\t\t\t\t<div class=\"elementor-container elementor-column-gap-default\">\n\t\t\t\t\t<div class=\"elementor-column elementor-col-100 elementor-top-column elementor-element elementor-element-5b0d3329\" data-id=\"5b0d3329\" data-element_type=\"column\">\n\t\t\t<div class=\"elementor-widget-wrap elementor-element-populated\">\n\t\t\t\t\t\t<div class=\"elementor-element elementor-element-6cbfa7dd elementor-widget elementor-widget-spacer\" data-id=\"6cbfa7dd\" data-element_type=\"widget\" data-widget_type=\"spacer.default\">\n\t\t\t\t<div class=\"elementor-widget-container\">\n\t\t\t\t\t\t\t<div class=\"elementor-spacer\">\n\t\t\t<div class=\"elementor-spacer-inner\"><\/div>\n\t\t<\/div>\n\t\t\t\t\t\t<\/div>\n\t\t\t\t<\/div>\n\t\t\t\t\t<\/div>\n\t\t<\/div>\n\t\t\t\t\t<\/div>\n\t\t<\/section>\n\t\t\t\t<section class=\"elementor-section elementor-top-section elementor-element elementor-element-22b8605e elementor-section-height-min-height elementor-section-items-top elementor-section-content-middle elementor-section-full_width elementor-section-stretched animated-slow elementor-section-height-default elementor-invisible\" data-id=\"22b8605e\" data-element_type=\"section\" data-settings=\"{&quot;background_background&quot;:&quot;classic&quot;,&quot;stretch_section&quot;:&quot;section-stretched&quot;,&quot;animation&quot;:&quot;fadeIn&quot;,&quot;shape_divider_bottom&quot;:&quot;mountains&quot;,&quot;shape_divider_top&quot;:&quot;mountains&quot;}\">\n\t\t\t\t\t\t\t<div class=\"elementor-background-overlay\"><\/div>\n\t\t\t\t\t\t<div class=\"elementor-shape elementor-shape-top\" aria-hidden=\"true\" data-negative=\"false\">\n\t\t\t<svg xmlns=\"http:\/\/www.w3.org\/2000\/svg\" viewBox=\"0 0 1000 100\" preserveAspectRatio=\"none\">\n\t<path class=\"elementor-shape-fill\" opacity=\"0.33\" d=\"M473,67.3c-203.9,88.3-263.1-34-320.3,0C66,119.1,0,59.7,0,59.7V0h1000v59.7 c0,0-62.1,26.1-94.9,29.3c-32.8,3.3-62.8-12.3-75.8-22.1C806,49.6,745.3,8.7,694.9,4.7S492.4,59,473,67.3z\"\/>\n\t<path class=\"elementor-shape-fill\" opacity=\"0.66\" d=\"M734,67.3c-45.5,0-77.2-23.2-129.1-39.1c-28.6-8.7-150.3-10.1-254,39.1 s-91.7-34.4-149.2,0C115.7,118.3,0,39.8,0,39.8V0h1000v36.5c0,0-28.2-18.5-92.1-18.5C810.2,18.1,775.7,67.3,734,67.3z\"\/>\n\t<path class=\"elementor-shape-fill\" d=\"M766.1,28.9c-200-57.5-266,65.5-395.1,19.5C242,1.8,242,5.4,184.8,20.6C128,35.8,132.3,44.9,89.9,52.5C28.6,63.7,0,0,0,0 h1000c0,0-9.9,40.9-83.6,48.1S829.6,47,766.1,28.9z\"\/>\n<\/svg>\t\t<\/div>\n\t\t\t\t<div class=\"elementor-shape elementor-shape-bottom\" aria-hidden=\"true\" data-negative=\"false\">\n\t\t\t<svg xmlns=\"http:\/\/www.w3.org\/2000\/svg\" viewBox=\"0 0 1000 100\" preserveAspectRatio=\"none\">\n\t<path class=\"elementor-shape-fill\" opacity=\"0.33\" d=\"M473,67.3c-203.9,88.3-263.1-34-320.3,0C66,119.1,0,59.7,0,59.7V0h1000v59.7 c0,0-62.1,26.1-94.9,29.3c-32.8,3.3-62.8-12.3-75.8-22.1C806,49.6,745.3,8.7,694.9,4.7S492.4,59,473,67.3z\"\/>\n\t<path class=\"elementor-shape-fill\" opacity=\"0.66\" d=\"M734,67.3c-45.5,0-77.2-23.2-129.1-39.1c-28.6-8.7-150.3-10.1-254,39.1 s-91.7-34.4-149.2,0C115.7,118.3,0,39.8,0,39.8V0h1000v36.5c0,0-28.2-18.5-92.1-18.5C810.2,18.1,775.7,67.3,734,67.3z\"\/>\n\t<path class=\"elementor-shape-fill\" d=\"M766.1,28.9c-200-57.5-266,65.5-395.1,19.5C242,1.8,242,5.4,184.8,20.6C128,35.8,132.3,44.9,89.9,52.5C28.6,63.7,0,0,0,0 h1000c0,0-9.9,40.9-83.6,48.1S829.6,47,766.1,28.9z\"\/>\n<\/svg>\t\t<\/div>\n\t\t\t\t\t<div class=\"elementor-container elementor-column-gap-no\">\n\t\t\t\t\t<div class=\"elementor-column elementor-col-100 elementor-top-column elementor-element elementor-element-e7dcca6 elementor-invisible\" data-id=\"e7dcca6\" data-element_type=\"column\" data-settings=\"{&quot;background_background&quot;:&quot;classic&quot;,&quot;animation&quot;:&quot;fadeInUp&quot;}\">\n\t\t\t<div class=\"elementor-widget-wrap elementor-element-populated\">\n\t\t\t\t\t\t<div class=\"elementor-element elementor-element-53e58e0a elementor-invisible elementor-widget elementor-widget-heading\" data-id=\"53e58e0a\" data-element_type=\"widget\" data-settings=\"{&quot;_animation&quot;:&quot;fadeInUp&quot;}\" data-widget_type=\"heading.default\">\n\t\t\t\t<div class=\"elementor-widget-container\">\n\t\t\t\t\t<h1 class=\"elementor-heading-title elementor-size-default\">GDR PARCS<\/h1>\t\t\t\t<\/div>\n\t\t\t\t<\/div>\n\t\t\t\t<div class=\"elementor-element elementor-element-6d7516f6 elementor-widget elementor-widget-text-editor\" data-id=\"6d7516f6\" data-element_type=\"widget\" data-widget_type=\"text-editor.default\">\n\t\t\t\t<div class=\"elementor-widget-container\">\n\t\t\t\t\t\t\t\t\t<p>Ressources et outils\u00a0<\/p>\t\t\t\t\t\t\t\t<\/div>\n\t\t\t\t<\/div>\n\t\t\t\t\t<\/div>\n\t\t<\/div>\n\t\t\t\t\t<\/div>\n\t\t<\/section>\n\t\t\t\t<section class=\"elementor-section elementor-top-section elementor-element elementor-element-7e54edd9 elementor-section-boxed elementor-section-height-default elementor-section-height-default\" data-id=\"7e54edd9\" data-element_type=\"section\" data-settings=\"{&quot;background_background&quot;:&quot;classic&quot;}\">\n\t\t\t\t\t\t<div class=\"elementor-container elementor-column-gap-default\">\n\t\t\t\t\t<div class=\"elementor-column elementor-col-100 elementor-top-column elementor-element elementor-element-18e35a54\" data-id=\"18e35a54\" data-element_type=\"column\">\n\t\t\t<div class=\"elementor-widget-wrap elementor-element-populated\">\n\t\t\t\t\t\t<div class=\"elementor-element elementor-element-3184d278 elementor-widget elementor-widget-spacer\" data-id=\"3184d278\" data-element_type=\"widget\" data-widget_type=\"spacer.default\">\n\t\t\t\t<div class=\"elementor-widget-container\">\n\t\t\t\t\t\t\t<div class=\"elementor-spacer\">\n\t\t\t<div class=\"elementor-spacer-inner\"><\/div>\n\t\t<\/div>\n\t\t\t\t\t\t<\/div>\n\t\t\t\t<\/div>\n\t\t\t\t\t<\/div>\n\t\t<\/div>\n\t\t\t\t\t<\/div>\n\t\t<\/section>\n\t\t\t\t<section class=\"elementor-section elementor-top-section elementor-element elementor-element-4cd4bf36 elementor-section-boxed elementor-section-height-default elementor-section-height-default\" data-id=\"4cd4bf36\" data-element_type=\"section\">\n\t\t\t\t\t\t<div class=\"elementor-container elementor-column-gap-default\">\n\t\t\t\t\t<div class=\"elementor-column elementor-col-100 elementor-top-column elementor-element elementor-element-697a58a3\" data-id=\"697a58a3\" data-element_type=\"column\">\n\t\t\t<div class=\"elementor-widget-wrap elementor-element-populated\">\n\t\t\t\t\t\t<div class=\"elementor-element elementor-element-7cf54f3d elementor-widget elementor-widget-spacer\" data-id=\"7cf54f3d\" data-element_type=\"widget\" data-widget_type=\"spacer.default\">\n\t\t\t\t<div class=\"elementor-widget-container\">\n\t\t\t\t\t\t\t<div class=\"elementor-spacer\">\n\t\t\t<div class=\"elementor-spacer-inner\"><\/div>\n\t\t<\/div>\n\t\t\t\t\t\t<\/div>\n\t\t\t\t<\/div>\n\t\t\t\t\t<\/div>\n\t\t<\/div>\n\t\t\t\t\t<\/div>\n\t\t<\/section>\n\t\t\t\t<section class=\"elementor-section elementor-top-section elementor-element elementor-element-5882107d elementor-section-boxed elementor-section-height-default elementor-section-height-default\" data-id=\"5882107d\" data-element_type=\"section\">\n\t\t\t\t\t\t<div class=\"elementor-container elementor-column-gap-default\">\n\t\t\t\t\t<div class=\"elementor-column elementor-col-100 elementor-top-column elementor-element elementor-element-784e3ecf\" data-id=\"784e3ecf\" data-element_type=\"column\">\n\t\t\t<div class=\"elementor-widget-wrap\">\n\t\t\t\t\t\t\t<\/div>\n\t\t<\/div>\n\t\t\t\t\t<\/div>\n\t\t<\/section>\n\t\t\t\t<section class=\"elementor-section elementor-top-section elementor-element elementor-element-26db03f5 elementor-section-boxed elementor-section-height-default elementor-section-height-default\" data-id=\"26db03f5\" data-element_type=\"section\">\n\t\t\t\t\t\t<div class=\"elementor-container elementor-column-gap-default\">\n\t\t\t\t\t<div class=\"elementor-column elementor-col-100 elementor-top-column elementor-element elementor-element-64bd7ab6\" data-id=\"64bd7ab6\" data-element_type=\"column\">\n\t\t\t<div class=\"elementor-widget-wrap elementor-element-populated\">\n\t\t\t\t\t\t<div class=\"elementor-element elementor-element-45c700ee elementor-widget elementor-widget-text-editor\" data-id=\"45c700ee\" data-element_type=\"widget\" data-widget_type=\"text-editor.default\">\n\t\t\t\t<div class=\"elementor-widget-container\">\n\t\t\t\t\t\t\t\t\t<h3>Liens utiles\u00a0\u00a0<\/h3><p><strong>A propos<\/strong><\/p>\t\t\t\t\t\t\t\t<\/div>\n\t\t\t\t<\/div>\n\t\t\t\t<div class=\"elementor-element elementor-element-1e6a1308 elementor-widget elementor-widget-text-editor\" data-id=\"1e6a1308\" data-element_type=\"widget\" data-widget_type=\"text-editor.default\">\n\t\t\t\t<div class=\"elementor-widget-container\">\n\t\t\t\t\t\t\t\t\t<p>D\u00e9couvrir le site de SAS\u00b2 Dialogue qui pr\u00e9sente toutes les techniques de Recherche Action Participative d\u00e9velopp\u00e9es par Jacques M. Chevalier et son \u00e9quipe.&nbsp;<\/p>\n<p>\ud83d\udd17<a href=\"https:\/\/www.participatoryactionresearch.net\/\">Acc\u00e9der au site<\/a><\/p>\n<p>Un guide \u00e0 destination des chercheurs engag\u00e9s dans des projets de recherche, qui vise \u00e0 leur apporter des outils pratiques pour la prise en compte et l&rsquo;implication de parties prenantes dans leurs projets de recherche.&nbsp;<\/p>\n<p>\ud83d\udd17<a href=\"https:\/\/www.biodiversa.eu\/\">Acc\u00e9der au guide<\/a><\/p>\n<p>Guide m\u00e9thodologique \u00ab\u00a0Nature biodiversit\u00e9, tous concern\u00e9s : Impliquer les citoyens dans la pr\u00e9servation de la biodiversit\u00e9\u00a0\u00bb en t\u00e9l\u00e9chargement libre (T\u00e9l\u00e9charger le ici)<\/p>\n<p>D\u00e9couvrez la plateforme Zooniverse : \u00ab\u00a0Anyone can be a researcher\u00a0\u00bb<\/p>\n<p>\ud83d\udd17<a href=\"https:\/\/www.zooniverse.org\/\">Acc\u00e9der au site&nbsp;<\/a><\/p>\n<p>La page Wikip\u00e9dia sur les sciences participatives (\u00e9crite par Jacques Chevalier) :<\/p>\n<p>Une enqu\u00eate IPSOS Mai 2016 sur les rapports entre les fran\u00e7ais et la recherche participatives&nbsp;<\/p>\n<p><\/p>\n<p>Fondation Sciences Citoyennes :&nbsp;<span style=\"color: var( --e-global-color-text ); font-family: var( --e-global-typography-text-font-family ), Sans-serif; font-weight: var( --e-global-typography-text-font-weight ); font-size: 1rem;\">\ud83d\udd17<\/span><a style=\"font-family: var( --e-global-typography-text-font-family ), Sans-serif; font-weight: var( --e-global-typography-text-font-weight ); background-color: #ffffff; font-size: 1rem;\" href=\"https:\/\/sciencescitoyennes.org\/\" target=\"_blank\" rel=\"noopener\">Acc\u00e9der au site&nbsp;<\/a><\/p>\n<p>Observatoire des Saisons : \ud83d\udd17<a style=\"font-family: var( --e-global-typography-text-font-family ), Sans-serif; font-weight: var( --e-global-typography-text-font-weight ); background-color: #ffffff; font-size: 1rem;\" href=\"https:\/\/www.obs-saisons.fr\/\" target=\"_blank\" rel=\"noopener\">Acc\u00e9der au site&nbsp;<\/a><\/p>\n<p>R\u00e9seau Recherche-Action :&nbsp;<span style=\"color: var( --e-global-color-text ); font-family: var( --e-global-typography-text-font-family ), Sans-serif; font-weight: var( --e-global-typography-text-font-weight ); font-size: 1rem;\">\ud83d\udd17<\/span><span style=\"font-family: var( --e-global-typography-text-font-family ), Sans-serif;\"><span style=\"font-weight: var( --e-global-typography-text-font-weight ); font-size: 1rem; background-color: #ffffff;\"><a href=\"https:\/\/recherche-action.fr\/\">Acc\u00e9der au site<\/a>&nbsp;<\/span><\/span><\/p><p><span style=\"font-family: var( --e-global-typography-text-font-family ), Sans-serif;\"><span style=\"font-weight: var( --e-global-typography-text-font-weight ); font-size: 1rem; background-color: #ffffff;\">Recherche Action &#8211; Bo\u00eete \u00e0 outils :&nbsp;<\/span><\/span><span style=\"color: var( --e-global-color-text ); font-family: var( --e-global-typography-text-font-family ), Sans-serif; font-weight: var( --e-global-typography-text-font-weight ); font-size: 1rem;\">\ud83d\udd17<\/span><a href=\"https:\/\/recherche-action.ch\/boite-a-outils\/Pages\/Intruments%20et%20m%C3%A9thodes%20de%20recherche-action.aspx\" target=\"_blank\" style=\"font-family: var( --e-global-typography-text-font-family ), Sans-serif; font-weight: var( --e-global-typography-text-font-weight ); background-color: rgb(255, 255, 255); font-size: 1rem;\">Acc\u00e9der au site&nbsp;<\/a><\/p>\t\t\t\t\t\t\t\t<\/div>\n\t\t\t\t<\/div>\n\t\t\t\t\t<\/div>\n\t\t<\/div>\n\t\t\t\t\t<\/div>\n\t\t<\/section>\n\t\t\t\t<section class=\"elementor-section elementor-top-section elementor-element elementor-element-77df3772 elementor-section-boxed elementor-section-height-default elementor-section-height-default\" data-id=\"77df3772\" data-element_type=\"section\">\n\t\t\t\t\t\t<div class=\"elementor-container elementor-column-gap-default\">\n\t\t\t\t\t<div class=\"elementor-column elementor-col-100 elementor-top-column elementor-element elementor-element-1c000575\" data-id=\"1c000575\" data-element_type=\"column\">\n\t\t\t<div class=\"elementor-widget-wrap elementor-element-populated\">\n\t\t\t\t\t\t<div class=\"elementor-element elementor-element-56ee9b1b elementor-widget elementor-widget-spacer\" data-id=\"56ee9b1b\" data-element_type=\"widget\" data-widget_type=\"spacer.default\">\n\t\t\t\t<div class=\"elementor-widget-container\">\n\t\t\t\t\t\t\t<div class=\"elementor-spacer\">\n\t\t\t<div class=\"elementor-spacer-inner\"><\/div>\n\t\t<\/div>\n\t\t\t\t\t\t<\/div>\n\t\t\t\t<\/div>\n\t\t\t\t\t<\/div>\n\t\t<\/div>\n\t\t\t\t\t<\/div>\n\t\t<\/section>\n\t\t\t\t<section class=\"elementor-section elementor-top-section elementor-element elementor-element-2918dee5 elementor-section-boxed elementor-section-height-default elementor-section-height-default\" data-id=\"2918dee5\" data-element_type=\"section\">\n\t\t\t\t\t\t<div class=\"elementor-container elementor-column-gap-default\">\n\t\t\t\t\t<div class=\"elementor-column elementor-col-100 elementor-top-column elementor-element elementor-element-bcedb31\" data-id=\"bcedb31\" data-element_type=\"column\">\n\t\t\t<div class=\"elementor-widget-wrap elementor-element-populated\">\n\t\t\t\t\t\t\t<\/div>\n\t\t<\/div>\n\t\t\t\t\t<\/div>\n\t\t<\/section>\n\t\t\t\t<section class=\"elementor-section elementor-top-section elementor-element elementor-element-60a2bf5c elementor-section-boxed elementor-section-height-default elementor-section-height-default\" data-id=\"60a2bf5c\" data-element_type=\"section\">\n\t\t\t\t\t\t<div class=\"elementor-container elementor-column-gap-default\">\n\t\t\t\t\t<div class=\"elementor-column elementor-col-100 elementor-top-column elementor-element elementor-element-5dc1c329\" data-id=\"5dc1c329\" data-element_type=\"column\">\n\t\t\t<div class=\"elementor-widget-wrap elementor-element-populated\">\n\t\t\t\t\t\t<div class=\"elementor-element elementor-element-4c16237b elementor-widget elementor-widget-spacer\" data-id=\"4c16237b\" data-element_type=\"widget\" data-widget_type=\"spacer.default\">\n\t\t\t\t<div class=\"elementor-widget-container\">\n\t\t\t\t\t\t\t<div class=\"elementor-spacer\">\n\t\t\t<div class=\"elementor-spacer-inner\"><\/div>\n\t\t<\/div>\n\t\t\t\t\t\t<\/div>\n\t\t\t\t<\/div>\n\t\t\t\t\t<\/div>\n\t\t<\/div>\n\t\t\t\t\t<\/div>\n\t\t<\/section>\n\t\t\t\t<\/div>\n\t\t","protected":false},"excerpt":{"rendered":"<p>GDR PARCS Ressources et outils\u00a0 Liens utiles\u00a0\u00a0 A propos D\u00e9couvrir le site de SAS\u00b2 Dialogue qui pr\u00e9sente toutes les techniques [&hellip;]<\/p>\n","protected":false},"author":2,"featured_media":0,"parent":0,"menu_order":0,"comment_status":"closed","ping_status":"closed","template":"","meta":{"site-sidebar-layout":"no-sidebar","site-content-layout":"","ast-site-content-layout":"full-width-container","site-content-style":"default","site-sidebar-style":"default","ast-global-header-display":"","ast-banner-title-visibility":"","ast-main-header-display":"","ast-hfb-above-header-display":"","ast-hfb-below-header-display":"","ast-hfb-mobile-header-display":"","site-post-title":"disabled","ast-breadcrumbs-content":"","ast-featured-img":"disabled","footer-sml-layout":"","ast-disable-related-posts":"","theme-transparent-header-meta":"","adv-header-id-meta":"","stick-header-meta":"","header-above-stick-meta":"","header-main-stick-meta":"","header-below-stick-meta":"","astra-migrate-meta-layouts":"default","ast-page-background-enabled":"default","ast-page-background-meta":{"desktop":{"background-color":"var(--ast-global-color-4)","background-image":"","background-repeat":"repeat","background-position":"center center","background-size":"auto","background-attachment":"scroll","background-type":"","background-media":"","overlay-type":"","overlay-color":"","overlay-opacity":"","overlay-gradient":""},"tablet":{"background-color":"","background-image":"","background-repeat":"repeat","background-position":"center center","background-size":"auto","background-attachment":"scroll","background-type":"","background-media":"","overlay-type":"","overlay-color":"","overlay-opacity":"","overlay-gradient":""},"mobile":{"background-color":"","background-image":"","background-repeat":"repeat","background-position":"center center","background-size":"auto","background-attachment":"scroll","background-type":"","background-media":"","overlay-type":"","overlay-color":"","overlay-opacity":"","overlay-gradient":""}},"ast-content-background-meta":{"desktop":{"background-color":"var(--ast-global-color-5)","background-image":"","background-repeat":"repeat","background-position":"center center","background-size":"auto","background-attachment":"scroll","background-type":"","background-media":"","overlay-type":"","overlay-color":"","overlay-opacity":"","overlay-gradient":""},"tablet":{"background-color":"var(--ast-global-color-5)","background-image":"","background-repeat":"repeat","background-position":"center center","background-size":"auto","background-attachment":"scroll","background-type":"","background-media":"","overlay-type":"","overlay-color":"","overlay-opacity":"","overlay-gradient":""},"mobile":{"background-color":"var(--ast-global-color-5)","background-image":"","background-repeat":"repeat","background-position":"center center","background-size":"auto","background-attachment":"scroll","background-type":"","background-media":"","overlay-type":"","overlay-color":"","overlay-opacity":"","overlay-gradient":""}},"footnotes":""},"class_list":["post-2020","page","type-page","status-publish","hentry"],"yoast_head":"<!-- This site is optimized with the Yoast SEO plugin v26.7 - https:\/\/yoast.com\/wordpress\/plugins\/seo\/ -->\n<title>Les outils - Recherche Action Participative<\/title>\n<meta name=\"robots\" content=\"index, follow, max-snippet:-1, max-image-preview:large, max-video-preview:-1\" \/>\n<link rel=\"canonical\" href=\"https:\/\/websie.cefe.cnrs.fr\/gdrparcs\/les-outils\/\" \/>\n<meta property=\"og:locale\" content=\"fr_FR\" \/>\n<meta property=\"og:type\" content=\"article\" \/>\n<meta property=\"og:title\" content=\"Les outils - Recherche Action Participative\" \/>\n<meta property=\"og:description\" content=\"GDR PARCS Ressources et outils\u00a0 Liens utiles\u00a0\u00a0 A propos D\u00e9couvrir le site de SAS\u00b2 Dialogue qui pr\u00e9sente toutes les techniques [&hellip;]\" \/>\n<meta property=\"og:url\" content=\"https:\/\/websie.cefe.cnrs.fr\/gdrparcs\/les-outils\/\" \/>\n<meta property=\"og:site_name\" content=\"Recherche Action Participative\" \/>\n<meta property=\"article:modified_time\" content=\"2025-03-06T17:56:59+00:00\" \/>\n<meta name=\"twitter:card\" content=\"summary_large_image\" \/>\n<meta name=\"twitter:label1\" content=\"Dur\u00e9e de lecture estim\u00e9e\" \/>\n\t<meta name=\"twitter:data1\" content=\"3 minutes\" \/>\n<script type=\"application\/ld+json\" class=\"yoast-schema-graph\">{\"@context\":\"https:\/\/schema.org\",\"@graph\":[{\"@type\":\"WebPage\",\"@id\":\"https:\/\/websie.cefe.cnrs.fr\/gdrparcs\/les-outils\/\",\"url\":\"https:\/\/websie.cefe.cnrs.fr\/gdrparcs\/les-outils\/\",\"name\":\"Les outils - Recherche Action Participative\",\"isPartOf\":{\"@id\":\"https:\/\/websie.cefe.cnrs.fr\/gdrparcs\/#website\"},\"datePublished\":\"2024-04-10T19:45:23+00:00\",\"dateModified\":\"2025-03-06T17:56:59+00:00\",\"breadcrumb\":{\"@id\":\"https:\/\/websie.cefe.cnrs.fr\/gdrparcs\/les-outils\/#breadcrumb\"},\"inLanguage\":\"fr-FR\",\"potentialAction\":[{\"@type\":\"ReadAction\",\"target\":[\"https:\/\/websie.cefe.cnrs.fr\/gdrparcs\/les-outils\/\"]}]},{\"@type\":\"BreadcrumbList\",\"@id\":\"https:\/\/websie.cefe.cnrs.fr\/gdrparcs\/les-outils\/#breadcrumb\",\"itemListElement\":[{\"@type\":\"ListItem\",\"position\":1,\"name\":\"Accueil\",\"item\":\"https:\/\/websie.cefe.cnrs.fr\/gdrparcs\/\"},{\"@type\":\"ListItem\",\"position\":2,\"name\":\"Les outils\"}]},{\"@type\":\"WebSite\",\"@id\":\"https:\/\/websie.cefe.cnrs.fr\/gdrparcs\/#website\",\"url\":\"https:\/\/websie.cefe.cnrs.fr\/gdrparcs\/\",\"name\":\"Recherche Action Participative\",\"description\":\"\",\"publisher\":{\"@id\":\"https:\/\/websie.cefe.cnrs.fr\/gdrparcs\/#organization\"},\"potentialAction\":[{\"@type\":\"SearchAction\",\"target\":{\"@type\":\"EntryPoint\",\"urlTemplate\":\"https:\/\/websie.cefe.cnrs.fr\/gdrparcs\/?s={search_term_string}\"},\"query-input\":{\"@type\":\"PropertyValueSpecification\",\"valueRequired\":true,\"valueName\":\"search_term_string\"}}],\"inLanguage\":\"fr-FR\"},{\"@type\":\"Organization\",\"@id\":\"https:\/\/websie.cefe.cnrs.fr\/gdrparcs\/#organization\",\"name\":\"Recherche Action Participative\",\"url\":\"https:\/\/websie.cefe.cnrs.fr\/gdrparcs\/\",\"logo\":{\"@type\":\"ImageObject\",\"inLanguage\":\"fr-FR\",\"@id\":\"https:\/\/websie.cefe.cnrs.fr\/gdrparcs\/#\/schema\/logo\/image\/\",\"url\":\"https:\/\/websie.cefe.cnrs.fr\/gdrparcs\/wp-content\/uploads\/2019\/02\/cropped-cropped-cropped-cropped-cropped-cropped-cropped-Logo-GDRPARCS-5.jpg\",\"contentUrl\":\"https:\/\/websie.cefe.cnrs.fr\/gdrparcs\/wp-content\/uploads\/2019\/02\/cropped-cropped-cropped-cropped-cropped-cropped-cropped-Logo-GDRPARCS-5.jpg\",\"width\":424,\"height\":353,\"caption\":\"Recherche Action Participative\"},\"image\":{\"@id\":\"https:\/\/websie.cefe.cnrs.fr\/gdrparcs\/#\/schema\/logo\/image\/\"}}]}<\/script>\n<!-- \/ Yoast SEO plugin. -->","yoast_head_json":{"title":"Les outils - Recherche Action Participative","robots":{"index":"index","follow":"follow","max-snippet":"max-snippet:-1","max-image-preview":"max-image-preview:large","max-video-preview":"max-video-preview:-1"},"canonical":"https:\/\/websie.cefe.cnrs.fr\/gdrparcs\/les-outils\/","og_locale":"fr_FR","og_type":"article","og_title":"Les outils - Recherche Action Participative","og_description":"GDR PARCS Ressources et outils\u00a0 Liens utiles\u00a0\u00a0 A propos D\u00e9couvrir le site de SAS\u00b2 Dialogue qui pr\u00e9sente toutes les techniques [&hellip;]","og_url":"https:\/\/websie.cefe.cnrs.fr\/gdrparcs\/les-outils\/","og_site_name":"Recherche Action Participative","article_modified_time":"2025-03-06T17:56:59+00:00","twitter_card":"summary_large_image","twitter_misc":{"Dur\u00e9e de lecture estim\u00e9e":"3 minutes"},"schema":{"@context":"https:\/\/schema.org","@graph":[{"@type":"WebPage","@id":"https:\/\/websie.cefe.cnrs.fr\/gdrparcs\/les-outils\/","url":"https:\/\/websie.cefe.cnrs.fr\/gdrparcs\/les-outils\/","name":"Les outils - Recherche Action Participative","isPartOf":{"@id":"https:\/\/websie.cefe.cnrs.fr\/gdrparcs\/#website"},"datePublished":"2024-04-10T19:45:23+00:00","dateModified":"2025-03-06T17:56:59+00:00","breadcrumb":{"@id":"https:\/\/websie.cefe.cnrs.fr\/gdrparcs\/les-outils\/#breadcrumb"},"inLanguage":"fr-FR","potentialAction":[{"@type":"ReadAction","target":["https:\/\/websie.cefe.cnrs.fr\/gdrparcs\/les-outils\/"]}]},{"@type":"BreadcrumbList","@id":"https:\/\/websie.cefe.cnrs.fr\/gdrparcs\/les-outils\/#breadcrumb","itemListElement":[{"@type":"ListItem","position":1,"name":"Accueil","item":"https:\/\/websie.cefe.cnrs.fr\/gdrparcs\/"},{"@type":"ListItem","position":2,"name":"Les outils"}]},{"@type":"WebSite","@id":"https:\/\/websie.cefe.cnrs.fr\/gdrparcs\/#website","url":"https:\/\/websie.cefe.cnrs.fr\/gdrparcs\/","name":"Recherche Action Participative","description":"","publisher":{"@id":"https:\/\/websie.cefe.cnrs.fr\/gdrparcs\/#organization"},"potentialAction":[{"@type":"SearchAction","target":{"@type":"EntryPoint","urlTemplate":"https:\/\/websie.cefe.cnrs.fr\/gdrparcs\/?s={search_term_string}"},"query-input":{"@type":"PropertyValueSpecification","valueRequired":true,"valueName":"search_term_string"}}],"inLanguage":"fr-FR"},{"@type":"Organization","@id":"https:\/\/websie.cefe.cnrs.fr\/gdrparcs\/#organization","name":"Recherche Action Participative","url":"https:\/\/websie.cefe.cnrs.fr\/gdrparcs\/","logo":{"@type":"ImageObject","inLanguage":"fr-FR","@id":"https:\/\/websie.cefe.cnrs.fr\/gdrparcs\/#\/schema\/logo\/image\/","url":"https:\/\/websie.cefe.cnrs.fr\/gdrparcs\/wp-content\/uploads\/2019\/02\/cropped-cropped-cropped-cropped-cropped-cropped-cropped-Logo-GDRPARCS-5.jpg","contentUrl":"https:\/\/websie.cefe.cnrs.fr\/gdrparcs\/wp-content\/uploads\/2019\/02\/cropped-cropped-cropped-cropped-cropped-cropped-cropped-Logo-GDRPARCS-5.jpg","width":424,"height":353,"caption":"Recherche Action Participative"},"image":{"@id":"https:\/\/websie.cefe.cnrs.fr\/gdrparcs\/#\/schema\/logo\/image\/"}}]}},"rttpg_featured_image_url":null,"rttpg_author":{"display_name":"Emilie Dias","author_link":"https:\/\/websie.cefe.cnrs.fr\/gdrparcs\/author\/emilied\/"},"rttpg_comment":0,"rttpg_category":null,"rttpg_excerpt":"GDR PARCS Ressources et outils\u00a0 Liens utiles\u00a0\u00a0 A propos D\u00e9couvrir le site de SAS\u00b2 Dialogue qui pr\u00e9sente toutes les techniques [&hellip;]","_links":{"self":[{"href":"https:\/\/websie.cefe.cnrs.fr\/gdrparcs\/wp-json\/wp\/v2\/pages\/2020","targetHints":{"allow":["GET"]}}],"collection":[{"href":"https:\/\/websie.cefe.cnrs.fr\/gdrparcs\/wp-json\/wp\/v2\/pages"}],"about":[{"href":"https:\/\/websie.cefe.cnrs.fr\/gdrparcs\/wp-json\/wp\/v2\/types\/page"}],"author":[{"embeddable":true,"href":"https:\/\/websie.cefe.cnrs.fr\/gdrparcs\/wp-json\/wp\/v2\/users\/2"}],"replies":[{"embeddable":true,"href":"https:\/\/websie.cefe.cnrs.fr\/gdrparcs\/wp-json\/wp\/v2\/comments?post=2020"}],"version-history":[{"count":10,"href":"https:\/\/websie.cefe.cnrs.fr\/gdrparcs\/wp-json\/wp\/v2\/pages\/2020\/revisions"}],"predecessor-version":[{"id":2596,"href":"https:\/\/websie.cefe.cnrs.fr\/gdrparcs\/wp-json\/wp\/v2\/pages\/2020\/revisions\/2596"}],"wp:attachment":[{"href":"https:\/\/websie.cefe.cnrs.fr\/gdrparcs\/wp-json\/wp\/v2\/media?parent=2020"}],"curies":[{"name":"wp","href":"https:\/\/api.w.org\/{rel}","templated":true}]}}