{"id":126,"date":"2019-02-28T20:48:04","date_gmt":"2019-02-28T19:48:04","guid":{"rendered":"http:\/\/websie.cefe.cnrs.fr\/gdrparcs\/?page_id=126"},"modified":"2020-09-30T10:41:07","modified_gmt":"2020-09-30T08:41:07","slug":"objectifs","status":"publish","type":"page","link":"https:\/\/websie.cefe.cnrs.fr\/gdrparcs\/objectifs\/","title":{"rendered":"Objectifs"},"content":{"rendered":"\n<p class=\"has-text-align-center\">Le GDR PARCS a le plaisir de proposer une \u00e9cole th\u00e9matique qui s&rsquo;est d\u00e9roul\u00e9 du \u00a07 au 11 mars 2016 au\u00a0Domaine le hameau de l\u2019Etoile Route de Frouzet 34380 ST MARTIN DE LONDRES.<\/p>\n\n\n\n<h2 class=\"wp-block-heading\">Contexte<\/h2>\n\n\n\n<p>\u00ab Les outils et m\u00e9thodes de la Recherche Action Participative (RAP) ont fait leurs preuves pour d\u00e9velopper une nouvelle \u00e9thique des relations entre sciences et soci\u00e9t\u00e9s. Il ne s\u2019agit plus d\u2019extraire les observations ou connaissances du citoyen afin d\u2019alimenter la base de donn\u00e9es du chercheur, mais bien de co-construire avec le citoyen des projets de recherche adapt\u00e9s dont le d\u00e9roul\u00e9 sera caract\u00e9ris\u00e9 par une collaboration permanente aboutissant \u00e0 une meilleure compr\u00e9hension des ph\u00e9nom\u00e8nes et \u00e0 l\u2019\u00e9laboration conjointe de solutions, condition pour une acceptation soci\u00e9tale efficace. \u00bb GDR PARCS<\/p>\n\n\n\n<h2 class=\"wp-block-heading\">Objectifs<\/h2>\n\n\n\n<p>Partant de cette vision, l\u2019objectif principal de l\u2019\u00e9cole est de faire avancer et de consolider les pratiques li\u00e9es \u00e0 la RAP en France, en rassemblant et en f\u00e9d\u00e9rant des chercheurs et acteurs cl\u00e9s ayant de l\u2019exp\u00e9rience dans ce domaine.<br>Le format propos\u00e9 se veut innovant par rapport aux formations \u00ab classiques \u00bb. Nous focaliserons notre r\u00e9flexion \u00e0 partir des projets de chaque participant et de leurs interactions en utilisant les techniques de la RAP. Cherchant \u00e0 proposer une d\u00e9marche r\u00e9solument participative et \u00e0 s\u2019extraire de l\u2019expos\u00e9 des savoirs de chacun, il s\u2019agit ainsi de partager ses acquis et de mettre en d\u00e9bat les difficult\u00e9s rencontr\u00e9es et les limites identifi\u00e9es.<br>Public<br>Cette \u00e9cole est destin\u00e9e aux chercheurs, doctorants et acteurs des sciences participatives :<br>\u2013 en priorit\u00e9 \u00e0 ceux qui sont d\u00e9j\u00e0 engag\u00e9s dans un programme de recherche impliquant la participation de citoyens et pour lequel ils auront d\u00e9velopp\u00e9 des interrogations sur des aspects pr\u00e9cis de la RAP ;<br>\u2013 dans un second temps \u00e0 ceux souhaitant d\u00e9velopper un projet de recherche s\u2019appuyant sur les outils de la participation.<\/p>\n\n\n\n<figure class=\"wp-block-image\"><img decoding=\"async\" src=\"http:\/\/www.tela-botanica.org\/wikini\/gdr-parcs\/files\/PagePrincipale_Sans_titre_20150519110419_20150519110537.jpg\" alt=\"Afficher l'image d'origine\"\/><\/figure>\n\n\n\n<h2 class=\"wp-block-heading\">Programme pr\u00e9visionnel<\/h2>\n\n\n\n<p>Ceci est un programme pr\u00e9liminaire. La d\u00e9marche participative utilis\u00e9e peut g\u00e9n\u00e9rer des modifications d\u2019agenda tout au long de l\u2019\u00e9cole.<br>Cartographies<br>\u2013 Attentes des participants<br>\u2013 Approches<br>\u2013 Valeurs<br>\u2013 Profils de comp\u00e9tences<br>\u2013 Enjeux\/probl\u00e8mes de la RAP<br>Discussion des probl\u00e8mes r\u00e9currents<br>A partir des probl\u00e8mes r\u00e9currents identifi\u00e9s collectivement, des ateliers de r\u00e9solution de probl\u00e8mes seront organis\u00e9s en sous-groupes. Voici quelques pistes :<br><\/p>\n\n\n\n<p>&#8211; Comment co-construire un projet participatif avec et pour les citoyens ?<br>&#8211; Comment prendre en compte et g\u00e9rer les questions \u00e9thiques et d\u00e9ontologiques dans la RAP ?<br>&#8211; Pourquoi et comment int\u00e9grer les savoirs locaux, les mettre en valeur sans les d\u00e9naturer ?<br>&#8211; Les nouvelles exigences des citoyens ne n\u00e9cessitent-elles pas un changement de posture du chercheur ?<br>&#8211; Comment prendre en compte et g\u00e9rer les conflits, les relations de pouvoir et les int\u00e9r\u00eats des parties prenantes ?<br>&#8211; Comment s\u2019engager dans une formation \u00e0 la recherche (master, doctorat) en utilisant les outils de la RAP ?<br>&#8211; Comment mieux int\u00e9grer les citoyens dans l\u2019analyse et l\u2019interpr\u00e9tation des donn\u00e9es?<br>&#8211; Comment valoriser et publier un article sur des donn\u00e9es participatives et le r\u00e9diger avec les outils de la RAP ?<br>&#8211; Comment analyser et \u00e9valuer l\u2019impact d\u2019un programme de science participative et comment cette \u00e9valuation permet-elle de faire avancer les processus de la RAP ?<\/p>\n\n\n\n<p><\/p>\n\n\n\n<p><br>Vers la RAP du futur<br>\u2013 Mise en coh\u00e9rence des outils et des approches<br>\u2013 Formation\/Certification \u00e0 la RAP<br>\u2013 R\u00f4le du num\u00e9rique dans la RAP du futur<br>\u2013 Les TIC au service des SAC (les sciences de l\u2019analyse et de la communication)<br>\u2013 Observatoire des sciences de la participation<br>Page web de l\u2019\u00e9cole : https:\/\/frama.link\/EcoleThematique<\/p>\n\n\n\n<p><br>Comit\u00e9 d\u2019organisation<br>Hugues BAZIN, Sylvie BLANGY, Pascaline BOURGAIN, Jennifer CARRE, Ana\u00efs CHAPOT, Jacques CHEVALIER, Isabelle CHUINE, Ga\u00eblle DARMON, Paula DIAS, Anne DOZIERES, Philippe FELDMANN, Nils FERRAND, Serge FRANC, Fr\u00e9d\u00e9rique JANKOWSKI, Yanick LASICA, Martine LEGRIS, Claude MIAUD, Christian REYNAUD, Lionel SCOTTO<br>Comit\u00e9 scientifique<br>Hugues BAZIN, Aur\u00e9lie BOTTA, Isabelle CHUINE, Paula DIAS, Anne DOZIERES, Philippe FELDMANN, Serge FRANC, Olivier GIMENEZ, Fabien HOBLEA, Yanick LASICA, Martine LEGRIS, Rapha\u00ebl MATHEVET, Claude MIAUD, Lionel SCOTTO<\/p>\n\n\n\n<hr class=\"wp-block-separator\"\/>\n","protected":false},"excerpt":{"rendered":"<p>Le GDR PARCS a le plaisir de proposer une \u00e9cole th\u00e9matique qui s&rsquo;est d\u00e9roul\u00e9 du \u00a07 au 11 mars 2016 [&hellip;]<\/p>\n","protected":false},"author":1,"featured_media":920,"parent":0,"menu_order":0,"comment_status":"closed","ping_status":"closed","template":"","meta":{"site-sidebar-layout":"default","site-content-layout":"","ast-site-content-layout":"default","site-content-style":"default","site-sidebar-style":"default","ast-global-header-display":"","ast-banner-title-visibility":"","ast-main-header-display":"","ast-hfb-above-header-display":"","ast-hfb-below-header-display":"","ast-hfb-mobile-header-display":"","site-post-title":"","ast-breadcrumbs-content":"","ast-featured-img":"","footer-sml-layout":"","ast-disable-related-posts":"","theme-transparent-header-meta":"","adv-header-id-meta":"","stick-header-meta":"","header-above-stick-meta":"","header-main-stick-meta":"","header-below-stick-meta":"","astra-migrate-meta-layouts":"default","ast-page-background-enabled":"default","ast-page-background-meta":{"desktop":{"background-color":"var(--ast-global-color-4)","background-image":"","background-repeat":"repeat","background-position":"center center","background-size":"auto","background-attachment":"scroll","background-type":"","background-media":"","overlay-type":"","overlay-color":"","overlay-opacity":"","overlay-gradient":""},"tablet":{"background-color":"","background-image":"","background-repeat":"repeat","background-position":"center center","background-size":"auto","background-attachment":"scroll","background-type":"","background-media":"","overlay-type":"","overlay-color":"","overlay-opacity":"","overlay-gradient":""},"mobile":{"background-color":"","background-image":"","background-repeat":"repeat","background-position":"center center","background-size":"auto","background-attachment":"scroll","background-type":"","background-media":"","overlay-type":"","overlay-color":"","overlay-opacity":"","overlay-gradient":""}},"ast-content-background-meta":{"desktop":{"background-color":"var(--ast-global-color-5)","background-image":"","background-repeat":"repeat","background-position":"center center","background-size":"auto","background-attachment":"scroll","background-type":"","background-media":"","overlay-type":"","overlay-color":"","overlay-opacity":"","overlay-gradient":""},"tablet":{"background-color":"var(--ast-global-color-5)","background-image":"","background-repeat":"repeat","background-position":"center center","background-size":"auto","background-attachment":"scroll","background-type":"","background-media":"","overlay-type":"","overlay-color":"","overlay-opacity":"","overlay-gradient":""},"mobile":{"background-color":"var(--ast-global-color-5)","background-image":"","background-repeat":"repeat","background-position":"center center","background-size":"auto","background-attachment":"scroll","background-type":"","background-media":"","overlay-type":"","overlay-color":"","overlay-opacity":"","overlay-gradient":""}},"footnotes":""},"class_list":["post-126","page","type-page","status-publish","has-post-thumbnail","hentry"],"yoast_head":"<!-- This site is optimized with the Yoast SEO plugin v26.7 - https:\/\/yoast.com\/wordpress\/plugins\/seo\/ -->\n<title>Objectifs - Recherche Action Participative<\/title>\n<meta name=\"robots\" content=\"index, follow, max-snippet:-1, max-image-preview:large, max-video-preview:-1\" \/>\n<link rel=\"canonical\" href=\"https:\/\/websie.cefe.cnrs.fr\/gdrparcs\/objectifs\/\" \/>\n<meta property=\"og:locale\" content=\"fr_FR\" \/>\n<meta property=\"og:type\" content=\"article\" \/>\n<meta property=\"og:title\" content=\"Objectifs - Recherche Action Participative\" \/>\n<meta property=\"og:description\" content=\"Le GDR PARCS a le plaisir de proposer une \u00e9cole th\u00e9matique qui s&rsquo;est d\u00e9roul\u00e9 du \u00a07 au 11 mars 2016 [&hellip;]\" \/>\n<meta property=\"og:url\" content=\"https:\/\/websie.cefe.cnrs.fr\/gdrparcs\/objectifs\/\" \/>\n<meta property=\"og:site_name\" content=\"Recherche Action Participative\" \/>\n<meta property=\"article:modified_time\" content=\"2020-09-30T08:41:07+00:00\" \/>\n<meta property=\"og:image\" content=\"https:\/\/websie.cefe.cnrs.fr\/gdrparcs\/wp-content\/uploads\/2020\/09\/et-2016.jpg\" \/>\n\t<meta property=\"og:image:width\" content=\"1366\" \/>\n\t<meta property=\"og:image:height\" content=\"768\" \/>\n\t<meta property=\"og:image:type\" content=\"image\/jpeg\" \/>\n<meta name=\"twitter:card\" content=\"summary_large_image\" \/>\n<meta name=\"twitter:label1\" content=\"Dur\u00e9e de lecture estim\u00e9e\" \/>\n\t<meta name=\"twitter:data1\" content=\"3 minutes\" \/>\n<script type=\"application\/ld+json\" class=\"yoast-schema-graph\">{\"@context\":\"https:\/\/schema.org\",\"@graph\":[{\"@type\":\"WebPage\",\"@id\":\"https:\/\/websie.cefe.cnrs.fr\/gdrparcs\/objectifs\/\",\"url\":\"https:\/\/websie.cefe.cnrs.fr\/gdrparcs\/objectifs\/\",\"name\":\"Objectifs - Recherche Action Participative\",\"isPartOf\":{\"@id\":\"https:\/\/websie.cefe.cnrs.fr\/gdrparcs\/#website\"},\"primaryImageOfPage\":{\"@id\":\"https:\/\/websie.cefe.cnrs.fr\/gdrparcs\/objectifs\/#primaryimage\"},\"image\":{\"@id\":\"https:\/\/websie.cefe.cnrs.fr\/gdrparcs\/objectifs\/#primaryimage\"},\"thumbnailUrl\":\"https:\/\/websie.cefe.cnrs.fr\/gdrparcs\/wp-content\/uploads\/2020\/09\/et-2016-e1712740482992.jpg\",\"datePublished\":\"2019-02-28T19:48:04+00:00\",\"dateModified\":\"2020-09-30T08:41:07+00:00\",\"breadcrumb\":{\"@id\":\"https:\/\/websie.cefe.cnrs.fr\/gdrparcs\/objectifs\/#breadcrumb\"},\"inLanguage\":\"fr-FR\",\"potentialAction\":[{\"@type\":\"ReadAction\",\"target\":[\"https:\/\/websie.cefe.cnrs.fr\/gdrparcs\/objectifs\/\"]}]},{\"@type\":\"ImageObject\",\"inLanguage\":\"fr-FR\",\"@id\":\"https:\/\/websie.cefe.cnrs.fr\/gdrparcs\/objectifs\/#primaryimage\",\"url\":\"https:\/\/websie.cefe.cnrs.fr\/gdrparcs\/wp-content\/uploads\/2020\/09\/et-2016-e1712740482992.jpg\",\"contentUrl\":\"https:\/\/websie.cefe.cnrs.fr\/gdrparcs\/wp-content\/uploads\/2020\/09\/et-2016-e1712740482992.jpg\",\"width\":1208,\"height\":696},{\"@type\":\"BreadcrumbList\",\"@id\":\"https:\/\/websie.cefe.cnrs.fr\/gdrparcs\/objectifs\/#breadcrumb\",\"itemListElement\":[{\"@type\":\"ListItem\",\"position\":1,\"name\":\"Accueil\",\"item\":\"https:\/\/websie.cefe.cnrs.fr\/gdrparcs\/\"},{\"@type\":\"ListItem\",\"position\":2,\"name\":\"Objectifs\"}]},{\"@type\":\"WebSite\",\"@id\":\"https:\/\/websie.cefe.cnrs.fr\/gdrparcs\/#website\",\"url\":\"https:\/\/websie.cefe.cnrs.fr\/gdrparcs\/\",\"name\":\"Recherche Action Participative\",\"description\":\"\",\"publisher\":{\"@id\":\"https:\/\/websie.cefe.cnrs.fr\/gdrparcs\/#organization\"},\"potentialAction\":[{\"@type\":\"SearchAction\",\"target\":{\"@type\":\"EntryPoint\",\"urlTemplate\":\"https:\/\/websie.cefe.cnrs.fr\/gdrparcs\/?s={search_term_string}\"},\"query-input\":{\"@type\":\"PropertyValueSpecification\",\"valueRequired\":true,\"valueName\":\"search_term_string\"}}],\"inLanguage\":\"fr-FR\"},{\"@type\":\"Organization\",\"@id\":\"https:\/\/websie.cefe.cnrs.fr\/gdrparcs\/#organization\",\"name\":\"Recherche Action Participative\",\"url\":\"https:\/\/websie.cefe.cnrs.fr\/gdrparcs\/\",\"logo\":{\"@type\":\"ImageObject\",\"inLanguage\":\"fr-FR\",\"@id\":\"https:\/\/websie.cefe.cnrs.fr\/gdrparcs\/#\/schema\/logo\/image\/\",\"url\":\"https:\/\/websie.cefe.cnrs.fr\/gdrparcs\/wp-content\/uploads\/2019\/02\/cropped-cropped-cropped-cropped-cropped-cropped-cropped-Logo-GDRPARCS-5.jpg\",\"contentUrl\":\"https:\/\/websie.cefe.cnrs.fr\/gdrparcs\/wp-content\/uploads\/2019\/02\/cropped-cropped-cropped-cropped-cropped-cropped-cropped-Logo-GDRPARCS-5.jpg\",\"width\":424,\"height\":353,\"caption\":\"Recherche Action Participative\"},\"image\":{\"@id\":\"https:\/\/websie.cefe.cnrs.fr\/gdrparcs\/#\/schema\/logo\/image\/\"}}]}<\/script>\n<!-- \/ Yoast SEO plugin. -->","yoast_head_json":{"title":"Objectifs - Recherche Action Participative","robots":{"index":"index","follow":"follow","max-snippet":"max-snippet:-1","max-image-preview":"max-image-preview:large","max-video-preview":"max-video-preview:-1"},"canonical":"https:\/\/websie.cefe.cnrs.fr\/gdrparcs\/objectifs\/","og_locale":"fr_FR","og_type":"article","og_title":"Objectifs - Recherche Action Participative","og_description":"Le GDR PARCS a le plaisir de proposer une \u00e9cole th\u00e9matique qui s&rsquo;est d\u00e9roul\u00e9 du \u00a07 au 11 mars 2016 [&hellip;]","og_url":"https:\/\/websie.cefe.cnrs.fr\/gdrparcs\/objectifs\/","og_site_name":"Recherche Action Participative","article_modified_time":"2020-09-30T08:41:07+00:00","og_image":[{"width":1366,"height":768,"url":"https:\/\/websie.cefe.cnrs.fr\/gdrparcs\/wp-content\/uploads\/2020\/09\/et-2016.jpg","type":"image\/jpeg"}],"twitter_card":"summary_large_image","twitter_misc":{"Dur\u00e9e de lecture estim\u00e9e":"3 minutes"},"schema":{"@context":"https:\/\/schema.org","@graph":[{"@type":"WebPage","@id":"https:\/\/websie.cefe.cnrs.fr\/gdrparcs\/objectifs\/","url":"https:\/\/websie.cefe.cnrs.fr\/gdrparcs\/objectifs\/","name":"Objectifs - Recherche Action Participative","isPartOf":{"@id":"https:\/\/websie.cefe.cnrs.fr\/gdrparcs\/#website"},"primaryImageOfPage":{"@id":"https:\/\/websie.cefe.cnrs.fr\/gdrparcs\/objectifs\/#primaryimage"},"image":{"@id":"https:\/\/websie.cefe.cnrs.fr\/gdrparcs\/objectifs\/#primaryimage"},"thumbnailUrl":"https:\/\/websie.cefe.cnrs.fr\/gdrparcs\/wp-content\/uploads\/2020\/09\/et-2016-e1712740482992.jpg","datePublished":"2019-02-28T19:48:04+00:00","dateModified":"2020-09-30T08:41:07+00:00","breadcrumb":{"@id":"https:\/\/websie.cefe.cnrs.fr\/gdrparcs\/objectifs\/#breadcrumb"},"inLanguage":"fr-FR","potentialAction":[{"@type":"ReadAction","target":["https:\/\/websie.cefe.cnrs.fr\/gdrparcs\/objectifs\/"]}]},{"@type":"ImageObject","inLanguage":"fr-FR","@id":"https:\/\/websie.cefe.cnrs.fr\/gdrparcs\/objectifs\/#primaryimage","url":"https:\/\/websie.cefe.cnrs.fr\/gdrparcs\/wp-content\/uploads\/2020\/09\/et-2016-e1712740482992.jpg","contentUrl":"https:\/\/websie.cefe.cnrs.fr\/gdrparcs\/wp-content\/uploads\/2020\/09\/et-2016-e1712740482992.jpg","width":1208,"height":696},{"@type":"BreadcrumbList","@id":"https:\/\/websie.cefe.cnrs.fr\/gdrparcs\/objectifs\/#breadcrumb","itemListElement":[{"@type":"ListItem","position":1,"name":"Accueil","item":"https:\/\/websie.cefe.cnrs.fr\/gdrparcs\/"},{"@type":"ListItem","position":2,"name":"Objectifs"}]},{"@type":"WebSite","@id":"https:\/\/websie.cefe.cnrs.fr\/gdrparcs\/#website","url":"https:\/\/websie.cefe.cnrs.fr\/gdrparcs\/","name":"Recherche Action Participative","description":"","publisher":{"@id":"https:\/\/websie.cefe.cnrs.fr\/gdrparcs\/#organization"},"potentialAction":[{"@type":"SearchAction","target":{"@type":"EntryPoint","urlTemplate":"https:\/\/websie.cefe.cnrs.fr\/gdrparcs\/?s={search_term_string}"},"query-input":{"@type":"PropertyValueSpecification","valueRequired":true,"valueName":"search_term_string"}}],"inLanguage":"fr-FR"},{"@type":"Organization","@id":"https:\/\/websie.cefe.cnrs.fr\/gdrparcs\/#organization","name":"Recherche Action Participative","url":"https:\/\/websie.cefe.cnrs.fr\/gdrparcs\/","logo":{"@type":"ImageObject","inLanguage":"fr-FR","@id":"https:\/\/websie.cefe.cnrs.fr\/gdrparcs\/#\/schema\/logo\/image\/","url":"https:\/\/websie.cefe.cnrs.fr\/gdrparcs\/wp-content\/uploads\/2019\/02\/cropped-cropped-cropped-cropped-cropped-cropped-cropped-Logo-GDRPARCS-5.jpg","contentUrl":"https:\/\/websie.cefe.cnrs.fr\/gdrparcs\/wp-content\/uploads\/2019\/02\/cropped-cropped-cropped-cropped-cropped-cropped-cropped-Logo-GDRPARCS-5.jpg","width":424,"height":353,"caption":"Recherche Action Participative"},"image":{"@id":"https:\/\/websie.cefe.cnrs.fr\/gdrparcs\/#\/schema\/logo\/image\/"}}]}},"rttpg_featured_image_url":{"full":["https:\/\/websie.cefe.cnrs.fr\/gdrparcs\/wp-content\/uploads\/2020\/09\/et-2016-e1712740482992.jpg",1208,696,false],"landscape":["https:\/\/websie.cefe.cnrs.fr\/gdrparcs\/wp-content\/uploads\/2020\/09\/et-2016-e1712740482992.jpg",1208,696,false],"portraits":["https:\/\/websie.cefe.cnrs.fr\/gdrparcs\/wp-content\/uploads\/2020\/09\/et-2016-e1712740482992.jpg",1208,696,false],"thumbnail":["https:\/\/websie.cefe.cnrs.fr\/gdrparcs\/wp-content\/uploads\/2020\/09\/et-2016-e1712740482992-150x150.jpg",150,150,true],"medium":["https:\/\/websie.cefe.cnrs.fr\/gdrparcs\/wp-content\/uploads\/2020\/09\/et-2016-e1712740482992-300x173.jpg",300,173,true],"large":["https:\/\/websie.cefe.cnrs.fr\/gdrparcs\/wp-content\/uploads\/2020\/09\/et-2016-e1712740482992-1024x590.jpg",1024,590,true],"1536x1536":["https:\/\/websie.cefe.cnrs.fr\/gdrparcs\/wp-content\/uploads\/2020\/09\/et-2016-e1712740482992.jpg",1208,696,false],"2048x2048":["https:\/\/websie.cefe.cnrs.fr\/gdrparcs\/wp-content\/uploads\/2020\/09\/et-2016-e1712740482992.jpg",1208,696,false]},"rttpg_author":{"display_name":"sblangy","author_link":"https:\/\/websie.cefe.cnrs.fr\/gdrparcs\/author\/sblangy\/"},"rttpg_comment":0,"rttpg_category":null,"rttpg_excerpt":"Le GDR PARCS a le plaisir de proposer une \u00e9cole th\u00e9matique qui s&rsquo;est d\u00e9roul\u00e9 du \u00a07 au 11 mars 2016 [&hellip;]","_links":{"self":[{"href":"https:\/\/websie.cefe.cnrs.fr\/gdrparcs\/wp-json\/wp\/v2\/pages\/126","targetHints":{"allow":["GET"]}}],"collection":[{"href":"https:\/\/websie.cefe.cnrs.fr\/gdrparcs\/wp-json\/wp\/v2\/pages"}],"about":[{"href":"https:\/\/websie.cefe.cnrs.fr\/gdrparcs\/wp-json\/wp\/v2\/types\/page"}],"author":[{"embeddable":true,"href":"https:\/\/websie.cefe.cnrs.fr\/gdrparcs\/wp-json\/wp\/v2\/users\/1"}],"replies":[{"embeddable":true,"href":"https:\/\/websie.cefe.cnrs.fr\/gdrparcs\/wp-json\/wp\/v2\/comments?post=126"}],"version-history":[{"count":2,"href":"https:\/\/websie.cefe.cnrs.fr\/gdrparcs\/wp-json\/wp\/v2\/pages\/126\/revisions"}],"predecessor-version":[{"id":921,"href":"https:\/\/websie.cefe.cnrs.fr\/gdrparcs\/wp-json\/wp\/v2\/pages\/126\/revisions\/921"}],"wp:featuredmedia":[{"embeddable":true,"href":"https:\/\/websie.cefe.cnrs.fr\/gdrparcs\/wp-json\/wp\/v2\/media\/920"}],"wp:attachment":[{"href":"https:\/\/websie.cefe.cnrs.fr\/gdrparcs\/wp-json\/wp\/v2\/media?parent=126"}],"curies":[{"name":"wp","href":"https:\/\/api.w.org\/{rel}","templated":true}]}}