{"id":1052,"date":"2022-06-29T13:49:39","date_gmt":"2022-06-29T11:49:39","guid":{"rendered":"https:\/\/websie.cefe.cnrs.fr\/gdrparcs\/?page_id=1052"},"modified":"2025-03-06T19:47:38","modified_gmt":"2025-03-06T18:47:38","slug":"groupe-de-travail","status":"publish","type":"page","link":"https:\/\/websie.cefe.cnrs.fr\/gdrparcs\/groupe-de-travail\/","title":{"rendered":"Groupe de Travail"},"content":{"rendered":"\t\t<div data-elementor-type=\"wp-page\" data-elementor-id=\"1052\" class=\"elementor elementor-1052\">\n\t\t\t\t\t\t<section class=\"elementor-section elementor-top-section elementor-element elementor-element-44ee8cf7 elementor-section-boxed elementor-section-height-default elementor-section-height-default\" data-id=\"44ee8cf7\" data-element_type=\"section\">\n\t\t\t\t\t\t<div class=\"elementor-container elementor-column-gap-default\">\n\t\t\t\t\t<div class=\"elementor-column elementor-col-100 elementor-top-column elementor-element elementor-element-6fed798b\" data-id=\"6fed798b\" data-element_type=\"column\">\n\t\t\t<div class=\"elementor-widget-wrap elementor-element-populated\">\n\t\t\t\t\t\t<div class=\"elementor-element elementor-element-208ad6a0 elementor-widget elementor-widget-spacer\" data-id=\"208ad6a0\" data-element_type=\"widget\" data-widget_type=\"spacer.default\">\n\t\t\t\t<div class=\"elementor-widget-container\">\n\t\t\t\t\t\t\t<div class=\"elementor-spacer\">\n\t\t\t<div class=\"elementor-spacer-inner\"><\/div>\n\t\t<\/div>\n\t\t\t\t\t\t<\/div>\n\t\t\t\t<\/div>\n\t\t\t\t\t<\/div>\n\t\t<\/div>\n\t\t\t\t\t<\/div>\n\t\t<\/section>\n\t\t\t\t<section class=\"elementor-section elementor-top-section elementor-element elementor-element-71507cc1 elementor-section-height-min-height elementor-section-items-top elementor-section-content-middle elementor-section-full_width elementor-section-stretched animated-slow elementor-section-height-default elementor-invisible\" data-id=\"71507cc1\" data-element_type=\"section\" data-settings=\"{&quot;background_background&quot;:&quot;classic&quot;,&quot;stretch_section&quot;:&quot;section-stretched&quot;,&quot;animation&quot;:&quot;fadeIn&quot;,&quot;shape_divider_bottom&quot;:&quot;mountains&quot;,&quot;shape_divider_top&quot;:&quot;mountains&quot;}\">\n\t\t\t\t\t\t\t<div class=\"elementor-background-overlay\"><\/div>\n\t\t\t\t\t\t<div class=\"elementor-shape elementor-shape-top\" aria-hidden=\"true\" data-negative=\"false\">\n\t\t\t<svg xmlns=\"http:\/\/www.w3.org\/2000\/svg\" viewBox=\"0 0 1000 100\" preserveAspectRatio=\"none\">\n\t<path class=\"elementor-shape-fill\" opacity=\"0.33\" d=\"M473,67.3c-203.9,88.3-263.1-34-320.3,0C66,119.1,0,59.7,0,59.7V0h1000v59.7 c0,0-62.1,26.1-94.9,29.3c-32.8,3.3-62.8-12.3-75.8-22.1C806,49.6,745.3,8.7,694.9,4.7S492.4,59,473,67.3z\"\/>\n\t<path class=\"elementor-shape-fill\" opacity=\"0.66\" d=\"M734,67.3c-45.5,0-77.2-23.2-129.1-39.1c-28.6-8.7-150.3-10.1-254,39.1 s-91.7-34.4-149.2,0C115.7,118.3,0,39.8,0,39.8V0h1000v36.5c0,0-28.2-18.5-92.1-18.5C810.2,18.1,775.7,67.3,734,67.3z\"\/>\n\t<path class=\"elementor-shape-fill\" d=\"M766.1,28.9c-200-57.5-266,65.5-395.1,19.5C242,1.8,242,5.4,184.8,20.6C128,35.8,132.3,44.9,89.9,52.5C28.6,63.7,0,0,0,0 h1000c0,0-9.9,40.9-83.6,48.1S829.6,47,766.1,28.9z\"\/>\n<\/svg>\t\t<\/div>\n\t\t\t\t<div class=\"elementor-shape elementor-shape-bottom\" aria-hidden=\"true\" data-negative=\"false\">\n\t\t\t<svg xmlns=\"http:\/\/www.w3.org\/2000\/svg\" viewBox=\"0 0 1000 100\" preserveAspectRatio=\"none\">\n\t<path class=\"elementor-shape-fill\" opacity=\"0.33\" d=\"M473,67.3c-203.9,88.3-263.1-34-320.3,0C66,119.1,0,59.7,0,59.7V0h1000v59.7 c0,0-62.1,26.1-94.9,29.3c-32.8,3.3-62.8-12.3-75.8-22.1C806,49.6,745.3,8.7,694.9,4.7S492.4,59,473,67.3z\"\/>\n\t<path class=\"elementor-shape-fill\" opacity=\"0.66\" d=\"M734,67.3c-45.5,0-77.2-23.2-129.1-39.1c-28.6-8.7-150.3-10.1-254,39.1 s-91.7-34.4-149.2,0C115.7,118.3,0,39.8,0,39.8V0h1000v36.5c0,0-28.2-18.5-92.1-18.5C810.2,18.1,775.7,67.3,734,67.3z\"\/>\n\t<path class=\"elementor-shape-fill\" d=\"M766.1,28.9c-200-57.5-266,65.5-395.1,19.5C242,1.8,242,5.4,184.8,20.6C128,35.8,132.3,44.9,89.9,52.5C28.6,63.7,0,0,0,0 h1000c0,0-9.9,40.9-83.6,48.1S829.6,47,766.1,28.9z\"\/>\n<\/svg>\t\t<\/div>\n\t\t\t\t\t<div class=\"elementor-container elementor-column-gap-no\">\n\t\t\t\t\t<div class=\"elementor-column elementor-col-100 elementor-top-column elementor-element elementor-element-7c95b195 elementor-invisible\" data-id=\"7c95b195\" data-element_type=\"column\" data-settings=\"{&quot;background_background&quot;:&quot;classic&quot;,&quot;animation&quot;:&quot;fadeInUp&quot;}\">\n\t\t\t<div class=\"elementor-widget-wrap elementor-element-populated\">\n\t\t\t\t\t\t<div class=\"elementor-element elementor-element-5b193a1f elementor-invisible elementor-widget elementor-widget-heading\" data-id=\"5b193a1f\" data-element_type=\"widget\" data-settings=\"{&quot;_animation&quot;:&quot;fadeInUp&quot;}\" data-widget_type=\"heading.default\">\n\t\t\t\t<div class=\"elementor-widget-container\">\n\t\t\t\t\t<h1 class=\"elementor-heading-title elementor-size-default\">PROJETS RP - RAP<\/h1>\t\t\t\t<\/div>\n\t\t\t\t<\/div>\n\t\t\t\t<div class=\"elementor-element elementor-element-56633437 elementor-widget elementor-widget-text-editor\" data-id=\"56633437\" data-element_type=\"widget\" data-widget_type=\"text-editor.default\">\n\t\t\t\t<div class=\"elementor-widget-container\">\n\t\t\t\t\t\t\t\t\t<p>Groupe de travail sur la RAP<\/p>\t\t\t\t\t\t\t\t<\/div>\n\t\t\t\t<\/div>\n\t\t\t\t\t<\/div>\n\t\t<\/div>\n\t\t\t\t\t<\/div>\n\t\t<\/section>\n\t\t\t\t<section class=\"elementor-section elementor-top-section elementor-element elementor-element-dc2874c elementor-section-boxed elementor-section-height-default elementor-section-height-default\" data-id=\"dc2874c\" data-element_type=\"section\" data-settings=\"{&quot;background_background&quot;:&quot;classic&quot;}\">\n\t\t\t\t\t\t<div class=\"elementor-container elementor-column-gap-default\">\n\t\t\t\t\t<div class=\"elementor-column elementor-col-100 elementor-top-column elementor-element elementor-element-6161f897\" data-id=\"6161f897\" data-element_type=\"column\">\n\t\t\t<div class=\"elementor-widget-wrap elementor-element-populated\">\n\t\t\t\t\t\t<div class=\"elementor-element elementor-element-75675786 elementor-widget elementor-widget-spacer\" data-id=\"75675786\" data-element_type=\"widget\" data-widget_type=\"spacer.default\">\n\t\t\t\t<div class=\"elementor-widget-container\">\n\t\t\t\t\t\t\t<div class=\"elementor-spacer\">\n\t\t\t<div class=\"elementor-spacer-inner\"><\/div>\n\t\t<\/div>\n\t\t\t\t\t\t<\/div>\n\t\t\t\t<\/div>\n\t\t\t\t\t<\/div>\n\t\t<\/div>\n\t\t\t\t\t<\/div>\n\t\t<\/section>\n\t\t\t\t<section class=\"elementor-section elementor-top-section elementor-element elementor-element-4a63d0eb elementor-section-boxed elementor-section-height-default elementor-section-height-default\" data-id=\"4a63d0eb\" data-element_type=\"section\">\n\t\t\t\t\t\t<div class=\"elementor-container elementor-column-gap-default\">\n\t\t\t\t\t<div class=\"elementor-column elementor-col-100 elementor-top-column elementor-element elementor-element-33a747c3\" data-id=\"33a747c3\" data-element_type=\"column\">\n\t\t\t<div class=\"elementor-widget-wrap elementor-element-populated\">\n\t\t\t\t\t\t<div class=\"elementor-element elementor-element-2e44dcd0 elementor-widget elementor-widget-spacer\" data-id=\"2e44dcd0\" data-element_type=\"widget\" data-widget_type=\"spacer.default\">\n\t\t\t\t<div class=\"elementor-widget-container\">\n\t\t\t\t\t\t\t<div class=\"elementor-spacer\">\n\t\t\t<div class=\"elementor-spacer-inner\"><\/div>\n\t\t<\/div>\n\t\t\t\t\t\t<\/div>\n\t\t\t\t<\/div>\n\t\t\t\t\t<\/div>\n\t\t<\/div>\n\t\t\t\t\t<\/div>\n\t\t<\/section>\n\t\t\t\t<section class=\"elementor-section elementor-top-section elementor-element elementor-element-4a98c90c elementor-section-boxed elementor-section-height-default elementor-section-height-default\" data-id=\"4a98c90c\" data-element_type=\"section\">\n\t\t\t\t\t\t<div class=\"elementor-container elementor-column-gap-default\">\n\t\t\t\t\t<div class=\"elementor-column elementor-col-100 elementor-top-column elementor-element elementor-element-68c4b001\" data-id=\"68c4b001\" data-element_type=\"column\">\n\t\t\t<div class=\"elementor-widget-wrap elementor-element-populated\">\n\t\t\t\t\t\t<div class=\"elementor-element elementor-element-8a40fa4 elementor-widget elementor-widget-spacer\" data-id=\"8a40fa4\" data-element_type=\"widget\" data-widget_type=\"spacer.default\">\n\t\t\t\t<div class=\"elementor-widget-container\">\n\t\t\t\t\t\t\t<div class=\"elementor-spacer\">\n\t\t\t<div class=\"elementor-spacer-inner\"><\/div>\n\t\t<\/div>\n\t\t\t\t\t\t<\/div>\n\t\t\t\t<\/div>\n\t\t\t\t\t<\/div>\n\t\t<\/div>\n\t\t\t\t\t<\/div>\n\t\t<\/section>\n\t\t\t\t<section class=\"elementor-section elementor-top-section elementor-element elementor-element-d3ef9f2 elementor-section-boxed elementor-section-height-default elementor-section-height-default\" data-id=\"d3ef9f2\" data-element_type=\"section\">\n\t\t\t\t\t\t<div class=\"elementor-container elementor-column-gap-default\">\n\t\t\t\t\t<div class=\"elementor-column elementor-col-100 elementor-top-column elementor-element elementor-element-d127d5d\" data-id=\"d127d5d\" data-element_type=\"column\">\n\t\t\t<div class=\"elementor-widget-wrap elementor-element-populated\">\n\t\t\t\t\t\t<section class=\"elementor-section elementor-inner-section elementor-element elementor-element-919acfe elementor-section-boxed elementor-section-height-default elementor-section-height-default\" data-id=\"919acfe\" data-element_type=\"section\">\n\t\t\t\t\t\t<div class=\"elementor-container elementor-column-gap-default\">\n\t\t\t\t\t<div class=\"elementor-column elementor-col-50 elementor-inner-column elementor-element elementor-element-169b186\" data-id=\"169b186\" data-element_type=\"column\">\n\t\t\t<div class=\"elementor-widget-wrap elementor-element-populated\">\n\t\t\t\t\t\t<div class=\"elementor-element elementor-element-c58b309 elementor-widget elementor-widget-text-editor\" data-id=\"c58b309\" data-element_type=\"widget\" data-widget_type=\"text-editor.default\">\n\t\t\t\t<div class=\"elementor-widget-container\">\n\t\t\t\t\t\t\t\t\t<p>Le Groupe de Travail (GT) sur la RAP a \u00e9t\u00e9 cr\u00e9\u00e9 au CEFE et s&rsquo;est r\u00e9unit deux fois en visio et a pr\u00e9vu de se retrouver mi septembre pour monter en comp\u00e9tence sur les outils de la RAP.<\/p><p>Si vous \u00eates int\u00e9ress\u00e9s, contacter\u00a0 sylvie.blangy at cefe.cnrs.fr<\/p>\t\t\t\t\t\t\t\t<\/div>\n\t\t\t\t<\/div>\n\t\t\t\t\t<\/div>\n\t\t<\/div>\n\t\t\t\t<div class=\"elementor-column elementor-col-50 elementor-inner-column elementor-element elementor-element-5e231bf\" data-id=\"5e231bf\" data-element_type=\"column\">\n\t\t\t<div class=\"elementor-widget-wrap elementor-element-populated\">\n\t\t\t\t\t\t<div class=\"elementor-element elementor-element-e6ec13e elementor-widget elementor-widget-image\" data-id=\"e6ec13e\" data-element_type=\"widget\" data-widget_type=\"image.default\">\n\t\t\t\t<div class=\"elementor-widget-container\">\n\t\t\t\t\t\t\t\t\t\t\t\t\t\t\t<img fetchpriority=\"high\" decoding=\"async\" width=\"300\" height=\"225\" src=\"https:\/\/websie.cefe.cnrs.fr\/gdrparcs\/wp-content\/uploads\/2020\/01\/dgroupezerodechet-300x225.jpg\" class=\"attachment-medium size-medium wp-image-772\" alt=\"kyud\" srcset=\"https:\/\/websie.cefe.cnrs.fr\/gdrparcs\/wp-content\/uploads\/2020\/01\/dgroupezerodechet-300x225.jpg 300w, https:\/\/websie.cefe.cnrs.fr\/gdrparcs\/wp-content\/uploads\/2020\/01\/dgroupezerodechet-1024x768.jpg 1024w, https:\/\/websie.cefe.cnrs.fr\/gdrparcs\/wp-content\/uploads\/2020\/01\/dgroupezerodechet-768x576.jpg 768w, https:\/\/websie.cefe.cnrs.fr\/gdrparcs\/wp-content\/uploads\/2020\/01\/dgroupezerodechet-1536x1152.jpg 1536w, https:\/\/websie.cefe.cnrs.fr\/gdrparcs\/wp-content\/uploads\/2020\/01\/dgroupezerodechet-2048x1536.jpg 2048w, https:\/\/websie.cefe.cnrs.fr\/gdrparcs\/wp-content\/uploads\/2020\/01\/dgroupezerodechet-120x90.jpg 120w\" sizes=\"(max-width: 300px) 100vw, 300px\" \/>\t\t\t\t\t\t\t\t\t\t\t\t\t\t\t<\/div>\n\t\t\t\t<\/div>\n\t\t\t\t\t<\/div>\n\t\t<\/div>\n\t\t\t\t\t<\/div>\n\t\t<\/section>\n\t\t\t\t\t<\/div>\n\t\t<\/div>\n\t\t\t\t\t<\/div>\n\t\t<\/section>\n\t\t\t\t<section class=\"elementor-section elementor-top-section elementor-element elementor-element-076b7ef elementor-section-boxed elementor-section-height-default elementor-section-height-default\" data-id=\"076b7ef\" data-element_type=\"section\">\n\t\t\t\t\t\t<div class=\"elementor-container elementor-column-gap-default\">\n\t\t\t\t\t<div class=\"elementor-column elementor-col-100 elementor-top-column elementor-element elementor-element-8ae6c13\" data-id=\"8ae6c13\" data-element_type=\"column\">\n\t\t\t<div class=\"elementor-widget-wrap\">\n\t\t\t\t\t\t\t<\/div>\n\t\t<\/div>\n\t\t\t\t\t<\/div>\n\t\t<\/section>\n\t\t\t\t<section class=\"elementor-section elementor-top-section elementor-element elementor-element-0445e87 elementor-section-boxed elementor-section-height-default elementor-section-height-default\" data-id=\"0445e87\" data-element_type=\"section\">\n\t\t\t\t\t\t<div class=\"elementor-container elementor-column-gap-default\">\n\t\t\t\t\t<div class=\"elementor-column elementor-col-100 elementor-top-column elementor-element elementor-element-10092f4\" data-id=\"10092f4\" data-element_type=\"column\">\n\t\t\t<div class=\"elementor-widget-wrap\">\n\t\t\t\t\t\t\t<\/div>\n\t\t<\/div>\n\t\t\t\t\t<\/div>\n\t\t<\/section>\n\t\t\t\t<\/div>\n\t\t","protected":false},"excerpt":{"rendered":"<p>PROJETS RP &#8211; RAP Groupe de travail sur la RAP Le Groupe de Travail (GT) sur la RAP a \u00e9t\u00e9 [&hellip;]<\/p>\n","protected":false},"author":1,"featured_media":0,"parent":0,"menu_order":0,"comment_status":"closed","ping_status":"closed","template":"","meta":{"site-sidebar-layout":"default","site-content-layout":"","ast-site-content-layout":"default","site-content-style":"default","site-sidebar-style":"default","ast-global-header-display":"","ast-banner-title-visibility":"","ast-main-header-display":"","ast-hfb-above-header-display":"","ast-hfb-below-header-display":"","ast-hfb-mobile-header-display":"","site-post-title":"disabled","ast-breadcrumbs-content":"","ast-featured-img":"","footer-sml-layout":"","ast-disable-related-posts":"","theme-transparent-header-meta":"","adv-header-id-meta":"","stick-header-meta":"","header-above-stick-meta":"","header-main-stick-meta":"","header-below-stick-meta":"","astra-migrate-meta-layouts":"default","ast-page-background-enabled":"default","ast-page-background-meta":{"desktop":{"background-color":"var(--ast-global-color-4)","background-image":"","background-repeat":"repeat","background-position":"center center","background-size":"auto","background-attachment":"scroll","background-type":"","background-media":"","overlay-type":"","overlay-color":"","overlay-opacity":"","overlay-gradient":""},"tablet":{"background-color":"","background-image":"","background-repeat":"repeat","background-position":"center center","background-size":"auto","background-attachment":"scroll","background-type":"","background-media":"","overlay-type":"","overlay-color":"","overlay-opacity":"","overlay-gradient":""},"mobile":{"background-color":"","background-image":"","background-repeat":"repeat","background-position":"center center","background-size":"auto","background-attachment":"scroll","background-type":"","background-media":"","overlay-type":"","overlay-color":"","overlay-opacity":"","overlay-gradient":""}},"ast-content-background-meta":{"desktop":{"background-color":"var(--ast-global-color-5)","background-image":"","background-repeat":"repeat","background-position":"center center","background-size":"auto","background-attachment":"scroll","background-type":"","background-media":"","overlay-type":"","overlay-color":"","overlay-opacity":"","overlay-gradient":""},"tablet":{"background-color":"var(--ast-global-color-5)","background-image":"","background-repeat":"repeat","background-position":"center center","background-size":"auto","background-attachment":"scroll","background-type":"","background-media":"","overlay-type":"","overlay-color":"","overlay-opacity":"","overlay-gradient":""},"mobile":{"background-color":"var(--ast-global-color-5)","background-image":"","background-repeat":"repeat","background-position":"center center","background-size":"auto","background-attachment":"scroll","background-type":"","background-media":"","overlay-type":"","overlay-color":"","overlay-opacity":"","overlay-gradient":""}},"footnotes":""},"class_list":["post-1052","page","type-page","status-publish","hentry"],"yoast_head":"<!-- This site is optimized with the Yoast SEO plugin v26.7 - https:\/\/yoast.com\/wordpress\/plugins\/seo\/ -->\n<title>Groupe de Travail - Recherche Action Participative<\/title>\n<meta name=\"robots\" content=\"index, follow, max-snippet:-1, max-image-preview:large, max-video-preview:-1\" \/>\n<link rel=\"canonical\" href=\"https:\/\/websie.cefe.cnrs.fr\/gdrparcs\/groupe-de-travail\/\" \/>\n<meta property=\"og:locale\" content=\"fr_FR\" \/>\n<meta property=\"og:type\" content=\"article\" \/>\n<meta property=\"og:title\" content=\"Groupe de Travail - Recherche Action Participative\" \/>\n<meta property=\"og:description\" content=\"PROJETS RP &#8211; RAP Groupe de travail sur la RAP Le Groupe de Travail (GT) sur la RAP a \u00e9t\u00e9 [&hellip;]\" \/>\n<meta property=\"og:url\" content=\"https:\/\/websie.cefe.cnrs.fr\/gdrparcs\/groupe-de-travail\/\" \/>\n<meta property=\"og:site_name\" content=\"Recherche Action Participative\" \/>\n<meta property=\"article:modified_time\" content=\"2025-03-06T18:47:38+00:00\" \/>\n<meta property=\"og:image\" content=\"https:\/\/websie.cefe.cnrs.fr\/gdrparcs\/wp-content\/uploads\/2020\/01\/dgroupezerodechet-scaled.jpg\" \/>\n\t<meta property=\"og:image:width\" content=\"2560\" \/>\n\t<meta property=\"og:image:height\" content=\"1920\" \/>\n\t<meta property=\"og:image:type\" content=\"image\/jpeg\" \/>\n<meta name=\"twitter:card\" content=\"summary_large_image\" \/>\n<meta name=\"twitter:label1\" content=\"Dur\u00e9e de lecture estim\u00e9e\" \/>\n\t<meta name=\"twitter:data1\" content=\"1 minute\" \/>\n<script type=\"application\/ld+json\" class=\"yoast-schema-graph\">{\"@context\":\"https:\/\/schema.org\",\"@graph\":[{\"@type\":\"WebPage\",\"@id\":\"https:\/\/websie.cefe.cnrs.fr\/gdrparcs\/groupe-de-travail\/\",\"url\":\"https:\/\/websie.cefe.cnrs.fr\/gdrparcs\/groupe-de-travail\/\",\"name\":\"Groupe de Travail - Recherche Action Participative\",\"isPartOf\":{\"@id\":\"https:\/\/websie.cefe.cnrs.fr\/gdrparcs\/#website\"},\"primaryImageOfPage\":{\"@id\":\"https:\/\/websie.cefe.cnrs.fr\/gdrparcs\/groupe-de-travail\/#primaryimage\"},\"image\":{\"@id\":\"https:\/\/websie.cefe.cnrs.fr\/gdrparcs\/groupe-de-travail\/#primaryimage\"},\"thumbnailUrl\":\"https:\/\/websie.cefe.cnrs.fr\/gdrparcs\/wp-content\/uploads\/2020\/01\/dgroupezerodechet-300x225.jpg\",\"datePublished\":\"2022-06-29T11:49:39+00:00\",\"dateModified\":\"2025-03-06T18:47:38+00:00\",\"breadcrumb\":{\"@id\":\"https:\/\/websie.cefe.cnrs.fr\/gdrparcs\/groupe-de-travail\/#breadcrumb\"},\"inLanguage\":\"fr-FR\",\"potentialAction\":[{\"@type\":\"ReadAction\",\"target\":[\"https:\/\/websie.cefe.cnrs.fr\/gdrparcs\/groupe-de-travail\/\"]}]},{\"@type\":\"ImageObject\",\"inLanguage\":\"fr-FR\",\"@id\":\"https:\/\/websie.cefe.cnrs.fr\/gdrparcs\/groupe-de-travail\/#primaryimage\",\"url\":\"https:\/\/websie.cefe.cnrs.fr\/gdrparcs\/wp-content\/uploads\/2020\/01\/dgroupezerodechet-300x225.jpg\",\"contentUrl\":\"https:\/\/websie.cefe.cnrs.fr\/gdrparcs\/wp-content\/uploads\/2020\/01\/dgroupezerodechet-300x225.jpg\"},{\"@type\":\"BreadcrumbList\",\"@id\":\"https:\/\/websie.cefe.cnrs.fr\/gdrparcs\/groupe-de-travail\/#breadcrumb\",\"itemListElement\":[{\"@type\":\"ListItem\",\"position\":1,\"name\":\"Accueil\",\"item\":\"https:\/\/websie.cefe.cnrs.fr\/gdrparcs\/\"},{\"@type\":\"ListItem\",\"position\":2,\"name\":\"Groupe de Travail\"}]},{\"@type\":\"WebSite\",\"@id\":\"https:\/\/websie.cefe.cnrs.fr\/gdrparcs\/#website\",\"url\":\"https:\/\/websie.cefe.cnrs.fr\/gdrparcs\/\",\"name\":\"Recherche Action Participative\",\"description\":\"\",\"publisher\":{\"@id\":\"https:\/\/websie.cefe.cnrs.fr\/gdrparcs\/#organization\"},\"potentialAction\":[{\"@type\":\"SearchAction\",\"target\":{\"@type\":\"EntryPoint\",\"urlTemplate\":\"https:\/\/websie.cefe.cnrs.fr\/gdrparcs\/?s={search_term_string}\"},\"query-input\":{\"@type\":\"PropertyValueSpecification\",\"valueRequired\":true,\"valueName\":\"search_term_string\"}}],\"inLanguage\":\"fr-FR\"},{\"@type\":\"Organization\",\"@id\":\"https:\/\/websie.cefe.cnrs.fr\/gdrparcs\/#organization\",\"name\":\"Recherche Action Participative\",\"url\":\"https:\/\/websie.cefe.cnrs.fr\/gdrparcs\/\",\"logo\":{\"@type\":\"ImageObject\",\"inLanguage\":\"fr-FR\",\"@id\":\"https:\/\/websie.cefe.cnrs.fr\/gdrparcs\/#\/schema\/logo\/image\/\",\"url\":\"https:\/\/websie.cefe.cnrs.fr\/gdrparcs\/wp-content\/uploads\/2019\/02\/cropped-cropped-cropped-cropped-cropped-cropped-cropped-Logo-GDRPARCS-5.jpg\",\"contentUrl\":\"https:\/\/websie.cefe.cnrs.fr\/gdrparcs\/wp-content\/uploads\/2019\/02\/cropped-cropped-cropped-cropped-cropped-cropped-cropped-Logo-GDRPARCS-5.jpg\",\"width\":424,\"height\":353,\"caption\":\"Recherche Action Participative\"},\"image\":{\"@id\":\"https:\/\/websie.cefe.cnrs.fr\/gdrparcs\/#\/schema\/logo\/image\/\"}}]}<\/script>\n<!-- \/ Yoast SEO plugin. -->","yoast_head_json":{"title":"Groupe de Travail - Recherche Action Participative","robots":{"index":"index","follow":"follow","max-snippet":"max-snippet:-1","max-image-preview":"max-image-preview:large","max-video-preview":"max-video-preview:-1"},"canonical":"https:\/\/websie.cefe.cnrs.fr\/gdrparcs\/groupe-de-travail\/","og_locale":"fr_FR","og_type":"article","og_title":"Groupe de Travail - Recherche Action Participative","og_description":"PROJETS RP &#8211; RAP Groupe de travail sur la RAP Le Groupe de Travail (GT) sur la RAP a \u00e9t\u00e9 [&hellip;]","og_url":"https:\/\/websie.cefe.cnrs.fr\/gdrparcs\/groupe-de-travail\/","og_site_name":"Recherche Action Participative","article_modified_time":"2025-03-06T18:47:38+00:00","og_image":[{"width":2560,"height":1920,"url":"https:\/\/websie.cefe.cnrs.fr\/gdrparcs\/wp-content\/uploads\/2020\/01\/dgroupezerodechet-scaled.jpg","type":"image\/jpeg"}],"twitter_card":"summary_large_image","twitter_misc":{"Dur\u00e9e de lecture estim\u00e9e":"1 minute"},"schema":{"@context":"https:\/\/schema.org","@graph":[{"@type":"WebPage","@id":"https:\/\/websie.cefe.cnrs.fr\/gdrparcs\/groupe-de-travail\/","url":"https:\/\/websie.cefe.cnrs.fr\/gdrparcs\/groupe-de-travail\/","name":"Groupe de Travail - Recherche Action Participative","isPartOf":{"@id":"https:\/\/websie.cefe.cnrs.fr\/gdrparcs\/#website"},"primaryImageOfPage":{"@id":"https:\/\/websie.cefe.cnrs.fr\/gdrparcs\/groupe-de-travail\/#primaryimage"},"image":{"@id":"https:\/\/websie.cefe.cnrs.fr\/gdrparcs\/groupe-de-travail\/#primaryimage"},"thumbnailUrl":"https:\/\/websie.cefe.cnrs.fr\/gdrparcs\/wp-content\/uploads\/2020\/01\/dgroupezerodechet-300x225.jpg","datePublished":"2022-06-29T11:49:39+00:00","dateModified":"2025-03-06T18:47:38+00:00","breadcrumb":{"@id":"https:\/\/websie.cefe.cnrs.fr\/gdrparcs\/groupe-de-travail\/#breadcrumb"},"inLanguage":"fr-FR","potentialAction":[{"@type":"ReadAction","target":["https:\/\/websie.cefe.cnrs.fr\/gdrparcs\/groupe-de-travail\/"]}]},{"@type":"ImageObject","inLanguage":"fr-FR","@id":"https:\/\/websie.cefe.cnrs.fr\/gdrparcs\/groupe-de-travail\/#primaryimage","url":"https:\/\/websie.cefe.cnrs.fr\/gdrparcs\/wp-content\/uploads\/2020\/01\/dgroupezerodechet-300x225.jpg","contentUrl":"https:\/\/websie.cefe.cnrs.fr\/gdrparcs\/wp-content\/uploads\/2020\/01\/dgroupezerodechet-300x225.jpg"},{"@type":"BreadcrumbList","@id":"https:\/\/websie.cefe.cnrs.fr\/gdrparcs\/groupe-de-travail\/#breadcrumb","itemListElement":[{"@type":"ListItem","position":1,"name":"Accueil","item":"https:\/\/websie.cefe.cnrs.fr\/gdrparcs\/"},{"@type":"ListItem","position":2,"name":"Groupe de Travail"}]},{"@type":"WebSite","@id":"https:\/\/websie.cefe.cnrs.fr\/gdrparcs\/#website","url":"https:\/\/websie.cefe.cnrs.fr\/gdrparcs\/","name":"Recherche Action Participative","description":"","publisher":{"@id":"https:\/\/websie.cefe.cnrs.fr\/gdrparcs\/#organization"},"potentialAction":[{"@type":"SearchAction","target":{"@type":"EntryPoint","urlTemplate":"https:\/\/websie.cefe.cnrs.fr\/gdrparcs\/?s={search_term_string}"},"query-input":{"@type":"PropertyValueSpecification","valueRequired":true,"valueName":"search_term_string"}}],"inLanguage":"fr-FR"},{"@type":"Organization","@id":"https:\/\/websie.cefe.cnrs.fr\/gdrparcs\/#organization","name":"Recherche Action Participative","url":"https:\/\/websie.cefe.cnrs.fr\/gdrparcs\/","logo":{"@type":"ImageObject","inLanguage":"fr-FR","@id":"https:\/\/websie.cefe.cnrs.fr\/gdrparcs\/#\/schema\/logo\/image\/","url":"https:\/\/websie.cefe.cnrs.fr\/gdrparcs\/wp-content\/uploads\/2019\/02\/cropped-cropped-cropped-cropped-cropped-cropped-cropped-Logo-GDRPARCS-5.jpg","contentUrl":"https:\/\/websie.cefe.cnrs.fr\/gdrparcs\/wp-content\/uploads\/2019\/02\/cropped-cropped-cropped-cropped-cropped-cropped-cropped-Logo-GDRPARCS-5.jpg","width":424,"height":353,"caption":"Recherche Action Participative"},"image":{"@id":"https:\/\/websie.cefe.cnrs.fr\/gdrparcs\/#\/schema\/logo\/image\/"}}]}},"rttpg_featured_image_url":null,"rttpg_author":{"display_name":"sblangy","author_link":"https:\/\/websie.cefe.cnrs.fr\/gdrparcs\/author\/sblangy\/"},"rttpg_comment":0,"rttpg_category":null,"rttpg_excerpt":"PROJETS RP &#8211; RAP Groupe de travail sur la RAP Le Groupe de Travail (GT) sur la RAP a \u00e9t\u00e9 [&hellip;]","_links":{"self":[{"href":"https:\/\/websie.cefe.cnrs.fr\/gdrparcs\/wp-json\/wp\/v2\/pages\/1052","targetHints":{"allow":["GET"]}}],"collection":[{"href":"https:\/\/websie.cefe.cnrs.fr\/gdrparcs\/wp-json\/wp\/v2\/pages"}],"about":[{"href":"https:\/\/websie.cefe.cnrs.fr\/gdrparcs\/wp-json\/wp\/v2\/types\/page"}],"author":[{"embeddable":true,"href":"https:\/\/websie.cefe.cnrs.fr\/gdrparcs\/wp-json\/wp\/v2\/users\/1"}],"replies":[{"embeddable":true,"href":"https:\/\/websie.cefe.cnrs.fr\/gdrparcs\/wp-json\/wp\/v2\/comments?post=1052"}],"version-history":[{"count":27,"href":"https:\/\/websie.cefe.cnrs.fr\/gdrparcs\/wp-json\/wp\/v2\/pages\/1052\/revisions"}],"predecessor-version":[{"id":2627,"href":"https:\/\/websie.cefe.cnrs.fr\/gdrparcs\/wp-json\/wp\/v2\/pages\/1052\/revisions\/2627"}],"wp:attachment":[{"href":"https:\/\/websie.cefe.cnrs.fr\/gdrparcs\/wp-json\/wp\/v2\/media?parent=1052"}],"curies":[{"name":"wp","href":"https:\/\/api.w.org\/{rel}","templated":true}]}}