{"id":1283,"date":"2020-12-01T09:54:28","date_gmt":"2020-12-01T08:54:28","guid":{"rendered":"https:\/\/websie.cefe.cnrs.fr\/cit-enr\/?page_id=1283"},"modified":"2020-12-01T10:00:51","modified_gmt":"2020-12-01T09:00:51","slug":"ateliers-rap-3a3b","status":"publish","type":"page","link":"https:\/\/websie.cefe.cnrs.fr\/cit-enr\/ateliers-rap-3a3b\/","title":{"rendered":"Ateliers RAP #3A3B"},"content":{"rendered":"\t\t<div data-elementor-type=\"wp-page\" data-elementor-id=\"1283\" class=\"elementor elementor-1283\">\n\t\t\t\t\t\t<section class=\"elementor-section elementor-top-section elementor-element elementor-element-8046462 elementor-section-boxed elementor-section-height-default elementor-section-height-default\" data-id=\"8046462\" data-element_type=\"section\">\n\t\t\t\t\t\t<div class=\"elementor-container elementor-column-gap-default\">\n\t\t\t\t\t<div class=\"elementor-column elementor-col-100 elementor-top-column elementor-element elementor-element-08b7d96\" data-id=\"08b7d96\" data-element_type=\"column\">\n\t\t\t<div class=\"elementor-widget-wrap elementor-element-populated\">\n\t\t\t\t\t\t<div class=\"elementor-element elementor-element-653589d elementor-widget elementor-widget-spacer\" data-id=\"653589d\" data-element_type=\"widget\" data-widget_type=\"spacer.default\">\n\t\t\t\t<div class=\"elementor-widget-container\">\n\t\t\t\t\t\t\t<div class=\"elementor-spacer\">\n\t\t\t<div class=\"elementor-spacer-inner\"><\/div>\n\t\t<\/div>\n\t\t\t\t\t\t<\/div>\n\t\t\t\t<\/div>\n\t\t\t\t\t<\/div>\n\t\t<\/div>\n\t\t\t\t\t<\/div>\n\t\t<\/section>\n\t\t\t\t<section class=\"elementor-section elementor-top-section elementor-element elementor-element-318b5e7 elementor-section-boxed elementor-section-height-default elementor-section-height-default\" data-id=\"318b5e7\" data-element_type=\"section\">\n\t\t\t\t\t\t<div class=\"elementor-container elementor-column-gap-default\">\n\t\t\t\t\t<div class=\"elementor-column elementor-col-50 elementor-top-column elementor-element elementor-element-ae8aea4\" data-id=\"ae8aea4\" data-element_type=\"column\">\n\t\t\t<div class=\"elementor-widget-wrap elementor-element-populated\">\n\t\t\t\t\t\t<div class=\"elementor-element elementor-element-f5b59d3 elementor-widget elementor-widget-heading\" data-id=\"f5b59d3\" data-element_type=\"widget\" data-widget_type=\"heading.default\">\n\t\t\t\t<div class=\"elementor-widget-container\">\n\t\t\t\t\t<h1 class=\"elementor-heading-title elementor-size-large\">Ateliers #3A3B<\/h1>\t\t\t\t<\/div>\n\t\t\t\t<\/div>\n\t\t\t\t<div class=\"elementor-element elementor-element-039de32 elementor-widget elementor-widget-text-editor\" data-id=\"039de32\" data-element_type=\"widget\" data-widget_type=\"text-editor.default\">\n\t\t\t\t<div class=\"elementor-widget-container\">\n\t\t\t\t\t\t\t\t\t<div class=\"elementor-element elementor-element-5680bd4 elementor-widget elementor-widget-text-editor\" data-id=\"5680bd4\" data-element_type=\"widget\" data-widget_type=\"text-editor.default\"><div class=\"elementor-widget-container\"><div class=\"elementor-text-editor elementor-clearfix\"><p>Pour revivre les ateliers 3A-3B de Recherche\u00a0Action\u00a0Participative ( RAP), cliquez sur le bouton ci-dessous et d\u00e9couvrez le compte-rendu dynamique\u2026<\/p><p>Bonne lecture !<\/p><\/div><\/div><\/div><div class=\"elementor-element elementor-element-e510188 elementor-widget elementor-widget-text-editor\" data-id=\"e510188\" data-element_type=\"widget\" data-widget_type=\"text-editor.default\"><div class=\"elementor-widget-container\"><div class=\"elementor-text-editor elementor-clearfix\"><p>NB : Pour toutes remarques et commentaires n\u2019h\u00e9sitez pas \u00e0 nous\u00a0<a href=\"https:\/\/websie.cefe.cnrs.fr\/cit-enr\/nous-contacter-2\/\">contacter\u00a0<\/a><\/p><\/div><\/div><\/div>\t\t\t\t\t\t\t\t<\/div>\n\t\t\t\t<\/div>\n\t\t\t\t<div class=\"elementor-element elementor-element-5b2e3a0 elementor-button-warning elementor-align-center elementor-widget elementor-widget-button\" data-id=\"5b2e3a0\" data-element_type=\"widget\" data-widget_type=\"button.default\">\n\t\t\t\t<div class=\"elementor-widget-container\">\n\t\t\t\t\t\t\t\t\t<div class=\"elementor-button-wrapper\">\n\t\t\t\t\t<a class=\"elementor-button elementor-button-link elementor-size-sm\" href=\"https:\/\/view.genial.ly\/5f97e5bd4b136f0d1b758caa\" target=\"_blank\">\n\t\t\t\t\t\t<span class=\"elementor-button-content-wrapper\">\n\t\t\t\t\t\t\t\t\t<span class=\"elementor-button-text\">Cliquez ici<\/span>\n\t\t\t\t\t<\/span>\n\t\t\t\t\t<\/a>\n\t\t\t\t<\/div>\n\t\t\t\t\t\t\t\t<\/div>\n\t\t\t\t<\/div>\n\t\t\t\t\t<\/div>\n\t\t<\/div>\n\t\t\t\t<div class=\"elementor-column elementor-col-50 elementor-top-column elementor-element elementor-element-3862834\" data-id=\"3862834\" data-element_type=\"column\">\n\t\t\t<div class=\"elementor-widget-wrap elementor-element-populated\">\n\t\t\t\t\t\t<div class=\"elementor-element elementor-element-622d7d2 elementor-invisible elementor-widget elementor-widget-image\" data-id=\"622d7d2\" data-element_type=\"widget\" data-settings=\"{&quot;_animation&quot;:&quot;fadeInRight&quot;}\" data-widget_type=\"image.default\">\n\t\t\t\t<div class=\"elementor-widget-container\">\n\t\t\t\t\t\t\t\t\t\t\t\t\t\t\t<img fetchpriority=\"high\" decoding=\"async\" width=\"820\" height=\"466\" src=\"https:\/\/websie.cefe.cnrs.fr\/cit-enr\/wp-content\/uploads\/2020\/11\/atelier-3.png\" class=\"attachment-large size-large wp-image-1279\" alt=\"\" srcset=\"https:\/\/websie.cefe.cnrs.fr\/cit-enr\/wp-content\/uploads\/2020\/11\/atelier-3.png 820w, https:\/\/websie.cefe.cnrs.fr\/cit-enr\/wp-content\/uploads\/2020\/11\/atelier-3-300x170.png 300w, https:\/\/websie.cefe.cnrs.fr\/cit-enr\/wp-content\/uploads\/2020\/11\/atelier-3-768x436.png 768w\" sizes=\"(max-width: 820px) 100vw, 820px\" \/>\t\t\t\t\t\t\t\t\t\t\t\t\t\t\t<\/div>\n\t\t\t\t<\/div>\n\t\t\t\t\t<\/div>\n\t\t<\/div>\n\t\t\t\t\t<\/div>\n\t\t<\/section>\n\t\t\t\t<section class=\"elementor-section elementor-top-section elementor-element elementor-element-e1eb321 elementor-section-boxed elementor-section-height-default elementor-section-height-default\" data-id=\"e1eb321\" data-element_type=\"section\">\n\t\t\t\t\t\t<div class=\"elementor-container elementor-column-gap-default\">\n\t\t\t\t\t<div class=\"elementor-column elementor-col-100 elementor-top-column elementor-element elementor-element-e45600e\" data-id=\"e45600e\" data-element_type=\"column\">\n\t\t\t<div class=\"elementor-widget-wrap elementor-element-populated\">\n\t\t\t\t\t\t<div class=\"elementor-element elementor-element-aa980b5 elementor-widget elementor-widget-spacer\" data-id=\"aa980b5\" data-element_type=\"widget\" data-widget_type=\"spacer.default\">\n\t\t\t\t<div class=\"elementor-widget-container\">\n\t\t\t\t\t\t\t<div class=\"elementor-spacer\">\n\t\t\t<div class=\"elementor-spacer-inner\"><\/div>\n\t\t<\/div>\n\t\t\t\t\t\t<\/div>\n\t\t\t\t<\/div>\n\t\t\t\t\t<\/div>\n\t\t<\/div>\n\t\t\t\t\t<\/div>\n\t\t<\/section>\n\t\t\t\t<\/div>\n\t\t","protected":false},"excerpt":{"rendered":"<p>Ateliers #3A3B Pour revivre les ateliers 3A-3B de Recherche\u00a0Action\u00a0Participative ( RAP), cliquez sur le bouton ci-dessous et d\u00e9couvrez le compte-rendu dynamique\u2026 Bonne lecture ! NB : Pour toutes remarques et commentaires n\u2019h\u00e9sitez pas \u00e0 nous\u00a0contacter\u00a0 Cliquez ici<\/p>\n","protected":false},"author":1,"featured_media":0,"parent":0,"menu_order":0,"comment_status":"closed","ping_status":"closed","template":"","meta":{"site-sidebar-layout":"no-sidebar","site-content-layout":"page-builder","ast-site-content-layout":"default","site-content-style":"default","site-sidebar-style":"default","ast-global-header-display":"","ast-banner-title-visibility":"","ast-main-header-display":"","ast-hfb-above-header-display":"","ast-hfb-below-header-display":"","ast-hfb-mobile-header-display":"","site-post-title":"disabled","ast-breadcrumbs-content":"","ast-featured-img":"disabled","footer-sml-layout":"","ast-disable-related-posts":"","theme-transparent-header-meta":"default","adv-header-id-meta":"","stick-header-meta":"","header-above-stick-meta":"","header-main-stick-meta":"","header-below-stick-meta":"","astra-migrate-meta-layouts":"default","ast-page-background-enabled":"default","ast-page-background-meta":{"desktop":{"background-color":"","background-image":"","background-repeat":"repeat","background-position":"center center","background-size":"auto","background-attachment":"scroll","background-type":"","background-media":"","overlay-type":"","overlay-color":"","overlay-opacity":"","overlay-gradient":""},"tablet":{"background-color":"","background-image":"","background-repeat":"repeat","background-position":"center center","background-size":"auto","background-attachment":"scroll","background-type":"","background-media":"","overlay-type":"","overlay-color":"","overlay-opacity":"","overlay-gradient":""},"mobile":{"background-color":"","background-image":"","background-repeat":"repeat","background-position":"center center","background-size":"auto","background-attachment":"scroll","background-type":"","background-media":"","overlay-type":"","overlay-color":"","overlay-opacity":"","overlay-gradient":""}},"ast-content-background-meta":{"desktop":{"background-color":"var(--ast-global-color-5)","background-image":"","background-repeat":"repeat","background-position":"center center","background-size":"auto","background-attachment":"scroll","background-type":"","background-media":"","overlay-type":"","overlay-color":"","overlay-opacity":"","overlay-gradient":""},"tablet":{"background-color":"var(--ast-global-color-5)","background-image":"","background-repeat":"repeat","background-position":"center center","background-size":"auto","background-attachment":"scroll","background-type":"","background-media":"","overlay-type":"","overlay-color":"","overlay-opacity":"","overlay-gradient":""},"mobile":{"background-color":"var(--ast-global-color-5)","background-image":"","background-repeat":"repeat","background-position":"center center","background-size":"auto","background-attachment":"scroll","background-type":"","background-media":"","overlay-type":"","overlay-color":"","overlay-opacity":"","overlay-gradient":""}},"footnotes":""},"class_list":["post-1283","page","type-page","status-publish","hentry"],"yoast_head":"<!-- This site is optimized with the Yoast SEO plugin v26.7 - https:\/\/yoast.com\/wordpress\/plugins\/seo\/ -->\n<title>Ateliers RAP #3A3B - Cit&#039;ENR : Les projets d&#039;\u00e9nergies renouvelables en cod\u00e9veloppement \u2013 \u00e9mergence, coop\u00e9ration et impact<\/title>\n<meta name=\"robots\" content=\"index, follow, max-snippet:-1, max-image-preview:large, max-video-preview:-1\" \/>\n<link rel=\"canonical\" href=\"https:\/\/websie.cefe.cnrs.fr\/cit-enr\/ateliers-rap-3a3b\/\" \/>\n<meta property=\"og:locale\" content=\"fr_FR\" \/>\n<meta property=\"og:type\" content=\"article\" \/>\n<meta property=\"og:title\" content=\"Ateliers RAP #3A3B - Cit&#039;ENR : Les projets d&#039;\u00e9nergies renouvelables en cod\u00e9veloppement \u2013 \u00e9mergence, coop\u00e9ration et impact\" \/>\n<meta property=\"og:description\" content=\"Ateliers #3A3B Pour revivre les ateliers 3A-3B de Recherche\u00a0Action\u00a0Participative ( RAP), cliquez sur le bouton ci-dessous et d\u00e9couvrez le compte-rendu dynamique\u2026 Bonne lecture ! NB : Pour toutes remarques et commentaires n\u2019h\u00e9sitez pas \u00e0 nous\u00a0contacter\u00a0 Cliquez ici\" \/>\n<meta property=\"og:url\" content=\"https:\/\/websie.cefe.cnrs.fr\/cit-enr\/ateliers-rap-3a3b\/\" \/>\n<meta property=\"og:site_name\" content=\"Cit&#039;ENR : Les projets d&#039;\u00e9nergies renouvelables en cod\u00e9veloppement \u2013 \u00e9mergence, coop\u00e9ration et impact\" \/>\n<meta property=\"article:modified_time\" content=\"2020-12-01T09:00:51+00:00\" \/>\n<meta property=\"og:image\" content=\"https:\/\/websie.cefe.cnrs.fr\/cit-enr\/wp-content\/uploads\/2020\/11\/atelier-3.png\" \/>\n<meta name=\"twitter:card\" content=\"summary_large_image\" \/>\n<script type=\"application\/ld+json\" class=\"yoast-schema-graph\">{\"@context\":\"https:\/\/schema.org\",\"@graph\":[{\"@type\":\"WebPage\",\"@id\":\"https:\/\/websie.cefe.cnrs.fr\/cit-enr\/ateliers-rap-3a3b\/\",\"url\":\"https:\/\/websie.cefe.cnrs.fr\/cit-enr\/ateliers-rap-3a3b\/\",\"name\":\"Ateliers RAP #3A3B - Cit&#039;ENR : Les projets d&#039;\u00e9nergies renouvelables en cod\u00e9veloppement \u2013 \u00e9mergence, coop\u00e9ration et impact\",\"isPartOf\":{\"@id\":\"https:\/\/websie.cefe.cnrs.fr\/cit-enr\/#website\"},\"primaryImageOfPage\":{\"@id\":\"https:\/\/websie.cefe.cnrs.fr\/cit-enr\/ateliers-rap-3a3b\/#primaryimage\"},\"image\":{\"@id\":\"https:\/\/websie.cefe.cnrs.fr\/cit-enr\/ateliers-rap-3a3b\/#primaryimage\"},\"thumbnailUrl\":\"https:\/\/websie.cefe.cnrs.fr\/cit-enr\/wp-content\/uploads\/2020\/11\/atelier-3.png\",\"datePublished\":\"2020-12-01T08:54:28+00:00\",\"dateModified\":\"2020-12-01T09:00:51+00:00\",\"breadcrumb\":{\"@id\":\"https:\/\/websie.cefe.cnrs.fr\/cit-enr\/ateliers-rap-3a3b\/#breadcrumb\"},\"inLanguage\":\"fr-FR\",\"potentialAction\":[{\"@type\":\"ReadAction\",\"target\":[\"https:\/\/websie.cefe.cnrs.fr\/cit-enr\/ateliers-rap-3a3b\/\"]}]},{\"@type\":\"ImageObject\",\"inLanguage\":\"fr-FR\",\"@id\":\"https:\/\/websie.cefe.cnrs.fr\/cit-enr\/ateliers-rap-3a3b\/#primaryimage\",\"url\":\"https:\/\/websie.cefe.cnrs.fr\/cit-enr\/wp-content\/uploads\/2020\/11\/atelier-3.png\",\"contentUrl\":\"https:\/\/websie.cefe.cnrs.fr\/cit-enr\/wp-content\/uploads\/2020\/11\/atelier-3.png\",\"width\":820,\"height\":466},{\"@type\":\"BreadcrumbList\",\"@id\":\"https:\/\/websie.cefe.cnrs.fr\/cit-enr\/ateliers-rap-3a3b\/#breadcrumb\",\"itemListElement\":[{\"@type\":\"ListItem\",\"position\":1,\"name\":\"Accueil\",\"item\":\"https:\/\/websie.cefe.cnrs.fr\/cit-enr\/\"},{\"@type\":\"ListItem\",\"position\":2,\"name\":\"Ateliers RAP #3A3B\"}]},{\"@type\":\"WebSite\",\"@id\":\"https:\/\/websie.cefe.cnrs.fr\/cit-enr\/#website\",\"url\":\"https:\/\/websie.cefe.cnrs.fr\/cit-enr\/\",\"name\":\"Cit&#039;ENR : Les projets d&#039;\u00e9nergies renouvelables en cod\u00e9veloppement \u2013 \u00e9mergence, coop\u00e9ration et impact\",\"description\":\"Energie Renouvelables et Co D\u00e9velopement\",\"publisher\":{\"@id\":\"https:\/\/websie.cefe.cnrs.fr\/cit-enr\/#organization\"},\"potentialAction\":[{\"@type\":\"SearchAction\",\"target\":{\"@type\":\"EntryPoint\",\"urlTemplate\":\"https:\/\/websie.cefe.cnrs.fr\/cit-enr\/?s={search_term_string}\"},\"query-input\":{\"@type\":\"PropertyValueSpecification\",\"valueRequired\":true,\"valueName\":\"search_term_string\"}}],\"inLanguage\":\"fr-FR\"},{\"@type\":\"Organization\",\"@id\":\"https:\/\/websie.cefe.cnrs.fr\/cit-enr\/#organization\",\"name\":\"Cit&#039;ENR : Les projets d&#039;\u00e9nergies renouvelables en cod\u00e9veloppement \u2013 \u00e9mergence, coop\u00e9ration et impact\",\"url\":\"https:\/\/websie.cefe.cnrs.fr\/cit-enr\/\",\"logo\":{\"@type\":\"ImageObject\",\"inLanguage\":\"fr-FR\",\"@id\":\"https:\/\/websie.cefe.cnrs.fr\/cit-enr\/#\/schema\/logo\/image\/\",\"url\":\"https:\/\/websie.cefe.cnrs.fr\/cit-enr\/wp-content\/uploads\/2020\/05\/cropped-Copie-de-Copie-de-Sans-titre-7-1.png\",\"contentUrl\":\"https:\/\/websie.cefe.cnrs.fr\/cit-enr\/wp-content\/uploads\/2020\/05\/cropped-Copie-de-Copie-de-Sans-titre-7-1.png\",\"width\":1933,\"height\":1842,\"caption\":\"Cit&#039;ENR : Les projets d&#039;\u00e9nergies renouvelables en cod\u00e9veloppement \u2013 \u00e9mergence, coop\u00e9ration et impact\"},\"image\":{\"@id\":\"https:\/\/websie.cefe.cnrs.fr\/cit-enr\/#\/schema\/logo\/image\/\"}}]}<\/script>\n<!-- \/ Yoast SEO plugin. -->","yoast_head_json":{"title":"Ateliers RAP #3A3B - Cit&#039;ENR : Les projets d&#039;\u00e9nergies renouvelables en cod\u00e9veloppement \u2013 \u00e9mergence, coop\u00e9ration et impact","robots":{"index":"index","follow":"follow","max-snippet":"max-snippet:-1","max-image-preview":"max-image-preview:large","max-video-preview":"max-video-preview:-1"},"canonical":"https:\/\/websie.cefe.cnrs.fr\/cit-enr\/ateliers-rap-3a3b\/","og_locale":"fr_FR","og_type":"article","og_title":"Ateliers RAP #3A3B - Cit&#039;ENR : Les projets d&#039;\u00e9nergies renouvelables en cod\u00e9veloppement \u2013 \u00e9mergence, coop\u00e9ration et impact","og_description":"Ateliers #3A3B Pour revivre les ateliers 3A-3B de Recherche\u00a0Action\u00a0Participative ( RAP), cliquez sur le bouton ci-dessous et d\u00e9couvrez le compte-rendu dynamique\u2026 Bonne lecture ! NB : Pour toutes remarques et commentaires n\u2019h\u00e9sitez pas \u00e0 nous\u00a0contacter\u00a0 Cliquez ici","og_url":"https:\/\/websie.cefe.cnrs.fr\/cit-enr\/ateliers-rap-3a3b\/","og_site_name":"Cit&#039;ENR : Les projets d&#039;\u00e9nergies renouvelables en cod\u00e9veloppement \u2013 \u00e9mergence, coop\u00e9ration et impact","article_modified_time":"2020-12-01T09:00:51+00:00","og_image":[{"url":"https:\/\/websie.cefe.cnrs.fr\/cit-enr\/wp-content\/uploads\/2020\/11\/atelier-3.png","type":"","width":"","height":""}],"twitter_card":"summary_large_image","schema":{"@context":"https:\/\/schema.org","@graph":[{"@type":"WebPage","@id":"https:\/\/websie.cefe.cnrs.fr\/cit-enr\/ateliers-rap-3a3b\/","url":"https:\/\/websie.cefe.cnrs.fr\/cit-enr\/ateliers-rap-3a3b\/","name":"Ateliers RAP #3A3B - Cit&#039;ENR : Les projets d&#039;\u00e9nergies renouvelables en cod\u00e9veloppement \u2013 \u00e9mergence, coop\u00e9ration et impact","isPartOf":{"@id":"https:\/\/websie.cefe.cnrs.fr\/cit-enr\/#website"},"primaryImageOfPage":{"@id":"https:\/\/websie.cefe.cnrs.fr\/cit-enr\/ateliers-rap-3a3b\/#primaryimage"},"image":{"@id":"https:\/\/websie.cefe.cnrs.fr\/cit-enr\/ateliers-rap-3a3b\/#primaryimage"},"thumbnailUrl":"https:\/\/websie.cefe.cnrs.fr\/cit-enr\/wp-content\/uploads\/2020\/11\/atelier-3.png","datePublished":"2020-12-01T08:54:28+00:00","dateModified":"2020-12-01T09:00:51+00:00","breadcrumb":{"@id":"https:\/\/websie.cefe.cnrs.fr\/cit-enr\/ateliers-rap-3a3b\/#breadcrumb"},"inLanguage":"fr-FR","potentialAction":[{"@type":"ReadAction","target":["https:\/\/websie.cefe.cnrs.fr\/cit-enr\/ateliers-rap-3a3b\/"]}]},{"@type":"ImageObject","inLanguage":"fr-FR","@id":"https:\/\/websie.cefe.cnrs.fr\/cit-enr\/ateliers-rap-3a3b\/#primaryimage","url":"https:\/\/websie.cefe.cnrs.fr\/cit-enr\/wp-content\/uploads\/2020\/11\/atelier-3.png","contentUrl":"https:\/\/websie.cefe.cnrs.fr\/cit-enr\/wp-content\/uploads\/2020\/11\/atelier-3.png","width":820,"height":466},{"@type":"BreadcrumbList","@id":"https:\/\/websie.cefe.cnrs.fr\/cit-enr\/ateliers-rap-3a3b\/#breadcrumb","itemListElement":[{"@type":"ListItem","position":1,"name":"Accueil","item":"https:\/\/websie.cefe.cnrs.fr\/cit-enr\/"},{"@type":"ListItem","position":2,"name":"Ateliers RAP #3A3B"}]},{"@type":"WebSite","@id":"https:\/\/websie.cefe.cnrs.fr\/cit-enr\/#website","url":"https:\/\/websie.cefe.cnrs.fr\/cit-enr\/","name":"Cit&#039;ENR : Les projets d&#039;\u00e9nergies renouvelables en cod\u00e9veloppement \u2013 \u00e9mergence, coop\u00e9ration et impact","description":"Energie Renouvelables et Co D\u00e9velopement","publisher":{"@id":"https:\/\/websie.cefe.cnrs.fr\/cit-enr\/#organization"},"potentialAction":[{"@type":"SearchAction","target":{"@type":"EntryPoint","urlTemplate":"https:\/\/websie.cefe.cnrs.fr\/cit-enr\/?s={search_term_string}"},"query-input":{"@type":"PropertyValueSpecification","valueRequired":true,"valueName":"search_term_string"}}],"inLanguage":"fr-FR"},{"@type":"Organization","@id":"https:\/\/websie.cefe.cnrs.fr\/cit-enr\/#organization","name":"Cit&#039;ENR : Les projets d&#039;\u00e9nergies renouvelables en cod\u00e9veloppement \u2013 \u00e9mergence, coop\u00e9ration et impact","url":"https:\/\/websie.cefe.cnrs.fr\/cit-enr\/","logo":{"@type":"ImageObject","inLanguage":"fr-FR","@id":"https:\/\/websie.cefe.cnrs.fr\/cit-enr\/#\/schema\/logo\/image\/","url":"https:\/\/websie.cefe.cnrs.fr\/cit-enr\/wp-content\/uploads\/2020\/05\/cropped-Copie-de-Copie-de-Sans-titre-7-1.png","contentUrl":"https:\/\/websie.cefe.cnrs.fr\/cit-enr\/wp-content\/uploads\/2020\/05\/cropped-Copie-de-Copie-de-Sans-titre-7-1.png","width":1933,"height":1842,"caption":"Cit&#039;ENR : Les projets d&#039;\u00e9nergies renouvelables en cod\u00e9veloppement \u2013 \u00e9mergence, coop\u00e9ration et impact"},"image":{"@id":"https:\/\/websie.cefe.cnrs.fr\/cit-enr\/#\/schema\/logo\/image\/"}}]}},"_links":{"self":[{"href":"https:\/\/websie.cefe.cnrs.fr\/cit-enr\/wp-json\/wp\/v2\/pages\/1283","targetHints":{"allow":["GET"]}}],"collection":[{"href":"https:\/\/websie.cefe.cnrs.fr\/cit-enr\/wp-json\/wp\/v2\/pages"}],"about":[{"href":"https:\/\/websie.cefe.cnrs.fr\/cit-enr\/wp-json\/wp\/v2\/types\/page"}],"author":[{"embeddable":true,"href":"https:\/\/websie.cefe.cnrs.fr\/cit-enr\/wp-json\/wp\/v2\/users\/1"}],"replies":[{"embeddable":true,"href":"https:\/\/websie.cefe.cnrs.fr\/cit-enr\/wp-json\/wp\/v2\/comments?post=1283"}],"version-history":[{"count":5,"href":"https:\/\/websie.cefe.cnrs.fr\/cit-enr\/wp-json\/wp\/v2\/pages\/1283\/revisions"}],"predecessor-version":[{"id":1289,"href":"https:\/\/websie.cefe.cnrs.fr\/cit-enr\/wp-json\/wp\/v2\/pages\/1283\/revisions\/1289"}],"wp:attachment":[{"href":"https:\/\/websie.cefe.cnrs.fr\/cit-enr\/wp-json\/wp\/v2\/media?parent=1283"}],"curies":[{"name":"wp","href":"https:\/\/api.w.org\/{rel}","templated":true}]}}