{"id":1227,"date":"2020-10-12T13:12:43","date_gmt":"2020-10-12T11:12:43","guid":{"rendered":"https:\/\/websie.cefe.cnrs.fr\/cit-enr\/?page_id=1227"},"modified":"2021-07-05T09:23:29","modified_gmt":"2021-07-05T07:23:29","slug":"analyse-descriptive-des-projets-enr-en-codev3-en-france-aout-2020","status":"publish","type":"page","link":"https:\/\/websie.cefe.cnrs.fr\/cit-enr\/analyse-descriptive-des-projets-enr-en-codev3-en-france-aout-2020\/","title":{"rendered":"analyse descriptive des projets ENR en cod\u00e9v3 en France &#8211; Aout 2020"},"content":{"rendered":"\t\t<div data-elementor-type=\"wp-page\" data-elementor-id=\"1227\" class=\"elementor elementor-1227\">\n\t\t\t\t\t\t<section class=\"elementor-section elementor-top-section elementor-element elementor-element-3989e802 elementor-section-full_width elementor-section-height-min-height elementor-section-height-default elementor-section-items-middle\" data-id=\"3989e802\" data-element_type=\"section\" data-settings=\"{&quot;background_background&quot;:&quot;classic&quot;}\">\n\t\t\t\t\t\t\t<div class=\"elementor-background-overlay\"><\/div>\n\t\t\t\t\t\t\t<div class=\"elementor-container elementor-column-gap-default\">\n\t\t\t\t\t<div class=\"elementor-column elementor-col-100 elementor-top-column elementor-element elementor-element-57d37717\" data-id=\"57d37717\" data-element_type=\"column\">\n\t\t\t<div class=\"elementor-widget-wrap elementor-element-populated\">\n\t\t\t\t\t\t<div class=\"elementor-element elementor-element-2c534547 elementor-invisible elementor-widget elementor-widget-heading\" data-id=\"2c534547\" data-element_type=\"widget\" data-settings=\"{&quot;_animation&quot;:&quot;pulse&quot;}\" data-widget_type=\"heading.default\">\n\t\t\t\t<div class=\"elementor-widget-container\">\n\t\t\t\t\t<h2 class=\"elementor-heading-title elementor-size-large\">Analyse descriptive des projets ENR en cod\u00e9veloppement <\/h2>\t\t\t\t<\/div>\n\t\t\t\t<\/div>\n\t\t\t\t\t<\/div>\n\t\t<\/div>\n\t\t\t\t\t<\/div>\n\t\t<\/section>\n\t\t\t\t<section class=\"elementor-section elementor-top-section elementor-element elementor-element-960c430 elementor-section-boxed elementor-section-height-default elementor-section-height-default\" data-id=\"960c430\" data-element_type=\"section\">\n\t\t\t\t\t\t<div class=\"elementor-container elementor-column-gap-default\">\n\t\t\t\t\t<div class=\"elementor-column elementor-col-100 elementor-top-column elementor-element elementor-element-290918f\" data-id=\"290918f\" data-element_type=\"column\">\n\t\t\t<div class=\"elementor-widget-wrap elementor-element-populated\">\n\t\t\t\t\t\t<div class=\"elementor-element elementor-element-3eb30d0 elementor-widget elementor-widget-spacer\" data-id=\"3eb30d0\" data-element_type=\"widget\" data-widget_type=\"spacer.default\">\n\t\t\t\t<div class=\"elementor-widget-container\">\n\t\t\t\t\t\t\t<div class=\"elementor-spacer\">\n\t\t\t<div class=\"elementor-spacer-inner\"><\/div>\n\t\t<\/div>\n\t\t\t\t\t\t<\/div>\n\t\t\t\t<\/div>\n\t\t\t\t\t<\/div>\n\t\t<\/div>\n\t\t\t\t\t<\/div>\n\t\t<\/section>\n\t\t\t\t<section class=\"elementor-section elementor-top-section elementor-element elementor-element-065f355 elementor-section-boxed elementor-section-height-default elementor-section-height-default\" data-id=\"065f355\" data-element_type=\"section\">\n\t\t\t\t\t\t<div class=\"elementor-container elementor-column-gap-default\">\n\t\t\t\t\t<div class=\"elementor-column elementor-col-50 elementor-top-column elementor-element elementor-element-9d265d9\" data-id=\"9d265d9\" data-element_type=\"column\">\n\t\t\t<div class=\"elementor-widget-wrap elementor-element-populated\">\n\t\t\t\t\t\t<div class=\"elementor-element elementor-element-769a54f elementor-widget elementor-widget-text-editor\" data-id=\"769a54f\" data-element_type=\"widget\" data-widget_type=\"text-editor.default\">\n\t\t\t\t<div class=\"elementor-widget-container\">\n\t\t\t\t\t\t\t\t\t<p>Dans le cadre du projet de recherche CITENR, nous avons r\u00e9alis\u00e9 une analyse statistique descriptive des projets ENR en cod\u00e9veloppement (projets ENR cod\u00e9v).<\/p><div><div>L\u2019objectif\u00a0de cette analyse statistique descriptive est d\u2019\u00e9tudier les principales caract\u00e9ristiques distinctives des projets ENR\u00a0cod\u00e9v<sup>3<\/sup>,\u00a0dans lesquels coop\u00e8rent\u00a03 types de partenaires, en comparaison avec les projets citoyens et codev2 (seulement 2 partenaires) recens\u00e9s dans la base de donn\u00e9es d\u2019\u00c9nergie Partag\u00e9e, d\u2019apr\u00e8s leur derni\u00e8re enqu\u00eate men\u00e9e en avril\/mai 2020.<\/div><div>\u00a0<\/div><div>Cliquez sur la miniature ci-contre pour d\u00e9couvrir l&rsquo;int\u00e9gralit\u00e9 du document.<\/div><div>\u00a0<\/div><div>Bonne lecture !\u00a0<\/div><\/div>\t\t\t\t\t\t\t\t<\/div>\n\t\t\t\t<\/div>\n\t\t\t\t\t<\/div>\n\t\t<\/div>\n\t\t\t\t<div class=\"elementor-column elementor-col-50 elementor-top-column elementor-element elementor-element-6d31c1e\" data-id=\"6d31c1e\" data-element_type=\"column\">\n\t\t\t<div class=\"elementor-widget-wrap elementor-element-populated\">\n\t\t\t\t\t\t<div class=\"elementor-element elementor-element-f0d72dc elementor-widget elementor-widget-spacer\" data-id=\"f0d72dc\" data-element_type=\"widget\" data-widget_type=\"spacer.default\">\n\t\t\t\t<div class=\"elementor-widget-container\">\n\t\t\t\t\t\t\t<div class=\"elementor-spacer\">\n\t\t\t<div class=\"elementor-spacer-inner\"><\/div>\n\t\t<\/div>\n\t\t\t\t\t\t<\/div>\n\t\t\t\t<\/div>\n\t\t\t\t<div class=\"elementor-element elementor-element-5371548 elementor-invisible elementor-widget elementor-widget-image\" data-id=\"5371548\" data-element_type=\"widget\" data-settings=\"{&quot;_animation&quot;:&quot;fadeInRight&quot;}\" data-widget_type=\"image.default\">\n\t\t\t\t<div class=\"elementor-widget-container\">\n\t\t\t\t\t\t\t\t\t\t\t\t\t\t\t\t<a href=\"https:\/\/view.genial.ly\/5f58eeedb7c8000cf4e0ee72\" target=\"_blank\">\n\t\t\t\t\t\t\t<img fetchpriority=\"high\" decoding=\"async\" width=\"1123\" height=\"585\" src=\"https:\/\/websie.cefe.cnrs.fr\/cit-enr\/wp-content\/uploads\/2020\/10\/analyse-stat.png\" class=\"attachment-full size-full wp-image-1246\" alt=\"\" srcset=\"https:\/\/websie.cefe.cnrs.fr\/cit-enr\/wp-content\/uploads\/2020\/10\/analyse-stat.png 1123w, https:\/\/websie.cefe.cnrs.fr\/cit-enr\/wp-content\/uploads\/2020\/10\/analyse-stat-300x156.png 300w, https:\/\/websie.cefe.cnrs.fr\/cit-enr\/wp-content\/uploads\/2020\/10\/analyse-stat-1024x533.png 1024w, https:\/\/websie.cefe.cnrs.fr\/cit-enr\/wp-content\/uploads\/2020\/10\/analyse-stat-768x400.png 768w\" sizes=\"(max-width: 1123px) 100vw, 1123px\" \/>\t\t\t\t\t\t\t\t<\/a>\n\t\t\t\t\t\t\t\t\t\t\t\t\t\t\t<\/div>\n\t\t\t\t<\/div>\n\t\t\t\t\t<\/div>\n\t\t<\/div>\n\t\t\t\t\t<\/div>\n\t\t<\/section>\n\t\t\t\t<\/div>\n\t\t","protected":false},"excerpt":{"rendered":"<p>Analyse descriptive des projets ENR en cod\u00e9veloppement Dans le cadre du projet de recherche CITENR, nous avons r\u00e9alis\u00e9 une analyse statistique descriptive des projets ENR en cod\u00e9veloppement (projets ENR cod\u00e9v). L\u2019objectif\u00a0de cette analyse statistique descriptive est d\u2019\u00e9tudier les principales caract\u00e9ristiques distinctives des projets ENR\u00a0cod\u00e9v3,\u00a0dans lesquels coop\u00e8rent\u00a03 types de partenaires, en comparaison avec les projets citoyens [&hellip;]<\/p>\n","protected":false},"author":1,"featured_media":0,"parent":0,"menu_order":0,"comment_status":"closed","ping_status":"closed","template":"","meta":{"site-sidebar-layout":"no-sidebar","site-content-layout":"page-builder","ast-site-content-layout":"default","site-content-style":"default","site-sidebar-style":"default","ast-global-header-display":"","ast-banner-title-visibility":"","ast-main-header-display":"","ast-hfb-above-header-display":"","ast-hfb-below-header-display":"","ast-hfb-mobile-header-display":"","site-post-title":"disabled","ast-breadcrumbs-content":"","ast-featured-img":"disabled","footer-sml-layout":"","ast-disable-related-posts":"","theme-transparent-header-meta":"default","adv-header-id-meta":"","stick-header-meta":"","header-above-stick-meta":"","header-main-stick-meta":"","header-below-stick-meta":"","astra-migrate-meta-layouts":"default","ast-page-background-enabled":"default","ast-page-background-meta":{"desktop":{"background-color":"","background-image":"","background-repeat":"repeat","background-position":"center center","background-size":"auto","background-attachment":"scroll","background-type":"","background-media":"","overlay-type":"","overlay-color":"","overlay-opacity":"","overlay-gradient":""},"tablet":{"background-color":"","background-image":"","background-repeat":"repeat","background-position":"center center","background-size":"auto","background-attachment":"scroll","background-type":"","background-media":"","overlay-type":"","overlay-color":"","overlay-opacity":"","overlay-gradient":""},"mobile":{"background-color":"","background-image":"","background-repeat":"repeat","background-position":"center center","background-size":"auto","background-attachment":"scroll","background-type":"","background-media":"","overlay-type":"","overlay-color":"","overlay-opacity":"","overlay-gradient":""}},"ast-content-background-meta":{"desktop":{"background-color":"var(--ast-global-color-5)","background-image":"","background-repeat":"repeat","background-position":"center center","background-size":"auto","background-attachment":"scroll","background-type":"","background-media":"","overlay-type":"","overlay-color":"","overlay-opacity":"","overlay-gradient":""},"tablet":{"background-color":"var(--ast-global-color-5)","background-image":"","background-repeat":"repeat","background-position":"center center","background-size":"auto","background-attachment":"scroll","background-type":"","background-media":"","overlay-type":"","overlay-color":"","overlay-opacity":"","overlay-gradient":""},"mobile":{"background-color":"var(--ast-global-color-5)","background-image":"","background-repeat":"repeat","background-position":"center center","background-size":"auto","background-attachment":"scroll","background-type":"","background-media":"","overlay-type":"","overlay-color":"","overlay-opacity":"","overlay-gradient":""}},"footnotes":""},"class_list":["post-1227","page","type-page","status-publish","hentry"],"yoast_head":"<!-- This site is optimized with the Yoast SEO plugin v26.7 - https:\/\/yoast.com\/wordpress\/plugins\/seo\/ -->\n<title>analyse descriptive des projets ENR en cod\u00e9v3 en France - Aout 2020 - Cit&#039;ENR : Les projets d&#039;\u00e9nergies renouvelables en cod\u00e9veloppement \u2013 \u00e9mergence, coop\u00e9ration et impact<\/title>\n<meta name=\"robots\" content=\"index, follow, max-snippet:-1, max-image-preview:large, max-video-preview:-1\" \/>\n<link rel=\"canonical\" href=\"https:\/\/websie.cefe.cnrs.fr\/cit-enr\/analyse-descriptive-des-projets-enr-en-codev3-en-france-aout-2020\/\" \/>\n<meta property=\"og:locale\" content=\"fr_FR\" \/>\n<meta property=\"og:type\" content=\"article\" \/>\n<meta property=\"og:title\" content=\"analyse descriptive des projets ENR en cod\u00e9v3 en France - Aout 2020 - Cit&#039;ENR : Les projets d&#039;\u00e9nergies renouvelables en cod\u00e9veloppement \u2013 \u00e9mergence, coop\u00e9ration et impact\" \/>\n<meta property=\"og:description\" content=\"Analyse descriptive des projets ENR en cod\u00e9veloppement Dans le cadre du projet de recherche CITENR, nous avons r\u00e9alis\u00e9 une analyse statistique descriptive des projets ENR en cod\u00e9veloppement (projets ENR cod\u00e9v). L\u2019objectif\u00a0de cette analyse statistique descriptive est d\u2019\u00e9tudier les principales caract\u00e9ristiques distinctives des projets ENR\u00a0cod\u00e9v3,\u00a0dans lesquels coop\u00e8rent\u00a03 types de partenaires, en comparaison avec les projets citoyens [&hellip;]\" \/>\n<meta property=\"og:url\" content=\"https:\/\/websie.cefe.cnrs.fr\/cit-enr\/analyse-descriptive-des-projets-enr-en-codev3-en-france-aout-2020\/\" \/>\n<meta property=\"og:site_name\" content=\"Cit&#039;ENR : Les projets d&#039;\u00e9nergies renouvelables en cod\u00e9veloppement \u2013 \u00e9mergence, coop\u00e9ration et impact\" \/>\n<meta property=\"article:modified_time\" content=\"2021-07-05T07:23:29+00:00\" \/>\n<meta property=\"og:image\" content=\"https:\/\/websie.cefe.cnrs.fr\/cit-enr\/wp-content\/uploads\/2020\/10\/analyse-stat.png\" \/>\n<meta name=\"twitter:card\" content=\"summary_large_image\" \/>\n<meta name=\"twitter:label1\" content=\"Dur\u00e9e de lecture estim\u00e9e\" \/>\n\t<meta name=\"twitter:data1\" content=\"1 minute\" \/>\n<script type=\"application\/ld+json\" class=\"yoast-schema-graph\">{\"@context\":\"https:\/\/schema.org\",\"@graph\":[{\"@type\":\"WebPage\",\"@id\":\"https:\/\/websie.cefe.cnrs.fr\/cit-enr\/analyse-descriptive-des-projets-enr-en-codev3-en-france-aout-2020\/\",\"url\":\"https:\/\/websie.cefe.cnrs.fr\/cit-enr\/analyse-descriptive-des-projets-enr-en-codev3-en-france-aout-2020\/\",\"name\":\"analyse descriptive des projets ENR en cod\u00e9v3 en France - Aout 2020 - Cit&#039;ENR : Les projets d&#039;\u00e9nergies renouvelables en cod\u00e9veloppement \u2013 \u00e9mergence, coop\u00e9ration et impact\",\"isPartOf\":{\"@id\":\"https:\/\/websie.cefe.cnrs.fr\/cit-enr\/#website\"},\"primaryImageOfPage\":{\"@id\":\"https:\/\/websie.cefe.cnrs.fr\/cit-enr\/analyse-descriptive-des-projets-enr-en-codev3-en-france-aout-2020\/#primaryimage\"},\"image\":{\"@id\":\"https:\/\/websie.cefe.cnrs.fr\/cit-enr\/analyse-descriptive-des-projets-enr-en-codev3-en-france-aout-2020\/#primaryimage\"},\"thumbnailUrl\":\"https:\/\/websie.cefe.cnrs.fr\/cit-enr\/wp-content\/uploads\/2020\/10\/analyse-stat.png\",\"datePublished\":\"2020-10-12T11:12:43+00:00\",\"dateModified\":\"2021-07-05T07:23:29+00:00\",\"breadcrumb\":{\"@id\":\"https:\/\/websie.cefe.cnrs.fr\/cit-enr\/analyse-descriptive-des-projets-enr-en-codev3-en-france-aout-2020\/#breadcrumb\"},\"inLanguage\":\"fr-FR\",\"potentialAction\":[{\"@type\":\"ReadAction\",\"target\":[\"https:\/\/websie.cefe.cnrs.fr\/cit-enr\/analyse-descriptive-des-projets-enr-en-codev3-en-france-aout-2020\/\"]}]},{\"@type\":\"ImageObject\",\"inLanguage\":\"fr-FR\",\"@id\":\"https:\/\/websie.cefe.cnrs.fr\/cit-enr\/analyse-descriptive-des-projets-enr-en-codev3-en-france-aout-2020\/#primaryimage\",\"url\":\"https:\/\/websie.cefe.cnrs.fr\/cit-enr\/wp-content\/uploads\/2020\/10\/analyse-stat.png\",\"contentUrl\":\"https:\/\/websie.cefe.cnrs.fr\/cit-enr\/wp-content\/uploads\/2020\/10\/analyse-stat.png\",\"width\":1123,\"height\":585},{\"@type\":\"BreadcrumbList\",\"@id\":\"https:\/\/websie.cefe.cnrs.fr\/cit-enr\/analyse-descriptive-des-projets-enr-en-codev3-en-france-aout-2020\/#breadcrumb\",\"itemListElement\":[{\"@type\":\"ListItem\",\"position\":1,\"name\":\"Accueil\",\"item\":\"https:\/\/websie.cefe.cnrs.fr\/cit-enr\/\"},{\"@type\":\"ListItem\",\"position\":2,\"name\":\"analyse descriptive des projets ENR en cod\u00e9v3 en France &#8211; Aout 2020\"}]},{\"@type\":\"WebSite\",\"@id\":\"https:\/\/websie.cefe.cnrs.fr\/cit-enr\/#website\",\"url\":\"https:\/\/websie.cefe.cnrs.fr\/cit-enr\/\",\"name\":\"Cit&#039;ENR : Les projets d&#039;\u00e9nergies renouvelables en cod\u00e9veloppement \u2013 \u00e9mergence, coop\u00e9ration et impact\",\"description\":\"Energie Renouvelables et Co D\u00e9velopement\",\"publisher\":{\"@id\":\"https:\/\/websie.cefe.cnrs.fr\/cit-enr\/#organization\"},\"potentialAction\":[{\"@type\":\"SearchAction\",\"target\":{\"@type\":\"EntryPoint\",\"urlTemplate\":\"https:\/\/websie.cefe.cnrs.fr\/cit-enr\/?s={search_term_string}\"},\"query-input\":{\"@type\":\"PropertyValueSpecification\",\"valueRequired\":true,\"valueName\":\"search_term_string\"}}],\"inLanguage\":\"fr-FR\"},{\"@type\":\"Organization\",\"@id\":\"https:\/\/websie.cefe.cnrs.fr\/cit-enr\/#organization\",\"name\":\"Cit&#039;ENR : Les projets d&#039;\u00e9nergies renouvelables en cod\u00e9veloppement \u2013 \u00e9mergence, coop\u00e9ration et impact\",\"url\":\"https:\/\/websie.cefe.cnrs.fr\/cit-enr\/\",\"logo\":{\"@type\":\"ImageObject\",\"inLanguage\":\"fr-FR\",\"@id\":\"https:\/\/websie.cefe.cnrs.fr\/cit-enr\/#\/schema\/logo\/image\/\",\"url\":\"https:\/\/websie.cefe.cnrs.fr\/cit-enr\/wp-content\/uploads\/2020\/05\/cropped-Copie-de-Copie-de-Sans-titre-7-1.png\",\"contentUrl\":\"https:\/\/websie.cefe.cnrs.fr\/cit-enr\/wp-content\/uploads\/2020\/05\/cropped-Copie-de-Copie-de-Sans-titre-7-1.png\",\"width\":1933,\"height\":1842,\"caption\":\"Cit&#039;ENR : Les projets d&#039;\u00e9nergies renouvelables en cod\u00e9veloppement \u2013 \u00e9mergence, coop\u00e9ration et impact\"},\"image\":{\"@id\":\"https:\/\/websie.cefe.cnrs.fr\/cit-enr\/#\/schema\/logo\/image\/\"}}]}<\/script>\n<!-- \/ Yoast SEO plugin. -->","yoast_head_json":{"title":"analyse descriptive des projets ENR en cod\u00e9v3 en France - Aout 2020 - Cit&#039;ENR : Les projets d&#039;\u00e9nergies renouvelables en cod\u00e9veloppement \u2013 \u00e9mergence, coop\u00e9ration et impact","robots":{"index":"index","follow":"follow","max-snippet":"max-snippet:-1","max-image-preview":"max-image-preview:large","max-video-preview":"max-video-preview:-1"},"canonical":"https:\/\/websie.cefe.cnrs.fr\/cit-enr\/analyse-descriptive-des-projets-enr-en-codev3-en-france-aout-2020\/","og_locale":"fr_FR","og_type":"article","og_title":"analyse descriptive des projets ENR en cod\u00e9v3 en France - Aout 2020 - Cit&#039;ENR : Les projets d&#039;\u00e9nergies renouvelables en cod\u00e9veloppement \u2013 \u00e9mergence, coop\u00e9ration et impact","og_description":"Analyse descriptive des projets ENR en cod\u00e9veloppement Dans le cadre du projet de recherche CITENR, nous avons r\u00e9alis\u00e9 une analyse statistique descriptive des projets ENR en cod\u00e9veloppement (projets ENR cod\u00e9v). L\u2019objectif\u00a0de cette analyse statistique descriptive est d\u2019\u00e9tudier les principales caract\u00e9ristiques distinctives des projets ENR\u00a0cod\u00e9v3,\u00a0dans lesquels coop\u00e8rent\u00a03 types de partenaires, en comparaison avec les projets citoyens [&hellip;]","og_url":"https:\/\/websie.cefe.cnrs.fr\/cit-enr\/analyse-descriptive-des-projets-enr-en-codev3-en-france-aout-2020\/","og_site_name":"Cit&#039;ENR : Les projets d&#039;\u00e9nergies renouvelables en cod\u00e9veloppement \u2013 \u00e9mergence, coop\u00e9ration et impact","article_modified_time":"2021-07-05T07:23:29+00:00","og_image":[{"url":"https:\/\/websie.cefe.cnrs.fr\/cit-enr\/wp-content\/uploads\/2020\/10\/analyse-stat.png","type":"","width":"","height":""}],"twitter_card":"summary_large_image","twitter_misc":{"Dur\u00e9e de lecture estim\u00e9e":"1 minute"},"schema":{"@context":"https:\/\/schema.org","@graph":[{"@type":"WebPage","@id":"https:\/\/websie.cefe.cnrs.fr\/cit-enr\/analyse-descriptive-des-projets-enr-en-codev3-en-france-aout-2020\/","url":"https:\/\/websie.cefe.cnrs.fr\/cit-enr\/analyse-descriptive-des-projets-enr-en-codev3-en-france-aout-2020\/","name":"analyse descriptive des projets ENR en cod\u00e9v3 en France - Aout 2020 - Cit&#039;ENR : Les projets d&#039;\u00e9nergies renouvelables en cod\u00e9veloppement \u2013 \u00e9mergence, coop\u00e9ration et impact","isPartOf":{"@id":"https:\/\/websie.cefe.cnrs.fr\/cit-enr\/#website"},"primaryImageOfPage":{"@id":"https:\/\/websie.cefe.cnrs.fr\/cit-enr\/analyse-descriptive-des-projets-enr-en-codev3-en-france-aout-2020\/#primaryimage"},"image":{"@id":"https:\/\/websie.cefe.cnrs.fr\/cit-enr\/analyse-descriptive-des-projets-enr-en-codev3-en-france-aout-2020\/#primaryimage"},"thumbnailUrl":"https:\/\/websie.cefe.cnrs.fr\/cit-enr\/wp-content\/uploads\/2020\/10\/analyse-stat.png","datePublished":"2020-10-12T11:12:43+00:00","dateModified":"2021-07-05T07:23:29+00:00","breadcrumb":{"@id":"https:\/\/websie.cefe.cnrs.fr\/cit-enr\/analyse-descriptive-des-projets-enr-en-codev3-en-france-aout-2020\/#breadcrumb"},"inLanguage":"fr-FR","potentialAction":[{"@type":"ReadAction","target":["https:\/\/websie.cefe.cnrs.fr\/cit-enr\/analyse-descriptive-des-projets-enr-en-codev3-en-france-aout-2020\/"]}]},{"@type":"ImageObject","inLanguage":"fr-FR","@id":"https:\/\/websie.cefe.cnrs.fr\/cit-enr\/analyse-descriptive-des-projets-enr-en-codev3-en-france-aout-2020\/#primaryimage","url":"https:\/\/websie.cefe.cnrs.fr\/cit-enr\/wp-content\/uploads\/2020\/10\/analyse-stat.png","contentUrl":"https:\/\/websie.cefe.cnrs.fr\/cit-enr\/wp-content\/uploads\/2020\/10\/analyse-stat.png","width":1123,"height":585},{"@type":"BreadcrumbList","@id":"https:\/\/websie.cefe.cnrs.fr\/cit-enr\/analyse-descriptive-des-projets-enr-en-codev3-en-france-aout-2020\/#breadcrumb","itemListElement":[{"@type":"ListItem","position":1,"name":"Accueil","item":"https:\/\/websie.cefe.cnrs.fr\/cit-enr\/"},{"@type":"ListItem","position":2,"name":"analyse descriptive des projets ENR en cod\u00e9v3 en France &#8211; Aout 2020"}]},{"@type":"WebSite","@id":"https:\/\/websie.cefe.cnrs.fr\/cit-enr\/#website","url":"https:\/\/websie.cefe.cnrs.fr\/cit-enr\/","name":"Cit&#039;ENR : Les projets d&#039;\u00e9nergies renouvelables en cod\u00e9veloppement \u2013 \u00e9mergence, coop\u00e9ration et impact","description":"Energie Renouvelables et Co D\u00e9velopement","publisher":{"@id":"https:\/\/websie.cefe.cnrs.fr\/cit-enr\/#organization"},"potentialAction":[{"@type":"SearchAction","target":{"@type":"EntryPoint","urlTemplate":"https:\/\/websie.cefe.cnrs.fr\/cit-enr\/?s={search_term_string}"},"query-input":{"@type":"PropertyValueSpecification","valueRequired":true,"valueName":"search_term_string"}}],"inLanguage":"fr-FR"},{"@type":"Organization","@id":"https:\/\/websie.cefe.cnrs.fr\/cit-enr\/#organization","name":"Cit&#039;ENR : Les projets d&#039;\u00e9nergies renouvelables en cod\u00e9veloppement \u2013 \u00e9mergence, coop\u00e9ration et impact","url":"https:\/\/websie.cefe.cnrs.fr\/cit-enr\/","logo":{"@type":"ImageObject","inLanguage":"fr-FR","@id":"https:\/\/websie.cefe.cnrs.fr\/cit-enr\/#\/schema\/logo\/image\/","url":"https:\/\/websie.cefe.cnrs.fr\/cit-enr\/wp-content\/uploads\/2020\/05\/cropped-Copie-de-Copie-de-Sans-titre-7-1.png","contentUrl":"https:\/\/websie.cefe.cnrs.fr\/cit-enr\/wp-content\/uploads\/2020\/05\/cropped-Copie-de-Copie-de-Sans-titre-7-1.png","width":1933,"height":1842,"caption":"Cit&#039;ENR : Les projets d&#039;\u00e9nergies renouvelables en cod\u00e9veloppement \u2013 \u00e9mergence, coop\u00e9ration et impact"},"image":{"@id":"https:\/\/websie.cefe.cnrs.fr\/cit-enr\/#\/schema\/logo\/image\/"}}]}},"_links":{"self":[{"href":"https:\/\/websie.cefe.cnrs.fr\/cit-enr\/wp-json\/wp\/v2\/pages\/1227","targetHints":{"allow":["GET"]}}],"collection":[{"href":"https:\/\/websie.cefe.cnrs.fr\/cit-enr\/wp-json\/wp\/v2\/pages"}],"about":[{"href":"https:\/\/websie.cefe.cnrs.fr\/cit-enr\/wp-json\/wp\/v2\/types\/page"}],"author":[{"embeddable":true,"href":"https:\/\/websie.cefe.cnrs.fr\/cit-enr\/wp-json\/wp\/v2\/users\/1"}],"replies":[{"embeddable":true,"href":"https:\/\/websie.cefe.cnrs.fr\/cit-enr\/wp-json\/wp\/v2\/comments?post=1227"}],"version-history":[{"count":9,"href":"https:\/\/websie.cefe.cnrs.fr\/cit-enr\/wp-json\/wp\/v2\/pages\/1227\/revisions"}],"predecessor-version":[{"id":1772,"href":"https:\/\/websie.cefe.cnrs.fr\/cit-enr\/wp-json\/wp\/v2\/pages\/1227\/revisions\/1772"}],"wp:attachment":[{"href":"https:\/\/websie.cefe.cnrs.fr\/cit-enr\/wp-json\/wp\/v2\/media?parent=1227"}],"curies":[{"name":"wp","href":"https:\/\/api.w.org\/{rel}","templated":true}]}}