{"id":206,"date":"2020-07-13T16:45:49","date_gmt":"2020-07-13T14:45:49","guid":{"rendered":"https:\/\/websie.cefe.cnrs.fr\/boazu\/?page_id=206"},"modified":"2021-08-01T16:37:55","modified_gmt":"2021-08-01T14:37:55","slug":"team","status":"publish","type":"page","link":"https:\/\/websie.cefe.cnrs.fr\/boazu\/team\/","title":{"rendered":"Team"},"content":{"rendered":"\t\t<div data-elementor-type=\"wp-page\" data-elementor-id=\"206\" class=\"elementor elementor-206\">\n\t\t\t\t\t\t<section class=\"elementor-section elementor-top-section elementor-element elementor-element-b5ef49f elementor-section-boxed elementor-section-height-default elementor-section-height-default\" data-id=\"b5ef49f\" data-element_type=\"section\">\n\t\t\t\t\t\t<div class=\"elementor-container elementor-column-gap-default\">\n\t\t\t\t\t<div class=\"elementor-column elementor-col-100 elementor-top-column elementor-element elementor-element-1354ed1\" data-id=\"1354ed1\" data-element_type=\"column\">\n\t\t\t<div class=\"elementor-widget-wrap elementor-element-populated\">\n\t\t\t\t\t\t<div class=\"elementor-element elementor-element-89d6a85 elementor-widget elementor-widget-spacer\" data-id=\"89d6a85\" data-element_type=\"widget\" data-widget_type=\"spacer.default\">\n\t\t\t\t<div class=\"elementor-widget-container\">\n\t\t\t\t\t\t\t<div class=\"elementor-spacer\">\n\t\t\t<div class=\"elementor-spacer-inner\"><\/div>\n\t\t<\/div>\n\t\t\t\t\t\t<\/div>\n\t\t\t\t<\/div>\n\t\t\t\t\t<\/div>\n\t\t<\/div>\n\t\t\t\t\t<\/div>\n\t\t<\/section>\n\t\t\t\t<section class=\"elementor-section elementor-top-section elementor-element elementor-element-1b1413d elementor-section-boxed elementor-section-height-default elementor-section-height-default\" data-id=\"1b1413d\" data-element_type=\"section\">\n\t\t\t\t\t\t<div class=\"elementor-container elementor-column-gap-default\">\n\t\t\t\t\t<div class=\"elementor-column elementor-col-100 elementor-top-column elementor-element elementor-element-9134616\" data-id=\"9134616\" data-element_type=\"column\">\n\t\t\t<div class=\"elementor-widget-wrap elementor-element-populated\">\n\t\t\t\t\t\t<div class=\"elementor-element elementor-element-2ea2a04 elementor-widget elementor-widget-heading\" data-id=\"2ea2a04\" data-element_type=\"widget\" data-widget_type=\"heading.default\">\n\t\t\t\t<div class=\"elementor-widget-container\">\n\t\t\t\t\t<h2 class=\"elementor-heading-title elementor-size-default\">TEAM<\/h2>\t\t\t\t<\/div>\n\t\t\t\t<\/div>\n\t\t\t\t<section class=\"elementor-section elementor-inner-section elementor-element elementor-element-360a02d elementor-section-boxed elementor-section-height-default elementor-section-height-default\" data-id=\"360a02d\" data-element_type=\"section\">\n\t\t\t\t\t\t<div class=\"elementor-container elementor-column-gap-default\">\n\t\t\t\t\t<div class=\"elementor-column elementor-col-50 elementor-inner-column elementor-element elementor-element-a4ad15c\" data-id=\"a4ad15c\" data-element_type=\"column\">\n\t\t\t<div class=\"elementor-widget-wrap elementor-element-populated\">\n\t\t\t\t\t\t<div class=\"elementor-element elementor-element-d922bea elementor-widget elementor-widget-text-editor\" data-id=\"d922bea\" data-element_type=\"widget\" data-widget_type=\"text-editor.default\">\n\t\t\t\t<div class=\"elementor-widget-container\">\n\t\t\t\t\t\t\t\t\t<p>The collaborative research methodologies we employ are based on the socio-constructivism approach; the Social Analysis Systems\u00b2 (SAS) http:\/\/www.sas2.net tools and techniques were developed by Chevalier (Carleton University). This approach is used for co-facilitating the focus groups, analyzing the research findings anddesigning the scenarios. SAS\u00b2 offers concepts and tools designed to support collaborative research and social action. It broadens and deepens diagnostic thinking about real-life situations so that the people involved can creatively solve problems and increases the effectiveness of decision-making. SAS\u00b2 enhances the capacity to develop and apply new knowledge, especially in multiple-stakeholder settings in which effective dialogue across boundaries is needed. In the BOAZU project, young people (age 12 to 18) will be involved in the process as co-researchers. The aim is to encourage them to imagine their own future and give them a chance to take decisions about what this will be by conducting interviews with family members and producing videos.The development of this co-designed and co-led community-based project has required several stages and once launched will be conducted over a period of four years.<\/p><p><b>The research team consists of three types of partners<\/b>:<\/p><p><br \/>&#8211; Members of two Sameby in Sweden (J\u00e5kk\u00e5kaska and Saarivuoma) in the first year, extended to three other Sameby (in forested areas) in the following years<br \/>&#8211; Saami school teachers and directors from Jokkmok, G\u00e4llivare and Karesuando schools (primary, secondary, college and adult Saami schools in Jokkmokk<br \/>&#8211; Saami Parliament representatives and the Saami Reindeer Herders\u2019 Association<br \/>&#8211; Academics from the Universities of Ume\u00e5, Lule\u00e5, Troms\u00f8, Rovaniemi and Oulu in Sweden, Norway and Finland<br \/>&#8211; The French research programme team (Blangy, project research colleague and student) fild trip costs will be supported by IPEV. Other source of funding will be<br \/>looked for to cover the expenses of our Scandinavian colleagues.<br \/>&#8211; Collaborations have been developed with several Scandinavian research colleagues (cf Collaborations paragraphe). They all agree to be involved to some degrees.<br \/>Some of them are willing to share their experience at the Kick-off workshop in Jokkmokk. Others will be consulted later and according to the outcome of the<br \/>workshop.<\/p><p>Over the years, Sylvie Blangy has developed strong relationships with these partners, through the Saami component of the \u2018Tuktu\u2019 project (Inuit\/Saami youth<br \/>exchange) and the OHM Nunavik program. She has invited representatives from these bodies to take part in three international workshops on local and scientific<br \/>knowledge in Qu\u00e9bec (2007), Ottawa (2009), and Paris (2011).<\/p><p><b>Project main collaborators in Sweden will include:<\/b><\/p><ul><li>Mikael Pirak, Director of the Jokkmok school and coordinator of the four Saami schools in Sweden<\/li><li>Jan Eric L\u00e4nto, J\u00e5kk\u00e5kaska Sameby chairman<\/li><li>Ricard L\u00e4nto, J\u00e5kk\u00e5kaska Sameby board member<\/li><li>Helena L\u00e4nto, reindeer meat factory director<\/li><li>Niklas Labba, Director of the Saami language program at the Norwegian Saami Parliament, and newly appointed as the Director of the Saami Research<br \/>Center at Troms\u00f8 University<\/li><li>Osa Larson Blind, President of the Saami Council in Kiruna, reindeer herder and member of the Saarivuoma Sameby<\/li><li>Per Nils<\/li><li>P\u00e4ivi\u00f6, Saami tourism business in<\/li><li>\u00d8vre Soppero, reindeer herder from the Saarivuoma Sameby<\/li><li>Elli-Siri Labba, living in \u00d8vre Sopper and reindeer herder from the Saarivuoma Sameby. They will be involved according to their availability and level of interest.<br \/>Others have expressed an interest in joining the project and will be added in the course of the project<\/li><\/ul>\t\t\t\t\t\t\t\t<\/div>\n\t\t\t\t<\/div>\n\t\t\t\t\t<\/div>\n\t\t<\/div>\n\t\t\t\t<div class=\"elementor-column elementor-col-50 elementor-inner-column elementor-element elementor-element-a6bf9e6\" data-id=\"a6bf9e6\" data-element_type=\"column\">\n\t\t\t<div class=\"elementor-widget-wrap elementor-element-populated\">\n\t\t\t\t\t\t<div class=\"elementor-element elementor-element-d54b992 elementor-widget elementor-widget-image\" data-id=\"d54b992\" data-element_type=\"widget\" data-widget_type=\"image.default\">\n\t\t\t\t<div class=\"elementor-widget-container\">\n\t\t\t\t\t\t\t\t\t\t\t\t\t\t\t<img fetchpriority=\"high\" decoding=\"async\" width=\"648\" height=\"436\" src=\"https:\/\/websie.cefe.cnrs.fr\/boazu\/wp-content\/uploads\/2020\/07\/XORKSHOP.png\" class=\"attachment-large size-large wp-image-485\" alt=\"\" srcset=\"https:\/\/websie.cefe.cnrs.fr\/boazu\/wp-content\/uploads\/2020\/07\/XORKSHOP.png 648w, https:\/\/websie.cefe.cnrs.fr\/boazu\/wp-content\/uploads\/2020\/07\/XORKSHOP-300x202.png 300w\" sizes=\"(max-width: 648px) 100vw, 648px\" \/>\t\t\t\t\t\t\t\t\t\t\t\t\t\t\t<\/div>\n\t\t\t\t<\/div>\n\t\t\t\t<div class=\"elementor-element elementor-element-6caaa07 elementor-widget elementor-widget-spacer\" data-id=\"6caaa07\" data-element_type=\"widget\" data-widget_type=\"spacer.default\">\n\t\t\t\t<div class=\"elementor-widget-container\">\n\t\t\t\t\t\t\t<div class=\"elementor-spacer\">\n\t\t\t<div class=\"elementor-spacer-inner\"><\/div>\n\t\t<\/div>\n\t\t\t\t\t\t<\/div>\n\t\t\t\t<\/div>\n\t\t\t\t<div class=\"elementor-element elementor-element-0c5fc17 elementor-widget elementor-widget-image\" data-id=\"0c5fc17\" data-element_type=\"widget\" data-widget_type=\"image.default\">\n\t\t\t\t<div class=\"elementor-widget-container\">\n\t\t\t\t\t\t\t\t\t\t\t\t\t\t\t<img decoding=\"async\" width=\"1024\" height=\"768\" src=\"https:\/\/websie.cefe.cnrs.fr\/boazu\/wp-content\/uploads\/2021\/07\/CHURCH_ARASLUOKTA-1024x768.jpg\" class=\"attachment-large size-large wp-image-825\" alt=\"\" srcset=\"https:\/\/websie.cefe.cnrs.fr\/boazu\/wp-content\/uploads\/2021\/07\/CHURCH_ARASLUOKTA-1024x768.jpg 1024w, https:\/\/websie.cefe.cnrs.fr\/boazu\/wp-content\/uploads\/2021\/07\/CHURCH_ARASLUOKTA-300x225.jpg 300w, https:\/\/websie.cefe.cnrs.fr\/boazu\/wp-content\/uploads\/2021\/07\/CHURCH_ARASLUOKTA-768x576.jpg 768w, https:\/\/websie.cefe.cnrs.fr\/boazu\/wp-content\/uploads\/2021\/07\/CHURCH_ARASLUOKTA-1536x1152.jpg 1536w, https:\/\/websie.cefe.cnrs.fr\/boazu\/wp-content\/uploads\/2021\/07\/CHURCH_ARASLUOKTA-2048x1536.jpg 2048w\" sizes=\"(max-width: 1024px) 100vw, 1024px\" \/>\t\t\t\t\t\t\t\t\t\t\t\t\t\t\t<\/div>\n\t\t\t\t<\/div>\n\t\t\t\t<div class=\"elementor-element elementor-element-3767641 elementor-widget elementor-widget-spacer\" data-id=\"3767641\" data-element_type=\"widget\" data-widget_type=\"spacer.default\">\n\t\t\t\t<div class=\"elementor-widget-container\">\n\t\t\t\t\t\t\t<div class=\"elementor-spacer\">\n\t\t\t<div class=\"elementor-spacer-inner\"><\/div>\n\t\t<\/div>\n\t\t\t\t\t\t<\/div>\n\t\t\t\t<\/div>\n\t\t\t\t<div class=\"elementor-element elementor-element-04ff309 elementor-widget elementor-widget-image\" data-id=\"04ff309\" data-element_type=\"widget\" data-widget_type=\"image.default\">\n\t\t\t\t<div class=\"elementor-widget-container\">\n\t\t\t\t\t\t\t\t\t\t\t\t\t\t\t<img decoding=\"async\" width=\"1024\" height=\"683\" src=\"https:\/\/websie.cefe.cnrs.fr\/boazu\/wp-content\/uploads\/2020\/07\/DSC_0547-1024x683.jpg\" class=\"attachment-large size-large wp-image-470\" alt=\"\" srcset=\"https:\/\/websie.cefe.cnrs.fr\/boazu\/wp-content\/uploads\/2020\/07\/DSC_0547-1024x683.jpg 1024w, https:\/\/websie.cefe.cnrs.fr\/boazu\/wp-content\/uploads\/2020\/07\/DSC_0547-300x200.jpg 300w, https:\/\/websie.cefe.cnrs.fr\/boazu\/wp-content\/uploads\/2020\/07\/DSC_0547-768x512.jpg 768w, https:\/\/websie.cefe.cnrs.fr\/boazu\/wp-content\/uploads\/2020\/07\/DSC_0547-1536x1024.jpg 1536w, https:\/\/websie.cefe.cnrs.fr\/boazu\/wp-content\/uploads\/2020\/07\/DSC_0547-2048x1365.jpg 2048w\" sizes=\"(max-width: 1024px) 100vw, 1024px\" \/>\t\t\t\t\t\t\t\t\t\t\t\t\t\t\t<\/div>\n\t\t\t\t<\/div>\n\t\t\t\t<div class=\"elementor-element elementor-element-7fbf4f3 elementor-widget elementor-widget-spacer\" data-id=\"7fbf4f3\" data-element_type=\"widget\" data-widget_type=\"spacer.default\">\n\t\t\t\t<div class=\"elementor-widget-container\">\n\t\t\t\t\t\t\t<div class=\"elementor-spacer\">\n\t\t\t<div class=\"elementor-spacer-inner\"><\/div>\n\t\t<\/div>\n\t\t\t\t\t\t<\/div>\n\t\t\t\t<\/div>\n\t\t\t\t<div class=\"elementor-element elementor-element-2fa2560 elementor-widget elementor-widget-image\" data-id=\"2fa2560\" data-element_type=\"widget\" data-widget_type=\"image.default\">\n\t\t\t\t<div class=\"elementor-widget-container\">\n\t\t\t\t\t\t\t\t\t\t\t\t\t\t\t<img loading=\"lazy\" decoding=\"async\" width=\"783\" height=\"554\" src=\"https:\/\/websie.cefe.cnrs.fr\/boazu\/wp-content\/uploads\/2020\/07\/BOAZU-W.png\" class=\"attachment-large size-large wp-image-484\" alt=\"\" srcset=\"https:\/\/websie.cefe.cnrs.fr\/boazu\/wp-content\/uploads\/2020\/07\/BOAZU-W.png 783w, https:\/\/websie.cefe.cnrs.fr\/boazu\/wp-content\/uploads\/2020\/07\/BOAZU-W-300x212.png 300w, https:\/\/websie.cefe.cnrs.fr\/boazu\/wp-content\/uploads\/2020\/07\/BOAZU-W-768x543.png 768w\" sizes=\"(max-width: 783px) 100vw, 783px\" \/>\t\t\t\t\t\t\t\t\t\t\t\t\t\t\t<\/div>\n\t\t\t\t<\/div>\n\t\t\t\t\t<\/div>\n\t\t<\/div>\n\t\t\t\t\t<\/div>\n\t\t<\/section>\n\t\t\t\t\t<\/div>\n\t\t<\/div>\n\t\t\t\t\t<\/div>\n\t\t<\/section>\n\t\t\t\t<\/div>\n\t\t","protected":false},"excerpt":{"rendered":"<p>TEAM The collaborative research methodologies we employ are based on the socio-constructivism approach; the Social Analysis Systems\u00b2 (SAS) http:\/\/www.sas2.net tools and techniques were developed by Chevalier (Carleton University). This approach is used for co-facilitating the focus groups, analyzing the research findings anddesigning the scenarios. SAS\u00b2 offers concepts and tools designed to support collaborative research and [&hellip;]<\/p>\n","protected":false},"author":1,"featured_media":0,"parent":0,"menu_order":0,"comment_status":"closed","ping_status":"closed","template":"","meta":{"site-sidebar-layout":"no-sidebar","site-content-layout":"page-builder","ast-site-content-layout":"default","site-content-style":"default","site-sidebar-style":"default","ast-global-header-display":"","ast-banner-title-visibility":"","ast-main-header-display":"","ast-hfb-above-header-display":"","ast-hfb-below-header-display":"","ast-hfb-mobile-header-display":"","site-post-title":"disabled","ast-breadcrumbs-content":"","ast-featured-img":"disabled","footer-sml-layout":"","ast-disable-related-posts":"","theme-transparent-header-meta":"default","adv-header-id-meta":"","stick-header-meta":"","header-above-stick-meta":"","header-main-stick-meta":"","header-below-stick-meta":"","astra-migrate-meta-layouts":"default","ast-page-background-enabled":"default","ast-page-background-meta":{"desktop":{"background-color":"","background-image":"","background-repeat":"repeat","background-position":"center center","background-size":"auto","background-attachment":"scroll","background-type":"","background-media":"","overlay-type":"","overlay-color":"","overlay-opacity":"","overlay-gradient":""},"tablet":{"background-color":"","background-image":"","background-repeat":"repeat","background-position":"center center","background-size":"auto","background-attachment":"scroll","background-type":"","background-media":"","overlay-type":"","overlay-color":"","overlay-opacity":"","overlay-gradient":""},"mobile":{"background-color":"","background-image":"","background-repeat":"repeat","background-position":"center center","background-size":"auto","background-attachment":"scroll","background-type":"","background-media":"","overlay-type":"","overlay-color":"","overlay-opacity":"","overlay-gradient":""}},"ast-content-background-meta":{"desktop":{"background-color":"var(--ast-global-color-5)","background-image":"","background-repeat":"repeat","background-position":"center center","background-size":"auto","background-attachment":"scroll","background-type":"","background-media":"","overlay-type":"","overlay-color":"","overlay-opacity":"","overlay-gradient":""},"tablet":{"background-color":"var(--ast-global-color-5)","background-image":"","background-repeat":"repeat","background-position":"center center","background-size":"auto","background-attachment":"scroll","background-type":"","background-media":"","overlay-type":"","overlay-color":"","overlay-opacity":"","overlay-gradient":""},"mobile":{"background-color":"var(--ast-global-color-5)","background-image":"","background-repeat":"repeat","background-position":"center center","background-size":"auto","background-attachment":"scroll","background-type":"","background-media":"","overlay-type":"","overlay-color":"","overlay-opacity":"","overlay-gradient":""}},"footnotes":""},"class_list":["post-206","page","type-page","status-publish","hentry"],"_links":{"self":[{"href":"https:\/\/websie.cefe.cnrs.fr\/boazu\/wp-json\/wp\/v2\/pages\/206","targetHints":{"allow":["GET"]}}],"collection":[{"href":"https:\/\/websie.cefe.cnrs.fr\/boazu\/wp-json\/wp\/v2\/pages"}],"about":[{"href":"https:\/\/websie.cefe.cnrs.fr\/boazu\/wp-json\/wp\/v2\/types\/page"}],"author":[{"embeddable":true,"href":"https:\/\/websie.cefe.cnrs.fr\/boazu\/wp-json\/wp\/v2\/users\/1"}],"replies":[{"embeddable":true,"href":"https:\/\/websie.cefe.cnrs.fr\/boazu\/wp-json\/wp\/v2\/comments?post=206"}],"version-history":[{"count":9,"href":"https:\/\/websie.cefe.cnrs.fr\/boazu\/wp-json\/wp\/v2\/pages\/206\/revisions"}],"predecessor-version":[{"id":990,"href":"https:\/\/websie.cefe.cnrs.fr\/boazu\/wp-json\/wp\/v2\/pages\/206\/revisions\/990"}],"wp:attachment":[{"href":"https:\/\/websie.cefe.cnrs.fr\/boazu\/wp-json\/wp\/v2\/media?parent=206"}],"curies":[{"name":"wp","href":"https:\/\/api.w.org\/{rel}","templated":true}]}}