{"id":168,"date":"2020-02-06T17:16:00","date_gmt":"2020-02-06T16:16:00","guid":{"rendered":"http:\/\/websie.cefe.cnrs.fr\/acte-citin\/?page_id=168"},"modified":"2021-06-22T14:29:21","modified_gmt":"2021-06-22T12:29:21","slug":"montpellier-2","status":"publish","type":"page","link":"https:\/\/websie.cefe.cnrs.fr\/acte-citin\/montpellier-2\/","title":{"rendered":"Montpellier"},"content":{"rendered":"\t\t<div data-elementor-type=\"wp-page\" data-elementor-id=\"168\" class=\"elementor elementor-168\">\n\t\t\t\t\t\t<section class=\"elementor-section elementor-top-section elementor-element elementor-element-7bb40514 elementor-section-content-middle elementor-section-boxed elementor-section-height-default elementor-section-height-default elementor-invisible\" data-id=\"7bb40514\" data-element_type=\"section\" data-settings=\"{&quot;animation&quot;:&quot;fadeInRight&quot;}\">\n\t\t\t\t\t\t<div class=\"elementor-container elementor-column-gap-no\">\n\t\t\t\t\t<div class=\"elementor-column elementor-col-50 elementor-top-column elementor-element elementor-element-f3306fc\" data-id=\"f3306fc\" data-element_type=\"column\">\n\t\t\t<div class=\"elementor-widget-wrap elementor-element-populated\">\n\t\t\t\t\t\t<section class=\"elementor-section elementor-inner-section elementor-element elementor-element-21dac964 elementor-section-content-middle elementor-section-boxed elementor-section-height-default elementor-section-height-default\" data-id=\"21dac964\" data-element_type=\"section\">\n\t\t\t\t\t\t<div class=\"elementor-container elementor-column-gap-no\">\n\t\t\t\t\t<div class=\"elementor-column elementor-col-50 elementor-inner-column elementor-element elementor-element-f1719ff\" data-id=\"f1719ff\" data-element_type=\"column\">\n\t\t\t<div class=\"elementor-widget-wrap elementor-element-populated\">\n\t\t\t\t\t\t<div class=\"elementor-element elementor-element-53674bf4 elementor-widget elementor-widget-image\" data-id=\"53674bf4\" data-element_type=\"widget\" data-widget_type=\"image.default\">\n\t\t\t\t<div class=\"elementor-widget-container\">\n\t\t\t\t\t\t\t\t\t\t\t\t\t\t\t<img decoding=\"async\" width=\"150\" height=\"150\" src=\"https:\/\/websie.cefe.cnrs.fr\/acte-citin\/wp-content\/uploads\/2020\/02\/LePortrait15_Christian_20151029153209_20151029153209-150x150.jpg\" class=\"attachment-thumbnail size-thumbnail wp-image-946\" alt=\"\" \/>\t\t\t\t\t\t\t\t\t\t\t\t\t\t\t<\/div>\n\t\t\t\t<\/div>\n\t\t\t\t\t<\/div>\n\t\t<\/div>\n\t\t\t\t<div class=\"elementor-column elementor-col-50 elementor-inner-column elementor-element elementor-element-7d9571a9\" data-id=\"7d9571a9\" data-element_type=\"column\">\n\t\t\t<div class=\"elementor-widget-wrap elementor-element-populated\">\n\t\t\t\t\t\t<div class=\"elementor-element elementor-element-61d86437 elementor-widget elementor-widget-image\" data-id=\"61d86437\" data-element_type=\"widget\" data-widget_type=\"image.default\">\n\t\t\t\t<div class=\"elementor-widget-container\">\n\t\t\t\t\t\t\t\t\t\t\t\t\t\t\t<img decoding=\"async\" width=\"150\" height=\"150\" src=\"https:\/\/websie.cefe.cnrs.fr\/acte-citin\/wp-content\/uploads\/2020\/02\/LePortrait8_Sylvie_Mistissini_COTA_20151103134825_20151103140301-150x150.jpg\" class=\"attachment-thumbnail size-thumbnail wp-image-947\" alt=\"\" \/>\t\t\t\t\t\t\t\t\t\t\t\t\t\t\t<\/div>\n\t\t\t\t<\/div>\n\t\t\t\t\t<\/div>\n\t\t<\/div>\n\t\t\t\t\t<\/div>\n\t\t<\/section>\n\t\t\t\t<section class=\"elementor-section elementor-inner-section elementor-element elementor-element-2d80038 elementor-section-content-middle elementor-section-boxed elementor-section-height-default elementor-section-height-default\" data-id=\"2d80038\" data-element_type=\"section\">\n\t\t\t\t\t\t<div class=\"elementor-container elementor-column-gap-no\">\n\t\t\t\t\t<div class=\"elementor-column elementor-col-50 elementor-inner-column elementor-element elementor-element-1aabee9\" data-id=\"1aabee9\" data-element_type=\"column\">\n\t\t\t<div class=\"elementor-widget-wrap elementor-element-populated\">\n\t\t\t\t\t\t<div class=\"elementor-element elementor-element-11a5a24 elementor-widget elementor-widget-image\" data-id=\"11a5a24\" data-element_type=\"widget\" data-widget_type=\"image.default\">\n\t\t\t\t<div class=\"elementor-widget-container\">\n\t\t\t\t\t\t\t\t\t\t\t\t\t\t\t<img decoding=\"async\" width=\"150\" height=\"150\" src=\"https:\/\/websie.cefe.cnrs.fr\/acte-citin\/wp-content\/uploads\/2020\/02\/portrait-barniaudy-277x300-1-150x150.jpg\" class=\"attachment-thumbnail size-thumbnail wp-image-949\" alt=\"\" \/>\t\t\t\t\t\t\t\t\t\t\t\t\t\t\t<\/div>\n\t\t\t\t<\/div>\n\t\t\t\t\t<\/div>\n\t\t<\/div>\n\t\t\t\t<div class=\"elementor-column elementor-col-50 elementor-inner-column elementor-element elementor-element-f0a337f\" data-id=\"f0a337f\" data-element_type=\"column\">\n\t\t\t<div class=\"elementor-widget-wrap elementor-element-populated\">\n\t\t\t\t\t\t<div class=\"elementor-element elementor-element-8d5f28d elementor-widget elementor-widget-image\" data-id=\"8d5f28d\" data-element_type=\"widget\" data-widget_type=\"image.default\">\n\t\t\t\t<div class=\"elementor-widget-container\">\n\t\t\t\t\t\t\t\t\t\t\t\t\t\t\t<img loading=\"lazy\" decoding=\"async\" width=\"150\" height=\"150\" src=\"https:\/\/websie.cefe.cnrs.fr\/acte-citin\/wp-content\/uploads\/2020\/03\/Dorian-Litvine_ok-150x150.jpg\" class=\"attachment-thumbnail size-thumbnail wp-image-969\" alt=\"\" \/>\t\t\t\t\t\t\t\t\t\t\t\t\t\t\t<\/div>\n\t\t\t\t<\/div>\n\t\t\t\t\t<\/div>\n\t\t<\/div>\n\t\t\t\t\t<\/div>\n\t\t<\/section>\n\t\t\t\t\t<\/div>\n\t\t<\/div>\n\t\t\t\t<div class=\"elementor-column elementor-col-50 elementor-top-column elementor-element elementor-element-34b8b280\" data-id=\"34b8b280\" data-element_type=\"column\">\n\t\t\t<div class=\"elementor-widget-wrap elementor-element-populated\">\n\t\t\t\t\t\t<div class=\"elementor-element elementor-element-7a5fb880 elementor-widget elementor-widget-heading\" data-id=\"7a5fb880\" data-element_type=\"widget\" data-widget_type=\"heading.default\">\n\t\t\t\t<div class=\"elementor-widget-container\">\n\t\t\t\t\t<h2 class=\"elementor-heading-title elementor-size-small\">Christian Reynaud<br><br>Sylvie Blangy <br><br>Cl\u00e9ment Barniaudy<br><br>Dorian Litvine <\/h2>\t\t\t\t<\/div>\n\t\t\t\t<\/div>\n\t\t\t\t\t<\/div>\n\t\t<\/div>\n\t\t\t\t\t<\/div>\n\t\t<\/section>\n\t\t\t\t<section class=\"elementor-section elementor-top-section elementor-element elementor-element-7f08007 elementor-section-boxed elementor-section-height-default elementor-section-height-default\" data-id=\"7f08007\" data-element_type=\"section\">\n\t\t\t\t\t\t<div class=\"elementor-container elementor-column-gap-default\">\n\t\t\t\t\t<div class=\"elementor-column elementor-col-100 elementor-top-column elementor-element elementor-element-f4af7f7\" data-id=\"f4af7f7\" data-element_type=\"column\">\n\t\t\t<div class=\"elementor-widget-wrap elementor-element-populated\">\n\t\t\t\t\t\t<div class=\"elementor-element elementor-element-ecc486c elementor-widget elementor-widget-spacer\" data-id=\"ecc486c\" data-element_type=\"widget\" data-widget_type=\"spacer.default\">\n\t\t\t\t<div class=\"elementor-widget-container\">\n\t\t\t\t\t\t\t<div class=\"elementor-spacer\">\n\t\t\t<div class=\"elementor-spacer-inner\"><\/div>\n\t\t<\/div>\n\t\t\t\t\t\t<\/div>\n\t\t\t\t<\/div>\n\t\t\t\t\t<\/div>\n\t\t<\/div>\n\t\t\t\t\t<\/div>\n\t\t<\/section>\n\t\t\t\t<section class=\"elementor-section elementor-top-section elementor-element elementor-element-cdb65f5 elementor-section-boxed elementor-section-height-default elementor-section-height-default\" data-id=\"cdb65f5\" data-element_type=\"section\" data-settings=\"{&quot;background_background&quot;:&quot;classic&quot;}\">\n\t\t\t\t\t\t<div class=\"elementor-container elementor-column-gap-default\">\n\t\t\t\t\t<div class=\"elementor-column elementor-col-100 elementor-top-column elementor-element elementor-element-7c9f384\" data-id=\"7c9f384\" data-element_type=\"column\">\n\t\t\t<div class=\"elementor-widget-wrap elementor-element-populated\">\n\t\t\t\t\t\t<div class=\"elementor-element elementor-element-b1eba20 elementor-widget elementor-widget-text-editor\" data-id=\"b1eba20\" data-element_type=\"widget\" data-widget_type=\"text-editor.default\">\n\t\t\t\t<div class=\"elementor-widget-container\">\n\t\t\t\t\t\t\t\t\t<h2>Christian Reynaud<\/h2><p><strong>Qui suis-je ?<\/strong><\/p><p>Je suis ma\u00eetre de Conf\u00e9rences en Sciences de l&rsquo;Education (CNU 70) au LIRDEF (EA 3749) au sein de l&rsquo;\u00e9quipe \u00ab Didactique et Socialisation \u00bbdont je suis responsable scientifique. Je d\u00e9veloppe un programme de recherche sur l&rsquo;identification de \u00ab mod\u00e8les animaux \u00bb pour \u00e9tudier la dimension affective des apprentissages, tout en pr\u00e9cisant les contours de leur dimension cognitive, dans le cadre des \u00e9ducations relative \u00e0 l&rsquo;environnement et au d\u00e9veloppement durable. Ces mod\u00e8les doivent permettre une analyse des apprentissages scientifiques qui s&rsquo;y rapportent, tout en fournissant un cadre permettant d&rsquo;\u00e9valuer leur impact sur le d\u00e9veloppement psychoaffectif des apprenants. Parall\u00e8lement, je collabore avec des chercheurs en \u00e9cologie marine sur des travaux concernant les aspects fondamentaux de la reproduction des \u00e9lasmobranches. Cette double comp\u00e9tence me place dans une position tout \u00e0 fait pertinente pour comprendre les tensions qui peuvent s&rsquo;exprimer entre le monde de la recherche scientifique et son environnement social. En me donnant l&rsquo;opportunit\u00e9 de travailler sur les Sciences Citoyennes et les Recherches-Actions Participatives ce GDR me permettra de mettre \u00e0 l&rsquo;\u00e9preuve des hypoth\u00e8ses concernant la place des sciences dans nos d\u00e9mocraties.<\/p><p style=\"margin-bottom: 10px; color: #404040; font-family: Raleway, 'Helvetica Neue', helvetica, arial, sans-serif; background-color: rgba(0, 0, 0, 0.01);\">\u00a0<\/p>\t\t\t\t\t\t\t\t<\/div>\n\t\t\t\t<\/div>\n\t\t\t\t\t<\/div>\n\t\t<\/div>\n\t\t\t\t\t<\/div>\n\t\t<\/section>\n\t\t\t\t<section class=\"elementor-section elementor-top-section elementor-element elementor-element-70968b2 elementor-section-boxed elementor-section-height-default elementor-section-height-default\" data-id=\"70968b2\" data-element_type=\"section\">\n\t\t\t\t\t\t<div class=\"elementor-container elementor-column-gap-default\">\n\t\t\t\t\t<div class=\"elementor-column elementor-col-100 elementor-top-column elementor-element elementor-element-576c991\" data-id=\"576c991\" data-element_type=\"column\">\n\t\t\t<div class=\"elementor-widget-wrap elementor-element-populated\">\n\t\t\t\t\t\t<div class=\"elementor-element elementor-element-8968475 elementor-widget elementor-widget-spacer\" data-id=\"8968475\" data-element_type=\"widget\" data-widget_type=\"spacer.default\">\n\t\t\t\t<div class=\"elementor-widget-container\">\n\t\t\t\t\t\t\t<div class=\"elementor-spacer\">\n\t\t\t<div class=\"elementor-spacer-inner\"><\/div>\n\t\t<\/div>\n\t\t\t\t\t\t<\/div>\n\t\t\t\t<\/div>\n\t\t\t\t\t<\/div>\n\t\t<\/div>\n\t\t\t\t\t<\/div>\n\t\t<\/section>\n\t\t\t\t<section class=\"elementor-section elementor-top-section elementor-element elementor-element-fa8d6d1 elementor-section-boxed elementor-section-height-default elementor-section-height-default\" data-id=\"fa8d6d1\" data-element_type=\"section\" data-settings=\"{&quot;background_background&quot;:&quot;classic&quot;}\">\n\t\t\t\t\t\t<div class=\"elementor-container elementor-column-gap-default\">\n\t\t\t\t\t<div class=\"elementor-column elementor-col-100 elementor-top-column elementor-element elementor-element-92078f5\" data-id=\"92078f5\" data-element_type=\"column\">\n\t\t\t<div class=\"elementor-widget-wrap elementor-element-populated\">\n\t\t\t\t\t\t<div class=\"elementor-element elementor-element-0af516c elementor-widget elementor-widget-text-editor\" data-id=\"0af516c\" data-element_type=\"widget\" data-widget_type=\"text-editor.default\">\n\t\t\t\t<div class=\"elementor-widget-container\">\n\t\t\t\t\t\t\t\t\t<h2>Dorian Litvine<\/h2><p><strong>Qui suis-je ?<\/strong><\/p><p>Je suis consultant-chercheur-formateur avec un leitmotiv \u00ab\u00a0D\u00e9velopper la synergie entre l&rsquo;humain et la technique en mettant les outils de la recherche au profit de l&rsquo;op\u00e9rationnel\u00a0\u00bb. Mon enjeu majeur est de faciliter l&rsquo;appropriation des enjeux de soci\u00e9t\u00e9 par les citoyens : lieu de vie, \u00e9nergie, d\u00e9mocratie, sciences, etc. Un des leviers consiste \u00e0 donner go\u00fbt aux personnes \u00e0 s&rsquo;impliquer et \u00e0 s&rsquo;engager. Ainsi je mets en oeuvre des processus participatifs afin de redonner confiance en le groupe et en sa capacit\u00e9 \u00e0 produire et \u00e0 organiser l\u2019action.<\/p><p>Chercheur de formation en Sciences Sociales (Doctorat en Economie et Psychologie Sociale), je d\u00e9veloppe depuis 2005 une activit\u00e9 m\u00ealant accompagnement op\u00e9rationnel \u00e0 la qualit\u00e9 d&rsquo;usage (AMU), recherche action, \u00e9tudes de R&amp;D, ing\u00e9nierie de projets et formation action. J&rsquo;accompagne notamment les collectivit\u00e9s, professionnels du cadre de vie b\u00e2ti et citoyens dans les projets li\u00e9s \u00e0 l&rsquo;habitat, \u00e0 l&rsquo;\u00e9nergie et \u00e0 l\u2019eau.<\/p><p>Sp\u00e9cialis\u00e9 par ailleurs en m\u00e9thodologie d&rsquo;enqu\u00eate et d&rsquo;action, je r\u00e9alise des diagnostics, \u00e9valuations et dispositifs m\u00ealant approches descendantes (entretiens, questionnaires, etc.) et ascendantes (ateliers, formation action, etc.). Je m\u2019int\u00e9resse aux m\u00e9thodes d\u2019analyse et d\u2019intervention sur la demande, la d\u00e9cision et le comportement, ainsi qu\u2019aux \u00e9carts entre d\u00e9claration et action, aux m\u00e9canismes d\u2019incitation \u00e0 l\u2019action et aux m\u00e9thodes d\u2019investigation.<\/p><p>Je participe ou pilote divers projets de recherche-action et r\u00e9seaux professionnels : AMU Occitanie, ECLR, CLER, Cemater, Envirobat BDO\/BDM, etc<\/p>\t\t\t\t\t\t\t\t<\/div>\n\t\t\t\t<\/div>\n\t\t\t\t\t<\/div>\n\t\t<\/div>\n\t\t\t\t\t<\/div>\n\t\t<\/section>\n\t\t\t\t<section class=\"elementor-section elementor-top-section elementor-element elementor-element-86b2193 elementor-section-boxed elementor-section-height-default elementor-section-height-default\" data-id=\"86b2193\" data-element_type=\"section\">\n\t\t\t\t\t\t<div class=\"elementor-container elementor-column-gap-default\">\n\t\t\t\t\t<div class=\"elementor-column elementor-col-100 elementor-top-column elementor-element elementor-element-e864830\" data-id=\"e864830\" data-element_type=\"column\">\n\t\t\t<div class=\"elementor-widget-wrap elementor-element-populated\">\n\t\t\t\t\t\t<div class=\"elementor-element elementor-element-4295a25 elementor-widget elementor-widget-spacer\" data-id=\"4295a25\" data-element_type=\"widget\" data-widget_type=\"spacer.default\">\n\t\t\t\t<div class=\"elementor-widget-container\">\n\t\t\t\t\t\t\t<div class=\"elementor-spacer\">\n\t\t\t<div class=\"elementor-spacer-inner\"><\/div>\n\t\t<\/div>\n\t\t\t\t\t\t<\/div>\n\t\t\t\t<\/div>\n\t\t\t\t\t<\/div>\n\t\t<\/div>\n\t\t\t\t\t<\/div>\n\t\t<\/section>\n\t\t\t\t<section class=\"elementor-section elementor-top-section elementor-element elementor-element-a01d70f elementor-section-boxed elementor-section-height-default elementor-section-height-default\" data-id=\"a01d70f\" data-element_type=\"section\" data-settings=\"{&quot;background_background&quot;:&quot;classic&quot;}\">\n\t\t\t\t\t\t<div class=\"elementor-container elementor-column-gap-default\">\n\t\t\t\t\t<div class=\"elementor-column elementor-col-100 elementor-top-column elementor-element elementor-element-6c6b9ea\" data-id=\"6c6b9ea\" data-element_type=\"column\">\n\t\t\t<div class=\"elementor-widget-wrap elementor-element-populated\">\n\t\t\t\t\t\t<div class=\"elementor-element elementor-element-b0d868f elementor-widget elementor-widget-text-editor\" data-id=\"b0d868f\" data-element_type=\"widget\" data-widget_type=\"text-editor.default\">\n\t\t\t\t<div class=\"elementor-widget-container\">\n\t\t\t\t\t\t\t\t\t<h3 style=\"font-family: Raleway, 'Helvetica Neue', helvetica, arial, sans-serif; font-weight: 500; line-height: normal; color: #000000; margin-top: 20px; margin-bottom: 10px; font-size: 24px; overflow-wrap: break-word; background-color: rgba(0, 0, 0, 0.01);\">Sylvie Blangy<\/h3><figure style=\"margin-bottom: 1em; color: #404040; font-family: Raleway, 'Helvetica Neue', helvetica, arial, sans-serif; text-align: start; background-color: rgba(0, 0, 0, 0.01);\"><\/figure><p><strong>Qui suis-je ?<\/strong><\/p><p style=\"margin-bottom: 10px; color: #404040; font-family: Raleway, 'Helvetica Neue', helvetica, arial, sans-serif; background-color: rgba(0, 0, 0, 0.01);\">Je suis co-directrice de l\u2019OHMI Nunavik-TUIKIJIK (<a style=\"color: #8a6d3b;\" href=\"http:\/\/ohmi-nunavik.in2p3.fr\/en)\">http:\/\/ohmi-nunavik.in2p3.fr\/en)<\/a>\u00a0et directrice du GDR PARCS. Je travaille dans les r\u00e9gions arctiques et sub-arctiques, en collaboration avec les communaut\u00e9s Cri, Inuit au Canada et Saami en Scandinavie, pour d\u00e9velopper des projets de recherche-action-participative construits et men\u00e9s par les communaut\u00e9s, des outils et techniques adapt\u00e9s aux contextes autochtones, prenant en compte leurs pr\u00e9occupations et leurs priorit\u00e9s (comme les impacts sociaux et culturels de l&rsquo;industrialisation, ou le r\u00f4le du tourisme pour soutenir leur culture, leur langue et leur mode de vie). J&rsquo;explore de nouvelles m\u00e9thodes de recherche mettant en relation l&rsquo;expertise locale et les connaissances scientifiques.<\/p><p style=\"margin-bottom: 10px; color: #404040; font-family: Raleway, 'Helvetica Neue', helvetica, arial, sans-serif; background-color: rgba(0, 0, 0, 0.01);\">Je suis l&rsquo;auteure du livre <strong>Le Guide des Destinations Indig\u00e8nes<\/strong>\u00a0publi\u00e9 par\u00a0<a style=\"color: #8a6d3b;\" href=\"http:\/\/www.indigene-editions.fr\/esprit\/le-guide-des-destinations-indigenes.html\">Indig\u00e8nes \u00c9ditions<\/a>. J\u2019ai mis en ligne les 200 initiatives de tourisme autochtone (ABORINET), mis en contact les auteurs et cr\u00e9\u00e9 un site de recherche collaboratif en ligne qui explore les nouvelles fonctionnalit\u00e9s du web (carte google, web based survey, forum, widget) pour d\u00e9velopper de la RAP en virtuel gr\u00e2ce aux web-technologies. Consulter le site\u00a0<a style=\"color: #8a6d3b;\" href=\"http:\/\/aborinet.cefe.cnrs.fr\/\">ici<\/a>.<\/p>\t\t\t\t\t\t\t\t<\/div>\n\t\t\t\t<\/div>\n\t\t\t\t\t<\/div>\n\t\t<\/div>\n\t\t\t\t\t<\/div>\n\t\t<\/section>\n\t\t\t\t<section class=\"elementor-section elementor-top-section elementor-element elementor-element-51fdda7 elementor-section-boxed elementor-section-height-default elementor-section-height-default\" data-id=\"51fdda7\" data-element_type=\"section\">\n\t\t\t\t\t\t<div class=\"elementor-container elementor-column-gap-default\">\n\t\t\t\t\t<div class=\"elementor-column elementor-col-100 elementor-top-column elementor-element elementor-element-f2e70cb\" data-id=\"f2e70cb\" data-element_type=\"column\">\n\t\t\t<div class=\"elementor-widget-wrap elementor-element-populated\">\n\t\t\t\t\t\t<div class=\"elementor-element elementor-element-56fedbe elementor-widget elementor-widget-spacer\" data-id=\"56fedbe\" data-element_type=\"widget\" data-widget_type=\"spacer.default\">\n\t\t\t\t<div class=\"elementor-widget-container\">\n\t\t\t\t\t\t\t<div class=\"elementor-spacer\">\n\t\t\t<div class=\"elementor-spacer-inner\"><\/div>\n\t\t<\/div>\n\t\t\t\t\t\t<\/div>\n\t\t\t\t<\/div>\n\t\t\t\t\t<\/div>\n\t\t<\/div>\n\t\t\t\t\t<\/div>\n\t\t<\/section>\n\t\t\t\t<section class=\"elementor-section elementor-top-section elementor-element elementor-element-230bb3a elementor-section-boxed elementor-section-height-default elementor-section-height-default\" data-id=\"230bb3a\" data-element_type=\"section\">\n\t\t\t\t\t\t<div class=\"elementor-container elementor-column-gap-default\">\n\t\t\t\t\t<div class=\"elementor-column elementor-col-100 elementor-top-column elementor-element elementor-element-9a20ce8\" data-id=\"9a20ce8\" data-element_type=\"column\">\n\t\t\t<div class=\"elementor-widget-wrap elementor-element-populated\">\n\t\t\t\t\t\t<div class=\"elementor-element elementor-element-4b2005e elementor-widget elementor-widget-text-editor\" data-id=\"4b2005e\" data-element_type=\"widget\" data-widget_type=\"text-editor.default\">\n\t\t\t\t<div class=\"elementor-widget-container\">\n\t\t\t\t\t\t\t\t\t<h2>Cl\u00e9ment Barniaudy<\/h2><div><b>\u00a0Qui suis-je ?<\/b><\/div><div>\u00a0<\/div><p>Ma\u00eetre de conf\u00e9rences en g\u00e9ographie \u2013 Section CNU 23 &#8211; Laboratoire LIRDEF EA 3749\u00a0 &#8211; Universit\u00e9 de Montpellier &#8211; Facult\u00e9 d\u2019Education- Domaines d&rsquo;int\u00e9r\u00eat : Humanit\u00e9s environnementales, Th\u00e9ories et pratiques du<em> Care, <\/em>Education \u00e0 l&rsquo;environnement, Epist\u00e9miologie et didactique\u00a0<span style=\"letter-spacing: 0px;\">de la g\u00e9ographie<\/span><\/p>\t\t\t\t\t\t\t\t<\/div>\n\t\t\t\t<\/div>\n\t\t\t\t\t<\/div>\n\t\t<\/div>\n\t\t\t\t\t<\/div>\n\t\t<\/section>\n\t\t\t\t<section class=\"elementor-section elementor-top-section elementor-element elementor-element-c067895 elementor-section-boxed elementor-section-height-default elementor-section-height-default\" data-id=\"c067895\" data-element_type=\"section\">\n\t\t\t\t\t\t<div class=\"elementor-container elementor-column-gap-default\">\n\t\t\t\t\t<div class=\"elementor-column elementor-col-100 elementor-top-column elementor-element elementor-element-89cbfd2\" data-id=\"89cbfd2\" data-element_type=\"column\">\n\t\t\t<div class=\"elementor-widget-wrap elementor-element-populated\">\n\t\t\t\t\t\t<div class=\"elementor-element elementor-element-58c0062 elementor-widget elementor-widget-spacer\" data-id=\"58c0062\" data-element_type=\"widget\" data-widget_type=\"spacer.default\">\n\t\t\t\t<div class=\"elementor-widget-container\">\n\t\t\t\t\t\t\t<div class=\"elementor-spacer\">\n\t\t\t<div class=\"elementor-spacer-inner\"><\/div>\n\t\t<\/div>\n\t\t\t\t\t\t<\/div>\n\t\t\t\t<\/div>\n\t\t\t\t\t<\/div>\n\t\t<\/div>\n\t\t\t\t\t<\/div>\n\t\t<\/section>\n\t\t\t\t<\/div>\n\t\t","protected":false},"excerpt":{"rendered":"<p>Christian Reynaud Sylvie Blangy Cl\u00e9ment Barniaudy Dorian Litvine Christian Reynaud Qui suis-je ? Je suis ma\u00eetre de Conf\u00e9rences en Sciences de l&rsquo;Education (CNU 70) au LIRDEF (EA 3749) au sein de l&rsquo;\u00e9quipe \u00ab Didactique et Socialisation \u00bbdont je suis responsable scientifique. Je d\u00e9veloppe un programme de recherche sur l&rsquo;identification de \u00ab mod\u00e8les animaux \u00bb pour [&hellip;]<\/p>\n","protected":false},"author":1,"featured_media":0,"parent":0,"menu_order":0,"comment_status":"closed","ping_status":"closed","template":"","meta":{"footnotes":""},"class_list":["post-168","page","type-page","status-publish","hentry"],"_links":{"self":[{"href":"https:\/\/websie.cefe.cnrs.fr\/acte-citin\/wp-json\/wp\/v2\/pages\/168","targetHints":{"allow":["GET"]}}],"collection":[{"href":"https:\/\/websie.cefe.cnrs.fr\/acte-citin\/wp-json\/wp\/v2\/pages"}],"about":[{"href":"https:\/\/websie.cefe.cnrs.fr\/acte-citin\/wp-json\/wp\/v2\/types\/page"}],"author":[{"embeddable":true,"href":"https:\/\/websie.cefe.cnrs.fr\/acte-citin\/wp-json\/wp\/v2\/users\/1"}],"replies":[{"embeddable":true,"href":"https:\/\/websie.cefe.cnrs.fr\/acte-citin\/wp-json\/wp\/v2\/comments?post=168"}],"version-history":[{"count":22,"href":"https:\/\/websie.cefe.cnrs.fr\/acte-citin\/wp-json\/wp\/v2\/pages\/168\/revisions"}],"predecessor-version":[{"id":1198,"href":"https:\/\/websie.cefe.cnrs.fr\/acte-citin\/wp-json\/wp\/v2\/pages\/168\/revisions\/1198"}],"wp:attachment":[{"href":"https:\/\/websie.cefe.cnrs.fr\/acte-citin\/wp-json\/wp\/v2\/media?parent=168"}],"curies":[{"name":"wp","href":"https:\/\/api.w.org\/{rel}","templated":true}]}}