{"id":167,"date":"2020-02-06T17:16:00","date_gmt":"2020-02-06T16:16:00","guid":{"rendered":"http:\/\/websie.cefe.cnrs.fr\/acte-citin\/?page_id=167"},"modified":"2021-06-22T14:36:55","modified_gmt":"2021-06-22T12:36:55","slug":"paris","status":"publish","type":"page","link":"https:\/\/websie.cefe.cnrs.fr\/acte-citin\/paris\/","title":{"rendered":"Paris"},"content":{"rendered":"\t\t<div data-elementor-type=\"wp-page\" data-elementor-id=\"167\" class=\"elementor elementor-167\">\n\t\t\t\t\t\t<section class=\"elementor-section elementor-top-section elementor-element elementor-element-60963f7 elementor-section-content-middle elementor-section-boxed elementor-section-height-default elementor-section-height-default elementor-invisible\" data-id=\"60963f7\" data-element_type=\"section\" data-settings=\"{&quot;animation&quot;:&quot;fadeInRight&quot;}\">\n\t\t\t\t\t\t<div class=\"elementor-container elementor-column-gap-no\">\n\t\t\t\t\t<div class=\"elementor-column elementor-col-50 elementor-top-column elementor-element elementor-element-5d8a6ecc\" data-id=\"5d8a6ecc\" data-element_type=\"column\">\n\t\t\t<div class=\"elementor-widget-wrap elementor-element-populated\">\n\t\t\t\t\t\t<section class=\"elementor-section elementor-inner-section elementor-element elementor-element-254e0f46 elementor-section-content-middle elementor-section-boxed elementor-section-height-default elementor-section-height-default\" data-id=\"254e0f46\" data-element_type=\"section\">\n\t\t\t\t\t\t<div class=\"elementor-container elementor-column-gap-no\">\n\t\t\t\t\t<div class=\"elementor-column elementor-col-50 elementor-inner-column elementor-element elementor-element-32852acb\" data-id=\"32852acb\" data-element_type=\"column\">\n\t\t\t<div class=\"elementor-widget-wrap elementor-element-populated\">\n\t\t\t\t\t\t<div class=\"elementor-element elementor-element-4c53718d elementor-widget elementor-widget-image\" data-id=\"4c53718d\" data-element_type=\"widget\" data-widget_type=\"image.default\">\n\t\t\t\t<div class=\"elementor-widget-container\">\n\t\t\t\t\t\t\t\t\t\t\t\t\t\t\t<img decoding=\"async\" width=\"150\" height=\"150\" src=\"https:\/\/websie.cefe.cnrs.fr\/acte-citin\/wp-content\/uploads\/2021\/06\/t\u00e9l\u00e9chargement-150x150.jpg\" class=\"attachment-thumbnail size-thumbnail wp-image-1089\" alt=\"\" \/>\t\t\t\t\t\t\t\t\t\t\t\t\t\t\t<\/div>\n\t\t\t\t<\/div>\n\t\t\t\t\t<\/div>\n\t\t<\/div>\n\t\t\t\t<div class=\"elementor-column elementor-col-50 elementor-inner-column elementor-element elementor-element-3b76f8e0\" data-id=\"3b76f8e0\" data-element_type=\"column\">\n\t\t\t<div class=\"elementor-widget-wrap\">\n\t\t\t\t\t\t\t<\/div>\n\t\t<\/div>\n\t\t\t\t\t<\/div>\n\t\t<\/section>\n\t\t\t\t\t<\/div>\n\t\t<\/div>\n\t\t\t\t<div class=\"elementor-column elementor-col-50 elementor-top-column elementor-element elementor-element-1645c7a1\" data-id=\"1645c7a1\" data-element_type=\"column\">\n\t\t\t<div class=\"elementor-widget-wrap elementor-element-populated\">\n\t\t\t\t\t\t<div class=\"elementor-element elementor-element-79814746 elementor-widget elementor-widget-heading\" data-id=\"79814746\" data-element_type=\"widget\" data-widget_type=\"heading.default\">\n\t\t\t\t<div class=\"elementor-widget-container\">\n\t\t\t\t\t<h2 class=\"elementor-heading-title elementor-size-small\">Cyril Fiorini<\/h2>\t\t\t\t<\/div>\n\t\t\t\t<\/div>\n\t\t\t\t\t<\/div>\n\t\t<\/div>\n\t\t\t\t\t<\/div>\n\t\t<\/section>\n\t\t\t\t<section class=\"elementor-section elementor-top-section elementor-element elementor-element-4503fdb elementor-section-boxed elementor-section-height-default elementor-section-height-default\" data-id=\"4503fdb\" data-element_type=\"section\">\n\t\t\t\t\t\t<div class=\"elementor-container elementor-column-gap-default\">\n\t\t\t\t\t<div class=\"elementor-column elementor-col-100 elementor-top-column elementor-element elementor-element-4c92487\" data-id=\"4c92487\" data-element_type=\"column\">\n\t\t\t<div class=\"elementor-widget-wrap elementor-element-populated\">\n\t\t\t\t\t\t<div class=\"elementor-element elementor-element-e83c45c elementor-widget elementor-widget-spacer\" data-id=\"e83c45c\" data-element_type=\"widget\" data-widget_type=\"spacer.default\">\n\t\t\t\t<div class=\"elementor-widget-container\">\n\t\t\t\t\t\t\t<div class=\"elementor-spacer\">\n\t\t\t<div class=\"elementor-spacer-inner\"><\/div>\n\t\t<\/div>\n\t\t\t\t\t\t<\/div>\n\t\t\t\t<\/div>\n\t\t\t\t\t<\/div>\n\t\t<\/div>\n\t\t\t\t\t<\/div>\n\t\t<\/section>\n\t\t\t\t<section class=\"elementor-section elementor-top-section elementor-element elementor-element-15ab00b0 elementor-section-boxed elementor-section-height-default elementor-section-height-default elementor-invisible\" data-id=\"15ab00b0\" data-element_type=\"section\" data-settings=\"{&quot;animation&quot;:&quot;fadeInLeft&quot;}\">\n\t\t\t\t\t\t<div class=\"elementor-container elementor-column-gap-default\">\n\t\t\t\t\t<div class=\"elementor-column elementor-col-100 elementor-top-column elementor-element elementor-element-1b13a092\" data-id=\"1b13a092\" data-element_type=\"column\">\n\t\t\t<div class=\"elementor-widget-wrap elementor-element-populated\">\n\t\t\t\t\t\t<div class=\"elementor-element elementor-element-9a8ad17 elementor-widget elementor-widget-text-editor\" data-id=\"9a8ad17\" data-element_type=\"widget\" data-widget_type=\"text-editor.default\">\n\t\t\t\t<div class=\"elementor-widget-container\">\n\t\t\t\t\t\t\t\t\t<h1>Cyril Fiorini<\/h1><p><strong>Qui suis-je ?<\/strong><\/p><p style=\"margin-bottom: 10px; color: #404040; font-family: Raleway, 'Helvetica Neue', helvetica, arial, sans-serif; background-color: rgba(0, 0, 0, 0.01);\">Il est doctorant en Sciences, Techniques, Soci\u00e9t\u00e9 (STS) et rattach\u00e9 au laboratoire\u00a0<a href=\"https:\/\/technique-societe.cnam.fr\/fiorini-cyril-915087.kjsp\">Histoire des Technosciences en Soci\u00e9t\u00e9 (HT2S)<\/a>\u00a0du Conservatoire national des arts et m\u00e9tiers (Cnam). Sa th\u00e8se porte sur les pratiques de \u00ab co-production des savoirs \u00bb en France dans les champs de la sant\u00e9, de l\u2019environnement et de la lutte contre la pauvret\u00e9. Il appuie l\u2019association Sciences Citoyennes dans l\u2019animation du dispositif\u00a0<em>CO<sup>3<\/sup>. Co-Construction des Connaissances<\/em>.<\/p>\t\t\t\t\t\t\t\t<\/div>\n\t\t\t\t<\/div>\n\t\t\t\t\t<\/div>\n\t\t<\/div>\n\t\t\t\t\t<\/div>\n\t\t<\/section>\n\t\t\t\t<\/div>\n\t\t","protected":false},"excerpt":{"rendered":"<p>Cyril Fiorini Cyril Fiorini Qui suis-je ? Il est doctorant en Sciences, Techniques, Soci\u00e9t\u00e9 (STS) et rattach\u00e9 au laboratoire\u00a0Histoire des Technosciences en Soci\u00e9t\u00e9 (HT2S)\u00a0du Conservatoire national des arts et m\u00e9tiers (Cnam). Sa th\u00e8se porte sur les pratiques de \u00ab co-production des savoirs \u00bb en France dans les champs de la sant\u00e9, de l\u2019environnement et de [&hellip;]<\/p>\n","protected":false},"author":1,"featured_media":0,"parent":0,"menu_order":0,"comment_status":"closed","ping_status":"closed","template":"","meta":{"footnotes":""},"class_list":["post-167","page","type-page","status-publish","hentry"],"_links":{"self":[{"href":"https:\/\/websie.cefe.cnrs.fr\/acte-citin\/wp-json\/wp\/v2\/pages\/167","targetHints":{"allow":["GET"]}}],"collection":[{"href":"https:\/\/websie.cefe.cnrs.fr\/acte-citin\/wp-json\/wp\/v2\/pages"}],"about":[{"href":"https:\/\/websie.cefe.cnrs.fr\/acte-citin\/wp-json\/wp\/v2\/types\/page"}],"author":[{"embeddable":true,"href":"https:\/\/websie.cefe.cnrs.fr\/acte-citin\/wp-json\/wp\/v2\/users\/1"}],"replies":[{"embeddable":true,"href":"https:\/\/websie.cefe.cnrs.fr\/acte-citin\/wp-json\/wp\/v2\/comments?post=167"}],"version-history":[{"count":3,"href":"https:\/\/websie.cefe.cnrs.fr\/acte-citin\/wp-json\/wp\/v2\/pages\/167\/revisions"}],"predecessor-version":[{"id":1201,"href":"https:\/\/websie.cefe.cnrs.fr\/acte-citin\/wp-json\/wp\/v2\/pages\/167\/revisions\/1201"}],"wp:attachment":[{"href":"https:\/\/websie.cefe.cnrs.fr\/acte-citin\/wp-json\/wp\/v2\/media?parent=167"}],"curies":[{"name":"wp","href":"https:\/\/api.w.org\/{rel}","templated":true}]}}