{"id":122,"date":"2020-02-06T16:20:02","date_gmt":"2020-02-06T15:20:02","guid":{"rendered":"http:\/\/websie.cefe.cnrs.fr\/acte-citin\/?page_id=122"},"modified":"2021-06-22T14:16:11","modified_gmt":"2021-06-22T12:16:11","slug":"lille","status":"publish","type":"page","link":"https:\/\/websie.cefe.cnrs.fr\/acte-citin\/lille\/","title":{"rendered":"Lille"},"content":{"rendered":"\t\t<div data-elementor-type=\"wp-page\" data-elementor-id=\"122\" class=\"elementor elementor-122\">\n\t\t\t\t\t\t<section class=\"elementor-section elementor-top-section elementor-element elementor-element-4158d17e elementor-section-content-middle elementor-section-boxed elementor-section-height-default elementor-section-height-default elementor-invisible\" data-id=\"4158d17e\" data-element_type=\"section\" data-settings=\"{&quot;animation&quot;:&quot;fadeInRight&quot;,&quot;background_background&quot;:&quot;classic&quot;}\">\n\t\t\t\t\t\t<div class=\"elementor-container elementor-column-gap-no\">\n\t\t\t\t\t<div class=\"elementor-column elementor-col-50 elementor-top-column elementor-element elementor-element-3ae96707\" data-id=\"3ae96707\" data-element_type=\"column\">\n\t\t\t<div class=\"elementor-widget-wrap elementor-element-populated\">\n\t\t\t\t\t\t<section class=\"elementor-section elementor-inner-section elementor-element elementor-element-290fbcc9 elementor-section-content-middle elementor-section-boxed elementor-section-height-default elementor-section-height-default\" data-id=\"290fbcc9\" data-element_type=\"section\">\n\t\t\t\t\t\t<div class=\"elementor-container elementor-column-gap-no\">\n\t\t\t\t\t<div class=\"elementor-column elementor-col-50 elementor-inner-column elementor-element elementor-element-27b64368\" data-id=\"27b64368\" data-element_type=\"column\">\n\t\t\t<div class=\"elementor-widget-wrap elementor-element-populated\">\n\t\t\t\t\t\t<div class=\"elementor-element elementor-element-572fe9f9 elementor-widget elementor-widget-image\" data-id=\"572fe9f9\" data-element_type=\"widget\" data-widget_type=\"image.default\">\n\t\t\t\t<div class=\"elementor-widget-container\">\n\t\t\t\t\t\t\t\t\t\t\t\t\t\t\t<img fetchpriority=\"high\" decoding=\"async\" width=\"238\" height=\"238\" src=\"https:\/\/websie.cefe.cnrs.fr\/acte-citin\/wp-content\/uploads\/2020\/02\/file-20190118-100273-x1jlhc.jpg\" class=\"attachment-large size-large wp-image-933\" alt=\"\" srcset=\"https:\/\/websie.cefe.cnrs.fr\/acte-citin\/wp-content\/uploads\/2020\/02\/file-20190118-100273-x1jlhc.jpg 238w, https:\/\/websie.cefe.cnrs.fr\/acte-citin\/wp-content\/uploads\/2020\/02\/file-20190118-100273-x1jlhc-150x150.jpg 150w\" sizes=\"(max-width: 238px) 100vw, 238px\" \/>\t\t\t\t\t\t\t\t\t\t\t\t\t\t\t<\/div>\n\t\t\t\t<\/div>\n\t\t\t\t\t<\/div>\n\t\t<\/div>\n\t\t\t\t<div class=\"elementor-column elementor-col-50 elementor-inner-column elementor-element elementor-element-5a3b0969\" data-id=\"5a3b0969\" data-element_type=\"column\">\n\t\t\t<div class=\"elementor-widget-wrap elementor-element-populated\">\n\t\t\t\t\t\t<div class=\"elementor-element elementor-element-139c5db0 elementor-widget elementor-widget-image\" data-id=\"139c5db0\" data-element_type=\"widget\" data-widget_type=\"image.default\">\n\t\t\t\t<div class=\"elementor-widget-container\">\n\t\t\t\t\t\t\t\t\t\t\t\t\t\t\t<img decoding=\"async\" width=\"150\" height=\"150\" src=\"https:\/\/websie.cefe.cnrs.fr\/acte-citin\/wp-content\/uploads\/2020\/02\/martine-legris-1-150x150.jpg\" class=\"attachment-thumbnail size-thumbnail wp-image-931\" alt=\"\" \/>\t\t\t\t\t\t\t\t\t\t\t\t\t\t\t<\/div>\n\t\t\t\t<\/div>\n\t\t\t\t\t<\/div>\n\t\t<\/div>\n\t\t\t\t\t<\/div>\n\t\t<\/section>\n\t\t\t\t\t<\/div>\n\t\t<\/div>\n\t\t\t\t<div class=\"elementor-column elementor-col-50 elementor-top-column elementor-element elementor-element-5ec09e71\" data-id=\"5ec09e71\" data-element_type=\"column\">\n\t\t\t<div class=\"elementor-widget-wrap elementor-element-populated\">\n\t\t\t\t\t\t<div class=\"elementor-element elementor-element-6d1fcd2b elementor-widget elementor-widget-heading\" data-id=\"6d1fcd2b\" data-element_type=\"widget\" data-widget_type=\"heading.default\">\n\t\t\t\t<div class=\"elementor-widget-container\">\n\t\t\t\t\t<h2 class=\"elementor-heading-title elementor-size-small\"><span style=\"letter-spacing: 0px\"><\/span>Bertrand Bocquet <br>&amp;<br>Martine Legris<\/h2>\t\t\t\t<\/div>\n\t\t\t\t<\/div>\n\t\t\t\t\t<\/div>\n\t\t<\/div>\n\t\t\t\t\t<\/div>\n\t\t<\/section>\n\t\t\t\t<section class=\"elementor-section elementor-top-section elementor-element elementor-element-ba2ebd6 elementor-section-boxed elementor-section-height-default elementor-section-height-default\" data-id=\"ba2ebd6\" data-element_type=\"section\">\n\t\t\t\t\t\t<div class=\"elementor-container elementor-column-gap-default\">\n\t\t\t\t\t<div class=\"elementor-column elementor-col-100 elementor-top-column elementor-element elementor-element-1d21340\" data-id=\"1d21340\" data-element_type=\"column\">\n\t\t\t<div class=\"elementor-widget-wrap elementor-element-populated\">\n\t\t\t\t\t\t<div class=\"elementor-element elementor-element-eab54c9 elementor-widget elementor-widget-spacer\" data-id=\"eab54c9\" data-element_type=\"widget\" data-widget_type=\"spacer.default\">\n\t\t\t\t<div class=\"elementor-widget-container\">\n\t\t\t\t\t\t\t<div class=\"elementor-spacer\">\n\t\t\t<div class=\"elementor-spacer-inner\"><\/div>\n\t\t<\/div>\n\t\t\t\t\t\t<\/div>\n\t\t\t\t<\/div>\n\t\t\t\t\t<\/div>\n\t\t<\/div>\n\t\t\t\t\t<\/div>\n\t\t<\/section>\n\t\t\t\t<section class=\"elementor-section elementor-top-section elementor-element elementor-element-59d0ee70 elementor-section-boxed elementor-section-height-default elementor-section-height-default\" data-id=\"59d0ee70\" data-element_type=\"section\">\n\t\t\t\t\t\t<div class=\"elementor-container elementor-column-gap-default\">\n\t\t\t\t\t<div class=\"elementor-column elementor-col-100 elementor-top-column elementor-element elementor-element-4afcb403\" data-id=\"4afcb403\" data-element_type=\"column\">\n\t\t\t<div class=\"elementor-widget-wrap elementor-element-populated\">\n\t\t\t\t\t\t<div class=\"elementor-element elementor-element-421097dc elementor-widget elementor-widget-text-editor\" data-id=\"421097dc\" data-element_type=\"widget\" data-widget_type=\"text-editor.default\">\n\t\t\t\t<div class=\"elementor-widget-container\">\n\t\t\t\t\t\t\t\t\t<h1>Bertrand Bocquet<\/h1><p><strong>Qui suis-je ?<\/strong><\/p><p>Professeur des Universit\u00e9s \u00e0 l&rsquo;<span style=\"letter-spacing: 0px;\">Universit\u00e9 de Lille.\u00a0<\/span><span style=\"letter-spacing: 0px;\">Responsabilit\u00e9s :\u00a0<\/span><span style=\"letter-spacing: 0px;\">Cr\u00e9ation et coordination des activit\u00e9s du laboratoire \u00e9mergent SCit\u00e9 \u2013 Sciences, Soci\u00e9t\u00e9s, Cultures dans leurs Evolutions \u2013 cr\u00e9\u00e9 le 8 mars 2013 au sein de l\u2019Universit\u00e9 Lille1 jusqu&rsquo;\u00e0 son int\u00e9gration au laboratoire HT2S au 1er janvier 2016.<\/span><\/p><p>Autres affiliations :\u00a0<span style=\"letter-spacing: 0px;\">Directeur de la Boutique des Sciences Nord de France,\u00a0<\/span><span style=\"letter-spacing: 0px;\">Membre du Conseil de Groupement du GDR CNRS PARCS (Participatory Action Research and Citizen Science),\u00a0<\/span><span style=\"letter-spacing: 0px;\">Membre du Conseil de l&rsquo;Espace culture de l&rsquo;Universit\u00e9 de Lille et du Comit\u00e9 \u00e9ditorial de la revue Les Nouvelles d&rsquo;Archim\u00e8de,\u00a0<\/span><span style=\"letter-spacing: 0px;\">Conseiller \u00e9ditorial pour la revue professionnelle \u00ab Techniques de l&rsquo;ing\u00e9nieur \u00bb pour la rubrique Ing\u00e9nierie et Responsabilit\u00e9s,\u00a0<\/span><span style=\"letter-spacing: 0px;\">Secr\u00e9taire de l&rsquo;association Sciences Citoyennes.<\/span><\/p><p>Courriel : Bertrand.Bocquet@univ-lille1.fr<\/p><p style=\"margin-bottom: 10px; color: #404040; font-family: Raleway, 'Helvetica Neue', helvetica, arial, sans-serif; background-color: rgba(0, 0, 0, 0.01);\">\u00a0<\/p>\t\t\t\t\t\t\t\t<\/div>\n\t\t\t\t<\/div>\n\t\t\t\t\t<\/div>\n\t\t<\/div>\n\t\t\t\t\t<\/div>\n\t\t<\/section>\n\t\t\t\t<section class=\"elementor-section elementor-top-section elementor-element elementor-element-f8706a1 elementor-section-boxed elementor-section-height-default elementor-section-height-default\" data-id=\"f8706a1\" data-element_type=\"section\">\n\t\t\t\t\t\t<div class=\"elementor-container elementor-column-gap-default\">\n\t\t\t\t\t<div class=\"elementor-column elementor-col-100 elementor-top-column elementor-element elementor-element-dcf66b9\" data-id=\"dcf66b9\" data-element_type=\"column\">\n\t\t\t<div class=\"elementor-widget-wrap elementor-element-populated\">\n\t\t\t\t\t\t<div class=\"elementor-element elementor-element-0a170e5 elementor-widget elementor-widget-spacer\" data-id=\"0a170e5\" data-element_type=\"widget\" data-widget_type=\"spacer.default\">\n\t\t\t\t<div class=\"elementor-widget-container\">\n\t\t\t\t\t\t\t<div class=\"elementor-spacer\">\n\t\t\t<div class=\"elementor-spacer-inner\"><\/div>\n\t\t<\/div>\n\t\t\t\t\t\t<\/div>\n\t\t\t\t<\/div>\n\t\t\t\t\t<\/div>\n\t\t<\/div>\n\t\t\t\t\t<\/div>\n\t\t<\/section>\n\t\t\t\t<section class=\"elementor-section elementor-top-section elementor-element elementor-element-205661f7 elementor-section-boxed elementor-section-height-default elementor-section-height-default\" data-id=\"205661f7\" data-element_type=\"section\">\n\t\t\t\t\t\t<div class=\"elementor-container elementor-column-gap-default\">\n\t\t\t\t\t<div class=\"elementor-column elementor-col-100 elementor-top-column elementor-element elementor-element-483458c2\" data-id=\"483458c2\" data-element_type=\"column\">\n\t\t\t<div class=\"elementor-widget-wrap elementor-element-populated\">\n\t\t\t\t\t\t<div class=\"elementor-element elementor-element-27377aa4 elementor-widget elementor-widget-text-editor\" data-id=\"27377aa4\" data-element_type=\"widget\" data-widget_type=\"text-editor.default\">\n\t\t\t\t<div class=\"elementor-widget-container\">\n\t\t\t\t\t\t\t\t\t<h1>Martine Legris<\/h1><figure><\/figure><p><strong>Qui suis-je ?<\/strong><\/p><p>Son travail est bas\u00e9 sur la question de la gouvernance d\u00e9mocratique. Elle participe \u00e0 de nombreux projets de recherche sur cette question et sur la d\u00e9mocratie \u00e9cologique. Elle contribue au projet de recherche europ\u00e9en \u00ab\u00a0FIRE!\u00a0\u00bb et au projet \u201cP\u00e9tition en ligne\u00a0\u00bb financ\u00e9 par l&rsquo;Agence Nationale de la Recherche. Elle est associ\u00e9e \u00e0 la co directerice du Gis \u201cParticipation, D\u00e9cision, D\u00e9mocratie participative\u201d (CNRS www. Participation-et-democratie.fr ). Elle a coordonn\u00e9 un projet de recherche pluriannuel sur les mod\u00e8les post dialogiques de gouvernance (PARTHAGE, 2010-2013). Elle m\u00e8ne des recherches sur la participation des organisations de la soci\u00e9t\u00e9 civile \u00e0 la recherche (Projet europ\u00e9en CONSIDER www. Consider-project.eu). Elle est membre du bureau du groupe de recherche du CNRS \u00ab\u00a0Participatory research action and citizen sciences\u00a0\u00bb (PARCS) et de la Boutique de Sciences de Lille. Elle a \u00e9t\u00e9 nomm\u00e9e experte \u00e9valuatrice aupr\u00e8s de la Commission Europ\u00e9enne.<\/p>\t\t\t\t\t\t\t\t<\/div>\n\t\t\t\t<\/div>\n\t\t\t\t\t<\/div>\n\t\t<\/div>\n\t\t\t\t\t<\/div>\n\t\t<\/section>\n\t\t\t\t<\/div>\n\t\t","protected":false},"excerpt":{"rendered":"<p>Bertrand Bocquet &amp;Martine Legris Bertrand Bocquet Qui suis-je ? Professeur des Universit\u00e9s \u00e0 l&rsquo;Universit\u00e9 de Lille.\u00a0Responsabilit\u00e9s :\u00a0Cr\u00e9ation et coordination des activit\u00e9s du laboratoire \u00e9mergent SCit\u00e9 \u2013 Sciences, Soci\u00e9t\u00e9s, Cultures dans leurs Evolutions \u2013 cr\u00e9\u00e9 le 8 mars 2013 au sein de l\u2019Universit\u00e9 Lille1 jusqu&rsquo;\u00e0 son int\u00e9gration au laboratoire HT2S au 1er janvier 2016. Autres affiliations [&hellip;]<\/p>\n","protected":false},"author":1,"featured_media":0,"parent":0,"menu_order":0,"comment_status":"closed","ping_status":"closed","template":"","meta":{"footnotes":""},"class_list":["post-122","page","type-page","status-publish","hentry"],"_links":{"self":[{"href":"https:\/\/websie.cefe.cnrs.fr\/acte-citin\/wp-json\/wp\/v2\/pages\/122","targetHints":{"allow":["GET"]}}],"collection":[{"href":"https:\/\/websie.cefe.cnrs.fr\/acte-citin\/wp-json\/wp\/v2\/pages"}],"about":[{"href":"https:\/\/websie.cefe.cnrs.fr\/acte-citin\/wp-json\/wp\/v2\/types\/page"}],"author":[{"embeddable":true,"href":"https:\/\/websie.cefe.cnrs.fr\/acte-citin\/wp-json\/wp\/v2\/users\/1"}],"replies":[{"embeddable":true,"href":"https:\/\/websie.cefe.cnrs.fr\/acte-citin\/wp-json\/wp\/v2\/comments?post=122"}],"version-history":[{"count":9,"href":"https:\/\/websie.cefe.cnrs.fr\/acte-citin\/wp-json\/wp\/v2\/pages\/122\/revisions"}],"predecessor-version":[{"id":1193,"href":"https:\/\/websie.cefe.cnrs.fr\/acte-citin\/wp-json\/wp\/v2\/pages\/122\/revisions\/1193"}],"wp:attachment":[{"href":"https:\/\/websie.cefe.cnrs.fr\/acte-citin\/wp-json\/wp\/v2\/media?parent=122"}],"curies":[{"name":"wp","href":"https:\/\/api.w.org\/{rel}","templated":true}]}}