{"id":119,"date":"2020-02-06T16:19:47","date_gmt":"2020-02-06T15:19:47","guid":{"rendered":"http:\/\/websie.cefe.cnrs.fr\/acte-citin\/?page_id=119"},"modified":"2021-06-22T14:14:24","modified_gmt":"2021-06-22T12:14:24","slug":"lyon","status":"publish","type":"page","link":"https:\/\/websie.cefe.cnrs.fr\/acte-citin\/lyon\/","title":{"rendered":"Lyon"},"content":{"rendered":"\t\t<div data-elementor-type=\"wp-page\" data-elementor-id=\"119\" class=\"elementor elementor-119\">\n\t\t\t\t\t\t<section class=\"elementor-section elementor-top-section elementor-element elementor-element-674a9c2b elementor-section-content-middle elementor-section-boxed elementor-section-height-default elementor-section-height-default\" data-id=\"674a9c2b\" data-element_type=\"section\">\n\t\t\t\t\t\t<div class=\"elementor-container elementor-column-gap-no\">\n\t\t\t\t\t<div class=\"elementor-column elementor-col-50 elementor-top-column elementor-element elementor-element-4ccfda60\" data-id=\"4ccfda60\" data-element_type=\"column\">\n\t\t\t<div class=\"elementor-widget-wrap elementor-element-populated\">\n\t\t\t\t\t\t<section class=\"elementor-section elementor-inner-section elementor-element elementor-element-69d629de elementor-section-content-middle elementor-section-boxed elementor-section-height-default elementor-section-height-default\" data-id=\"69d629de\" data-element_type=\"section\">\n\t\t\t\t\t\t<div class=\"elementor-container elementor-column-gap-no\">\n\t\t\t\t\t<div class=\"elementor-column elementor-col-50 elementor-inner-column elementor-element elementor-element-6fba3070\" data-id=\"6fba3070\" data-element_type=\"column\">\n\t\t\t<div class=\"elementor-widget-wrap elementor-element-populated\">\n\t\t\t\t\t\t<div class=\"elementor-element elementor-element-4da1f104 elementor-widget elementor-widget-image\" data-id=\"4da1f104\" data-element_type=\"widget\" data-widget_type=\"image.default\">\n\t\t\t\t<div class=\"elementor-widget-container\">\n\t\t\t\t\t\t\t\t\t\t\t\t\t\t\t<img decoding=\"async\" src=\"https:\/\/websie.cefe.cnrs.fr\/acte-citin\/wp-content\/uploads\/elementor\/thumbs\/BROSSAUD-CLAIRE-259x300-1-olu8qfpmfa0hv71huvl8u88nl9v2chnlyjfppdi7pk.jpg\" title=\"BROSSAUD-CLAIRE-259&#215;300\" alt=\"BROSSAUD-CLAIRE-259x300\" loading=\"lazy\" \/>\t\t\t\t\t\t\t\t\t\t\t\t\t\t\t<\/div>\n\t\t\t\t<\/div>\n\t\t\t\t<div class=\"elementor-element elementor-element-5b954a1 elementor-widget elementor-widget-spacer\" data-id=\"5b954a1\" data-element_type=\"widget\" data-widget_type=\"spacer.default\">\n\t\t\t\t<div class=\"elementor-widget-container\">\n\t\t\t\t\t\t\t<div class=\"elementor-spacer\">\n\t\t\t<div class=\"elementor-spacer-inner\"><\/div>\n\t\t<\/div>\n\t\t\t\t\t\t<\/div>\n\t\t\t\t<\/div>\n\t\t\t\t\t<\/div>\n\t\t<\/div>\n\t\t\t\t<div class=\"elementor-column elementor-col-50 elementor-inner-column elementor-element elementor-element-34640904\" data-id=\"34640904\" data-element_type=\"column\">\n\t\t\t<div class=\"elementor-widget-wrap elementor-element-populated\">\n\t\t\t\t\t\t<div class=\"elementor-element elementor-element-2a84bcfd elementor-widget elementor-widget-image\" data-id=\"2a84bcfd\" data-element_type=\"widget\" data-widget_type=\"image.default\">\n\t\t\t\t<div class=\"elementor-widget-container\">\n\t\t\t\t\t\t\t\t\t\t\t\t\t\t\t<img decoding=\"async\" src=\"https:\/\/websie.cefe.cnrs.fr\/acte-citin\/wp-content\/uploads\/elementor\/thumbs\/MILLE_Alain-olu8r7ws4b33jhwja7s1x14heu02rerk2f0a3oceiw.png\" title=\"MILLE_Alain\" alt=\"MILLE_Alain\" loading=\"lazy\" \/>\t\t\t\t\t\t\t\t\t\t\t\t\t\t\t<\/div>\n\t\t\t\t<\/div>\n\t\t\t\t<div class=\"elementor-element elementor-element-4589b96 elementor-widget elementor-widget-spacer\" data-id=\"4589b96\" data-element_type=\"widget\" data-widget_type=\"spacer.default\">\n\t\t\t\t<div class=\"elementor-widget-container\">\n\t\t\t\t\t\t\t<div class=\"elementor-spacer\">\n\t\t\t<div class=\"elementor-spacer-inner\"><\/div>\n\t\t<\/div>\n\t\t\t\t\t\t<\/div>\n\t\t\t\t<\/div>\n\t\t\t\t\t<\/div>\n\t\t<\/div>\n\t\t\t\t\t<\/div>\n\t\t<\/section>\n\t\t\t\t\t<\/div>\n\t\t<\/div>\n\t\t\t\t<div class=\"elementor-column elementor-col-50 elementor-top-column elementor-element elementor-element-24bf45b2\" data-id=\"24bf45b2\" data-element_type=\"column\">\n\t\t\t<div class=\"elementor-widget-wrap elementor-element-populated\">\n\t\t\t\t\t\t<div class=\"elementor-element elementor-element-1cc405aa elementor-widget elementor-widget-heading\" data-id=\"1cc405aa\" data-element_type=\"widget\" data-widget_type=\"heading.default\">\n\t\t\t\t<div class=\"elementor-widget-container\">\n\t\t\t\t\t<h3 class=\"elementor-heading-title elementor-size-small\">Claire Brossaud &amp; Alain Mille<\/h3>\t\t\t\t<\/div>\n\t\t\t\t<\/div>\n\t\t\t\t\t<\/div>\n\t\t<\/div>\n\t\t\t\t\t<\/div>\n\t\t<\/section>\n\t\t\t\t<section class=\"elementor-section elementor-top-section elementor-element elementor-element-83592f3 elementor-section-boxed elementor-section-height-default elementor-section-height-default\" data-id=\"83592f3\" data-element_type=\"section\" data-settings=\"{&quot;background_background&quot;:&quot;classic&quot;}\">\n\t\t\t\t\t\t<div class=\"elementor-container elementor-column-gap-default\">\n\t\t\t\t\t<div class=\"elementor-column elementor-col-100 elementor-top-column elementor-element elementor-element-d02f752\" data-id=\"d02f752\" data-element_type=\"column\">\n\t\t\t<div class=\"elementor-widget-wrap elementor-element-populated\">\n\t\t\t\t\t\t<div class=\"elementor-element elementor-element-052b3aa elementor-widget elementor-widget-text-editor\" data-id=\"052b3aa\" data-element_type=\"widget\" data-widget_type=\"text-editor.default\">\n\t\t\t\t<div class=\"elementor-widget-container\">\n\t\t\t\t\t\t\t\t\t<h3 class=\"ev-liris-header-presentation\">Claire Brossaud<\/h3><p>Chercheure en sciences sociales \/ Sociologue \/ Docteure en sociologie \/ Enseignante contractuelle ENSAL \/ Membre associ\u00e9e EVS-LAURE<\/p><p>Apr\u00e8s avoir obtenu un doctorat en sociologie urbaine sur \u00ab\u00a0l\u2019imaginaire b\u00e2tisseur\u00a0\u00bb de la ville nouvelle du Vaudreuil et un dipl\u00f4me de Master en multim\u00e9dia, Claire Brossaud a \u00e9tudi\u00e9 de nombreux usages num\u00e9riques appliqu\u00e9s \u00e0 la ville, \u00e0 l\u2019environnement et aux sciences humaines et sociales. Elle a publi\u00e9e quatre ouvrages et de nombreux d\u2019articles sur ces diff\u00e9rents th\u00e8mes. Elle a dirig\u00e9 et\/ou particip\u00e9 \u00e0 une trentaine de programmes de recherche ou d\u2019\u00e9tude-actions pour des organismes de recherche publics et des structures associatives ou priv\u00e9es (jusqu\u2019\u00e0 1,8 M\u20ac et 20 personnes). Elle a coordonn\u00e9 et accompagn\u00e9 depuis six ans des projets de recherche appliqu\u00e9s au sein de l\u2019Universit\u00e9 de Lyon et de l\u2019ENSAL. Sa d\u00e9marche de recherche est pluridisciplinaire, ouverte sur la soci\u00e9t\u00e9 civile et tourn\u00e9e vers l\u2019action. Au sein du laboratoire EVS-LAURE, elle contribue \u00e0 l\u2019axe scientifique \u201cTransitions techniques : performances et signification\u201d. Ses travaux actuels au sein d\u2019EVS-AURE portent sur l\u2019appropriation du BIM (Building Information Modeling) dans le b\u00e2timent et sur les communs. Elle a coordonn\u00e9 la journ\u00e9e d\u2019\u00e9tude\u00a0<em>Faire la ville en (biens) communs, Table ronde, atelier, forum.<\/em>\u00a0<a href=\"https:\/\/villeencommuns.sciencesconf.org\/\"><u>https:\/\/villeencommuns.sciencesconf.org\/<\/u><\/a>\u00a0et elle d\u00e9veloppe un projet d\u2019exp\u00e9rimentation sur les communs scientifiques \u00e0 Lyon\u00a0<a href=\"http:\/\/www.coexiscience.fr\/\"><u>http:\/\/www.coexiscience.fr<\/u><\/a><\/p>\t\t\t\t\t\t\t\t<\/div>\n\t\t\t\t<\/div>\n\t\t\t\t\t<\/div>\n\t\t<\/div>\n\t\t\t\t\t<\/div>\n\t\t<\/section>\n\t\t\t\t<section class=\"elementor-section elementor-top-section elementor-element elementor-element-0f0895c elementor-section-boxed elementor-section-height-default elementor-section-height-default\" data-id=\"0f0895c\" data-element_type=\"section\">\n\t\t\t\t\t\t<div class=\"elementor-container elementor-column-gap-default\">\n\t\t\t\t\t<div class=\"elementor-column elementor-col-100 elementor-top-column elementor-element elementor-element-443beaa\" data-id=\"443beaa\" data-element_type=\"column\">\n\t\t\t<div class=\"elementor-widget-wrap elementor-element-populated\">\n\t\t\t\t\t\t<div class=\"elementor-element elementor-element-a31dc9d elementor-widget elementor-widget-spacer\" data-id=\"a31dc9d\" data-element_type=\"widget\" data-widget_type=\"spacer.default\">\n\t\t\t\t<div class=\"elementor-widget-container\">\n\t\t\t\t\t\t\t<div class=\"elementor-spacer\">\n\t\t\t<div class=\"elementor-spacer-inner\"><\/div>\n\t\t<\/div>\n\t\t\t\t\t\t<\/div>\n\t\t\t\t<\/div>\n\t\t\t\t\t<\/div>\n\t\t<\/div>\n\t\t\t\t\t<\/div>\n\t\t<\/section>\n\t\t\t\t<section class=\"elementor-section elementor-top-section elementor-element elementor-element-c1948e1 elementor-section-boxed elementor-section-height-default elementor-section-height-default\" data-id=\"c1948e1\" data-element_type=\"section\">\n\t\t\t\t\t\t<div class=\"elementor-container elementor-column-gap-default\">\n\t\t\t\t\t<div class=\"elementor-column elementor-col-100 elementor-top-column elementor-element elementor-element-da7998d\" data-id=\"da7998d\" data-element_type=\"column\">\n\t\t\t<div class=\"elementor-widget-wrap elementor-element-populated\">\n\t\t\t\t\t\t<div class=\"elementor-element elementor-element-c1828db elementor-widget elementor-widget-text-editor\" data-id=\"c1828db\" data-element_type=\"widget\" data-widget_type=\"text-editor.default\">\n\t\t\t\t<div class=\"elementor-widget-container\">\n\t\t\t\t\t\t\t\t\t<h3 class=\"ev-liris-header-presentation\">Alain Mille<\/h3><h3 class=\"ev-liris-header-presentation\"><b style=\"letter-spacing: 0px; font-size: 18px;\">Professeur des universit\u00e9s<\/b><\/h3><hr class=\"ev-liris-under\" \/><table width=\"89%\"><tbody><tr><td><b>\u00c9quipe(s)<\/b><\/td><td><a href=\"https:\/\/liris.cnrs.fr\/equipe\/tweak\">TWEAK<\/a><\/td><\/tr><tr><td><b>Etablissement de rattachement<\/b><\/td><td><div class=\"field field-name-field-etab-rattach field-type-list-text field-label-hidden\"><div class=\"field-items\"><div class=\"field-item even\">Universit\u00e9 Claude Bernard Lyon 1<\/div><\/div><\/div><\/td><\/tr><tr><td><b>Implantation<\/b><\/td><td><div class=\"field field-name-field-implantation field-type-list-text field-label-hidden\"><div class=\"field-items\"><div class=\"field-item even\">Nautibus (Universit\u00e9 Lyon1)<\/div><\/div><\/div><\/td><\/tr><tr><td><b>Courriel<\/b><\/td><td>alain.mille\u00a0<b>at<\/b>\u00a0liris.cnrs.fr<\/td><\/tr><\/tbody><\/table>\t\t\t\t\t\t\t\t<\/div>\n\t\t\t\t<\/div>\n\t\t\t\t\t<\/div>\n\t\t<\/div>\n\t\t\t\t\t<\/div>\n\t\t<\/section>\n\t\t\t\t<\/div>\n\t\t","protected":false},"excerpt":{"rendered":"<p>Claire Brossaud &amp; Alain Mille Claire Brossaud Chercheure en sciences sociales \/ Sociologue \/ Docteure en sociologie \/ Enseignante contractuelle ENSAL \/ Membre associ\u00e9e EVS-LAURE Apr\u00e8s avoir obtenu un doctorat en sociologie urbaine sur \u00ab\u00a0l\u2019imaginaire b\u00e2tisseur\u00a0\u00bb de la ville nouvelle du Vaudreuil et un dipl\u00f4me de Master en multim\u00e9dia, Claire Brossaud a \u00e9tudi\u00e9 de nombreux [&hellip;]<\/p>\n","protected":false},"author":1,"featured_media":0,"parent":0,"menu_order":0,"comment_status":"closed","ping_status":"closed","template":"","meta":{"footnotes":""},"class_list":["post-119","page","type-page","status-publish","hentry"],"_links":{"self":[{"href":"https:\/\/websie.cefe.cnrs.fr\/acte-citin\/wp-json\/wp\/v2\/pages\/119","targetHints":{"allow":["GET"]}}],"collection":[{"href":"https:\/\/websie.cefe.cnrs.fr\/acte-citin\/wp-json\/wp\/v2\/pages"}],"about":[{"href":"https:\/\/websie.cefe.cnrs.fr\/acte-citin\/wp-json\/wp\/v2\/types\/page"}],"author":[{"embeddable":true,"href":"https:\/\/websie.cefe.cnrs.fr\/acte-citin\/wp-json\/wp\/v2\/users\/1"}],"replies":[{"embeddable":true,"href":"https:\/\/websie.cefe.cnrs.fr\/acte-citin\/wp-json\/wp\/v2\/comments?post=119"}],"version-history":[{"count":5,"href":"https:\/\/websie.cefe.cnrs.fr\/acte-citin\/wp-json\/wp\/v2\/pages\/119\/revisions"}],"predecessor-version":[{"id":1191,"href":"https:\/\/websie.cefe.cnrs.fr\/acte-citin\/wp-json\/wp\/v2\/pages\/119\/revisions\/1191"}],"wp:attachment":[{"href":"https:\/\/websie.cefe.cnrs.fr\/acte-citin\/wp-json\/wp\/v2\/media?parent=119"}],"curies":[{"name":"wp","href":"https:\/\/api.w.org\/{rel}","templated":true}]}}